{"id":9978,"date":"2023-12-09T13:42:15","date_gmt":"2023-12-09T13:42:15","guid":{"rendered":"https:\/\/www.atouchofafrica.ch\/produkt\/figur-von-hamad-nikiema-mit-kind-a\/"},"modified":"2024-11-14T14:17:50","modified_gmt":"2024-11-14T14:17:50","slug":"figur-von-hamad-nikiema-mit-kind-a","status":"publish","type":"product","link":"https:\/\/www.atouchofafrica.ch\/fr\/produkt\/figur-von-hamad-nikiema-mit-kind-a\/","title":{"rendered":"Statuette en bronze avec enfant, HN"},"content":{"rendered":"<p>L\u2019artiste Hamad Nikiema cr\u00e9e des figures en bronze en utilisant le proc\u00e9d\u00e9 de la cire perdue, c\u2019est-\u00e0-dire qu\u2019un mod\u00e8le est d\u2019abord \u00e9labor\u00e9 en cire pour chaque figure.\u00a0 Il a son atelier \u00e0 Ouagadougou, la capitale du Burkina Faso. J\u2019aime beaucoup ses figures de femmes lectrices, g\u00e9n\u00e9ralement les femmes sont repr\u00e9sent\u00e9es portant de lourds fardeaux sur leur t\u00eate. Cette figurine est de couleur brune, mesure 23 cm de haut et p\u00e8se environ 650 grammes.<\/p>\n","protected":false},"excerpt":{"rendered":"<p>L\u2019artiste Hamad Nikiema cr\u00e9e des figures en bronze en utilisant le proc\u00e9d\u00e9 de la cire perdue, c\u2019est-\u00e0-dire qu\u2019un mod\u00e8le est d\u2019abord \u00e9labor\u00e9 en cire pour chaque figure.\u00a0 Il a son atelier \u00e0 Ouagadougou, la capitale du Burkina Faso. J\u2019aime beaucoup ses figures de femmes lectrices, g\u00e9n\u00e9ralement les femmes sont repr\u00e9sent\u00e9es portant de lourds fardeaux sur leur t\u00eate. Cette figurine est de couleur brune, mesure 23 cm de haut et p\u00e8se environ 650 grammes.<\/p>\n","protected":false},"featured_media":11148,"template":"","meta":{"_acf_changed":false},"product_brand":[],"product_cat":[217],"product_tag":[],"class_list":{"0":"post-9978","1":"product","2":"type-product","3":"status-publish","4":"has-post-thumbnail","6":"product_cat-art-adama-art","7":"product_shipping_class-expedition-standard","9":"first","10":"instock","11":"sale","12":"shipping-taxable","13":"purchasable","14":"product-type-simple"},"acf":[],"yoast_head":"<!-- This site is optimized with the Yoast SEO plugin v26.0 - https:\/\/yoast.com\/wordpress\/plugins\/seo\/ -->\n<title>Statuette en bronze avec enfant, HN - A Touch of Africa<\/title>\n<meta name=\"robots\" content=\"index, follow, max-snippet:-1, max-image-preview:large, max-video-preview:-1\" \/>\n<link rel=\"canonical\" href=\"https:\/\/www.atouchofafrica.ch\/fr\/produkt\/figur-von-hamad-nikiema-mit-kind-a\/\" \/>\n<meta property=\"og:locale\" content=\"fr_FR\" \/>\n<meta property=\"og:type\" content=\"article\" \/>\n<meta property=\"og:title\" content=\"Statuette en bronze avec enfant, HN - A Touch of Africa\" \/>\n<meta property=\"og:description\" content=\"L\u2019artiste Hamad Nikiema cr\u00e9e des figures en bronze en utilisant le proc\u00e9d\u00e9 de la cire perdue, c\u2019est-\u00e0-dire qu\u2019un mod\u00e8le est d\u2019abord \u00e9labor\u00e9 en cire pour chaque figure.\u00a0 Il a son atelier \u00e0 Ouagadougou, la capitale du Burkina Faso. J\u2019aime beaucoup ses figures de femmes lectrices, g\u00e9n\u00e9ralement les femmes sont repr\u00e9sent\u00e9es portant de lourds fardeaux sur leur t\u00eate. Cette figurine est de couleur brune, mesure 23 cm de haut et p\u00e8se environ 650 grammes.\" \/>\n<meta property=\"og:url\" content=\"https:\/\/www.atouchofafrica.ch\/fr\/produkt\/figur-von-hamad-nikiema-mit-kind-a\/\" \/>\n<meta property=\"og:site_name\" content=\"A Touch of Africa\" \/>\n<meta property=\"article:modified_time\" content=\"2024-11-14T14:17:50+00:00\" \/>\n<meta property=\"og:image\" content=\"https:\/\/www.atouchofafrica.ch\/wp-content\/uploads\/2023\/12\/Nikiema-braunkindbuch1.jpg\" \/>\n\t<meta property=\"og:image:width\" content=\"1343\" \/>\n\t<meta property=\"og:image:height\" content=\"2408\" \/>\n\t<meta property=\"og:image:type\" content=\"image\/jpeg\" \/>\n<meta name=\"twitter:card\" content=\"summary_large_image\" \/>\n<meta name=\"twitter:label1\" content=\"Dur\u00e9e de lecture estim\u00e9e\" \/>\n\t<meta name=\"twitter:data1\" content=\"1 minute\" \/>\n<script type=\"application\/ld+json\" class=\"yoast-schema-graph\">{\"@context\":\"https:\/\/schema.org\",\"@graph\":[{\"@type\":\"WebPage\",\"@id\":\"https:\/\/www.atouchofafrica.ch\/fr\/produkt\/figur-von-hamad-nikiema-mit-kind-a\/\",\"url\":\"https:\/\/www.atouchofafrica.ch\/fr\/produkt\/figur-von-hamad-nikiema-mit-kind-a\/\",\"name\":\"Statuette en bronze avec enfant, HN - A Touch of Africa\",\"isPartOf\":{\"@id\":\"https:\/\/www.atouchofafrica.ch\/fr\/#website\"},\"primaryImageOfPage\":{\"@id\":\"https:\/\/www.atouchofafrica.ch\/fr\/produkt\/figur-von-hamad-nikiema-mit-kind-a\/#primaryimage\"},\"image\":{\"@id\":\"https:\/\/www.atouchofafrica.ch\/fr\/produkt\/figur-von-hamad-nikiema-mit-kind-a\/#primaryimage\"},\"thumbnailUrl\":\"https:\/\/www.atouchofafrica.ch\/wp-content\/uploads\/2025\/11\/Kind-braun.jpg\",\"datePublished\":\"2023-12-09T13:42:15+00:00\",\"dateModified\":\"2024-11-14T14:17:50+00:00\",\"breadcrumb\":{\"@id\":\"https:\/\/www.atouchofafrica.ch\/fr\/produkt\/figur-von-hamad-nikiema-mit-kind-a\/#breadcrumb\"},\"inLanguage\":\"fr-FR\",\"potentialAction\":[{\"@type\":\"ReadAction\",\"target\":[\"https:\/\/www.atouchofafrica.ch\/fr\/produkt\/figur-von-hamad-nikiema-mit-kind-a\/\"]}]},{\"@type\":\"ImageObject\",\"inLanguage\":\"fr-FR\",\"@id\":\"https:\/\/www.atouchofafrica.ch\/fr\/produkt\/figur-von-hamad-nikiema-mit-kind-a\/#primaryimage\",\"url\":\"https:\/\/www.atouchofafrica.ch\/wp-content\/uploads\/2025\/11\/Kind-braun.jpg\",\"contentUrl\":\"https:\/\/www.atouchofafrica.ch\/wp-content\/uploads\/2025\/11\/Kind-braun.jpg\",\"width\":1074,\"height\":1392},{\"@type\":\"BreadcrumbList\",\"@id\":\"https:\/\/www.atouchofafrica.ch\/fr\/produkt\/figur-von-hamad-nikiema-mit-kind-a\/#breadcrumb\",\"itemListElement\":[{\"@type\":\"ListItem\",\"position\":1,\"name\":\"Startseite\",\"item\":\"https:\/\/www.atouchofafrica.ch\/fr\/\"},{\"@type\":\"ListItem\",\"position\":2,\"name\":\"Produits\",\"item\":\"https:\/\/www.atouchofafrica.ch\/fr\/shop\/\"},{\"@type\":\"ListItem\",\"position\":3,\"name\":\"Statuette en bronze avec enfant, HN\"}]},{\"@type\":\"WebSite\",\"@id\":\"https:\/\/www.atouchofafrica.ch\/fr\/#website\",\"url\":\"https:\/\/www.atouchofafrica.ch\/fr\/\",\"name\":\"A Touch of Africa\",\"description\":\"Moderne Fairtrade Wohnideen vom afrikanischen Kontinent\",\"potentialAction\":[{\"@type\":\"SearchAction\",\"target\":{\"@type\":\"EntryPoint\",\"urlTemplate\":\"https:\/\/www.atouchofafrica.ch\/fr\/?s={search_term_string}\"},\"query-input\":{\"@type\":\"PropertyValueSpecification\",\"valueRequired\":true,\"valueName\":\"search_term_string\"}}],\"inLanguage\":\"fr-FR\"}]}<\/script>\n<!-- \/ Yoast SEO plugin. -->","yoast_head_json":{"title":"Statuette en bronze avec enfant, HN - A Touch of Africa","robots":{"index":"index","follow":"follow","max-snippet":"max-snippet:-1","max-image-preview":"max-image-preview:large","max-video-preview":"max-video-preview:-1"},"canonical":"https:\/\/www.atouchofafrica.ch\/fr\/produkt\/figur-von-hamad-nikiema-mit-kind-a\/","og_locale":"fr_FR","og_type":"article","og_title":"Statuette en bronze avec enfant, HN - A Touch of Africa","og_description":"L\u2019artiste Hamad Nikiema cr\u00e9e des figures en bronze en utilisant le proc\u00e9d\u00e9 de la cire perdue, c\u2019est-\u00e0-dire qu\u2019un mod\u00e8le est d\u2019abord \u00e9labor\u00e9 en cire pour chaque figure.\u00a0 Il a son atelier \u00e0 Ouagadougou, la capitale du Burkina Faso. J\u2019aime beaucoup ses figures de femmes lectrices, g\u00e9n\u00e9ralement les femmes sont repr\u00e9sent\u00e9es portant de lourds fardeaux sur leur t\u00eate. Cette figurine est de couleur brune, mesure 23 cm de haut et p\u00e8se environ 650 grammes.","og_url":"https:\/\/www.atouchofafrica.ch\/fr\/produkt\/figur-von-hamad-nikiema-mit-kind-a\/","og_site_name":"A Touch of Africa","article_modified_time":"2024-11-14T14:17:50+00:00","og_image":[{"width":1343,"height":2408,"url":"https:\/\/www.atouchofafrica.ch\/wp-content\/uploads\/2023\/12\/Nikiema-braunkindbuch1.jpg","type":"image\/jpeg"}],"twitter_card":"summary_large_image","twitter_misc":{"Dur\u00e9e de lecture estim\u00e9e":"1 minute"},"schema":{"@context":"https:\/\/schema.org","@graph":[{"@type":"WebPage","@id":"https:\/\/www.atouchofafrica.ch\/fr\/produkt\/figur-von-hamad-nikiema-mit-kind-a\/","url":"https:\/\/www.atouchofafrica.ch\/fr\/produkt\/figur-von-hamad-nikiema-mit-kind-a\/","name":"Statuette en bronze avec enfant, HN - A Touch of Africa","isPartOf":{"@id":"https:\/\/www.atouchofafrica.ch\/fr\/#website"},"primaryImageOfPage":{"@id":"https:\/\/www.atouchofafrica.ch\/fr\/produkt\/figur-von-hamad-nikiema-mit-kind-a\/#primaryimage"},"image":{"@id":"https:\/\/www.atouchofafrica.ch\/fr\/produkt\/figur-von-hamad-nikiema-mit-kind-a\/#primaryimage"},"thumbnailUrl":"https:\/\/www.atouchofafrica.ch\/wp-content\/uploads\/2025\/11\/Kind-braun.jpg","datePublished":"2023-12-09T13:42:15+00:00","dateModified":"2024-11-14T14:17:50+00:00","breadcrumb":{"@id":"https:\/\/www.atouchofafrica.ch\/fr\/produkt\/figur-von-hamad-nikiema-mit-kind-a\/#breadcrumb"},"inLanguage":"fr-FR","potentialAction":[{"@type":"ReadAction","target":["https:\/\/www.atouchofafrica.ch\/fr\/produkt\/figur-von-hamad-nikiema-mit-kind-a\/"]}]},{"@type":"ImageObject","inLanguage":"fr-FR","@id":"https:\/\/www.atouchofafrica.ch\/fr\/produkt\/figur-von-hamad-nikiema-mit-kind-a\/#primaryimage","url":"https:\/\/www.atouchofafrica.ch\/wp-content\/uploads\/2025\/11\/Kind-braun.jpg","contentUrl":"https:\/\/www.atouchofafrica.ch\/wp-content\/uploads\/2025\/11\/Kind-braun.jpg","width":1074,"height":1392},{"@type":"BreadcrumbList","@id":"https:\/\/www.atouchofafrica.ch\/fr\/produkt\/figur-von-hamad-nikiema-mit-kind-a\/#breadcrumb","itemListElement":[{"@type":"ListItem","position":1,"name":"Startseite","item":"https:\/\/www.atouchofafrica.ch\/fr\/"},{"@type":"ListItem","position":2,"name":"Produits","item":"https:\/\/www.atouchofafrica.ch\/fr\/shop\/"},{"@type":"ListItem","position":3,"name":"Statuette en bronze avec enfant, HN"}]},{"@type":"WebSite","@id":"https:\/\/www.atouchofafrica.ch\/fr\/#website","url":"https:\/\/www.atouchofafrica.ch\/fr\/","name":"A Touch of Africa","description":"Moderne Fairtrade Wohnideen vom afrikanischen Kontinent","potentialAction":[{"@type":"SearchAction","target":{"@type":"EntryPoint","urlTemplate":"https:\/\/www.atouchofafrica.ch\/fr\/?s={search_term_string}"},"query-input":{"@type":"PropertyValueSpecification","valueRequired":true,"valueName":"search_term_string"}}],"inLanguage":"fr-FR"}]}},"_links":{"self":[{"href":"https:\/\/www.atouchofafrica.ch\/fr\/wp-json\/wp\/v2\/product\/9978","targetHints":{"allow":["GET"]}}],"collection":[{"href":"https:\/\/www.atouchofafrica.ch\/fr\/wp-json\/wp\/v2\/product"}],"about":[{"href":"https:\/\/www.atouchofafrica.ch\/fr\/wp-json\/wp\/v2\/types\/product"}],"wp:featuredmedia":[{"embeddable":true,"href":"https:\/\/www.atouchofafrica.ch\/fr\/wp-json\/wp\/v2\/media\/11148"}],"wp:attachment":[{"href":"https:\/\/www.atouchofafrica.ch\/fr\/wp-json\/wp\/v2\/media?parent=9978"}],"wp:term":[{"taxonomy":"product_brand","embeddable":true,"href":"https:\/\/www.atouchofafrica.ch\/fr\/wp-json\/wp\/v2\/product_brand?post=9978"},{"taxonomy":"product_cat","embeddable":true,"href":"https:\/\/www.atouchofafrica.ch\/fr\/wp-json\/wp\/v2\/product_cat?post=9978"},{"taxonomy":"product_tag","embeddable":true,"href":"https:\/\/www.atouchofafrica.ch\/fr\/wp-json\/wp\/v2\/product_tag?post=9978"}],"curies":[{"name":"wp","href":"https:\/\/api.w.org\/{rel}","templated":true}]}}