{"id":9973,"date":"2023-12-08T15:32:04","date_gmt":"2023-12-08T15:32:04","guid":{"rendered":"https:\/\/www.atouchofafrica.ch\/produkt\/sitzende-bronzefigur\/"},"modified":"2024-11-14T13:13:43","modified_gmt":"2024-11-14T13:13:43","slug":"sitzende-bronzefigur","status":"publish","type":"product","link":"https:\/\/www.atouchofafrica.ch\/fr\/produkt\/sitzende-bronzefigur\/","title":{"rendered":"Statuette en bronze turquoise HN"},"content":{"rendered":"<p>L\u2019artiste Hamed Nikiema cr\u00e9e des figures en bronze en utilisant le proc\u00e9d\u00e9 de la cire perdue, c\u2019est-\u00e0-dire qu\u2019un mod\u00e8le est d\u2019abord \u00e9labor\u00e9 en cire pour chaque figure. La figure de cire est emball\u00e9e dans de l\u2019argile, l\u2019argile est cuite, puis la cire liquide est lib\u00e9r\u00e9e par un trou et du bronze liquide y est rempli. Enfin, la coquille d\u2019argile est bris\u00e9e. Il n\u2019y a donc pas tout \u00e0 fait les m\u00eames mod\u00e8les<\/p>\n<p>Cette figure en bronze provient d\u2019une nouvelle s\u00e9rie de figures en bronze l\u00e9g\u00e8rement plus grandes provenant d\u2019une petite manufacture de Ouagadougou, la capitale du Burkina Faso. La dame mesure environ 27 cm et p\u00e8se environ 600 grammes. Chaque figurine est fabriqu\u00e9e individuellement.<\/p>\n","protected":false},"excerpt":{"rendered":"<p>L\u2019artiste Hamed Nikiema cr\u00e9e des figures en bronze en utilisant le proc\u00e9d\u00e9 de la cire perdue, c\u2019est-\u00e0-dire qu\u2019un mod\u00e8le est d\u2019abord \u00e9labor\u00e9 en cire pour chaque figure. La figure de cire est emball\u00e9e dans de l\u2019argile, l\u2019argile est cuite, puis la cire liquide est lib\u00e9r\u00e9e par un trou et du bronze liquide y est rempli. Enfin, la coquille d\u2019argile est bris\u00e9e. Il n\u2019y a donc pas tout \u00e0 fait les m\u00eames mod\u00e8les Cette figure en bronze provient d\u2019une nouvelle s\u00e9rie de figures en bronze l\u00e9g\u00e8rement plus grandes provenant d\u2019une petite manufacture de Ouagadougou, la capitale du Burkina Faso. La dame mesure environ 27 cm et p\u00e8se environ 600 grammes. Chaque figurine est fabriqu\u00e9e individuellement.<\/p>\n","protected":false},"featured_media":10625,"template":"","meta":{"_acf_changed":false},"product_brand":[],"product_cat":[217],"product_tag":[],"class_list":{"0":"post-9973","1":"product","2":"type-product","3":"status-publish","4":"has-post-thumbnail","6":"product_cat-art-adama-art","7":"product_shipping_class-expedition-standard","9":"first","10":"instock","11":"shipping-taxable","12":"purchasable","13":"product-type-simple"},"acf":[],"yoast_head":"<!-- This site is optimized with the Yoast SEO plugin v26.0 - https:\/\/yoast.com\/wordpress\/plugins\/seo\/ -->\n<title>Statuette en bronze turquoise HN - A Touch of Africa<\/title>\n<meta name=\"robots\" content=\"index, follow, max-snippet:-1, max-image-preview:large, max-video-preview:-1\" \/>\n<link rel=\"canonical\" href=\"https:\/\/www.atouchofafrica.ch\/fr\/produkt\/sitzende-bronzefigur\/\" \/>\n<meta property=\"og:locale\" content=\"fr_FR\" \/>\n<meta property=\"og:type\" content=\"article\" \/>\n<meta property=\"og:title\" content=\"Statuette en bronze turquoise HN - A Touch of Africa\" \/>\n<meta property=\"og:description\" content=\"L\u2019artiste Hamed Nikiema cr\u00e9e des figures en bronze en utilisant le proc\u00e9d\u00e9 de la cire perdue, c\u2019est-\u00e0-dire qu\u2019un mod\u00e8le est d\u2019abord \u00e9labor\u00e9 en cire pour chaque figure. La figure de cire est emball\u00e9e dans de l\u2019argile, l\u2019argile est cuite, puis la cire liquide est lib\u00e9r\u00e9e par un trou et du bronze liquide y est rempli. Enfin, la coquille d\u2019argile est bris\u00e9e. Il n\u2019y a donc pas tout \u00e0 fait les m\u00eames mod\u00e8les Cette figure en bronze provient d\u2019une nouvelle s\u00e9rie de figures en bronze l\u00e9g\u00e8rement plus grandes provenant d\u2019une petite manufacture de Ouagadougou, la capitale du Burkina Faso. La dame mesure environ 27 cm et p\u00e8se environ 600 grammes. Chaque figurine est fabriqu\u00e9e individuellement.\" \/>\n<meta property=\"og:url\" content=\"https:\/\/www.atouchofafrica.ch\/fr\/produkt\/sitzende-bronzefigur\/\" \/>\n<meta property=\"og:site_name\" content=\"A Touch of Africa\" \/>\n<meta property=\"article:modified_time\" content=\"2024-11-14T13:13:43+00:00\" \/>\n<meta property=\"og:image\" content=\"https:\/\/www.atouchofafrica.ch\/wp-content\/uploads\/2023\/12\/Hut-blau.jpg\" \/>\n\t<meta property=\"og:image:width\" content=\"1512\" \/>\n\t<meta property=\"og:image:height\" content=\"2262\" \/>\n\t<meta property=\"og:image:type\" content=\"image\/jpeg\" \/>\n<meta name=\"twitter:card\" content=\"summary_large_image\" \/>\n<meta name=\"twitter:label1\" content=\"Dur\u00e9e de lecture estim\u00e9e\" \/>\n\t<meta name=\"twitter:data1\" content=\"1 minute\" \/>\n<script type=\"application\/ld+json\" class=\"yoast-schema-graph\">{\"@context\":\"https:\/\/schema.org\",\"@graph\":[{\"@type\":\"WebPage\",\"@id\":\"https:\/\/www.atouchofafrica.ch\/fr\/produkt\/sitzende-bronzefigur\/\",\"url\":\"https:\/\/www.atouchofafrica.ch\/fr\/produkt\/sitzende-bronzefigur\/\",\"name\":\"Statuette en bronze turquoise HN - A Touch of Africa\",\"isPartOf\":{\"@id\":\"https:\/\/www.atouchofafrica.ch\/fr\/#website\"},\"primaryImageOfPage\":{\"@id\":\"https:\/\/www.atouchofafrica.ch\/fr\/produkt\/sitzende-bronzefigur\/#primaryimage\"},\"image\":{\"@id\":\"https:\/\/www.atouchofafrica.ch\/fr\/produkt\/sitzende-bronzefigur\/#primaryimage\"},\"thumbnailUrl\":\"https:\/\/www.atouchofafrica.ch\/wp-content\/uploads\/2023\/12\/Hut-blau.jpg\",\"datePublished\":\"2023-12-08T15:32:04+00:00\",\"dateModified\":\"2024-11-14T13:13:43+00:00\",\"breadcrumb\":{\"@id\":\"https:\/\/www.atouchofafrica.ch\/fr\/produkt\/sitzende-bronzefigur\/#breadcrumb\"},\"inLanguage\":\"fr-FR\",\"potentialAction\":[{\"@type\":\"ReadAction\",\"target\":[\"https:\/\/www.atouchofafrica.ch\/fr\/produkt\/sitzende-bronzefigur\/\"]}]},{\"@type\":\"ImageObject\",\"inLanguage\":\"fr-FR\",\"@id\":\"https:\/\/www.atouchofafrica.ch\/fr\/produkt\/sitzende-bronzefigur\/#primaryimage\",\"url\":\"https:\/\/www.atouchofafrica.ch\/wp-content\/uploads\/2023\/12\/Hut-blau.jpg\",\"contentUrl\":\"https:\/\/www.atouchofafrica.ch\/wp-content\/uploads\/2023\/12\/Hut-blau.jpg\",\"width\":1512,\"height\":2262},{\"@type\":\"BreadcrumbList\",\"@id\":\"https:\/\/www.atouchofafrica.ch\/fr\/produkt\/sitzende-bronzefigur\/#breadcrumb\",\"itemListElement\":[{\"@type\":\"ListItem\",\"position\":1,\"name\":\"Startseite\",\"item\":\"https:\/\/www.atouchofafrica.ch\/fr\/\"},{\"@type\":\"ListItem\",\"position\":2,\"name\":\"Produits\",\"item\":\"https:\/\/www.atouchofafrica.ch\/fr\/shop\/\"},{\"@type\":\"ListItem\",\"position\":3,\"name\":\"Statuette en bronze turquoise HN\"}]},{\"@type\":\"WebSite\",\"@id\":\"https:\/\/www.atouchofafrica.ch\/fr\/#website\",\"url\":\"https:\/\/www.atouchofafrica.ch\/fr\/\",\"name\":\"A Touch of Africa\",\"description\":\"Moderne Fairtrade Wohnideen vom afrikanischen Kontinent\",\"potentialAction\":[{\"@type\":\"SearchAction\",\"target\":{\"@type\":\"EntryPoint\",\"urlTemplate\":\"https:\/\/www.atouchofafrica.ch\/fr\/?s={search_term_string}\"},\"query-input\":{\"@type\":\"PropertyValueSpecification\",\"valueRequired\":true,\"valueName\":\"search_term_string\"}}],\"inLanguage\":\"fr-FR\"}]}<\/script>\n<!-- \/ Yoast SEO plugin. -->","yoast_head_json":{"title":"Statuette en bronze turquoise HN - A Touch of Africa","robots":{"index":"index","follow":"follow","max-snippet":"max-snippet:-1","max-image-preview":"max-image-preview:large","max-video-preview":"max-video-preview:-1"},"canonical":"https:\/\/www.atouchofafrica.ch\/fr\/produkt\/sitzende-bronzefigur\/","og_locale":"fr_FR","og_type":"article","og_title":"Statuette en bronze turquoise HN - A Touch of Africa","og_description":"L\u2019artiste Hamed Nikiema cr\u00e9e des figures en bronze en utilisant le proc\u00e9d\u00e9 de la cire perdue, c\u2019est-\u00e0-dire qu\u2019un mod\u00e8le est d\u2019abord \u00e9labor\u00e9 en cire pour chaque figure. La figure de cire est emball\u00e9e dans de l\u2019argile, l\u2019argile est cuite, puis la cire liquide est lib\u00e9r\u00e9e par un trou et du bronze liquide y est rempli. Enfin, la coquille d\u2019argile est bris\u00e9e. Il n\u2019y a donc pas tout \u00e0 fait les m\u00eames mod\u00e8les Cette figure en bronze provient d\u2019une nouvelle s\u00e9rie de figures en bronze l\u00e9g\u00e8rement plus grandes provenant d\u2019une petite manufacture de Ouagadougou, la capitale du Burkina Faso. La dame mesure environ 27 cm et p\u00e8se environ 600 grammes. Chaque figurine est fabriqu\u00e9e individuellement.","og_url":"https:\/\/www.atouchofafrica.ch\/fr\/produkt\/sitzende-bronzefigur\/","og_site_name":"A Touch of Africa","article_modified_time":"2024-11-14T13:13:43+00:00","og_image":[{"width":1512,"height":2262,"url":"https:\/\/www.atouchofafrica.ch\/wp-content\/uploads\/2023\/12\/Hut-blau.jpg","type":"image\/jpeg"}],"twitter_card":"summary_large_image","twitter_misc":{"Dur\u00e9e de lecture estim\u00e9e":"1 minute"},"schema":{"@context":"https:\/\/schema.org","@graph":[{"@type":"WebPage","@id":"https:\/\/www.atouchofafrica.ch\/fr\/produkt\/sitzende-bronzefigur\/","url":"https:\/\/www.atouchofafrica.ch\/fr\/produkt\/sitzende-bronzefigur\/","name":"Statuette en bronze turquoise HN - A Touch of Africa","isPartOf":{"@id":"https:\/\/www.atouchofafrica.ch\/fr\/#website"},"primaryImageOfPage":{"@id":"https:\/\/www.atouchofafrica.ch\/fr\/produkt\/sitzende-bronzefigur\/#primaryimage"},"image":{"@id":"https:\/\/www.atouchofafrica.ch\/fr\/produkt\/sitzende-bronzefigur\/#primaryimage"},"thumbnailUrl":"https:\/\/www.atouchofafrica.ch\/wp-content\/uploads\/2023\/12\/Hut-blau.jpg","datePublished":"2023-12-08T15:32:04+00:00","dateModified":"2024-11-14T13:13:43+00:00","breadcrumb":{"@id":"https:\/\/www.atouchofafrica.ch\/fr\/produkt\/sitzende-bronzefigur\/#breadcrumb"},"inLanguage":"fr-FR","potentialAction":[{"@type":"ReadAction","target":["https:\/\/www.atouchofafrica.ch\/fr\/produkt\/sitzende-bronzefigur\/"]}]},{"@type":"ImageObject","inLanguage":"fr-FR","@id":"https:\/\/www.atouchofafrica.ch\/fr\/produkt\/sitzende-bronzefigur\/#primaryimage","url":"https:\/\/www.atouchofafrica.ch\/wp-content\/uploads\/2023\/12\/Hut-blau.jpg","contentUrl":"https:\/\/www.atouchofafrica.ch\/wp-content\/uploads\/2023\/12\/Hut-blau.jpg","width":1512,"height":2262},{"@type":"BreadcrumbList","@id":"https:\/\/www.atouchofafrica.ch\/fr\/produkt\/sitzende-bronzefigur\/#breadcrumb","itemListElement":[{"@type":"ListItem","position":1,"name":"Startseite","item":"https:\/\/www.atouchofafrica.ch\/fr\/"},{"@type":"ListItem","position":2,"name":"Produits","item":"https:\/\/www.atouchofafrica.ch\/fr\/shop\/"},{"@type":"ListItem","position":3,"name":"Statuette en bronze turquoise HN"}]},{"@type":"WebSite","@id":"https:\/\/www.atouchofafrica.ch\/fr\/#website","url":"https:\/\/www.atouchofafrica.ch\/fr\/","name":"A Touch of Africa","description":"Moderne Fairtrade Wohnideen vom afrikanischen Kontinent","potentialAction":[{"@type":"SearchAction","target":{"@type":"EntryPoint","urlTemplate":"https:\/\/www.atouchofafrica.ch\/fr\/?s={search_term_string}"},"query-input":{"@type":"PropertyValueSpecification","valueRequired":true,"valueName":"search_term_string"}}],"inLanguage":"fr-FR"}]}},"_links":{"self":[{"href":"https:\/\/www.atouchofafrica.ch\/fr\/wp-json\/wp\/v2\/product\/9973","targetHints":{"allow":["GET"]}}],"collection":[{"href":"https:\/\/www.atouchofafrica.ch\/fr\/wp-json\/wp\/v2\/product"}],"about":[{"href":"https:\/\/www.atouchofafrica.ch\/fr\/wp-json\/wp\/v2\/types\/product"}],"wp:featuredmedia":[{"embeddable":true,"href":"https:\/\/www.atouchofafrica.ch\/fr\/wp-json\/wp\/v2\/media\/10625"}],"wp:attachment":[{"href":"https:\/\/www.atouchofafrica.ch\/fr\/wp-json\/wp\/v2\/media?parent=9973"}],"wp:term":[{"taxonomy":"product_brand","embeddable":true,"href":"https:\/\/www.atouchofafrica.ch\/fr\/wp-json\/wp\/v2\/product_brand?post=9973"},{"taxonomy":"product_cat","embeddable":true,"href":"https:\/\/www.atouchofafrica.ch\/fr\/wp-json\/wp\/v2\/product_cat?post=9973"},{"taxonomy":"product_tag","embeddable":true,"href":"https:\/\/www.atouchofafrica.ch\/fr\/wp-json\/wp\/v2\/product_tag?post=9973"}],"curies":[{"name":"wp","href":"https:\/\/api.w.org\/{rel}","templated":true}]}}