{"id":9743,"date":"2024-09-24T11:13:35","date_gmt":"2024-09-24T11:13:35","guid":{"rendered":"https:\/\/www.atouchofafrica.ch\/produkt\/dessertteller-blaetter\/"},"modified":"2024-09-24T14:17:59","modified_gmt":"2024-09-24T14:17:59","slug":"dessertteller-blaetter","status":"publish","type":"product","link":"https:\/\/www.atouchofafrica.ch\/fr\/produkt\/dessertteller-blaetter\/","title":{"rendered":"Assiettes \u00e0 dessert feuilles"},"content":{"rendered":"<p>Assiettes \u00e0 dessert assorties aux tasses avec motif de feuilles, blanches avec des feuilles en vert et or. Diam\u00e8tre 20 cm, bord l\u00e9g\u00e8rement sur\u00e9lev\u00e9 (1,5 cm), poids 370 gr. Nouveau design.<\/p>\n","protected":false},"excerpt":{"rendered":"<p>Assiettes \u00e0 dessert assorties aux tasses avec motif de feuilles, blanches avec des feuilles en vert et or. Diam\u00e8tre 20 cm, bord l\u00e9g\u00e8rement sur\u00e9lev\u00e9 (1,5 cm), poids 370 gr. Nouveau design.<\/p>\n","protected":false},"featured_media":9720,"template":"","meta":{"_acf_changed":false},"product_brand":[],"product_cat":[327,331],"product_tag":[],"class_list":{"0":"post-9743","1":"product","2":"type-product","3":"status-publish","4":"has-post-thumbnail","6":"product_cat-chabi-chic-ceramique","7":"product_cat-tasses-et-assiettes-cc","8":"product_shipping_class-expedition-standard","10":"first","11":"instock","12":"sale","13":"shipping-taxable","14":"purchasable","15":"product-type-simple"},"acf":[],"yoast_head":"<!-- This site is optimized with the Yoast SEO plugin v26.0 - https:\/\/yoast.com\/wordpress\/plugins\/seo\/ -->\n<title>Assiettes \u00e0 dessert feuilles - A Touch of Africa<\/title>\n<meta name=\"robots\" content=\"index, follow, max-snippet:-1, max-image-preview:large, max-video-preview:-1\" \/>\n<link rel=\"canonical\" href=\"https:\/\/www.atouchofafrica.ch\/fr\/produkt\/dessertteller-blaetter\/\" \/>\n<meta property=\"og:locale\" content=\"fr_FR\" \/>\n<meta property=\"og:type\" content=\"article\" \/>\n<meta property=\"og:title\" content=\"Assiettes \u00e0 dessert feuilles - A Touch of Africa\" \/>\n<meta property=\"og:description\" content=\"Assiettes \u00e0 dessert assorties aux tasses avec motif de feuilles, blanches avec des feuilles en vert et or. Diam\u00e8tre 20 cm, bord l\u00e9g\u00e8rement sur\u00e9lev\u00e9 (1,5 cm), poids 370 gr. Nouveau design.\" \/>\n<meta property=\"og:url\" content=\"https:\/\/www.atouchofafrica.ch\/fr\/produkt\/dessertteller-blaetter\/\" \/>\n<meta property=\"og:site_name\" content=\"A Touch of Africa\" \/>\n<meta property=\"article:modified_time\" content=\"2024-09-24T14:17:59+00:00\" \/>\n<meta property=\"og:image\" content=\"https:\/\/www.atouchofafrica.ch\/wp-content\/uploads\/2024\/09\/Teller_2-scaled.jpg\" \/>\n\t<meta property=\"og:image:width\" content=\"2560\" \/>\n\t<meta property=\"og:image:height\" content=\"2560\" \/>\n\t<meta property=\"og:image:type\" content=\"image\/jpeg\" \/>\n<meta name=\"twitter:card\" content=\"summary_large_image\" \/>\n<meta name=\"twitter:label1\" content=\"Dur\u00e9e de lecture estim\u00e9e\" \/>\n\t<meta name=\"twitter:data1\" content=\"1 minute\" \/>\n<script type=\"application\/ld+json\" class=\"yoast-schema-graph\">{\"@context\":\"https:\/\/schema.org\",\"@graph\":[{\"@type\":\"WebPage\",\"@id\":\"https:\/\/www.atouchofafrica.ch\/fr\/produkt\/dessertteller-blaetter\/\",\"url\":\"https:\/\/www.atouchofafrica.ch\/fr\/produkt\/dessertteller-blaetter\/\",\"name\":\"Assiettes \u00e0 dessert feuilles - A Touch of Africa\",\"isPartOf\":{\"@id\":\"https:\/\/www.atouchofafrica.ch\/fr\/#website\"},\"primaryImageOfPage\":{\"@id\":\"https:\/\/www.atouchofafrica.ch\/fr\/produkt\/dessertteller-blaetter\/#primaryimage\"},\"image\":{\"@id\":\"https:\/\/www.atouchofafrica.ch\/fr\/produkt\/dessertteller-blaetter\/#primaryimage\"},\"thumbnailUrl\":\"https:\/\/www.atouchofafrica.ch\/wp-content\/uploads\/2024\/09\/Teller_2-scaled.jpg\",\"datePublished\":\"2024-09-24T11:13:35+00:00\",\"dateModified\":\"2024-09-24T14:17:59+00:00\",\"breadcrumb\":{\"@id\":\"https:\/\/www.atouchofafrica.ch\/fr\/produkt\/dessertteller-blaetter\/#breadcrumb\"},\"inLanguage\":\"fr-FR\",\"potentialAction\":[{\"@type\":\"ReadAction\",\"target\":[\"https:\/\/www.atouchofafrica.ch\/fr\/produkt\/dessertteller-blaetter\/\"]}]},{\"@type\":\"ImageObject\",\"inLanguage\":\"fr-FR\",\"@id\":\"https:\/\/www.atouchofafrica.ch\/fr\/produkt\/dessertteller-blaetter\/#primaryimage\",\"url\":\"https:\/\/www.atouchofafrica.ch\/wp-content\/uploads\/2024\/09\/Teller_2-scaled.jpg\",\"contentUrl\":\"https:\/\/www.atouchofafrica.ch\/wp-content\/uploads\/2024\/09\/Teller_2-scaled.jpg\",\"width\":2560,\"height\":2560},{\"@type\":\"BreadcrumbList\",\"@id\":\"https:\/\/www.atouchofafrica.ch\/fr\/produkt\/dessertteller-blaetter\/#breadcrumb\",\"itemListElement\":[{\"@type\":\"ListItem\",\"position\":1,\"name\":\"Startseite\",\"item\":\"https:\/\/www.atouchofafrica.ch\/fr\/\"},{\"@type\":\"ListItem\",\"position\":2,\"name\":\"Produits\",\"item\":\"https:\/\/www.atouchofafrica.ch\/fr\/shop\/\"},{\"@type\":\"ListItem\",\"position\":3,\"name\":\"Assiettes \u00e0 dessert feuilles\"}]},{\"@type\":\"WebSite\",\"@id\":\"https:\/\/www.atouchofafrica.ch\/fr\/#website\",\"url\":\"https:\/\/www.atouchofafrica.ch\/fr\/\",\"name\":\"A Touch of Africa\",\"description\":\"Moderne Fairtrade Wohnideen vom afrikanischen Kontinent\",\"potentialAction\":[{\"@type\":\"SearchAction\",\"target\":{\"@type\":\"EntryPoint\",\"urlTemplate\":\"https:\/\/www.atouchofafrica.ch\/fr\/?s={search_term_string}\"},\"query-input\":{\"@type\":\"PropertyValueSpecification\",\"valueRequired\":true,\"valueName\":\"search_term_string\"}}],\"inLanguage\":\"fr-FR\"}]}<\/script>\n<!-- \/ Yoast SEO plugin. -->","yoast_head_json":{"title":"Assiettes \u00e0 dessert feuilles - A Touch of Africa","robots":{"index":"index","follow":"follow","max-snippet":"max-snippet:-1","max-image-preview":"max-image-preview:large","max-video-preview":"max-video-preview:-1"},"canonical":"https:\/\/www.atouchofafrica.ch\/fr\/produkt\/dessertteller-blaetter\/","og_locale":"fr_FR","og_type":"article","og_title":"Assiettes \u00e0 dessert feuilles - A Touch of Africa","og_description":"Assiettes \u00e0 dessert assorties aux tasses avec motif de feuilles, blanches avec des feuilles en vert et or. Diam\u00e8tre 20 cm, bord l\u00e9g\u00e8rement sur\u00e9lev\u00e9 (1,5 cm), poids 370 gr. Nouveau design.","og_url":"https:\/\/www.atouchofafrica.ch\/fr\/produkt\/dessertteller-blaetter\/","og_site_name":"A Touch of Africa","article_modified_time":"2024-09-24T14:17:59+00:00","og_image":[{"width":2560,"height":2560,"url":"https:\/\/www.atouchofafrica.ch\/wp-content\/uploads\/2024\/09\/Teller_2-scaled.jpg","type":"image\/jpeg"}],"twitter_card":"summary_large_image","twitter_misc":{"Dur\u00e9e de lecture estim\u00e9e":"1 minute"},"schema":{"@context":"https:\/\/schema.org","@graph":[{"@type":"WebPage","@id":"https:\/\/www.atouchofafrica.ch\/fr\/produkt\/dessertteller-blaetter\/","url":"https:\/\/www.atouchofafrica.ch\/fr\/produkt\/dessertteller-blaetter\/","name":"Assiettes \u00e0 dessert feuilles - A Touch of Africa","isPartOf":{"@id":"https:\/\/www.atouchofafrica.ch\/fr\/#website"},"primaryImageOfPage":{"@id":"https:\/\/www.atouchofafrica.ch\/fr\/produkt\/dessertteller-blaetter\/#primaryimage"},"image":{"@id":"https:\/\/www.atouchofafrica.ch\/fr\/produkt\/dessertteller-blaetter\/#primaryimage"},"thumbnailUrl":"https:\/\/www.atouchofafrica.ch\/wp-content\/uploads\/2024\/09\/Teller_2-scaled.jpg","datePublished":"2024-09-24T11:13:35+00:00","dateModified":"2024-09-24T14:17:59+00:00","breadcrumb":{"@id":"https:\/\/www.atouchofafrica.ch\/fr\/produkt\/dessertteller-blaetter\/#breadcrumb"},"inLanguage":"fr-FR","potentialAction":[{"@type":"ReadAction","target":["https:\/\/www.atouchofafrica.ch\/fr\/produkt\/dessertteller-blaetter\/"]}]},{"@type":"ImageObject","inLanguage":"fr-FR","@id":"https:\/\/www.atouchofafrica.ch\/fr\/produkt\/dessertteller-blaetter\/#primaryimage","url":"https:\/\/www.atouchofafrica.ch\/wp-content\/uploads\/2024\/09\/Teller_2-scaled.jpg","contentUrl":"https:\/\/www.atouchofafrica.ch\/wp-content\/uploads\/2024\/09\/Teller_2-scaled.jpg","width":2560,"height":2560},{"@type":"BreadcrumbList","@id":"https:\/\/www.atouchofafrica.ch\/fr\/produkt\/dessertteller-blaetter\/#breadcrumb","itemListElement":[{"@type":"ListItem","position":1,"name":"Startseite","item":"https:\/\/www.atouchofafrica.ch\/fr\/"},{"@type":"ListItem","position":2,"name":"Produits","item":"https:\/\/www.atouchofafrica.ch\/fr\/shop\/"},{"@type":"ListItem","position":3,"name":"Assiettes \u00e0 dessert feuilles"}]},{"@type":"WebSite","@id":"https:\/\/www.atouchofafrica.ch\/fr\/#website","url":"https:\/\/www.atouchofafrica.ch\/fr\/","name":"A Touch of Africa","description":"Moderne Fairtrade Wohnideen vom afrikanischen Kontinent","potentialAction":[{"@type":"SearchAction","target":{"@type":"EntryPoint","urlTemplate":"https:\/\/www.atouchofafrica.ch\/fr\/?s={search_term_string}"},"query-input":{"@type":"PropertyValueSpecification","valueRequired":true,"valueName":"search_term_string"}}],"inLanguage":"fr-FR"}]}},"_links":{"self":[{"href":"https:\/\/www.atouchofafrica.ch\/fr\/wp-json\/wp\/v2\/product\/9743","targetHints":{"allow":["GET"]}}],"collection":[{"href":"https:\/\/www.atouchofafrica.ch\/fr\/wp-json\/wp\/v2\/product"}],"about":[{"href":"https:\/\/www.atouchofafrica.ch\/fr\/wp-json\/wp\/v2\/types\/product"}],"wp:featuredmedia":[{"embeddable":true,"href":"https:\/\/www.atouchofafrica.ch\/fr\/wp-json\/wp\/v2\/media\/9720"}],"wp:attachment":[{"href":"https:\/\/www.atouchofafrica.ch\/fr\/wp-json\/wp\/v2\/media?parent=9743"}],"wp:term":[{"taxonomy":"product_brand","embeddable":true,"href":"https:\/\/www.atouchofafrica.ch\/fr\/wp-json\/wp\/v2\/product_brand?post=9743"},{"taxonomy":"product_cat","embeddable":true,"href":"https:\/\/www.atouchofafrica.ch\/fr\/wp-json\/wp\/v2\/product_cat?post=9743"},{"taxonomy":"product_tag","embeddable":true,"href":"https:\/\/www.atouchofafrica.ch\/fr\/wp-json\/wp\/v2\/product_tag?post=9743"}],"curies":[{"name":"wp","href":"https:\/\/api.w.org\/{rel}","templated":true}]}}