{"id":9740,"date":"2024-09-24T10:42:09","date_gmt":"2024-09-24T10:42:09","guid":{"rendered":"https:\/\/www.atouchofafrica.ch\/produkt\/kelch-blau\/"},"modified":"2024-09-24T14:21:41","modified_gmt":"2024-09-24T14:21:41","slug":"kelch-blau","status":"publish","type":"product","link":"https:\/\/www.atouchofafrica.ch\/fr\/produkt\/kelch-blau\/","title":{"rendered":"Kelch blau"},"content":{"rendered":"<p>Cet \u00e9l\u00e9gant gobelet convient \u00e0 toutes les boissons, chaudes ou froides, \u00e0 l\u2019exception des petits expressos. Cette tasse est d\u00e9cor\u00e9e de couleur bleue avec un bord dor\u00e9 sur le dessus. Diam\u00e8tre 9 cm, hauteur totale 13 cm, hauteur du r\u00e9cipient 8,5 cm, poids environ 220 gr. Convient pour le lave-vaisselle et le micro-ondes.<\/p>\n<p>&nbsp;<\/p>\n","protected":false},"excerpt":{"rendered":"<p>Cet \u00e9l\u00e9gant gobelet convient \u00e0 toutes les boissons, chaudes ou froides, \u00e0 l\u2019exception des petits expressos. Cette tasse est d\u00e9cor\u00e9e de couleur bleue avec un bord dor\u00e9 sur le dessus. Diam\u00e8tre 9 cm, hauteur totale 13 cm, hauteur du r\u00e9cipient 8,5 cm, poids environ 220 gr. Convient pour le lave-vaisselle et le micro-ondes. &nbsp;<\/p>\n","protected":false},"featured_media":9715,"template":"","meta":{"_acf_changed":false},"product_brand":[],"product_cat":[331],"product_tag":[],"class_list":{"0":"post-9740","1":"product","2":"type-product","3":"status-publish","4":"has-post-thumbnail","6":"product_cat-tasses-et-assiettes-cc","7":"product_shipping_class-expedition-standard","9":"first","10":"instock","11":"sale","12":"shipping-taxable","13":"purchasable","14":"product-type-simple"},"acf":[],"yoast_head":"<!-- This site is optimized with the Yoast SEO plugin v26.0 - https:\/\/yoast.com\/wordpress\/plugins\/seo\/ -->\n<title>Kelch blau - A Touch of Africa<\/title>\n<meta name=\"robots\" content=\"index, follow, max-snippet:-1, max-image-preview:large, max-video-preview:-1\" \/>\n<link rel=\"canonical\" href=\"https:\/\/www.atouchofafrica.ch\/fr\/produkt\/kelch-blau\/\" \/>\n<meta property=\"og:locale\" content=\"fr_FR\" \/>\n<meta property=\"og:type\" content=\"article\" \/>\n<meta property=\"og:title\" content=\"Kelch blau - A Touch of Africa\" \/>\n<meta property=\"og:description\" content=\"Cet \u00e9l\u00e9gant gobelet convient \u00e0 toutes les boissons, chaudes ou froides, \u00e0 l\u2019exception des petits expressos. Cette tasse est d\u00e9cor\u00e9e de couleur bleue avec un bord dor\u00e9 sur le dessus. Diam\u00e8tre 9 cm, hauteur totale 13 cm, hauteur du r\u00e9cipient 8,5 cm, poids environ 220 gr. Convient pour le lave-vaisselle et le micro-ondes. &nbsp;\" \/>\n<meta property=\"og:url\" content=\"https:\/\/www.atouchofafrica.ch\/fr\/produkt\/kelch-blau\/\" \/>\n<meta property=\"og:site_name\" content=\"A Touch of Africa\" \/>\n<meta property=\"article:modified_time\" content=\"2024-09-24T14:21:41+00:00\" \/>\n<meta property=\"og:image\" content=\"https:\/\/www.atouchofafrica.ch\/wp-content\/uploads\/2024\/09\/Kelch-blau-scaled.jpg\" \/>\n\t<meta property=\"og:image:width\" content=\"1859\" \/>\n\t<meta property=\"og:image:height\" content=\"2560\" \/>\n\t<meta property=\"og:image:type\" content=\"image\/jpeg\" \/>\n<meta name=\"twitter:card\" content=\"summary_large_image\" \/>\n<meta name=\"twitter:label1\" content=\"Dur\u00e9e de lecture estim\u00e9e\" \/>\n\t<meta name=\"twitter:data1\" content=\"1 minute\" \/>\n<script type=\"application\/ld+json\" class=\"yoast-schema-graph\">{\"@context\":\"https:\/\/schema.org\",\"@graph\":[{\"@type\":\"WebPage\",\"@id\":\"https:\/\/www.atouchofafrica.ch\/fr\/produkt\/kelch-blau\/\",\"url\":\"https:\/\/www.atouchofafrica.ch\/fr\/produkt\/kelch-blau\/\",\"name\":\"Kelch blau - A Touch of Africa\",\"isPartOf\":{\"@id\":\"https:\/\/www.atouchofafrica.ch\/fr\/#website\"},\"primaryImageOfPage\":{\"@id\":\"https:\/\/www.atouchofafrica.ch\/fr\/produkt\/kelch-blau\/#primaryimage\"},\"image\":{\"@id\":\"https:\/\/www.atouchofafrica.ch\/fr\/produkt\/kelch-blau\/#primaryimage\"},\"thumbnailUrl\":\"https:\/\/www.atouchofafrica.ch\/wp-content\/uploads\/2024\/09\/Kelch-blau-scaled.jpg\",\"datePublished\":\"2024-09-24T10:42:09+00:00\",\"dateModified\":\"2024-09-24T14:21:41+00:00\",\"breadcrumb\":{\"@id\":\"https:\/\/www.atouchofafrica.ch\/fr\/produkt\/kelch-blau\/#breadcrumb\"},\"inLanguage\":\"fr-FR\",\"potentialAction\":[{\"@type\":\"ReadAction\",\"target\":[\"https:\/\/www.atouchofafrica.ch\/fr\/produkt\/kelch-blau\/\"]}]},{\"@type\":\"ImageObject\",\"inLanguage\":\"fr-FR\",\"@id\":\"https:\/\/www.atouchofafrica.ch\/fr\/produkt\/kelch-blau\/#primaryimage\",\"url\":\"https:\/\/www.atouchofafrica.ch\/wp-content\/uploads\/2024\/09\/Kelch-blau-scaled.jpg\",\"contentUrl\":\"https:\/\/www.atouchofafrica.ch\/wp-content\/uploads\/2024\/09\/Kelch-blau-scaled.jpg\",\"width\":1859,\"height\":2560},{\"@type\":\"BreadcrumbList\",\"@id\":\"https:\/\/www.atouchofafrica.ch\/fr\/produkt\/kelch-blau\/#breadcrumb\",\"itemListElement\":[{\"@type\":\"ListItem\",\"position\":1,\"name\":\"Startseite\",\"item\":\"https:\/\/www.atouchofafrica.ch\/fr\/\"},{\"@type\":\"ListItem\",\"position\":2,\"name\":\"Produits\",\"item\":\"https:\/\/www.atouchofafrica.ch\/fr\/shop\/\"},{\"@type\":\"ListItem\",\"position\":3,\"name\":\"Kelch blau\"}]},{\"@type\":\"WebSite\",\"@id\":\"https:\/\/www.atouchofafrica.ch\/fr\/#website\",\"url\":\"https:\/\/www.atouchofafrica.ch\/fr\/\",\"name\":\"A Touch of Africa\",\"description\":\"Moderne Fairtrade Wohnideen vom afrikanischen Kontinent\",\"potentialAction\":[{\"@type\":\"SearchAction\",\"target\":{\"@type\":\"EntryPoint\",\"urlTemplate\":\"https:\/\/www.atouchofafrica.ch\/fr\/?s={search_term_string}\"},\"query-input\":{\"@type\":\"PropertyValueSpecification\",\"valueRequired\":true,\"valueName\":\"search_term_string\"}}],\"inLanguage\":\"fr-FR\"}]}<\/script>\n<!-- \/ Yoast SEO plugin. -->","yoast_head_json":{"title":"Kelch blau - A Touch of Africa","robots":{"index":"index","follow":"follow","max-snippet":"max-snippet:-1","max-image-preview":"max-image-preview:large","max-video-preview":"max-video-preview:-1"},"canonical":"https:\/\/www.atouchofafrica.ch\/fr\/produkt\/kelch-blau\/","og_locale":"fr_FR","og_type":"article","og_title":"Kelch blau - A Touch of Africa","og_description":"Cet \u00e9l\u00e9gant gobelet convient \u00e0 toutes les boissons, chaudes ou froides, \u00e0 l\u2019exception des petits expressos. Cette tasse est d\u00e9cor\u00e9e de couleur bleue avec un bord dor\u00e9 sur le dessus. Diam\u00e8tre 9 cm, hauteur totale 13 cm, hauteur du r\u00e9cipient 8,5 cm, poids environ 220 gr. Convient pour le lave-vaisselle et le micro-ondes. &nbsp;","og_url":"https:\/\/www.atouchofafrica.ch\/fr\/produkt\/kelch-blau\/","og_site_name":"A Touch of Africa","article_modified_time":"2024-09-24T14:21:41+00:00","og_image":[{"width":1859,"height":2560,"url":"https:\/\/www.atouchofafrica.ch\/wp-content\/uploads\/2024\/09\/Kelch-blau-scaled.jpg","type":"image\/jpeg"}],"twitter_card":"summary_large_image","twitter_misc":{"Dur\u00e9e de lecture estim\u00e9e":"1 minute"},"schema":{"@context":"https:\/\/schema.org","@graph":[{"@type":"WebPage","@id":"https:\/\/www.atouchofafrica.ch\/fr\/produkt\/kelch-blau\/","url":"https:\/\/www.atouchofafrica.ch\/fr\/produkt\/kelch-blau\/","name":"Kelch blau - A Touch of Africa","isPartOf":{"@id":"https:\/\/www.atouchofafrica.ch\/fr\/#website"},"primaryImageOfPage":{"@id":"https:\/\/www.atouchofafrica.ch\/fr\/produkt\/kelch-blau\/#primaryimage"},"image":{"@id":"https:\/\/www.atouchofafrica.ch\/fr\/produkt\/kelch-blau\/#primaryimage"},"thumbnailUrl":"https:\/\/www.atouchofafrica.ch\/wp-content\/uploads\/2024\/09\/Kelch-blau-scaled.jpg","datePublished":"2024-09-24T10:42:09+00:00","dateModified":"2024-09-24T14:21:41+00:00","breadcrumb":{"@id":"https:\/\/www.atouchofafrica.ch\/fr\/produkt\/kelch-blau\/#breadcrumb"},"inLanguage":"fr-FR","potentialAction":[{"@type":"ReadAction","target":["https:\/\/www.atouchofafrica.ch\/fr\/produkt\/kelch-blau\/"]}]},{"@type":"ImageObject","inLanguage":"fr-FR","@id":"https:\/\/www.atouchofafrica.ch\/fr\/produkt\/kelch-blau\/#primaryimage","url":"https:\/\/www.atouchofafrica.ch\/wp-content\/uploads\/2024\/09\/Kelch-blau-scaled.jpg","contentUrl":"https:\/\/www.atouchofafrica.ch\/wp-content\/uploads\/2024\/09\/Kelch-blau-scaled.jpg","width":1859,"height":2560},{"@type":"BreadcrumbList","@id":"https:\/\/www.atouchofafrica.ch\/fr\/produkt\/kelch-blau\/#breadcrumb","itemListElement":[{"@type":"ListItem","position":1,"name":"Startseite","item":"https:\/\/www.atouchofafrica.ch\/fr\/"},{"@type":"ListItem","position":2,"name":"Produits","item":"https:\/\/www.atouchofafrica.ch\/fr\/shop\/"},{"@type":"ListItem","position":3,"name":"Kelch blau"}]},{"@type":"WebSite","@id":"https:\/\/www.atouchofafrica.ch\/fr\/#website","url":"https:\/\/www.atouchofafrica.ch\/fr\/","name":"A Touch of Africa","description":"Moderne Fairtrade Wohnideen vom afrikanischen Kontinent","potentialAction":[{"@type":"SearchAction","target":{"@type":"EntryPoint","urlTemplate":"https:\/\/www.atouchofafrica.ch\/fr\/?s={search_term_string}"},"query-input":{"@type":"PropertyValueSpecification","valueRequired":true,"valueName":"search_term_string"}}],"inLanguage":"fr-FR"}]}},"_links":{"self":[{"href":"https:\/\/www.atouchofafrica.ch\/fr\/wp-json\/wp\/v2\/product\/9740","targetHints":{"allow":["GET"]}}],"collection":[{"href":"https:\/\/www.atouchofafrica.ch\/fr\/wp-json\/wp\/v2\/product"}],"about":[{"href":"https:\/\/www.atouchofafrica.ch\/fr\/wp-json\/wp\/v2\/types\/product"}],"wp:featuredmedia":[{"embeddable":true,"href":"https:\/\/www.atouchofafrica.ch\/fr\/wp-json\/wp\/v2\/media\/9715"}],"wp:attachment":[{"href":"https:\/\/www.atouchofafrica.ch\/fr\/wp-json\/wp\/v2\/media?parent=9740"}],"wp:term":[{"taxonomy":"product_brand","embeddable":true,"href":"https:\/\/www.atouchofafrica.ch\/fr\/wp-json\/wp\/v2\/product_brand?post=9740"},{"taxonomy":"product_cat","embeddable":true,"href":"https:\/\/www.atouchofafrica.ch\/fr\/wp-json\/wp\/v2\/product_cat?post=9740"},{"taxonomy":"product_tag","embeddable":true,"href":"https:\/\/www.atouchofafrica.ch\/fr\/wp-json\/wp\/v2\/product_tag?post=9740"}],"curies":[{"name":"wp","href":"https:\/\/api.w.org\/{rel}","templated":true}]}}