{"id":9730,"date":"2024-09-24T10:07:16","date_gmt":"2024-09-24T10:07:16","guid":{"rendered":"https:\/\/www.atouchofafrica.ch\/produkt\/kaffeetasse-zwak-lindengruen\/"},"modified":"2024-09-24T13:38:40","modified_gmt":"2024-09-24T13:38:40","slug":"kaffeetasse-zwak-lindengruen","status":"publish","type":"product","link":"https:\/\/www.atouchofafrica.ch\/fr\/produkt\/kaffeetasse-zwak-lindengruen\/","title":{"rendered":"Tasse \u00e0 caf\u00e9 vert clair"},"content":{"rendered":"<p>Le caf\u00e9 est \u00e9galement appr\u00e9ci\u00e9 au Maroc, notamment dans ces tasses en c\u00e9ramique. Cette tasse est d\u00e9cor\u00e9e de couleur vert clair, avec un bord dor\u00e9 sur le dessus.\u00a0 Zwak fait r\u00e9f\u00e9rence au motif classique. La forme Beldi vous \u00e9vite de vous br\u00fbler les doigts. Diam\u00e8tre 6,5 cm, hauteur 9 cm, poids environ 160 gr. Convient pour le lave-vaisselle et le micro-ondes.<\/p>\n<p>&nbsp;<\/p>\n","protected":false},"excerpt":{"rendered":"<p>Le caf\u00e9 est \u00e9galement appr\u00e9ci\u00e9 au Maroc, notamment dans ces tasses en c\u00e9ramique. Cette tasse est d\u00e9cor\u00e9e de couleur vert clair, avec un bord dor\u00e9 sur le dessus.\u00a0 Zwak fait r\u00e9f\u00e9rence au motif classique. La forme Beldi vous \u00e9vite de vous br\u00fbler les doigts. Diam\u00e8tre 6,5 cm, hauteur 9 cm, poids environ 160 gr. Convient pour le lave-vaisselle et le micro-ondes. &nbsp;<\/p>\n","protected":false},"featured_media":9696,"template":"","meta":{"_acf_changed":false},"product_brand":[],"product_cat":[331],"product_tag":[],"class_list":{"0":"post-9730","1":"product","2":"type-product","3":"status-publish","4":"has-post-thumbnail","6":"product_cat-tasses-et-assiettes-cc","7":"product_shipping_class-expedition-standard","9":"first","10":"instock","11":"sale","12":"shipping-taxable","13":"purchasable","14":"product-type-simple"},"acf":[],"yoast_head":"<!-- This site is optimized with the Yoast SEO plugin v26.0 - https:\/\/yoast.com\/wordpress\/plugins\/seo\/ -->\n<title>Tasse \u00e0 caf\u00e9 vert clair - A Touch of Africa<\/title>\n<meta name=\"robots\" content=\"index, follow, max-snippet:-1, max-image-preview:large, max-video-preview:-1\" \/>\n<link rel=\"canonical\" href=\"https:\/\/www.atouchofafrica.ch\/fr\/produkt\/kaffeetasse-zwak-lindengruen\/\" \/>\n<meta property=\"og:locale\" content=\"fr_FR\" \/>\n<meta property=\"og:type\" content=\"article\" \/>\n<meta property=\"og:title\" content=\"Tasse \u00e0 caf\u00e9 vert clair - A Touch of Africa\" \/>\n<meta property=\"og:description\" content=\"Le caf\u00e9 est \u00e9galement appr\u00e9ci\u00e9 au Maroc, notamment dans ces tasses en c\u00e9ramique. Cette tasse est d\u00e9cor\u00e9e de couleur vert clair, avec un bord dor\u00e9 sur le dessus.\u00a0 Zwak fait r\u00e9f\u00e9rence au motif classique. La forme Beldi vous \u00e9vite de vous br\u00fbler les doigts. Diam\u00e8tre 6,5 cm, hauteur 9 cm, poids environ 160 gr. Convient pour le lave-vaisselle et le micro-ondes. &nbsp;\" \/>\n<meta property=\"og:url\" content=\"https:\/\/www.atouchofafrica.ch\/fr\/produkt\/kaffeetasse-zwak-lindengruen\/\" \/>\n<meta property=\"og:site_name\" content=\"A Touch of Africa\" \/>\n<meta property=\"article:modified_time\" content=\"2024-09-24T13:38:40+00:00\" \/>\n<meta property=\"og:image\" content=\"https:\/\/www.atouchofafrica.ch\/wp-content\/uploads\/2024\/09\/zwak-scaled.jpg\" \/>\n\t<meta property=\"og:image:width\" content=\"2183\" \/>\n\t<meta property=\"og:image:height\" content=\"2560\" \/>\n\t<meta property=\"og:image:type\" content=\"image\/jpeg\" \/>\n<meta name=\"twitter:card\" content=\"summary_large_image\" \/>\n<meta name=\"twitter:label1\" content=\"Dur\u00e9e de lecture estim\u00e9e\" \/>\n\t<meta name=\"twitter:data1\" content=\"1 minute\" \/>\n<script type=\"application\/ld+json\" class=\"yoast-schema-graph\">{\"@context\":\"https:\/\/schema.org\",\"@graph\":[{\"@type\":\"WebPage\",\"@id\":\"https:\/\/www.atouchofafrica.ch\/fr\/produkt\/kaffeetasse-zwak-lindengruen\/\",\"url\":\"https:\/\/www.atouchofafrica.ch\/fr\/produkt\/kaffeetasse-zwak-lindengruen\/\",\"name\":\"Tasse \u00e0 caf\u00e9 vert clair - A Touch of Africa\",\"isPartOf\":{\"@id\":\"https:\/\/www.atouchofafrica.ch\/fr\/#website\"},\"primaryImageOfPage\":{\"@id\":\"https:\/\/www.atouchofafrica.ch\/fr\/produkt\/kaffeetasse-zwak-lindengruen\/#primaryimage\"},\"image\":{\"@id\":\"https:\/\/www.atouchofafrica.ch\/fr\/produkt\/kaffeetasse-zwak-lindengruen\/#primaryimage\"},\"thumbnailUrl\":\"https:\/\/www.atouchofafrica.ch\/wp-content\/uploads\/2024\/09\/zwak-scaled.jpg\",\"datePublished\":\"2024-09-24T10:07:16+00:00\",\"dateModified\":\"2024-09-24T13:38:40+00:00\",\"breadcrumb\":{\"@id\":\"https:\/\/www.atouchofafrica.ch\/fr\/produkt\/kaffeetasse-zwak-lindengruen\/#breadcrumb\"},\"inLanguage\":\"fr-FR\",\"potentialAction\":[{\"@type\":\"ReadAction\",\"target\":[\"https:\/\/www.atouchofafrica.ch\/fr\/produkt\/kaffeetasse-zwak-lindengruen\/\"]}]},{\"@type\":\"ImageObject\",\"inLanguage\":\"fr-FR\",\"@id\":\"https:\/\/www.atouchofafrica.ch\/fr\/produkt\/kaffeetasse-zwak-lindengruen\/#primaryimage\",\"url\":\"https:\/\/www.atouchofafrica.ch\/wp-content\/uploads\/2024\/09\/zwak-scaled.jpg\",\"contentUrl\":\"https:\/\/www.atouchofafrica.ch\/wp-content\/uploads\/2024\/09\/zwak-scaled.jpg\",\"width\":2183,\"height\":2560},{\"@type\":\"BreadcrumbList\",\"@id\":\"https:\/\/www.atouchofafrica.ch\/fr\/produkt\/kaffeetasse-zwak-lindengruen\/#breadcrumb\",\"itemListElement\":[{\"@type\":\"ListItem\",\"position\":1,\"name\":\"Startseite\",\"item\":\"https:\/\/www.atouchofafrica.ch\/fr\/\"},{\"@type\":\"ListItem\",\"position\":2,\"name\":\"Produits\",\"item\":\"https:\/\/www.atouchofafrica.ch\/fr\/shop\/\"},{\"@type\":\"ListItem\",\"position\":3,\"name\":\"Tasse \u00e0 caf\u00e9 vert clair\"}]},{\"@type\":\"WebSite\",\"@id\":\"https:\/\/www.atouchofafrica.ch\/fr\/#website\",\"url\":\"https:\/\/www.atouchofafrica.ch\/fr\/\",\"name\":\"A Touch of Africa\",\"description\":\"Moderne Fairtrade Wohnideen vom afrikanischen Kontinent\",\"potentialAction\":[{\"@type\":\"SearchAction\",\"target\":{\"@type\":\"EntryPoint\",\"urlTemplate\":\"https:\/\/www.atouchofafrica.ch\/fr\/?s={search_term_string}\"},\"query-input\":{\"@type\":\"PropertyValueSpecification\",\"valueRequired\":true,\"valueName\":\"search_term_string\"}}],\"inLanguage\":\"fr-FR\"}]}<\/script>\n<!-- \/ Yoast SEO plugin. -->","yoast_head_json":{"title":"Tasse \u00e0 caf\u00e9 vert clair - A Touch of Africa","robots":{"index":"index","follow":"follow","max-snippet":"max-snippet:-1","max-image-preview":"max-image-preview:large","max-video-preview":"max-video-preview:-1"},"canonical":"https:\/\/www.atouchofafrica.ch\/fr\/produkt\/kaffeetasse-zwak-lindengruen\/","og_locale":"fr_FR","og_type":"article","og_title":"Tasse \u00e0 caf\u00e9 vert clair - A Touch of Africa","og_description":"Le caf\u00e9 est \u00e9galement appr\u00e9ci\u00e9 au Maroc, notamment dans ces tasses en c\u00e9ramique. Cette tasse est d\u00e9cor\u00e9e de couleur vert clair, avec un bord dor\u00e9 sur le dessus.\u00a0 Zwak fait r\u00e9f\u00e9rence au motif classique. La forme Beldi vous \u00e9vite de vous br\u00fbler les doigts. Diam\u00e8tre 6,5 cm, hauteur 9 cm, poids environ 160 gr. Convient pour le lave-vaisselle et le micro-ondes. &nbsp;","og_url":"https:\/\/www.atouchofafrica.ch\/fr\/produkt\/kaffeetasse-zwak-lindengruen\/","og_site_name":"A Touch of Africa","article_modified_time":"2024-09-24T13:38:40+00:00","og_image":[{"width":2183,"height":2560,"url":"https:\/\/www.atouchofafrica.ch\/wp-content\/uploads\/2024\/09\/zwak-scaled.jpg","type":"image\/jpeg"}],"twitter_card":"summary_large_image","twitter_misc":{"Dur\u00e9e de lecture estim\u00e9e":"1 minute"},"schema":{"@context":"https:\/\/schema.org","@graph":[{"@type":"WebPage","@id":"https:\/\/www.atouchofafrica.ch\/fr\/produkt\/kaffeetasse-zwak-lindengruen\/","url":"https:\/\/www.atouchofafrica.ch\/fr\/produkt\/kaffeetasse-zwak-lindengruen\/","name":"Tasse \u00e0 caf\u00e9 vert clair - A Touch of Africa","isPartOf":{"@id":"https:\/\/www.atouchofafrica.ch\/fr\/#website"},"primaryImageOfPage":{"@id":"https:\/\/www.atouchofafrica.ch\/fr\/produkt\/kaffeetasse-zwak-lindengruen\/#primaryimage"},"image":{"@id":"https:\/\/www.atouchofafrica.ch\/fr\/produkt\/kaffeetasse-zwak-lindengruen\/#primaryimage"},"thumbnailUrl":"https:\/\/www.atouchofafrica.ch\/wp-content\/uploads\/2024\/09\/zwak-scaled.jpg","datePublished":"2024-09-24T10:07:16+00:00","dateModified":"2024-09-24T13:38:40+00:00","breadcrumb":{"@id":"https:\/\/www.atouchofafrica.ch\/fr\/produkt\/kaffeetasse-zwak-lindengruen\/#breadcrumb"},"inLanguage":"fr-FR","potentialAction":[{"@type":"ReadAction","target":["https:\/\/www.atouchofafrica.ch\/fr\/produkt\/kaffeetasse-zwak-lindengruen\/"]}]},{"@type":"ImageObject","inLanguage":"fr-FR","@id":"https:\/\/www.atouchofafrica.ch\/fr\/produkt\/kaffeetasse-zwak-lindengruen\/#primaryimage","url":"https:\/\/www.atouchofafrica.ch\/wp-content\/uploads\/2024\/09\/zwak-scaled.jpg","contentUrl":"https:\/\/www.atouchofafrica.ch\/wp-content\/uploads\/2024\/09\/zwak-scaled.jpg","width":2183,"height":2560},{"@type":"BreadcrumbList","@id":"https:\/\/www.atouchofafrica.ch\/fr\/produkt\/kaffeetasse-zwak-lindengruen\/#breadcrumb","itemListElement":[{"@type":"ListItem","position":1,"name":"Startseite","item":"https:\/\/www.atouchofafrica.ch\/fr\/"},{"@type":"ListItem","position":2,"name":"Produits","item":"https:\/\/www.atouchofafrica.ch\/fr\/shop\/"},{"@type":"ListItem","position":3,"name":"Tasse \u00e0 caf\u00e9 vert clair"}]},{"@type":"WebSite","@id":"https:\/\/www.atouchofafrica.ch\/fr\/#website","url":"https:\/\/www.atouchofafrica.ch\/fr\/","name":"A Touch of Africa","description":"Moderne Fairtrade Wohnideen vom afrikanischen Kontinent","potentialAction":[{"@type":"SearchAction","target":{"@type":"EntryPoint","urlTemplate":"https:\/\/www.atouchofafrica.ch\/fr\/?s={search_term_string}"},"query-input":{"@type":"PropertyValueSpecification","valueRequired":true,"valueName":"search_term_string"}}],"inLanguage":"fr-FR"}]}},"_links":{"self":[{"href":"https:\/\/www.atouchofafrica.ch\/fr\/wp-json\/wp\/v2\/product\/9730","targetHints":{"allow":["GET"]}}],"collection":[{"href":"https:\/\/www.atouchofafrica.ch\/fr\/wp-json\/wp\/v2\/product"}],"about":[{"href":"https:\/\/www.atouchofafrica.ch\/fr\/wp-json\/wp\/v2\/types\/product"}],"wp:featuredmedia":[{"embeddable":true,"href":"https:\/\/www.atouchofafrica.ch\/fr\/wp-json\/wp\/v2\/media\/9696"}],"wp:attachment":[{"href":"https:\/\/www.atouchofafrica.ch\/fr\/wp-json\/wp\/v2\/media?parent=9730"}],"wp:term":[{"taxonomy":"product_brand","embeddable":true,"href":"https:\/\/www.atouchofafrica.ch\/fr\/wp-json\/wp\/v2\/product_brand?post=9730"},{"taxonomy":"product_cat","embeddable":true,"href":"https:\/\/www.atouchofafrica.ch\/fr\/wp-json\/wp\/v2\/product_cat?post=9730"},{"taxonomy":"product_tag","embeddable":true,"href":"https:\/\/www.atouchofafrica.ch\/fr\/wp-json\/wp\/v2\/product_tag?post=9730"}],"curies":[{"name":"wp","href":"https:\/\/api.w.org\/{rel}","templated":true}]}}