{"id":9667,"date":"2024-09-23T13:57:25","date_gmt":"2024-09-23T13:57:25","guid":{"rendered":"https:\/\/www.atouchofafrica.ch\/produkt\/kleine-beldi-tasse-beige\/"},"modified":"2024-09-24T13:28:06","modified_gmt":"2024-09-24T13:28:06","slug":"kleine-beldi-tasse-beige","status":"publish","type":"product","link":"https:\/\/www.atouchofafrica.ch\/fr\/produkt\/kleine-beldi-tasse-beige\/","title":{"rendered":"Petite tasse Beldi beige"},"content":{"rendered":"<p>Un espresso se d\u00e9guste \u00e9galement au Maroc, notamment dans ces tasses en c\u00e9ramique Beldi. Ce mug est d\u00e9cor\u00e9 en beige avec un bod dor\u00e9. La forme Beldi vous \u00e9vite de vous br\u00fbler les doigts. Diam\u00e8tre 6 cm, hauteur 7 cm, poids environ 100 gr. Convient pour le lave-vaisselle et le micro-ondes.<\/p>\n","protected":false},"excerpt":{"rendered":"<p>Un espresso se d\u00e9guste \u00e9galement au Maroc, notamment dans ces tasses en c\u00e9ramique Beldi. Ce mug est d\u00e9cor\u00e9 en beige avec un bod dor\u00e9. La forme Beldi vous \u00e9vite de vous br\u00fbler les doigts. Diam\u00e8tre 6 cm, hauteur 7 cm, poids environ 100 gr. Convient pour le lave-vaisselle et le micro-ondes.<\/p>\n","protected":false},"featured_media":9673,"template":"","meta":{"_acf_changed":false},"product_brand":[],"product_cat":[331],"product_tag":[],"class_list":{"0":"post-9667","1":"product","2":"type-product","3":"status-publish","4":"has-post-thumbnail","6":"product_cat-tasses-et-assiettes-cc","7":"product_shipping_class-expedition-standard","9":"first","10":"instock","11":"sale","12":"shipping-taxable","13":"purchasable","14":"product-type-simple"},"acf":[],"yoast_head":"<!-- This site is optimized with the Yoast SEO plugin v26.0 - https:\/\/yoast.com\/wordpress\/plugins\/seo\/ -->\n<title>Petite tasse Beldi beige - A Touch of Africa<\/title>\n<meta name=\"robots\" content=\"index, follow, max-snippet:-1, max-image-preview:large, max-video-preview:-1\" \/>\n<link rel=\"canonical\" href=\"https:\/\/www.atouchofafrica.ch\/fr\/produkt\/kleine-beldi-tasse-beige\/\" \/>\n<meta property=\"og:locale\" content=\"fr_FR\" \/>\n<meta property=\"og:type\" content=\"article\" \/>\n<meta property=\"og:title\" content=\"Petite tasse Beldi beige - A Touch of Africa\" \/>\n<meta property=\"og:description\" content=\"Un espresso se d\u00e9guste \u00e9galement au Maroc, notamment dans ces tasses en c\u00e9ramique Beldi. Ce mug est d\u00e9cor\u00e9 en beige avec un bod dor\u00e9. La forme Beldi vous \u00e9vite de vous br\u00fbler les doigts. Diam\u00e8tre 6 cm, hauteur 7 cm, poids environ 100 gr. Convient pour le lave-vaisselle et le micro-ondes.\" \/>\n<meta property=\"og:url\" content=\"https:\/\/www.atouchofafrica.ch\/fr\/produkt\/kleine-beldi-tasse-beige\/\" \/>\n<meta property=\"og:site_name\" content=\"A Touch of Africa\" \/>\n<meta property=\"article:modified_time\" content=\"2024-09-24T13:28:06+00:00\" \/>\n<meta property=\"og:image\" content=\"https:\/\/www.atouchofafrica.ch\/wp-content\/uploads\/2024\/09\/beldi_klein_beige.jpg\" \/>\n\t<meta property=\"og:image:width\" content=\"2415\" \/>\n\t<meta property=\"og:image:height\" content=\"2559\" \/>\n\t<meta property=\"og:image:type\" content=\"image\/jpeg\" \/>\n<meta name=\"twitter:card\" content=\"summary_large_image\" \/>\n<meta name=\"twitter:label1\" content=\"Dur\u00e9e de lecture estim\u00e9e\" \/>\n\t<meta name=\"twitter:data1\" content=\"1 minute\" \/>\n<script type=\"application\/ld+json\" class=\"yoast-schema-graph\">{\"@context\":\"https:\/\/schema.org\",\"@graph\":[{\"@type\":\"WebPage\",\"@id\":\"https:\/\/www.atouchofafrica.ch\/fr\/produkt\/kleine-beldi-tasse-beige\/\",\"url\":\"https:\/\/www.atouchofafrica.ch\/fr\/produkt\/kleine-beldi-tasse-beige\/\",\"name\":\"Petite tasse Beldi beige - A Touch of Africa\",\"isPartOf\":{\"@id\":\"https:\/\/www.atouchofafrica.ch\/fr\/#website\"},\"primaryImageOfPage\":{\"@id\":\"https:\/\/www.atouchofafrica.ch\/fr\/produkt\/kleine-beldi-tasse-beige\/#primaryimage\"},\"image\":{\"@id\":\"https:\/\/www.atouchofafrica.ch\/fr\/produkt\/kleine-beldi-tasse-beige\/#primaryimage\"},\"thumbnailUrl\":\"https:\/\/www.atouchofafrica.ch\/wp-content\/uploads\/2024\/09\/beldi_klein_beige.jpg\",\"datePublished\":\"2024-09-23T13:57:25+00:00\",\"dateModified\":\"2024-09-24T13:28:06+00:00\",\"breadcrumb\":{\"@id\":\"https:\/\/www.atouchofafrica.ch\/fr\/produkt\/kleine-beldi-tasse-beige\/#breadcrumb\"},\"inLanguage\":\"fr-FR\",\"potentialAction\":[{\"@type\":\"ReadAction\",\"target\":[\"https:\/\/www.atouchofafrica.ch\/fr\/produkt\/kleine-beldi-tasse-beige\/\"]}]},{\"@type\":\"ImageObject\",\"inLanguage\":\"fr-FR\",\"@id\":\"https:\/\/www.atouchofafrica.ch\/fr\/produkt\/kleine-beldi-tasse-beige\/#primaryimage\",\"url\":\"https:\/\/www.atouchofafrica.ch\/wp-content\/uploads\/2024\/09\/beldi_klein_beige.jpg\",\"contentUrl\":\"https:\/\/www.atouchofafrica.ch\/wp-content\/uploads\/2024\/09\/beldi_klein_beige.jpg\",\"width\":2415,\"height\":2559},{\"@type\":\"BreadcrumbList\",\"@id\":\"https:\/\/www.atouchofafrica.ch\/fr\/produkt\/kleine-beldi-tasse-beige\/#breadcrumb\",\"itemListElement\":[{\"@type\":\"ListItem\",\"position\":1,\"name\":\"Startseite\",\"item\":\"https:\/\/www.atouchofafrica.ch\/fr\/\"},{\"@type\":\"ListItem\",\"position\":2,\"name\":\"Produits\",\"item\":\"https:\/\/www.atouchofafrica.ch\/fr\/shop\/\"},{\"@type\":\"ListItem\",\"position\":3,\"name\":\"Petite tasse Beldi beige\"}]},{\"@type\":\"WebSite\",\"@id\":\"https:\/\/www.atouchofafrica.ch\/fr\/#website\",\"url\":\"https:\/\/www.atouchofafrica.ch\/fr\/\",\"name\":\"A Touch of Africa\",\"description\":\"Moderne Fairtrade Wohnideen vom afrikanischen Kontinent\",\"potentialAction\":[{\"@type\":\"SearchAction\",\"target\":{\"@type\":\"EntryPoint\",\"urlTemplate\":\"https:\/\/www.atouchofafrica.ch\/fr\/?s={search_term_string}\"},\"query-input\":{\"@type\":\"PropertyValueSpecification\",\"valueRequired\":true,\"valueName\":\"search_term_string\"}}],\"inLanguage\":\"fr-FR\"}]}<\/script>\n<!-- \/ Yoast SEO plugin. -->","yoast_head_json":{"title":"Petite tasse Beldi beige - A Touch of Africa","robots":{"index":"index","follow":"follow","max-snippet":"max-snippet:-1","max-image-preview":"max-image-preview:large","max-video-preview":"max-video-preview:-1"},"canonical":"https:\/\/www.atouchofafrica.ch\/fr\/produkt\/kleine-beldi-tasse-beige\/","og_locale":"fr_FR","og_type":"article","og_title":"Petite tasse Beldi beige - A Touch of Africa","og_description":"Un espresso se d\u00e9guste \u00e9galement au Maroc, notamment dans ces tasses en c\u00e9ramique Beldi. Ce mug est d\u00e9cor\u00e9 en beige avec un bod dor\u00e9. La forme Beldi vous \u00e9vite de vous br\u00fbler les doigts. Diam\u00e8tre 6 cm, hauteur 7 cm, poids environ 100 gr. Convient pour le lave-vaisselle et le micro-ondes.","og_url":"https:\/\/www.atouchofafrica.ch\/fr\/produkt\/kleine-beldi-tasse-beige\/","og_site_name":"A Touch of Africa","article_modified_time":"2024-09-24T13:28:06+00:00","og_image":[{"width":2415,"height":2559,"url":"https:\/\/www.atouchofafrica.ch\/wp-content\/uploads\/2024\/09\/beldi_klein_beige.jpg","type":"image\/jpeg"}],"twitter_card":"summary_large_image","twitter_misc":{"Dur\u00e9e de lecture estim\u00e9e":"1 minute"},"schema":{"@context":"https:\/\/schema.org","@graph":[{"@type":"WebPage","@id":"https:\/\/www.atouchofafrica.ch\/fr\/produkt\/kleine-beldi-tasse-beige\/","url":"https:\/\/www.atouchofafrica.ch\/fr\/produkt\/kleine-beldi-tasse-beige\/","name":"Petite tasse Beldi beige - A Touch of Africa","isPartOf":{"@id":"https:\/\/www.atouchofafrica.ch\/fr\/#website"},"primaryImageOfPage":{"@id":"https:\/\/www.atouchofafrica.ch\/fr\/produkt\/kleine-beldi-tasse-beige\/#primaryimage"},"image":{"@id":"https:\/\/www.atouchofafrica.ch\/fr\/produkt\/kleine-beldi-tasse-beige\/#primaryimage"},"thumbnailUrl":"https:\/\/www.atouchofafrica.ch\/wp-content\/uploads\/2024\/09\/beldi_klein_beige.jpg","datePublished":"2024-09-23T13:57:25+00:00","dateModified":"2024-09-24T13:28:06+00:00","breadcrumb":{"@id":"https:\/\/www.atouchofafrica.ch\/fr\/produkt\/kleine-beldi-tasse-beige\/#breadcrumb"},"inLanguage":"fr-FR","potentialAction":[{"@type":"ReadAction","target":["https:\/\/www.atouchofafrica.ch\/fr\/produkt\/kleine-beldi-tasse-beige\/"]}]},{"@type":"ImageObject","inLanguage":"fr-FR","@id":"https:\/\/www.atouchofafrica.ch\/fr\/produkt\/kleine-beldi-tasse-beige\/#primaryimage","url":"https:\/\/www.atouchofafrica.ch\/wp-content\/uploads\/2024\/09\/beldi_klein_beige.jpg","contentUrl":"https:\/\/www.atouchofafrica.ch\/wp-content\/uploads\/2024\/09\/beldi_klein_beige.jpg","width":2415,"height":2559},{"@type":"BreadcrumbList","@id":"https:\/\/www.atouchofafrica.ch\/fr\/produkt\/kleine-beldi-tasse-beige\/#breadcrumb","itemListElement":[{"@type":"ListItem","position":1,"name":"Startseite","item":"https:\/\/www.atouchofafrica.ch\/fr\/"},{"@type":"ListItem","position":2,"name":"Produits","item":"https:\/\/www.atouchofafrica.ch\/fr\/shop\/"},{"@type":"ListItem","position":3,"name":"Petite tasse Beldi beige"}]},{"@type":"WebSite","@id":"https:\/\/www.atouchofafrica.ch\/fr\/#website","url":"https:\/\/www.atouchofafrica.ch\/fr\/","name":"A Touch of Africa","description":"Moderne Fairtrade Wohnideen vom afrikanischen Kontinent","potentialAction":[{"@type":"SearchAction","target":{"@type":"EntryPoint","urlTemplate":"https:\/\/www.atouchofafrica.ch\/fr\/?s={search_term_string}"},"query-input":{"@type":"PropertyValueSpecification","valueRequired":true,"valueName":"search_term_string"}}],"inLanguage":"fr-FR"}]}},"_links":{"self":[{"href":"https:\/\/www.atouchofafrica.ch\/fr\/wp-json\/wp\/v2\/product\/9667","targetHints":{"allow":["GET"]}}],"collection":[{"href":"https:\/\/www.atouchofafrica.ch\/fr\/wp-json\/wp\/v2\/product"}],"about":[{"href":"https:\/\/www.atouchofafrica.ch\/fr\/wp-json\/wp\/v2\/types\/product"}],"wp:featuredmedia":[{"embeddable":true,"href":"https:\/\/www.atouchofafrica.ch\/fr\/wp-json\/wp\/v2\/media\/9673"}],"wp:attachment":[{"href":"https:\/\/www.atouchofafrica.ch\/fr\/wp-json\/wp\/v2\/media?parent=9667"}],"wp:term":[{"taxonomy":"product_brand","embeddable":true,"href":"https:\/\/www.atouchofafrica.ch\/fr\/wp-json\/wp\/v2\/product_brand?post=9667"},{"taxonomy":"product_cat","embeddable":true,"href":"https:\/\/www.atouchofafrica.ch\/fr\/wp-json\/wp\/v2\/product_cat?post=9667"},{"taxonomy":"product_tag","embeddable":true,"href":"https:\/\/www.atouchofafrica.ch\/fr\/wp-json\/wp\/v2\/product_tag?post=9667"}],"curies":[{"name":"wp","href":"https:\/\/api.w.org\/{rel}","templated":true}]}}