{"id":9614,"date":"2024-09-23T09:03:02","date_gmt":"2024-09-23T09:03:02","guid":{"rendered":"https:\/\/www.atouchofafrica.ch\/produkt\/schuessel-s-lila\/"},"modified":"2024-09-24T13:10:16","modified_gmt":"2024-09-24T13:10:16","slug":"schuessel-s-lila","status":"publish","type":"product","link":"https:\/\/www.atouchofafrica.ch\/fr\/produkt\/schuessel-s-lila\/","title":{"rendered":"Bol traditionnel S purpur"},"content":{"rendered":"<p>Bol traditionnel de Chabi Chic, fait \u00e0 la main et peint \u00e0 la main en purpur. Motif marocain classique, peint \u00e0 l\u2019ext\u00e9rieur et \u00e0 l\u2019int\u00e9rieur, bord dor\u00e9, rond, diam\u00e8tre 12 cm, hauteur 7 cm, poids env. 240 gr. Convient pour les lave-vaisselle et les micro-ondes.<\/p>\n","protected":false},"excerpt":{"rendered":"<p>Bol traditionnel de Chabi Chic, fait \u00e0 la main et peint \u00e0 la main en purpur. Motif marocain classique, peint \u00e0 l\u2019ext\u00e9rieur et \u00e0 l\u2019int\u00e9rieur, bord dor\u00e9, rond, diam\u00e8tre 12 cm, hauteur 7 cm, poids env. 240 gr. Convient pour les lave-vaisselle et les micro-ondes.<\/p>\n","protected":false},"featured_media":9601,"template":"","meta":{"_acf_changed":false},"product_brand":[],"product_cat":[332],"product_tag":[],"class_list":{"0":"post-9614","1":"product","2":"type-product","3":"status-publish","4":"has-post-thumbnail","6":"product_cat-bols-cc","7":"product_shipping_class-expedition-standard","9":"first","10":"instock","11":"sale","12":"shipping-taxable","13":"purchasable","14":"product-type-simple"},"acf":[],"yoast_head":"<!-- This site is optimized with the Yoast SEO plugin v26.0 - https:\/\/yoast.com\/wordpress\/plugins\/seo\/ -->\n<title>Bol traditionnel S purpur - A Touch of Africa<\/title>\n<meta name=\"robots\" content=\"index, follow, max-snippet:-1, max-image-preview:large, max-video-preview:-1\" \/>\n<link rel=\"canonical\" href=\"https:\/\/www.atouchofafrica.ch\/fr\/produkt\/schuessel-s-lila\/\" \/>\n<meta property=\"og:locale\" content=\"fr_FR\" \/>\n<meta property=\"og:type\" content=\"article\" \/>\n<meta property=\"og:title\" content=\"Bol traditionnel S purpur - A Touch of Africa\" \/>\n<meta property=\"og:description\" content=\"Bol traditionnel de Chabi Chic, fait \u00e0 la main et peint \u00e0 la main en purpur. Motif marocain classique, peint \u00e0 l\u2019ext\u00e9rieur et \u00e0 l\u2019int\u00e9rieur, bord dor\u00e9, rond, diam\u00e8tre 12 cm, hauteur 7 cm, poids env. 240 gr. Convient pour les lave-vaisselle et les micro-ondes.\" \/>\n<meta property=\"og:url\" content=\"https:\/\/www.atouchofafrica.ch\/fr\/produkt\/schuessel-s-lila\/\" \/>\n<meta property=\"og:site_name\" content=\"A Touch of Africa\" \/>\n<meta property=\"article:modified_time\" content=\"2024-09-24T13:10:16+00:00\" \/>\n<meta property=\"og:image\" content=\"https:\/\/www.atouchofafrica.ch\/wp-content\/uploads\/2024\/09\/lila_S2.jpg\" \/>\n\t<meta property=\"og:image:width\" content=\"1369\" \/>\n\t<meta property=\"og:image:height\" content=\"1268\" \/>\n\t<meta property=\"og:image:type\" content=\"image\/jpeg\" \/>\n<meta name=\"twitter:card\" content=\"summary_large_image\" \/>\n<meta name=\"twitter:label1\" content=\"Dur\u00e9e de lecture estim\u00e9e\" \/>\n\t<meta name=\"twitter:data1\" content=\"1 minute\" \/>\n<script type=\"application\/ld+json\" class=\"yoast-schema-graph\">{\"@context\":\"https:\/\/schema.org\",\"@graph\":[{\"@type\":\"WebPage\",\"@id\":\"https:\/\/www.atouchofafrica.ch\/fr\/produkt\/schuessel-s-lila\/\",\"url\":\"https:\/\/www.atouchofafrica.ch\/fr\/produkt\/schuessel-s-lila\/\",\"name\":\"Bol traditionnel S purpur - A Touch of Africa\",\"isPartOf\":{\"@id\":\"https:\/\/www.atouchofafrica.ch\/fr\/#website\"},\"primaryImageOfPage\":{\"@id\":\"https:\/\/www.atouchofafrica.ch\/fr\/produkt\/schuessel-s-lila\/#primaryimage\"},\"image\":{\"@id\":\"https:\/\/www.atouchofafrica.ch\/fr\/produkt\/schuessel-s-lila\/#primaryimage\"},\"thumbnailUrl\":\"https:\/\/www.atouchofafrica.ch\/wp-content\/uploads\/2024\/09\/lila_S2.jpg\",\"datePublished\":\"2024-09-23T09:03:02+00:00\",\"dateModified\":\"2024-09-24T13:10:16+00:00\",\"breadcrumb\":{\"@id\":\"https:\/\/www.atouchofafrica.ch\/fr\/produkt\/schuessel-s-lila\/#breadcrumb\"},\"inLanguage\":\"fr-FR\",\"potentialAction\":[{\"@type\":\"ReadAction\",\"target\":[\"https:\/\/www.atouchofafrica.ch\/fr\/produkt\/schuessel-s-lila\/\"]}]},{\"@type\":\"ImageObject\",\"inLanguage\":\"fr-FR\",\"@id\":\"https:\/\/www.atouchofafrica.ch\/fr\/produkt\/schuessel-s-lila\/#primaryimage\",\"url\":\"https:\/\/www.atouchofafrica.ch\/wp-content\/uploads\/2024\/09\/lila_S2.jpg\",\"contentUrl\":\"https:\/\/www.atouchofafrica.ch\/wp-content\/uploads\/2024\/09\/lila_S2.jpg\",\"width\":1369,\"height\":1268},{\"@type\":\"BreadcrumbList\",\"@id\":\"https:\/\/www.atouchofafrica.ch\/fr\/produkt\/schuessel-s-lila\/#breadcrumb\",\"itemListElement\":[{\"@type\":\"ListItem\",\"position\":1,\"name\":\"Startseite\",\"item\":\"https:\/\/www.atouchofafrica.ch\/fr\/\"},{\"@type\":\"ListItem\",\"position\":2,\"name\":\"Produits\",\"item\":\"https:\/\/www.atouchofafrica.ch\/fr\/shop\/\"},{\"@type\":\"ListItem\",\"position\":3,\"name\":\"Bol traditionnel S purpur\"}]},{\"@type\":\"WebSite\",\"@id\":\"https:\/\/www.atouchofafrica.ch\/fr\/#website\",\"url\":\"https:\/\/www.atouchofafrica.ch\/fr\/\",\"name\":\"A Touch of Africa\",\"description\":\"Moderne Fairtrade Wohnideen vom afrikanischen Kontinent\",\"potentialAction\":[{\"@type\":\"SearchAction\",\"target\":{\"@type\":\"EntryPoint\",\"urlTemplate\":\"https:\/\/www.atouchofafrica.ch\/fr\/?s={search_term_string}\"},\"query-input\":{\"@type\":\"PropertyValueSpecification\",\"valueRequired\":true,\"valueName\":\"search_term_string\"}}],\"inLanguage\":\"fr-FR\"}]}<\/script>\n<!-- \/ Yoast SEO plugin. -->","yoast_head_json":{"title":"Bol traditionnel S purpur - A Touch of Africa","robots":{"index":"index","follow":"follow","max-snippet":"max-snippet:-1","max-image-preview":"max-image-preview:large","max-video-preview":"max-video-preview:-1"},"canonical":"https:\/\/www.atouchofafrica.ch\/fr\/produkt\/schuessel-s-lila\/","og_locale":"fr_FR","og_type":"article","og_title":"Bol traditionnel S purpur - A Touch of Africa","og_description":"Bol traditionnel de Chabi Chic, fait \u00e0 la main et peint \u00e0 la main en purpur. Motif marocain classique, peint \u00e0 l\u2019ext\u00e9rieur et \u00e0 l\u2019int\u00e9rieur, bord dor\u00e9, rond, diam\u00e8tre 12 cm, hauteur 7 cm, poids env. 240 gr. Convient pour les lave-vaisselle et les micro-ondes.","og_url":"https:\/\/www.atouchofafrica.ch\/fr\/produkt\/schuessel-s-lila\/","og_site_name":"A Touch of Africa","article_modified_time":"2024-09-24T13:10:16+00:00","og_image":[{"width":1369,"height":1268,"url":"https:\/\/www.atouchofafrica.ch\/wp-content\/uploads\/2024\/09\/lila_S2.jpg","type":"image\/jpeg"}],"twitter_card":"summary_large_image","twitter_misc":{"Dur\u00e9e de lecture estim\u00e9e":"1 minute"},"schema":{"@context":"https:\/\/schema.org","@graph":[{"@type":"WebPage","@id":"https:\/\/www.atouchofafrica.ch\/fr\/produkt\/schuessel-s-lila\/","url":"https:\/\/www.atouchofafrica.ch\/fr\/produkt\/schuessel-s-lila\/","name":"Bol traditionnel S purpur - A Touch of Africa","isPartOf":{"@id":"https:\/\/www.atouchofafrica.ch\/fr\/#website"},"primaryImageOfPage":{"@id":"https:\/\/www.atouchofafrica.ch\/fr\/produkt\/schuessel-s-lila\/#primaryimage"},"image":{"@id":"https:\/\/www.atouchofafrica.ch\/fr\/produkt\/schuessel-s-lila\/#primaryimage"},"thumbnailUrl":"https:\/\/www.atouchofafrica.ch\/wp-content\/uploads\/2024\/09\/lila_S2.jpg","datePublished":"2024-09-23T09:03:02+00:00","dateModified":"2024-09-24T13:10:16+00:00","breadcrumb":{"@id":"https:\/\/www.atouchofafrica.ch\/fr\/produkt\/schuessel-s-lila\/#breadcrumb"},"inLanguage":"fr-FR","potentialAction":[{"@type":"ReadAction","target":["https:\/\/www.atouchofafrica.ch\/fr\/produkt\/schuessel-s-lila\/"]}]},{"@type":"ImageObject","inLanguage":"fr-FR","@id":"https:\/\/www.atouchofafrica.ch\/fr\/produkt\/schuessel-s-lila\/#primaryimage","url":"https:\/\/www.atouchofafrica.ch\/wp-content\/uploads\/2024\/09\/lila_S2.jpg","contentUrl":"https:\/\/www.atouchofafrica.ch\/wp-content\/uploads\/2024\/09\/lila_S2.jpg","width":1369,"height":1268},{"@type":"BreadcrumbList","@id":"https:\/\/www.atouchofafrica.ch\/fr\/produkt\/schuessel-s-lila\/#breadcrumb","itemListElement":[{"@type":"ListItem","position":1,"name":"Startseite","item":"https:\/\/www.atouchofafrica.ch\/fr\/"},{"@type":"ListItem","position":2,"name":"Produits","item":"https:\/\/www.atouchofafrica.ch\/fr\/shop\/"},{"@type":"ListItem","position":3,"name":"Bol traditionnel S purpur"}]},{"@type":"WebSite","@id":"https:\/\/www.atouchofafrica.ch\/fr\/#website","url":"https:\/\/www.atouchofafrica.ch\/fr\/","name":"A Touch of Africa","description":"Moderne Fairtrade Wohnideen vom afrikanischen Kontinent","potentialAction":[{"@type":"SearchAction","target":{"@type":"EntryPoint","urlTemplate":"https:\/\/www.atouchofafrica.ch\/fr\/?s={search_term_string}"},"query-input":{"@type":"PropertyValueSpecification","valueRequired":true,"valueName":"search_term_string"}}],"inLanguage":"fr-FR"}]}},"_links":{"self":[{"href":"https:\/\/www.atouchofafrica.ch\/fr\/wp-json\/wp\/v2\/product\/9614","targetHints":{"allow":["GET"]}}],"collection":[{"href":"https:\/\/www.atouchofafrica.ch\/fr\/wp-json\/wp\/v2\/product"}],"about":[{"href":"https:\/\/www.atouchofafrica.ch\/fr\/wp-json\/wp\/v2\/types\/product"}],"wp:featuredmedia":[{"embeddable":true,"href":"https:\/\/www.atouchofafrica.ch\/fr\/wp-json\/wp\/v2\/media\/9601"}],"wp:attachment":[{"href":"https:\/\/www.atouchofafrica.ch\/fr\/wp-json\/wp\/v2\/media?parent=9614"}],"wp:term":[{"taxonomy":"product_brand","embeddable":true,"href":"https:\/\/www.atouchofafrica.ch\/fr\/wp-json\/wp\/v2\/product_brand?post=9614"},{"taxonomy":"product_cat","embeddable":true,"href":"https:\/\/www.atouchofafrica.ch\/fr\/wp-json\/wp\/v2\/product_cat?post=9614"},{"taxonomy":"product_tag","embeddable":true,"href":"https:\/\/www.atouchofafrica.ch\/fr\/wp-json\/wp\/v2\/product_tag?post=9614"}],"curies":[{"name":"wp","href":"https:\/\/api.w.org\/{rel}","templated":true}]}}