{"id":8552,"date":"2022-12-05T18:39:06","date_gmt":"2022-12-05T18:39:06","guid":{"rendered":"https:\/\/www.atouchofafrica.ch\/produkt\/indabuko-stabkerze\/"},"modified":"2025-05-08T13:33:18","modified_gmt":"2025-05-08T13:33:18","slug":"indabuko-stabkerze","status":"publish","type":"product","link":"https:\/\/www.atouchofafrica.ch\/fr\/produkt\/indabuko-stabkerze\/","title":{"rendered":"Bougie \u00e0 tige Mamako"},"content":{"rendered":"<p>Les bougies Nobunto sont moul\u00e9es et peintes \u00e0 la main dans une grande vari\u00e9t\u00e9 de motifs. Les bougies Mamako sont gai avec des petites fleurs surtout en rose.<\/p>\n<p>La bougie tige Mamakomesure 23 cm de haut, son diam\u00e8tre est d&rsquo;environ 2 cm et son poids est de 170 gr.<\/p>\n","protected":false},"excerpt":{"rendered":"<p>Les bougies Nobunto sont moul\u00e9es et peintes \u00e0 la main dans une grande vari\u00e9t\u00e9 de motifs. Les bougies Mamako sont gai avec des petites fleurs surtout en rose. La bougie tige Mamakomesure 23 cm de haut, son diam\u00e8tre est d&rsquo;environ 2 cm et son poids est de 170 gr.<\/p>\n","protected":false},"featured_media":10733,"template":"","meta":{"_acf_changed":false},"product_brand":[],"product_cat":[347],"product_tag":[],"class_list":{"0":"post-8552","1":"product","2":"type-product","3":"status-publish","4":"has-post-thumbnail","6":"product_cat-nobuntokerzen-fr","7":"product_shipping_class-expedition-standard","9":"first","10":"instock","11":"sale","12":"shipping-taxable","13":"purchasable","14":"product-type-simple"},"acf":[],"yoast_head":"<!-- This site is optimized with the Yoast SEO plugin v26.0 - https:\/\/yoast.com\/wordpress\/plugins\/seo\/ -->\n<title>Bougie \u00e0 tige Mamako - A Touch of Africa<\/title>\n<meta name=\"robots\" content=\"index, follow, max-snippet:-1, max-image-preview:large, max-video-preview:-1\" \/>\n<link rel=\"canonical\" href=\"https:\/\/www.atouchofafrica.ch\/fr\/produkt\/indabuko-stabkerze\/\" \/>\n<meta property=\"og:locale\" content=\"fr_FR\" \/>\n<meta property=\"og:type\" content=\"article\" \/>\n<meta property=\"og:title\" content=\"Bougie \u00e0 tige Mamako - A Touch of Africa\" \/>\n<meta property=\"og:description\" content=\"Les bougies Nobunto sont moul\u00e9es et peintes \u00e0 la main dans une grande vari\u00e9t\u00e9 de motifs. Les bougies Mamako sont gai avec des petites fleurs surtout en rose. La bougie tige Mamakomesure 23 cm de haut, son diam\u00e8tre est d&rsquo;environ 2 cm et son poids est de 170 gr.\" \/>\n<meta property=\"og:url\" content=\"https:\/\/www.atouchofafrica.ch\/fr\/produkt\/indabuko-stabkerze\/\" \/>\n<meta property=\"og:site_name\" content=\"A Touch of Africa\" \/>\n<meta property=\"article:modified_time\" content=\"2025-05-08T13:33:18+00:00\" \/>\n<meta property=\"og:image\" content=\"https:\/\/www.atouchofafrica.ch\/wp-content\/uploads\/2022\/12\/Mamako-Stab.jpg\" \/>\n\t<meta property=\"og:image:width\" content=\"1821\" \/>\n\t<meta property=\"og:image:height\" content=\"2030\" \/>\n\t<meta property=\"og:image:type\" content=\"image\/jpeg\" \/>\n<meta name=\"twitter:card\" content=\"summary_large_image\" \/>\n<meta name=\"twitter:label1\" content=\"Dur\u00e9e de lecture estim\u00e9e\" \/>\n\t<meta name=\"twitter:data1\" content=\"1 minute\" \/>\n<script type=\"application\/ld+json\" class=\"yoast-schema-graph\">{\"@context\":\"https:\/\/schema.org\",\"@graph\":[{\"@type\":\"WebPage\",\"@id\":\"https:\/\/www.atouchofafrica.ch\/fr\/produkt\/indabuko-stabkerze\/\",\"url\":\"https:\/\/www.atouchofafrica.ch\/fr\/produkt\/indabuko-stabkerze\/\",\"name\":\"Bougie \u00e0 tige Mamako - A Touch of Africa\",\"isPartOf\":{\"@id\":\"https:\/\/www.atouchofafrica.ch\/fr\/#website\"},\"primaryImageOfPage\":{\"@id\":\"https:\/\/www.atouchofafrica.ch\/fr\/produkt\/indabuko-stabkerze\/#primaryimage\"},\"image\":{\"@id\":\"https:\/\/www.atouchofafrica.ch\/fr\/produkt\/indabuko-stabkerze\/#primaryimage\"},\"thumbnailUrl\":\"https:\/\/www.atouchofafrica.ch\/wp-content\/uploads\/2022\/12\/Mamako-Stab.jpg\",\"datePublished\":\"2022-12-05T18:39:06+00:00\",\"dateModified\":\"2025-05-08T13:33:18+00:00\",\"breadcrumb\":{\"@id\":\"https:\/\/www.atouchofafrica.ch\/fr\/produkt\/indabuko-stabkerze\/#breadcrumb\"},\"inLanguage\":\"fr-FR\",\"potentialAction\":[{\"@type\":\"ReadAction\",\"target\":[\"https:\/\/www.atouchofafrica.ch\/fr\/produkt\/indabuko-stabkerze\/\"]}]},{\"@type\":\"ImageObject\",\"inLanguage\":\"fr-FR\",\"@id\":\"https:\/\/www.atouchofafrica.ch\/fr\/produkt\/indabuko-stabkerze\/#primaryimage\",\"url\":\"https:\/\/www.atouchofafrica.ch\/wp-content\/uploads\/2022\/12\/Mamako-Stab.jpg\",\"contentUrl\":\"https:\/\/www.atouchofafrica.ch\/wp-content\/uploads\/2022\/12\/Mamako-Stab.jpg\",\"width\":1821,\"height\":2030},{\"@type\":\"BreadcrumbList\",\"@id\":\"https:\/\/www.atouchofafrica.ch\/fr\/produkt\/indabuko-stabkerze\/#breadcrumb\",\"itemListElement\":[{\"@type\":\"ListItem\",\"position\":1,\"name\":\"Startseite\",\"item\":\"https:\/\/www.atouchofafrica.ch\/fr\/\"},{\"@type\":\"ListItem\",\"position\":2,\"name\":\"Produits\",\"item\":\"https:\/\/www.atouchofafrica.ch\/fr\/shop\/\"},{\"@type\":\"ListItem\",\"position\":3,\"name\":\"Bougie \u00e0 tige Mamako\"}]},{\"@type\":\"WebSite\",\"@id\":\"https:\/\/www.atouchofafrica.ch\/fr\/#website\",\"url\":\"https:\/\/www.atouchofafrica.ch\/fr\/\",\"name\":\"A Touch of Africa\",\"description\":\"Moderne Fairtrade Wohnideen vom afrikanischen Kontinent\",\"potentialAction\":[{\"@type\":\"SearchAction\",\"target\":{\"@type\":\"EntryPoint\",\"urlTemplate\":\"https:\/\/www.atouchofafrica.ch\/fr\/?s={search_term_string}\"},\"query-input\":{\"@type\":\"PropertyValueSpecification\",\"valueRequired\":true,\"valueName\":\"search_term_string\"}}],\"inLanguage\":\"fr-FR\"}]}<\/script>\n<!-- \/ Yoast SEO plugin. -->","yoast_head_json":{"title":"Bougie \u00e0 tige Mamako - A Touch of Africa","robots":{"index":"index","follow":"follow","max-snippet":"max-snippet:-1","max-image-preview":"max-image-preview:large","max-video-preview":"max-video-preview:-1"},"canonical":"https:\/\/www.atouchofafrica.ch\/fr\/produkt\/indabuko-stabkerze\/","og_locale":"fr_FR","og_type":"article","og_title":"Bougie \u00e0 tige Mamako - A Touch of Africa","og_description":"Les bougies Nobunto sont moul\u00e9es et peintes \u00e0 la main dans une grande vari\u00e9t\u00e9 de motifs. Les bougies Mamako sont gai avec des petites fleurs surtout en rose. La bougie tige Mamakomesure 23 cm de haut, son diam\u00e8tre est d&rsquo;environ 2 cm et son poids est de 170 gr.","og_url":"https:\/\/www.atouchofafrica.ch\/fr\/produkt\/indabuko-stabkerze\/","og_site_name":"A Touch of Africa","article_modified_time":"2025-05-08T13:33:18+00:00","og_image":[{"width":1821,"height":2030,"url":"https:\/\/www.atouchofafrica.ch\/wp-content\/uploads\/2022\/12\/Mamako-Stab.jpg","type":"image\/jpeg"}],"twitter_card":"summary_large_image","twitter_misc":{"Dur\u00e9e de lecture estim\u00e9e":"1 minute"},"schema":{"@context":"https:\/\/schema.org","@graph":[{"@type":"WebPage","@id":"https:\/\/www.atouchofafrica.ch\/fr\/produkt\/indabuko-stabkerze\/","url":"https:\/\/www.atouchofafrica.ch\/fr\/produkt\/indabuko-stabkerze\/","name":"Bougie \u00e0 tige Mamako - A Touch of Africa","isPartOf":{"@id":"https:\/\/www.atouchofafrica.ch\/fr\/#website"},"primaryImageOfPage":{"@id":"https:\/\/www.atouchofafrica.ch\/fr\/produkt\/indabuko-stabkerze\/#primaryimage"},"image":{"@id":"https:\/\/www.atouchofafrica.ch\/fr\/produkt\/indabuko-stabkerze\/#primaryimage"},"thumbnailUrl":"https:\/\/www.atouchofafrica.ch\/wp-content\/uploads\/2022\/12\/Mamako-Stab.jpg","datePublished":"2022-12-05T18:39:06+00:00","dateModified":"2025-05-08T13:33:18+00:00","breadcrumb":{"@id":"https:\/\/www.atouchofafrica.ch\/fr\/produkt\/indabuko-stabkerze\/#breadcrumb"},"inLanguage":"fr-FR","potentialAction":[{"@type":"ReadAction","target":["https:\/\/www.atouchofafrica.ch\/fr\/produkt\/indabuko-stabkerze\/"]}]},{"@type":"ImageObject","inLanguage":"fr-FR","@id":"https:\/\/www.atouchofafrica.ch\/fr\/produkt\/indabuko-stabkerze\/#primaryimage","url":"https:\/\/www.atouchofafrica.ch\/wp-content\/uploads\/2022\/12\/Mamako-Stab.jpg","contentUrl":"https:\/\/www.atouchofafrica.ch\/wp-content\/uploads\/2022\/12\/Mamako-Stab.jpg","width":1821,"height":2030},{"@type":"BreadcrumbList","@id":"https:\/\/www.atouchofafrica.ch\/fr\/produkt\/indabuko-stabkerze\/#breadcrumb","itemListElement":[{"@type":"ListItem","position":1,"name":"Startseite","item":"https:\/\/www.atouchofafrica.ch\/fr\/"},{"@type":"ListItem","position":2,"name":"Produits","item":"https:\/\/www.atouchofafrica.ch\/fr\/shop\/"},{"@type":"ListItem","position":3,"name":"Bougie \u00e0 tige Mamako"}]},{"@type":"WebSite","@id":"https:\/\/www.atouchofafrica.ch\/fr\/#website","url":"https:\/\/www.atouchofafrica.ch\/fr\/","name":"A Touch of Africa","description":"Moderne Fairtrade Wohnideen vom afrikanischen Kontinent","potentialAction":[{"@type":"SearchAction","target":{"@type":"EntryPoint","urlTemplate":"https:\/\/www.atouchofafrica.ch\/fr\/?s={search_term_string}"},"query-input":{"@type":"PropertyValueSpecification","valueRequired":true,"valueName":"search_term_string"}}],"inLanguage":"fr-FR"}]}},"_links":{"self":[{"href":"https:\/\/www.atouchofafrica.ch\/fr\/wp-json\/wp\/v2\/product\/8552","targetHints":{"allow":["GET"]}}],"collection":[{"href":"https:\/\/www.atouchofafrica.ch\/fr\/wp-json\/wp\/v2\/product"}],"about":[{"href":"https:\/\/www.atouchofafrica.ch\/fr\/wp-json\/wp\/v2\/types\/product"}],"wp:featuredmedia":[{"embeddable":true,"href":"https:\/\/www.atouchofafrica.ch\/fr\/wp-json\/wp\/v2\/media\/10733"}],"wp:attachment":[{"href":"https:\/\/www.atouchofafrica.ch\/fr\/wp-json\/wp\/v2\/media?parent=8552"}],"wp:term":[{"taxonomy":"product_brand","embeddable":true,"href":"https:\/\/www.atouchofafrica.ch\/fr\/wp-json\/wp\/v2\/product_brand?post=8552"},{"taxonomy":"product_cat","embeddable":true,"href":"https:\/\/www.atouchofafrica.ch\/fr\/wp-json\/wp\/v2\/product_cat?post=8552"},{"taxonomy":"product_tag","embeddable":true,"href":"https:\/\/www.atouchofafrica.ch\/fr\/wp-json\/wp\/v2\/product_tag?post=8552"}],"curies":[{"name":"wp","href":"https:\/\/api.w.org\/{rel}","templated":true}]}}