{"id":5906,"date":"2021-02-14T14:01:35","date_gmt":"2021-02-14T14:01:35","guid":{"rendered":"https:\/\/www.atouchofafrica.ch\/produkt\/dekorative-pincette\/"},"modified":"2021-02-14T17:30:50","modified_gmt":"2021-02-14T17:30:50","slug":"dekorative-pincette","status":"publish","type":"product","link":"https:\/\/www.atouchofafrica.ch\/fr\/produkt\/dekorative-pincette\/","title":{"rendered":"Pincette d\u00e9corative"},"content":{"rendered":"<p>Avec les \u00e9pines, les nomades se battent encore et encore. Il est donc pratique de toujours avoir une pincette avec soi. Ici trait\u00e9 comme un beau bijou fait de laiton et de cuivre. 10cm x 5,5 cm. Avec une cha\u00eene en cuir de 5 bandes \u00e9troites, poids 250 gr.<\/p>\n","protected":false},"excerpt":{"rendered":"<p>Avec les \u00e9pines, les nomades se battent encore et encore. Il est donc pratique de toujours avoir une pincette avec soi. Ici trait\u00e9 comme un beau bijou fait de laiton et de cuivre. 10cm x 5,5 cm. Avec une cha\u00eene en cuir de 5 bandes \u00e9troites, poids 250 gr.<\/p>\n","protected":false},"featured_media":5833,"template":"","meta":{"_acf_changed":false},"product_brand":[],"product_cat":[247],"product_tag":[],"class_list":{"0":"post-5906","1":"product","2":"type-product","3":"status-publish","4":"has-post-thumbnail","6":"product_cat-diverse-tuareg-produkte-fr","7":"product_shipping_class-expedition-sous-enveloppe-bijoux-plats","9":"first","10":"instock","11":"shipping-taxable","12":"purchasable","13":"product-type-simple"},"acf":[],"yoast_head":"<!-- This site is optimized with the Yoast SEO plugin v26.0 - https:\/\/yoast.com\/wordpress\/plugins\/seo\/ -->\n<title>Pincette d\u00e9corative - A Touch of Africa<\/title>\n<meta name=\"robots\" content=\"index, follow, max-snippet:-1, max-image-preview:large, max-video-preview:-1\" \/>\n<link rel=\"canonical\" href=\"https:\/\/www.atouchofafrica.ch\/fr\/produkt\/dekorative-pincette\/\" \/>\n<meta property=\"og:locale\" content=\"fr_FR\" \/>\n<meta property=\"og:type\" content=\"article\" \/>\n<meta property=\"og:title\" content=\"Pincette d\u00e9corative - A Touch of Africa\" \/>\n<meta property=\"og:description\" content=\"Avec les \u00e9pines, les nomades se battent encore et encore. Il est donc pratique de toujours avoir une pincette avec soi. Ici trait\u00e9 comme un beau bijou fait de laiton et de cuivre. 10cm x 5,5 cm. Avec une cha\u00eene en cuir de 5 bandes \u00e9troites, poids 250 gr.\" \/>\n<meta property=\"og:url\" content=\"https:\/\/www.atouchofafrica.ch\/fr\/produkt\/dekorative-pincette\/\" \/>\n<meta property=\"og:site_name\" content=\"A Touch of Africa\" \/>\n<meta property=\"article:modified_time\" content=\"2021-02-14T17:30:50+00:00\" \/>\n<meta property=\"og:image\" content=\"https:\/\/www.atouchofafrica.ch\/wp-content\/uploads\/2021\/02\/2021-02-14-12.25.47-1-scaled.jpg\" \/>\n\t<meta property=\"og:image:width\" content=\"2560\" \/>\n\t<meta property=\"og:image:height\" content=\"1707\" \/>\n\t<meta property=\"og:image:type\" content=\"image\/jpeg\" \/>\n<meta name=\"twitter:card\" content=\"summary_large_image\" \/>\n<script type=\"application\/ld+json\" class=\"yoast-schema-graph\">{\"@context\":\"https:\/\/schema.org\",\"@graph\":[{\"@type\":\"WebPage\",\"@id\":\"https:\/\/www.atouchofafrica.ch\/fr\/produkt\/dekorative-pincette\/\",\"url\":\"https:\/\/www.atouchofafrica.ch\/fr\/produkt\/dekorative-pincette\/\",\"name\":\"Pincette d\u00e9corative - A Touch of Africa\",\"isPartOf\":{\"@id\":\"https:\/\/www.atouchofafrica.ch\/fr\/#website\"},\"primaryImageOfPage\":{\"@id\":\"https:\/\/www.atouchofafrica.ch\/fr\/produkt\/dekorative-pincette\/#primaryimage\"},\"image\":{\"@id\":\"https:\/\/www.atouchofafrica.ch\/fr\/produkt\/dekorative-pincette\/#primaryimage\"},\"thumbnailUrl\":\"https:\/\/www.atouchofafrica.ch\/wp-content\/uploads\/2021\/02\/2021-02-14-12.25.47-1-scaled.jpg\",\"datePublished\":\"2021-02-14T14:01:35+00:00\",\"dateModified\":\"2021-02-14T17:30:50+00:00\",\"breadcrumb\":{\"@id\":\"https:\/\/www.atouchofafrica.ch\/fr\/produkt\/dekorative-pincette\/#breadcrumb\"},\"inLanguage\":\"fr-FR\",\"potentialAction\":[{\"@type\":\"ReadAction\",\"target\":[\"https:\/\/www.atouchofafrica.ch\/fr\/produkt\/dekorative-pincette\/\"]}]},{\"@type\":\"ImageObject\",\"inLanguage\":\"fr-FR\",\"@id\":\"https:\/\/www.atouchofafrica.ch\/fr\/produkt\/dekorative-pincette\/#primaryimage\",\"url\":\"https:\/\/www.atouchofafrica.ch\/wp-content\/uploads\/2021\/02\/2021-02-14-12.25.47-1-scaled.jpg\",\"contentUrl\":\"https:\/\/www.atouchofafrica.ch\/wp-content\/uploads\/2021\/02\/2021-02-14-12.25.47-1-scaled.jpg\",\"width\":2560,\"height\":1707},{\"@type\":\"BreadcrumbList\",\"@id\":\"https:\/\/www.atouchofafrica.ch\/fr\/produkt\/dekorative-pincette\/#breadcrumb\",\"itemListElement\":[{\"@type\":\"ListItem\",\"position\":1,\"name\":\"Startseite\",\"item\":\"https:\/\/www.atouchofafrica.ch\/fr\/\"},{\"@type\":\"ListItem\",\"position\":2,\"name\":\"Produits\",\"item\":\"https:\/\/www.atouchofafrica.ch\/fr\/shop\/\"},{\"@type\":\"ListItem\",\"position\":3,\"name\":\"Pincette d\u00e9corative\"}]},{\"@type\":\"WebSite\",\"@id\":\"https:\/\/www.atouchofafrica.ch\/fr\/#website\",\"url\":\"https:\/\/www.atouchofafrica.ch\/fr\/\",\"name\":\"A Touch of Africa\",\"description\":\"Moderne Fairtrade Wohnideen vom afrikanischen Kontinent\",\"potentialAction\":[{\"@type\":\"SearchAction\",\"target\":{\"@type\":\"EntryPoint\",\"urlTemplate\":\"https:\/\/www.atouchofafrica.ch\/fr\/?s={search_term_string}\"},\"query-input\":{\"@type\":\"PropertyValueSpecification\",\"valueRequired\":true,\"valueName\":\"search_term_string\"}}],\"inLanguage\":\"fr-FR\"}]}<\/script>\n<!-- \/ Yoast SEO plugin. -->","yoast_head_json":{"title":"Pincette d\u00e9corative - A Touch of Africa","robots":{"index":"index","follow":"follow","max-snippet":"max-snippet:-1","max-image-preview":"max-image-preview:large","max-video-preview":"max-video-preview:-1"},"canonical":"https:\/\/www.atouchofafrica.ch\/fr\/produkt\/dekorative-pincette\/","og_locale":"fr_FR","og_type":"article","og_title":"Pincette d\u00e9corative - A Touch of Africa","og_description":"Avec les \u00e9pines, les nomades se battent encore et encore. Il est donc pratique de toujours avoir une pincette avec soi. Ici trait\u00e9 comme un beau bijou fait de laiton et de cuivre. 10cm x 5,5 cm. Avec une cha\u00eene en cuir de 5 bandes \u00e9troites, poids 250 gr.","og_url":"https:\/\/www.atouchofafrica.ch\/fr\/produkt\/dekorative-pincette\/","og_site_name":"A Touch of Africa","article_modified_time":"2021-02-14T17:30:50+00:00","og_image":[{"width":2560,"height":1707,"url":"https:\/\/www.atouchofafrica.ch\/wp-content\/uploads\/2021\/02\/2021-02-14-12.25.47-1-scaled.jpg","type":"image\/jpeg"}],"twitter_card":"summary_large_image","schema":{"@context":"https:\/\/schema.org","@graph":[{"@type":"WebPage","@id":"https:\/\/www.atouchofafrica.ch\/fr\/produkt\/dekorative-pincette\/","url":"https:\/\/www.atouchofafrica.ch\/fr\/produkt\/dekorative-pincette\/","name":"Pincette d\u00e9corative - A Touch of Africa","isPartOf":{"@id":"https:\/\/www.atouchofafrica.ch\/fr\/#website"},"primaryImageOfPage":{"@id":"https:\/\/www.atouchofafrica.ch\/fr\/produkt\/dekorative-pincette\/#primaryimage"},"image":{"@id":"https:\/\/www.atouchofafrica.ch\/fr\/produkt\/dekorative-pincette\/#primaryimage"},"thumbnailUrl":"https:\/\/www.atouchofafrica.ch\/wp-content\/uploads\/2021\/02\/2021-02-14-12.25.47-1-scaled.jpg","datePublished":"2021-02-14T14:01:35+00:00","dateModified":"2021-02-14T17:30:50+00:00","breadcrumb":{"@id":"https:\/\/www.atouchofafrica.ch\/fr\/produkt\/dekorative-pincette\/#breadcrumb"},"inLanguage":"fr-FR","potentialAction":[{"@type":"ReadAction","target":["https:\/\/www.atouchofafrica.ch\/fr\/produkt\/dekorative-pincette\/"]}]},{"@type":"ImageObject","inLanguage":"fr-FR","@id":"https:\/\/www.atouchofafrica.ch\/fr\/produkt\/dekorative-pincette\/#primaryimage","url":"https:\/\/www.atouchofafrica.ch\/wp-content\/uploads\/2021\/02\/2021-02-14-12.25.47-1-scaled.jpg","contentUrl":"https:\/\/www.atouchofafrica.ch\/wp-content\/uploads\/2021\/02\/2021-02-14-12.25.47-1-scaled.jpg","width":2560,"height":1707},{"@type":"BreadcrumbList","@id":"https:\/\/www.atouchofafrica.ch\/fr\/produkt\/dekorative-pincette\/#breadcrumb","itemListElement":[{"@type":"ListItem","position":1,"name":"Startseite","item":"https:\/\/www.atouchofafrica.ch\/fr\/"},{"@type":"ListItem","position":2,"name":"Produits","item":"https:\/\/www.atouchofafrica.ch\/fr\/shop\/"},{"@type":"ListItem","position":3,"name":"Pincette d\u00e9corative"}]},{"@type":"WebSite","@id":"https:\/\/www.atouchofafrica.ch\/fr\/#website","url":"https:\/\/www.atouchofafrica.ch\/fr\/","name":"A Touch of Africa","description":"Moderne Fairtrade Wohnideen vom afrikanischen Kontinent","potentialAction":[{"@type":"SearchAction","target":{"@type":"EntryPoint","urlTemplate":"https:\/\/www.atouchofafrica.ch\/fr\/?s={search_term_string}"},"query-input":{"@type":"PropertyValueSpecification","valueRequired":true,"valueName":"search_term_string"}}],"inLanguage":"fr-FR"}]}},"_links":{"self":[{"href":"https:\/\/www.atouchofafrica.ch\/fr\/wp-json\/wp\/v2\/product\/5906","targetHints":{"allow":["GET"]}}],"collection":[{"href":"https:\/\/www.atouchofafrica.ch\/fr\/wp-json\/wp\/v2\/product"}],"about":[{"href":"https:\/\/www.atouchofafrica.ch\/fr\/wp-json\/wp\/v2\/types\/product"}],"wp:featuredmedia":[{"embeddable":true,"href":"https:\/\/www.atouchofafrica.ch\/fr\/wp-json\/wp\/v2\/media\/5833"}],"wp:attachment":[{"href":"https:\/\/www.atouchofafrica.ch\/fr\/wp-json\/wp\/v2\/media?parent=5906"}],"wp:term":[{"taxonomy":"product_brand","embeddable":true,"href":"https:\/\/www.atouchofafrica.ch\/fr\/wp-json\/wp\/v2\/product_brand?post=5906"},{"taxonomy":"product_cat","embeddable":true,"href":"https:\/\/www.atouchofafrica.ch\/fr\/wp-json\/wp\/v2\/product_cat?post=5906"},{"taxonomy":"product_tag","embeddable":true,"href":"https:\/\/www.atouchofafrica.ch\/fr\/wp-json\/wp\/v2\/product_tag?post=5906"}],"curies":[{"name":"wp","href":"https:\/\/api.w.org\/{rel}","templated":true}]}}