{"id":5337,"date":"2020-12-13T19:30:53","date_gmt":"2021-01-25T14:33:41","guid":{"rendered":"https:\/\/www.atouchofafrica.ch\/?post_type=product&#038;p=5337"},"modified":"2021-01-25T14:33:41","modified_gmt":"2021-01-25T14:33:41","slug":"petit-bol-marocain-xs-olive","status":"publish","type":"product","link":"https:\/\/www.atouchofafrica.ch\/fr\/produkt\/petit-bol-marocain-xs-olive\/","title":{"rendered":"Petit bol marocain XS olive"},"content":{"rendered":"<p>Petit bol classique en c\u00e9ramique, fait \u00e0 la main, \u00e9maill\u00e9, avec une bande m\u00e9tallique argent\u00e9e, fabriqu\u00e9 \u00e0 Safi dans la r\u00e9gion de Marrakech, diam\u00e8tre 8 cm, poids environ 100 g<\/p>\n","protected":false},"excerpt":{"rendered":"<p>Petit bol classique en c\u00e9ramique, fait \u00e0 la main, \u00e9maill\u00e9, avec une bande m\u00e9tallique argent\u00e9e, fabriqu\u00e9 \u00e0 Safi dans la r\u00e9gion de Marrakech, diam\u00e8tre 8 cm, poids environ 100 g<\/p>\n","protected":false},"featured_media":4741,"template":"","meta":{"_acf_changed":false},"product_brand":[],"product_cat":[131],"product_tag":[],"class_list":{"0":"post-5337","1":"product","2":"type-product","3":"status-publish","4":"has-post-thumbnail","6":"product_cat-petits-bols-marocains","7":"product_shipping_class-expedition-standard","9":"first","10":"instock","11":"sale","12":"shipping-taxable","13":"purchasable","14":"product-type-simple"},"acf":[],"yoast_head":"<!-- This site is optimized with the Yoast SEO plugin v26.0 - https:\/\/yoast.com\/wordpress\/plugins\/seo\/ -->\n<title>Petit bol marocain XS olive - A Touch of Africa<\/title>\n<meta name=\"robots\" content=\"index, follow, max-snippet:-1, max-image-preview:large, max-video-preview:-1\" \/>\n<link rel=\"canonical\" href=\"https:\/\/www.atouchofafrica.ch\/fr\/produkt\/petit-bol-marocain-xs-olive\/\" \/>\n<meta property=\"og:locale\" content=\"fr_FR\" \/>\n<meta property=\"og:type\" content=\"article\" \/>\n<meta property=\"og:title\" content=\"Petit bol marocain XS olive - A Touch of Africa\" \/>\n<meta property=\"og:description\" content=\"Petit bol classique en c\u00e9ramique, fait \u00e0 la main, \u00e9maill\u00e9, avec une bande m\u00e9tallique argent\u00e9e, fabriqu\u00e9 \u00e0 Safi dans la r\u00e9gion de Marrakech, diam\u00e8tre 8 cm, poids environ 100 g\" \/>\n<meta property=\"og:url\" content=\"https:\/\/www.atouchofafrica.ch\/fr\/produkt\/petit-bol-marocain-xs-olive\/\" \/>\n<meta property=\"og:site_name\" content=\"A Touch of Africa\" \/>\n<meta property=\"og:image\" content=\"https:\/\/www.atouchofafrica.ch\/wp-content\/uploads\/2020\/12\/olive_xs_b-3.jpg\" \/>\n\t<meta property=\"og:image:width\" content=\"2000\" \/>\n\t<meta property=\"og:image:height\" content=\"1671\" \/>\n\t<meta property=\"og:image:type\" content=\"image\/jpeg\" \/>\n<meta name=\"twitter:card\" content=\"summary_large_image\" \/>\n<script type=\"application\/ld+json\" class=\"yoast-schema-graph\">{\"@context\":\"https:\/\/schema.org\",\"@graph\":[{\"@type\":\"WebPage\",\"@id\":\"https:\/\/www.atouchofafrica.ch\/fr\/produkt\/petit-bol-marocain-xs-olive\/\",\"url\":\"https:\/\/www.atouchofafrica.ch\/fr\/produkt\/petit-bol-marocain-xs-olive\/\",\"name\":\"Petit bol marocain XS olive - A Touch of Africa\",\"isPartOf\":{\"@id\":\"https:\/\/www.atouchofafrica.ch\/fr\/#website\"},\"primaryImageOfPage\":{\"@id\":\"https:\/\/www.atouchofafrica.ch\/fr\/produkt\/petit-bol-marocain-xs-olive\/#primaryimage\"},\"image\":{\"@id\":\"https:\/\/www.atouchofafrica.ch\/fr\/produkt\/petit-bol-marocain-xs-olive\/#primaryimage\"},\"thumbnailUrl\":\"https:\/\/www.atouchofafrica.ch\/wp-content\/uploads\/2020\/12\/olive_xs_b-3.jpg\",\"datePublished\":\"2021-01-25T14:33:41+00:00\",\"breadcrumb\":{\"@id\":\"https:\/\/www.atouchofafrica.ch\/fr\/produkt\/petit-bol-marocain-xs-olive\/#breadcrumb\"},\"inLanguage\":\"fr-FR\",\"potentialAction\":[{\"@type\":\"ReadAction\",\"target\":[\"https:\/\/www.atouchofafrica.ch\/fr\/produkt\/petit-bol-marocain-xs-olive\/\"]}]},{\"@type\":\"ImageObject\",\"inLanguage\":\"fr-FR\",\"@id\":\"https:\/\/www.atouchofafrica.ch\/fr\/produkt\/petit-bol-marocain-xs-olive\/#primaryimage\",\"url\":\"https:\/\/www.atouchofafrica.ch\/wp-content\/uploads\/2020\/12\/olive_xs_b-3.jpg\",\"contentUrl\":\"https:\/\/www.atouchofafrica.ch\/wp-content\/uploads\/2020\/12\/olive_xs_b-3.jpg\",\"width\":2000,\"height\":1671},{\"@type\":\"BreadcrumbList\",\"@id\":\"https:\/\/www.atouchofafrica.ch\/fr\/produkt\/petit-bol-marocain-xs-olive\/#breadcrumb\",\"itemListElement\":[{\"@type\":\"ListItem\",\"position\":1,\"name\":\"Startseite\",\"item\":\"https:\/\/www.atouchofafrica.ch\/fr\/\"},{\"@type\":\"ListItem\",\"position\":2,\"name\":\"Produits\",\"item\":\"https:\/\/www.atouchofafrica.ch\/fr\/shop\/\"},{\"@type\":\"ListItem\",\"position\":3,\"name\":\"Petit bol marocain XS olive\"}]},{\"@type\":\"WebSite\",\"@id\":\"https:\/\/www.atouchofafrica.ch\/fr\/#website\",\"url\":\"https:\/\/www.atouchofafrica.ch\/fr\/\",\"name\":\"A Touch of Africa\",\"description\":\"Moderne Fairtrade Wohnideen vom afrikanischen Kontinent\",\"potentialAction\":[{\"@type\":\"SearchAction\",\"target\":{\"@type\":\"EntryPoint\",\"urlTemplate\":\"https:\/\/www.atouchofafrica.ch\/fr\/?s={search_term_string}\"},\"query-input\":{\"@type\":\"PropertyValueSpecification\",\"valueRequired\":true,\"valueName\":\"search_term_string\"}}],\"inLanguage\":\"fr-FR\"}]}<\/script>\n<!-- \/ Yoast SEO plugin. -->","yoast_head_json":{"title":"Petit bol marocain XS olive - A Touch of Africa","robots":{"index":"index","follow":"follow","max-snippet":"max-snippet:-1","max-image-preview":"max-image-preview:large","max-video-preview":"max-video-preview:-1"},"canonical":"https:\/\/www.atouchofafrica.ch\/fr\/produkt\/petit-bol-marocain-xs-olive\/","og_locale":"fr_FR","og_type":"article","og_title":"Petit bol marocain XS olive - A Touch of Africa","og_description":"Petit bol classique en c\u00e9ramique, fait \u00e0 la main, \u00e9maill\u00e9, avec une bande m\u00e9tallique argent\u00e9e, fabriqu\u00e9 \u00e0 Safi dans la r\u00e9gion de Marrakech, diam\u00e8tre 8 cm, poids environ 100 g","og_url":"https:\/\/www.atouchofafrica.ch\/fr\/produkt\/petit-bol-marocain-xs-olive\/","og_site_name":"A Touch of Africa","og_image":[{"width":2000,"height":1671,"url":"https:\/\/www.atouchofafrica.ch\/wp-content\/uploads\/2020\/12\/olive_xs_b-3.jpg","type":"image\/jpeg"}],"twitter_card":"summary_large_image","schema":{"@context":"https:\/\/schema.org","@graph":[{"@type":"WebPage","@id":"https:\/\/www.atouchofafrica.ch\/fr\/produkt\/petit-bol-marocain-xs-olive\/","url":"https:\/\/www.atouchofafrica.ch\/fr\/produkt\/petit-bol-marocain-xs-olive\/","name":"Petit bol marocain XS olive - A Touch of Africa","isPartOf":{"@id":"https:\/\/www.atouchofafrica.ch\/fr\/#website"},"primaryImageOfPage":{"@id":"https:\/\/www.atouchofafrica.ch\/fr\/produkt\/petit-bol-marocain-xs-olive\/#primaryimage"},"image":{"@id":"https:\/\/www.atouchofafrica.ch\/fr\/produkt\/petit-bol-marocain-xs-olive\/#primaryimage"},"thumbnailUrl":"https:\/\/www.atouchofafrica.ch\/wp-content\/uploads\/2020\/12\/olive_xs_b-3.jpg","datePublished":"2021-01-25T14:33:41+00:00","breadcrumb":{"@id":"https:\/\/www.atouchofafrica.ch\/fr\/produkt\/petit-bol-marocain-xs-olive\/#breadcrumb"},"inLanguage":"fr-FR","potentialAction":[{"@type":"ReadAction","target":["https:\/\/www.atouchofafrica.ch\/fr\/produkt\/petit-bol-marocain-xs-olive\/"]}]},{"@type":"ImageObject","inLanguage":"fr-FR","@id":"https:\/\/www.atouchofafrica.ch\/fr\/produkt\/petit-bol-marocain-xs-olive\/#primaryimage","url":"https:\/\/www.atouchofafrica.ch\/wp-content\/uploads\/2020\/12\/olive_xs_b-3.jpg","contentUrl":"https:\/\/www.atouchofafrica.ch\/wp-content\/uploads\/2020\/12\/olive_xs_b-3.jpg","width":2000,"height":1671},{"@type":"BreadcrumbList","@id":"https:\/\/www.atouchofafrica.ch\/fr\/produkt\/petit-bol-marocain-xs-olive\/#breadcrumb","itemListElement":[{"@type":"ListItem","position":1,"name":"Startseite","item":"https:\/\/www.atouchofafrica.ch\/fr\/"},{"@type":"ListItem","position":2,"name":"Produits","item":"https:\/\/www.atouchofafrica.ch\/fr\/shop\/"},{"@type":"ListItem","position":3,"name":"Petit bol marocain XS olive"}]},{"@type":"WebSite","@id":"https:\/\/www.atouchofafrica.ch\/fr\/#website","url":"https:\/\/www.atouchofafrica.ch\/fr\/","name":"A Touch of Africa","description":"Moderne Fairtrade Wohnideen vom afrikanischen Kontinent","potentialAction":[{"@type":"SearchAction","target":{"@type":"EntryPoint","urlTemplate":"https:\/\/www.atouchofafrica.ch\/fr\/?s={search_term_string}"},"query-input":{"@type":"PropertyValueSpecification","valueRequired":true,"valueName":"search_term_string"}}],"inLanguage":"fr-FR"}]}},"_links":{"self":[{"href":"https:\/\/www.atouchofafrica.ch\/fr\/wp-json\/wp\/v2\/product\/5337","targetHints":{"allow":["GET"]}}],"collection":[{"href":"https:\/\/www.atouchofafrica.ch\/fr\/wp-json\/wp\/v2\/product"}],"about":[{"href":"https:\/\/www.atouchofafrica.ch\/fr\/wp-json\/wp\/v2\/types\/product"}],"wp:featuredmedia":[{"embeddable":true,"href":"https:\/\/www.atouchofafrica.ch\/fr\/wp-json\/wp\/v2\/media\/4741"}],"wp:attachment":[{"href":"https:\/\/www.atouchofafrica.ch\/fr\/wp-json\/wp\/v2\/media?parent=5337"}],"wp:term":[{"taxonomy":"product_brand","embeddable":true,"href":"https:\/\/www.atouchofafrica.ch\/fr\/wp-json\/wp\/v2\/product_brand?post=5337"},{"taxonomy":"product_cat","embeddable":true,"href":"https:\/\/www.atouchofafrica.ch\/fr\/wp-json\/wp\/v2\/product_cat?post=5337"},{"taxonomy":"product_tag","embeddable":true,"href":"https:\/\/www.atouchofafrica.ch\/fr\/wp-json\/wp\/v2\/product_tag?post=5337"}],"curies":[{"name":"wp","href":"https:\/\/api.w.org\/{rel}","templated":true}]}}