{"id":3555,"date":"2019-06-18T11:50:55","date_gmt":"2019-06-18T11:50:55","guid":{"rendered":"https:\/\/www.atouchofafrica.ch\/produkt\/panier-geo-black-and-natural\/"},"modified":"2019-06-27T08:03:26","modified_gmt":"2019-06-27T08:03:26","slug":"panier-geo-black-and-natural","status":"publish","type":"product","link":"https:\/\/www.atouchofafrica.ch\/fr\/produkt\/panier-geo-black-and-natural\/","title":{"rendered":"Panier Geo Black and Natural"},"content":{"rendered":"<p>Panier plat en raphia, design moderne, couleur naturelle (beige clair) avec motif noir, diam\u00e8tre 57 cm, poids 1,4 kg, fabriqu\u00e9 \u00e0 la main en Ouganda pour Kazigoods, une marque All Across Africa Brand.<\/p>\n","protected":false},"excerpt":{"rendered":"<p>Panier plat en raphia, design moderne, couleur naturelle (beige clair) avec motif noir, diam\u00e8tre 57 cm, poids 1,4 kg, fabriqu\u00e9 \u00e0 la main en Ouganda pour Kazigoods, une marque All Across Africa Brand.<\/p>\n","protected":false},"featured_media":3402,"template":"","meta":{"_acf_changed":false},"product_brand":[],"product_cat":[105],"product_tag":[],"class_list":{"0":"post-3555","1":"product","2":"type-product","3":"status-publish","4":"has-post-thumbnail","6":"product_cat-panier-kazi","7":"product_shipping_class-expedition-standard","9":"first","10":"instock","11":"sale","12":"shipping-taxable","13":"purchasable","14":"product-type-simple"},"acf":[],"yoast_head":"<!-- This site is optimized with the Yoast SEO plugin v26.0 - https:\/\/yoast.com\/wordpress\/plugins\/seo\/ -->\n<title>Panier Geo Black and Natural - A Touch of Africa<\/title>\n<meta name=\"robots\" content=\"index, follow, max-snippet:-1, max-image-preview:large, max-video-preview:-1\" \/>\n<link rel=\"canonical\" href=\"https:\/\/www.atouchofafrica.ch\/fr\/produkt\/panier-geo-black-and-natural\/\" \/>\n<meta property=\"og:locale\" content=\"fr_FR\" \/>\n<meta property=\"og:type\" content=\"article\" \/>\n<meta property=\"og:title\" content=\"Panier Geo Black and Natural - A Touch of Africa\" \/>\n<meta property=\"og:description\" content=\"Panier plat en raphia, design moderne, couleur naturelle (beige clair) avec motif noir, diam\u00e8tre 57 cm, poids 1,4 kg, fabriqu\u00e9 \u00e0 la main en Ouganda pour Kazigoods, une marque All Across Africa Brand.\" \/>\n<meta property=\"og:url\" content=\"https:\/\/www.atouchofafrica.ch\/fr\/produkt\/panier-geo-black-and-natural\/\" \/>\n<meta property=\"og:site_name\" content=\"A Touch of Africa\" \/>\n<meta property=\"article:modified_time\" content=\"2019-06-27T08:03:26+00:00\" \/>\n<meta property=\"og:image\" content=\"https:\/\/www.atouchofafrica.ch\/wp-content\/uploads\/2019\/06\/2019-06-07-17.09.33b.jpg\" \/>\n\t<meta property=\"og:image:width\" content=\"2370\" \/>\n\t<meta property=\"og:image:height\" content=\"2270\" \/>\n\t<meta property=\"og:image:type\" content=\"image\/jpeg\" \/>\n<meta name=\"twitter:card\" content=\"summary_large_image\" \/>\n<script type=\"application\/ld+json\" class=\"yoast-schema-graph\">{\"@context\":\"https:\/\/schema.org\",\"@graph\":[{\"@type\":\"WebPage\",\"@id\":\"https:\/\/www.atouchofafrica.ch\/fr\/produkt\/panier-geo-black-and-natural\/\",\"url\":\"https:\/\/www.atouchofafrica.ch\/fr\/produkt\/panier-geo-black-and-natural\/\",\"name\":\"Panier Geo Black and Natural - A Touch of Africa\",\"isPartOf\":{\"@id\":\"https:\/\/www.atouchofafrica.ch\/fr\/#website\"},\"primaryImageOfPage\":{\"@id\":\"https:\/\/www.atouchofafrica.ch\/fr\/produkt\/panier-geo-black-and-natural\/#primaryimage\"},\"image\":{\"@id\":\"https:\/\/www.atouchofafrica.ch\/fr\/produkt\/panier-geo-black-and-natural\/#primaryimage\"},\"thumbnailUrl\":\"https:\/\/www.atouchofafrica.ch\/wp-content\/uploads\/2019\/06\/2019-06-07-17.09.33b.jpg\",\"datePublished\":\"2019-06-18T11:50:55+00:00\",\"dateModified\":\"2019-06-27T08:03:26+00:00\",\"breadcrumb\":{\"@id\":\"https:\/\/www.atouchofafrica.ch\/fr\/produkt\/panier-geo-black-and-natural\/#breadcrumb\"},\"inLanguage\":\"fr-FR\",\"potentialAction\":[{\"@type\":\"ReadAction\",\"target\":[\"https:\/\/www.atouchofafrica.ch\/fr\/produkt\/panier-geo-black-and-natural\/\"]}]},{\"@type\":\"ImageObject\",\"inLanguage\":\"fr-FR\",\"@id\":\"https:\/\/www.atouchofafrica.ch\/fr\/produkt\/panier-geo-black-and-natural\/#primaryimage\",\"url\":\"https:\/\/www.atouchofafrica.ch\/wp-content\/uploads\/2019\/06\/2019-06-07-17.09.33b.jpg\",\"contentUrl\":\"https:\/\/www.atouchofafrica.ch\/wp-content\/uploads\/2019\/06\/2019-06-07-17.09.33b.jpg\",\"width\":2370,\"height\":2270},{\"@type\":\"BreadcrumbList\",\"@id\":\"https:\/\/www.atouchofafrica.ch\/fr\/produkt\/panier-geo-black-and-natural\/#breadcrumb\",\"itemListElement\":[{\"@type\":\"ListItem\",\"position\":1,\"name\":\"Startseite\",\"item\":\"https:\/\/www.atouchofafrica.ch\/fr\/\"},{\"@type\":\"ListItem\",\"position\":2,\"name\":\"Produits\",\"item\":\"https:\/\/www.atouchofafrica.ch\/fr\/shop\/\"},{\"@type\":\"ListItem\",\"position\":3,\"name\":\"Panier Geo Black and Natural\"}]},{\"@type\":\"WebSite\",\"@id\":\"https:\/\/www.atouchofafrica.ch\/fr\/#website\",\"url\":\"https:\/\/www.atouchofafrica.ch\/fr\/\",\"name\":\"A Touch of Africa\",\"description\":\"Moderne Fairtrade Wohnideen vom afrikanischen Kontinent\",\"potentialAction\":[{\"@type\":\"SearchAction\",\"target\":{\"@type\":\"EntryPoint\",\"urlTemplate\":\"https:\/\/www.atouchofafrica.ch\/fr\/?s={search_term_string}\"},\"query-input\":{\"@type\":\"PropertyValueSpecification\",\"valueRequired\":true,\"valueName\":\"search_term_string\"}}],\"inLanguage\":\"fr-FR\"}]}<\/script>\n<!-- \/ Yoast SEO plugin. -->","yoast_head_json":{"title":"Panier Geo Black and Natural - A Touch of Africa","robots":{"index":"index","follow":"follow","max-snippet":"max-snippet:-1","max-image-preview":"max-image-preview:large","max-video-preview":"max-video-preview:-1"},"canonical":"https:\/\/www.atouchofafrica.ch\/fr\/produkt\/panier-geo-black-and-natural\/","og_locale":"fr_FR","og_type":"article","og_title":"Panier Geo Black and Natural - A Touch of Africa","og_description":"Panier plat en raphia, design moderne, couleur naturelle (beige clair) avec motif noir, diam\u00e8tre 57 cm, poids 1,4 kg, fabriqu\u00e9 \u00e0 la main en Ouganda pour Kazigoods, une marque All Across Africa Brand.","og_url":"https:\/\/www.atouchofafrica.ch\/fr\/produkt\/panier-geo-black-and-natural\/","og_site_name":"A Touch of Africa","article_modified_time":"2019-06-27T08:03:26+00:00","og_image":[{"width":2370,"height":2270,"url":"https:\/\/www.atouchofafrica.ch\/wp-content\/uploads\/2019\/06\/2019-06-07-17.09.33b.jpg","type":"image\/jpeg"}],"twitter_card":"summary_large_image","schema":{"@context":"https:\/\/schema.org","@graph":[{"@type":"WebPage","@id":"https:\/\/www.atouchofafrica.ch\/fr\/produkt\/panier-geo-black-and-natural\/","url":"https:\/\/www.atouchofafrica.ch\/fr\/produkt\/panier-geo-black-and-natural\/","name":"Panier Geo Black and Natural - A Touch of Africa","isPartOf":{"@id":"https:\/\/www.atouchofafrica.ch\/fr\/#website"},"primaryImageOfPage":{"@id":"https:\/\/www.atouchofafrica.ch\/fr\/produkt\/panier-geo-black-and-natural\/#primaryimage"},"image":{"@id":"https:\/\/www.atouchofafrica.ch\/fr\/produkt\/panier-geo-black-and-natural\/#primaryimage"},"thumbnailUrl":"https:\/\/www.atouchofafrica.ch\/wp-content\/uploads\/2019\/06\/2019-06-07-17.09.33b.jpg","datePublished":"2019-06-18T11:50:55+00:00","dateModified":"2019-06-27T08:03:26+00:00","breadcrumb":{"@id":"https:\/\/www.atouchofafrica.ch\/fr\/produkt\/panier-geo-black-and-natural\/#breadcrumb"},"inLanguage":"fr-FR","potentialAction":[{"@type":"ReadAction","target":["https:\/\/www.atouchofafrica.ch\/fr\/produkt\/panier-geo-black-and-natural\/"]}]},{"@type":"ImageObject","inLanguage":"fr-FR","@id":"https:\/\/www.atouchofafrica.ch\/fr\/produkt\/panier-geo-black-and-natural\/#primaryimage","url":"https:\/\/www.atouchofafrica.ch\/wp-content\/uploads\/2019\/06\/2019-06-07-17.09.33b.jpg","contentUrl":"https:\/\/www.atouchofafrica.ch\/wp-content\/uploads\/2019\/06\/2019-06-07-17.09.33b.jpg","width":2370,"height":2270},{"@type":"BreadcrumbList","@id":"https:\/\/www.atouchofafrica.ch\/fr\/produkt\/panier-geo-black-and-natural\/#breadcrumb","itemListElement":[{"@type":"ListItem","position":1,"name":"Startseite","item":"https:\/\/www.atouchofafrica.ch\/fr\/"},{"@type":"ListItem","position":2,"name":"Produits","item":"https:\/\/www.atouchofafrica.ch\/fr\/shop\/"},{"@type":"ListItem","position":3,"name":"Panier Geo Black and Natural"}]},{"@type":"WebSite","@id":"https:\/\/www.atouchofafrica.ch\/fr\/#website","url":"https:\/\/www.atouchofafrica.ch\/fr\/","name":"A Touch of Africa","description":"Moderne Fairtrade Wohnideen vom afrikanischen Kontinent","potentialAction":[{"@type":"SearchAction","target":{"@type":"EntryPoint","urlTemplate":"https:\/\/www.atouchofafrica.ch\/fr\/?s={search_term_string}"},"query-input":{"@type":"PropertyValueSpecification","valueRequired":true,"valueName":"search_term_string"}}],"inLanguage":"fr-FR"}]}},"_links":{"self":[{"href":"https:\/\/www.atouchofafrica.ch\/fr\/wp-json\/wp\/v2\/product\/3555","targetHints":{"allow":["GET"]}}],"collection":[{"href":"https:\/\/www.atouchofafrica.ch\/fr\/wp-json\/wp\/v2\/product"}],"about":[{"href":"https:\/\/www.atouchofafrica.ch\/fr\/wp-json\/wp\/v2\/types\/product"}],"wp:featuredmedia":[{"embeddable":true,"href":"https:\/\/www.atouchofafrica.ch\/fr\/wp-json\/wp\/v2\/media\/3402"}],"wp:attachment":[{"href":"https:\/\/www.atouchofafrica.ch\/fr\/wp-json\/wp\/v2\/media?parent=3555"}],"wp:term":[{"taxonomy":"product_brand","embeddable":true,"href":"https:\/\/www.atouchofafrica.ch\/fr\/wp-json\/wp\/v2\/product_brand?post=3555"},{"taxonomy":"product_cat","embeddable":true,"href":"https:\/\/www.atouchofafrica.ch\/fr\/wp-json\/wp\/v2\/product_cat?post=3555"},{"taxonomy":"product_tag","embeddable":true,"href":"https:\/\/www.atouchofafrica.ch\/fr\/wp-json\/wp\/v2\/product_tag?post=3555"}],"curies":[{"name":"wp","href":"https:\/\/api.w.org\/{rel}","templated":true}]}}