{"id":3107,"date":"2019-04-03T17:41:04","date_gmt":"2019-04-05T08:23:08","guid":{"rendered":"https:\/\/www.atouchofafrica.ch\/?post_type=product&#038;p=3107"},"modified":"2019-05-22T14:14:10","modified_gmt":"2019-05-22T14:14:10","slug":"lampe-avec-fourrure-de-springbok","status":"publish","type":"product","link":"https:\/\/www.atouchofafrica.ch\/fr\/produkt\/lampe-avec-fourrure-de-springbok\/","title":{"rendered":"Lampe avec fourrure de springbok"},"content":{"rendered":"<p>Lampe \u00e9l\u00e9gante avec abat-jour de fourrure de springbok, fait main en Afrique du Sud, hauteur 57 cm, abat-jour hauteur 16 cm, diam\u00e8tre en haut 9 cm, en bas 20 cm, pied de lampe en bois laqu\u00e9 noir, poids 630 g<\/p>\n<p>&nbsp;<\/p>\n","protected":false},"excerpt":{"rendered":"<p>Lampe \u00e9l\u00e9gante avec abat-jour de fourrure de springbok, fait main en Afrique du Sud, hauteur 57 cm, abat-jour hauteur 16 cm, diam\u00e8tre en haut 9 cm, en bas 20 cm, pied de lampe en bois laqu\u00e9 noir, poids 630 g &nbsp;<\/p>\n","protected":false},"featured_media":3102,"template":"","meta":{"_acf_changed":false},"product_brand":[],"product_cat":[106,97],"product_tag":[],"class_list":{"0":"post-3107","1":"product","2":"type-product","3":"status-publish","4":"has-post-thumbnail","6":"product_cat-lampes-de-nature","7":"product_cat-lumiere","8":"product_shipping_class-expedition-standard","10":"first","11":"instock","12":"sale","13":"shipping-taxable","14":"purchasable","15":"product-type-simple"},"acf":[],"yoast_head":"<!-- This site is optimized with the Yoast SEO plugin v26.0 - https:\/\/yoast.com\/wordpress\/plugins\/seo\/ -->\n<title>Lampe avec fourrure de springbok - A Touch of Africa<\/title>\n<meta name=\"robots\" content=\"index, follow, max-snippet:-1, max-image-preview:large, max-video-preview:-1\" \/>\n<link rel=\"canonical\" href=\"https:\/\/www.atouchofafrica.ch\/fr\/produkt\/lampe-avec-fourrure-de-springbok\/\" \/>\n<meta property=\"og:locale\" content=\"fr_FR\" \/>\n<meta property=\"og:type\" content=\"article\" \/>\n<meta property=\"og:title\" content=\"Lampe avec fourrure de springbok - A Touch of Africa\" \/>\n<meta property=\"og:description\" content=\"Lampe \u00e9l\u00e9gante avec abat-jour de fourrure de springbok, fait main en Afrique du Sud, hauteur 57 cm, abat-jour hauteur 16 cm, diam\u00e8tre en haut 9 cm, en bas 20 cm, pied de lampe en bois laqu\u00e9 noir, poids 630 g &nbsp;\" \/>\n<meta property=\"og:url\" content=\"https:\/\/www.atouchofafrica.ch\/fr\/produkt\/lampe-avec-fourrure-de-springbok\/\" \/>\n<meta property=\"og:site_name\" content=\"A Touch of Africa\" \/>\n<meta property=\"article:modified_time\" content=\"2019-05-22T14:14:10+00:00\" \/>\n<meta property=\"og:image\" content=\"https:\/\/www.atouchofafrica.ch\/wp-content\/uploads\/2019\/04\/2019-04-03-17.23.41.jpg\" \/>\n\t<meta property=\"og:image:width\" content=\"2273\" \/>\n\t<meta property=\"og:image:height\" content=\"2210\" \/>\n\t<meta property=\"og:image:type\" content=\"image\/jpeg\" \/>\n<meta name=\"twitter:card\" content=\"summary_large_image\" \/>\n<script type=\"application\/ld+json\" class=\"yoast-schema-graph\">{\"@context\":\"https:\/\/schema.org\",\"@graph\":[{\"@type\":\"WebPage\",\"@id\":\"https:\/\/www.atouchofafrica.ch\/fr\/produkt\/lampe-avec-fourrure-de-springbok\/\",\"url\":\"https:\/\/www.atouchofafrica.ch\/fr\/produkt\/lampe-avec-fourrure-de-springbok\/\",\"name\":\"Lampe avec fourrure de springbok - A Touch of Africa\",\"isPartOf\":{\"@id\":\"https:\/\/www.atouchofafrica.ch\/fr\/#website\"},\"primaryImageOfPage\":{\"@id\":\"https:\/\/www.atouchofafrica.ch\/fr\/produkt\/lampe-avec-fourrure-de-springbok\/#primaryimage\"},\"image\":{\"@id\":\"https:\/\/www.atouchofafrica.ch\/fr\/produkt\/lampe-avec-fourrure-de-springbok\/#primaryimage\"},\"thumbnailUrl\":\"https:\/\/www.atouchofafrica.ch\/wp-content\/uploads\/2019\/04\/2019-04-03-17.23.41.jpg\",\"datePublished\":\"2019-04-05T08:23:08+00:00\",\"dateModified\":\"2019-05-22T14:14:10+00:00\",\"breadcrumb\":{\"@id\":\"https:\/\/www.atouchofafrica.ch\/fr\/produkt\/lampe-avec-fourrure-de-springbok\/#breadcrumb\"},\"inLanguage\":\"fr-FR\",\"potentialAction\":[{\"@type\":\"ReadAction\",\"target\":[\"https:\/\/www.atouchofafrica.ch\/fr\/produkt\/lampe-avec-fourrure-de-springbok\/\"]}]},{\"@type\":\"ImageObject\",\"inLanguage\":\"fr-FR\",\"@id\":\"https:\/\/www.atouchofafrica.ch\/fr\/produkt\/lampe-avec-fourrure-de-springbok\/#primaryimage\",\"url\":\"https:\/\/www.atouchofafrica.ch\/wp-content\/uploads\/2019\/04\/2019-04-03-17.23.41.jpg\",\"contentUrl\":\"https:\/\/www.atouchofafrica.ch\/wp-content\/uploads\/2019\/04\/2019-04-03-17.23.41.jpg\",\"width\":2273,\"height\":2210},{\"@type\":\"BreadcrumbList\",\"@id\":\"https:\/\/www.atouchofafrica.ch\/fr\/produkt\/lampe-avec-fourrure-de-springbok\/#breadcrumb\",\"itemListElement\":[{\"@type\":\"ListItem\",\"position\":1,\"name\":\"Startseite\",\"item\":\"https:\/\/www.atouchofafrica.ch\/fr\/\"},{\"@type\":\"ListItem\",\"position\":2,\"name\":\"Produits\",\"item\":\"https:\/\/www.atouchofafrica.ch\/fr\/shop\/\"},{\"@type\":\"ListItem\",\"position\":3,\"name\":\"Lampe avec fourrure de springbok\"}]},{\"@type\":\"WebSite\",\"@id\":\"https:\/\/www.atouchofafrica.ch\/fr\/#website\",\"url\":\"https:\/\/www.atouchofafrica.ch\/fr\/\",\"name\":\"A Touch of Africa\",\"description\":\"Moderne Fairtrade Wohnideen vom afrikanischen Kontinent\",\"potentialAction\":[{\"@type\":\"SearchAction\",\"target\":{\"@type\":\"EntryPoint\",\"urlTemplate\":\"https:\/\/www.atouchofafrica.ch\/fr\/?s={search_term_string}\"},\"query-input\":{\"@type\":\"PropertyValueSpecification\",\"valueRequired\":true,\"valueName\":\"search_term_string\"}}],\"inLanguage\":\"fr-FR\"}]}<\/script>\n<!-- \/ Yoast SEO plugin. -->","yoast_head_json":{"title":"Lampe avec fourrure de springbok - A Touch of Africa","robots":{"index":"index","follow":"follow","max-snippet":"max-snippet:-1","max-image-preview":"max-image-preview:large","max-video-preview":"max-video-preview:-1"},"canonical":"https:\/\/www.atouchofafrica.ch\/fr\/produkt\/lampe-avec-fourrure-de-springbok\/","og_locale":"fr_FR","og_type":"article","og_title":"Lampe avec fourrure de springbok - A Touch of Africa","og_description":"Lampe \u00e9l\u00e9gante avec abat-jour de fourrure de springbok, fait main en Afrique du Sud, hauteur 57 cm, abat-jour hauteur 16 cm, diam\u00e8tre en haut 9 cm, en bas 20 cm, pied de lampe en bois laqu\u00e9 noir, poids 630 g &nbsp;","og_url":"https:\/\/www.atouchofafrica.ch\/fr\/produkt\/lampe-avec-fourrure-de-springbok\/","og_site_name":"A Touch of Africa","article_modified_time":"2019-05-22T14:14:10+00:00","og_image":[{"width":2273,"height":2210,"url":"https:\/\/www.atouchofafrica.ch\/wp-content\/uploads\/2019\/04\/2019-04-03-17.23.41.jpg","type":"image\/jpeg"}],"twitter_card":"summary_large_image","schema":{"@context":"https:\/\/schema.org","@graph":[{"@type":"WebPage","@id":"https:\/\/www.atouchofafrica.ch\/fr\/produkt\/lampe-avec-fourrure-de-springbok\/","url":"https:\/\/www.atouchofafrica.ch\/fr\/produkt\/lampe-avec-fourrure-de-springbok\/","name":"Lampe avec fourrure de springbok - A Touch of Africa","isPartOf":{"@id":"https:\/\/www.atouchofafrica.ch\/fr\/#website"},"primaryImageOfPage":{"@id":"https:\/\/www.atouchofafrica.ch\/fr\/produkt\/lampe-avec-fourrure-de-springbok\/#primaryimage"},"image":{"@id":"https:\/\/www.atouchofafrica.ch\/fr\/produkt\/lampe-avec-fourrure-de-springbok\/#primaryimage"},"thumbnailUrl":"https:\/\/www.atouchofafrica.ch\/wp-content\/uploads\/2019\/04\/2019-04-03-17.23.41.jpg","datePublished":"2019-04-05T08:23:08+00:00","dateModified":"2019-05-22T14:14:10+00:00","breadcrumb":{"@id":"https:\/\/www.atouchofafrica.ch\/fr\/produkt\/lampe-avec-fourrure-de-springbok\/#breadcrumb"},"inLanguage":"fr-FR","potentialAction":[{"@type":"ReadAction","target":["https:\/\/www.atouchofafrica.ch\/fr\/produkt\/lampe-avec-fourrure-de-springbok\/"]}]},{"@type":"ImageObject","inLanguage":"fr-FR","@id":"https:\/\/www.atouchofafrica.ch\/fr\/produkt\/lampe-avec-fourrure-de-springbok\/#primaryimage","url":"https:\/\/www.atouchofafrica.ch\/wp-content\/uploads\/2019\/04\/2019-04-03-17.23.41.jpg","contentUrl":"https:\/\/www.atouchofafrica.ch\/wp-content\/uploads\/2019\/04\/2019-04-03-17.23.41.jpg","width":2273,"height":2210},{"@type":"BreadcrumbList","@id":"https:\/\/www.atouchofafrica.ch\/fr\/produkt\/lampe-avec-fourrure-de-springbok\/#breadcrumb","itemListElement":[{"@type":"ListItem","position":1,"name":"Startseite","item":"https:\/\/www.atouchofafrica.ch\/fr\/"},{"@type":"ListItem","position":2,"name":"Produits","item":"https:\/\/www.atouchofafrica.ch\/fr\/shop\/"},{"@type":"ListItem","position":3,"name":"Lampe avec fourrure de springbok"}]},{"@type":"WebSite","@id":"https:\/\/www.atouchofafrica.ch\/fr\/#website","url":"https:\/\/www.atouchofafrica.ch\/fr\/","name":"A Touch of Africa","description":"Moderne Fairtrade Wohnideen vom afrikanischen Kontinent","potentialAction":[{"@type":"SearchAction","target":{"@type":"EntryPoint","urlTemplate":"https:\/\/www.atouchofafrica.ch\/fr\/?s={search_term_string}"},"query-input":{"@type":"PropertyValueSpecification","valueRequired":true,"valueName":"search_term_string"}}],"inLanguage":"fr-FR"}]}},"_links":{"self":[{"href":"https:\/\/www.atouchofafrica.ch\/fr\/wp-json\/wp\/v2\/product\/3107","targetHints":{"allow":["GET"]}}],"collection":[{"href":"https:\/\/www.atouchofafrica.ch\/fr\/wp-json\/wp\/v2\/product"}],"about":[{"href":"https:\/\/www.atouchofafrica.ch\/fr\/wp-json\/wp\/v2\/types\/product"}],"wp:featuredmedia":[{"embeddable":true,"href":"https:\/\/www.atouchofafrica.ch\/fr\/wp-json\/wp\/v2\/media\/3102"}],"wp:attachment":[{"href":"https:\/\/www.atouchofafrica.ch\/fr\/wp-json\/wp\/v2\/media?parent=3107"}],"wp:term":[{"taxonomy":"product_brand","embeddable":true,"href":"https:\/\/www.atouchofafrica.ch\/fr\/wp-json\/wp\/v2\/product_brand?post=3107"},{"taxonomy":"product_cat","embeddable":true,"href":"https:\/\/www.atouchofafrica.ch\/fr\/wp-json\/wp\/v2\/product_cat?post=3107"},{"taxonomy":"product_tag","embeddable":true,"href":"https:\/\/www.atouchofafrica.ch\/fr\/wp-json\/wp\/v2\/product_tag?post=3107"}],"curies":[{"name":"wp","href":"https:\/\/api.w.org\/{rel}","templated":true}]}}