{"id":2851,"date":"2018-04-30T16:22:03","date_gmt":"2019-03-13T08:42:25","guid":{"rendered":"https:\/\/www.atouchofafrica.ch\/?post_type=product&#038;p=2851"},"modified":"2019-03-13T08:42:25","modified_gmt":"2019-03-13T08:42:25","slug":"collier-avec-pendentif-touareg-traditionel","status":"publish","type":"product","link":"https:\/\/www.atouchofafrica.ch\/fr\/produkt\/collier-avec-pendentif-touareg-traditionel\/","title":{"rendered":"Collier avec pendentif touareg traditionel"},"content":{"rendered":"<p>Kette aus Silber- und schwarzen Glasperlen, Handarbeit, Anh\u00e4nger ca. 6.5 x 6.5 cm, Gesamtl\u00e4nge Kette 42 cm, Gewicht Anh\u00e4nger 35 gr., Association Dalay Kowa, Banwo Marafa, Niger.<\/p>\n<p>Fait main en argent 925 avec des perles noires en verre noir, pendentif 6.5x 6.5 cm, longueur du collier 42 cm, poids du pendentif 35 g, Association Dalay Kowa, Banwo Marafa, Niger<\/p>\n","protected":false},"excerpt":{"rendered":"<p>Kette aus Silber- und schwarzen Glasperlen, Handarbeit, Anh\u00e4nger ca. 6.5 x 6.5 cm, Gesamtl\u00e4nge Kette 42 cm, Gewicht Anh\u00e4nger 35 gr., Association Dalay Kowa, Banwo Marafa, Niger. Fait main en argent 925 avec des perles noires en verre noir, pendentif 6.5x 6.5 cm, longueur du collier 42 cm, poids du pendentif 35 g, Association Dalay Kowa, Banwo Marafa, Niger<\/p>\n","protected":false},"featured_media":1900,"template":"","meta":{"_acf_changed":false},"product_brand":[],"product_cat":[144],"product_tag":[],"class_list":{"0":"post-2851","1":"product","2":"type-product","3":"status-publish","4":"has-post-thumbnail","6":"product_cat-colliers-touaregs","7":"product_shipping_class-expedition-sous-enveloppe-bijoux-plats","9":"first","10":"outofstock","11":"shipping-taxable","12":"purchasable","13":"product-type-simple"},"acf":[],"yoast_head":"<!-- This site is optimized with the Yoast SEO plugin v26.0 - https:\/\/yoast.com\/wordpress\/plugins\/seo\/ -->\n<title>Collier avec pendentif touareg traditionel - A Touch of Africa<\/title>\n<meta name=\"robots\" content=\"index, follow, max-snippet:-1, max-image-preview:large, max-video-preview:-1\" \/>\n<link rel=\"canonical\" href=\"https:\/\/www.atouchofafrica.ch\/fr\/produkt\/collier-avec-pendentif-touareg-traditionel\/\" \/>\n<meta property=\"og:locale\" content=\"fr_FR\" \/>\n<meta property=\"og:type\" content=\"article\" \/>\n<meta property=\"og:title\" content=\"Collier avec pendentif touareg traditionel - A Touch of Africa\" \/>\n<meta property=\"og:description\" content=\"Kette aus Silber- und schwarzen Glasperlen, Handarbeit, Anh\u00e4nger ca. 6.5 x 6.5 cm, Gesamtl\u00e4nge Kette 42 cm, Gewicht Anh\u00e4nger 35 gr., Association Dalay Kowa, Banwo Marafa, Niger. Fait main en argent 925 avec des perles noires en verre noir, pendentif 6.5x 6.5 cm, longueur du collier 42 cm, poids du pendentif 35 g, Association Dalay Kowa, Banwo Marafa, Niger\" \/>\n<meta property=\"og:url\" content=\"https:\/\/www.atouchofafrica.ch\/fr\/produkt\/collier-avec-pendentif-touareg-traditionel\/\" \/>\n<meta property=\"og:site_name\" content=\"A Touch of Africa\" \/>\n<meta property=\"og:image\" content=\"https:\/\/www.atouchofafrica.ch\/wp-content\/uploads\/2018\/04\/IMG_1315.jpg\" \/>\n\t<meta property=\"og:image:width\" content=\"1500\" \/>\n\t<meta property=\"og:image:height\" content=\"1000\" \/>\n\t<meta property=\"og:image:type\" content=\"image\/jpeg\" \/>\n<meta name=\"twitter:card\" content=\"summary_large_image\" \/>\n<script type=\"application\/ld+json\" class=\"yoast-schema-graph\">{\"@context\":\"https:\/\/schema.org\",\"@graph\":[{\"@type\":\"WebPage\",\"@id\":\"https:\/\/www.atouchofafrica.ch\/fr\/produkt\/collier-avec-pendentif-touareg-traditionel\/\",\"url\":\"https:\/\/www.atouchofafrica.ch\/fr\/produkt\/collier-avec-pendentif-touareg-traditionel\/\",\"name\":\"Collier avec pendentif touareg traditionel - A Touch of Africa\",\"isPartOf\":{\"@id\":\"https:\/\/www.atouchofafrica.ch\/fr\/#website\"},\"primaryImageOfPage\":{\"@id\":\"https:\/\/www.atouchofafrica.ch\/fr\/produkt\/collier-avec-pendentif-touareg-traditionel\/#primaryimage\"},\"image\":{\"@id\":\"https:\/\/www.atouchofafrica.ch\/fr\/produkt\/collier-avec-pendentif-touareg-traditionel\/#primaryimage\"},\"thumbnailUrl\":\"https:\/\/www.atouchofafrica.ch\/wp-content\/uploads\/2018\/04\/IMG_1315.jpg\",\"datePublished\":\"2019-03-13T08:42:25+00:00\",\"breadcrumb\":{\"@id\":\"https:\/\/www.atouchofafrica.ch\/fr\/produkt\/collier-avec-pendentif-touareg-traditionel\/#breadcrumb\"},\"inLanguage\":\"fr-FR\",\"potentialAction\":[{\"@type\":\"ReadAction\",\"target\":[\"https:\/\/www.atouchofafrica.ch\/fr\/produkt\/collier-avec-pendentif-touareg-traditionel\/\"]}]},{\"@type\":\"ImageObject\",\"inLanguage\":\"fr-FR\",\"@id\":\"https:\/\/www.atouchofafrica.ch\/fr\/produkt\/collier-avec-pendentif-touareg-traditionel\/#primaryimage\",\"url\":\"https:\/\/www.atouchofafrica.ch\/wp-content\/uploads\/2018\/04\/IMG_1315.jpg\",\"contentUrl\":\"https:\/\/www.atouchofafrica.ch\/wp-content\/uploads\/2018\/04\/IMG_1315.jpg\",\"width\":1500,\"height\":1000},{\"@type\":\"BreadcrumbList\",\"@id\":\"https:\/\/www.atouchofafrica.ch\/fr\/produkt\/collier-avec-pendentif-touareg-traditionel\/#breadcrumb\",\"itemListElement\":[{\"@type\":\"ListItem\",\"position\":1,\"name\":\"Startseite\",\"item\":\"https:\/\/www.atouchofafrica.ch\/fr\/\"},{\"@type\":\"ListItem\",\"position\":2,\"name\":\"Produits\",\"item\":\"https:\/\/www.atouchofafrica.ch\/fr\/shop\/\"},{\"@type\":\"ListItem\",\"position\":3,\"name\":\"Collier avec pendentif touareg traditionel\"}]},{\"@type\":\"WebSite\",\"@id\":\"https:\/\/www.atouchofafrica.ch\/fr\/#website\",\"url\":\"https:\/\/www.atouchofafrica.ch\/fr\/\",\"name\":\"A Touch of Africa\",\"description\":\"Moderne Fairtrade Wohnideen vom afrikanischen Kontinent\",\"potentialAction\":[{\"@type\":\"SearchAction\",\"target\":{\"@type\":\"EntryPoint\",\"urlTemplate\":\"https:\/\/www.atouchofafrica.ch\/fr\/?s={search_term_string}\"},\"query-input\":{\"@type\":\"PropertyValueSpecification\",\"valueRequired\":true,\"valueName\":\"search_term_string\"}}],\"inLanguage\":\"fr-FR\"}]}<\/script>\n<!-- \/ Yoast SEO plugin. -->","yoast_head_json":{"title":"Collier avec pendentif touareg traditionel - A Touch of Africa","robots":{"index":"index","follow":"follow","max-snippet":"max-snippet:-1","max-image-preview":"max-image-preview:large","max-video-preview":"max-video-preview:-1"},"canonical":"https:\/\/www.atouchofafrica.ch\/fr\/produkt\/collier-avec-pendentif-touareg-traditionel\/","og_locale":"fr_FR","og_type":"article","og_title":"Collier avec pendentif touareg traditionel - A Touch of Africa","og_description":"Kette aus Silber- und schwarzen Glasperlen, Handarbeit, Anh\u00e4nger ca. 6.5 x 6.5 cm, Gesamtl\u00e4nge Kette 42 cm, Gewicht Anh\u00e4nger 35 gr., Association Dalay Kowa, Banwo Marafa, Niger. Fait main en argent 925 avec des perles noires en verre noir, pendentif 6.5x 6.5 cm, longueur du collier 42 cm, poids du pendentif 35 g, Association Dalay Kowa, Banwo Marafa, Niger","og_url":"https:\/\/www.atouchofafrica.ch\/fr\/produkt\/collier-avec-pendentif-touareg-traditionel\/","og_site_name":"A Touch of Africa","og_image":[{"width":1500,"height":1000,"url":"https:\/\/www.atouchofafrica.ch\/wp-content\/uploads\/2018\/04\/IMG_1315.jpg","type":"image\/jpeg"}],"twitter_card":"summary_large_image","schema":{"@context":"https:\/\/schema.org","@graph":[{"@type":"WebPage","@id":"https:\/\/www.atouchofafrica.ch\/fr\/produkt\/collier-avec-pendentif-touareg-traditionel\/","url":"https:\/\/www.atouchofafrica.ch\/fr\/produkt\/collier-avec-pendentif-touareg-traditionel\/","name":"Collier avec pendentif touareg traditionel - A Touch of Africa","isPartOf":{"@id":"https:\/\/www.atouchofafrica.ch\/fr\/#website"},"primaryImageOfPage":{"@id":"https:\/\/www.atouchofafrica.ch\/fr\/produkt\/collier-avec-pendentif-touareg-traditionel\/#primaryimage"},"image":{"@id":"https:\/\/www.atouchofafrica.ch\/fr\/produkt\/collier-avec-pendentif-touareg-traditionel\/#primaryimage"},"thumbnailUrl":"https:\/\/www.atouchofafrica.ch\/wp-content\/uploads\/2018\/04\/IMG_1315.jpg","datePublished":"2019-03-13T08:42:25+00:00","breadcrumb":{"@id":"https:\/\/www.atouchofafrica.ch\/fr\/produkt\/collier-avec-pendentif-touareg-traditionel\/#breadcrumb"},"inLanguage":"fr-FR","potentialAction":[{"@type":"ReadAction","target":["https:\/\/www.atouchofafrica.ch\/fr\/produkt\/collier-avec-pendentif-touareg-traditionel\/"]}]},{"@type":"ImageObject","inLanguage":"fr-FR","@id":"https:\/\/www.atouchofafrica.ch\/fr\/produkt\/collier-avec-pendentif-touareg-traditionel\/#primaryimage","url":"https:\/\/www.atouchofafrica.ch\/wp-content\/uploads\/2018\/04\/IMG_1315.jpg","contentUrl":"https:\/\/www.atouchofafrica.ch\/wp-content\/uploads\/2018\/04\/IMG_1315.jpg","width":1500,"height":1000},{"@type":"BreadcrumbList","@id":"https:\/\/www.atouchofafrica.ch\/fr\/produkt\/collier-avec-pendentif-touareg-traditionel\/#breadcrumb","itemListElement":[{"@type":"ListItem","position":1,"name":"Startseite","item":"https:\/\/www.atouchofafrica.ch\/fr\/"},{"@type":"ListItem","position":2,"name":"Produits","item":"https:\/\/www.atouchofafrica.ch\/fr\/shop\/"},{"@type":"ListItem","position":3,"name":"Collier avec pendentif touareg traditionel"}]},{"@type":"WebSite","@id":"https:\/\/www.atouchofafrica.ch\/fr\/#website","url":"https:\/\/www.atouchofafrica.ch\/fr\/","name":"A Touch of Africa","description":"Moderne Fairtrade Wohnideen vom afrikanischen Kontinent","potentialAction":[{"@type":"SearchAction","target":{"@type":"EntryPoint","urlTemplate":"https:\/\/www.atouchofafrica.ch\/fr\/?s={search_term_string}"},"query-input":{"@type":"PropertyValueSpecification","valueRequired":true,"valueName":"search_term_string"}}],"inLanguage":"fr-FR"}]}},"_links":{"self":[{"href":"https:\/\/www.atouchofafrica.ch\/fr\/wp-json\/wp\/v2\/product\/2851","targetHints":{"allow":["GET"]}}],"collection":[{"href":"https:\/\/www.atouchofafrica.ch\/fr\/wp-json\/wp\/v2\/product"}],"about":[{"href":"https:\/\/www.atouchofafrica.ch\/fr\/wp-json\/wp\/v2\/types\/product"}],"wp:featuredmedia":[{"embeddable":true,"href":"https:\/\/www.atouchofafrica.ch\/fr\/wp-json\/wp\/v2\/media\/1900"}],"wp:attachment":[{"href":"https:\/\/www.atouchofafrica.ch\/fr\/wp-json\/wp\/v2\/media?parent=2851"}],"wp:term":[{"taxonomy":"product_brand","embeddable":true,"href":"https:\/\/www.atouchofafrica.ch\/fr\/wp-json\/wp\/v2\/product_brand?post=2851"},{"taxonomy":"product_cat","embeddable":true,"href":"https:\/\/www.atouchofafrica.ch\/fr\/wp-json\/wp\/v2\/product_cat?post=2851"},{"taxonomy":"product_tag","embeddable":true,"href":"https:\/\/www.atouchofafrica.ch\/fr\/wp-json\/wp\/v2\/product_tag?post=2851"}],"curies":[{"name":"wp","href":"https:\/\/api.w.org\/{rel}","templated":true}]}}