{"id":2577,"date":"2018-04-30T08:22:38","date_gmt":"2019-01-14T11:33:48","guid":{"rendered":"https:\/\/www.atouchofafrica.ch\/?post_type=product&#038;p=2577"},"modified":"2019-01-14T11:45:51","modified_gmt":"2019-01-14T11:45:51","slug":"bougoir-kokskraal-m","status":"publish","type":"product","link":"https:\/\/www.atouchofafrica.ch\/fr\/produkt\/bougoir-kokskraal-m\/","title":{"rendered":"Bougeoir Kokskraal M"},"content":{"rendered":"<p>Fait main en Afrique du Sud avec du bois, des poils de porc-\u00e9pic et des plumes de pintade. Emball\u00e9 en cellophane transparente. Hauteur 17 cm, largeur d\u00e9pend du bois, 7 &#8211; 9 cm, poids environs 360 gr. Produit de Kokskraal Handcrafts<\/p>\n","protected":false},"excerpt":{"rendered":"<p>Fait main en Afrique du Sud avec du bois, des poils de porc-\u00e9pic et des plumes de pintade. Emball\u00e9 en cellophane transparente. Hauteur 17 cm, largeur d\u00e9pend du bois, 7 &#8211; 9 cm, poids environs 360 gr. Produit de Kokskraal Handcrafts<\/p>\n","protected":false},"featured_media":1571,"template":"","meta":{"_acf_changed":false},"product_brand":[],"product_cat":[130],"product_tag":[],"class_list":{"0":"post-2577","1":"product","2":"type-product","3":"status-publish","4":"has-post-thumbnail","6":"product_cat-bougeoirs-dafrique-du-sud","7":"product_shipping_class-expedition-standard","9":"first","10":"instock","11":"sale","12":"shipping-taxable","13":"purchasable","14":"product-type-simple"},"acf":[],"yoast_head":"<!-- This site is optimized with the Yoast SEO plugin v26.0 - https:\/\/yoast.com\/wordpress\/plugins\/seo\/ -->\n<title>Bougeoir Kokskraal M - A Touch of Africa<\/title>\n<meta name=\"robots\" content=\"index, follow, max-snippet:-1, max-image-preview:large, max-video-preview:-1\" \/>\n<link rel=\"canonical\" href=\"https:\/\/www.atouchofafrica.ch\/fr\/produkt\/bougoir-kokskraal-m\/\" \/>\n<meta property=\"og:locale\" content=\"fr_FR\" \/>\n<meta property=\"og:type\" content=\"article\" \/>\n<meta property=\"og:title\" content=\"Bougeoir Kokskraal M - A Touch of Africa\" \/>\n<meta property=\"og:description\" content=\"Fait main en Afrique du Sud avec du bois, des poils de porc-\u00e9pic et des plumes de pintade. Emball\u00e9 en cellophane transparente. Hauteur 17 cm, largeur d\u00e9pend du bois, 7 &#8211; 9 cm, poids environs 360 gr. Produit de Kokskraal Handcrafts\" \/>\n<meta property=\"og:url\" content=\"https:\/\/www.atouchofafrica.ch\/fr\/produkt\/bougoir-kokskraal-m\/\" \/>\n<meta property=\"og:site_name\" content=\"A Touch of Africa\" \/>\n<meta property=\"article:modified_time\" content=\"2019-01-14T11:45:51+00:00\" \/>\n<meta property=\"og:image\" content=\"https:\/\/www.atouchofafrica.ch\/wp-content\/uploads\/2018\/04\/IMG_0285.jpg\" \/>\n\t<meta property=\"og:image:width\" content=\"1500\" \/>\n\t<meta property=\"og:image:height\" content=\"1000\" \/>\n\t<meta property=\"og:image:type\" content=\"image\/jpeg\" \/>\n<meta name=\"twitter:card\" content=\"summary_large_image\" \/>\n<script type=\"application\/ld+json\" class=\"yoast-schema-graph\">{\"@context\":\"https:\/\/schema.org\",\"@graph\":[{\"@type\":\"WebPage\",\"@id\":\"https:\/\/www.atouchofafrica.ch\/fr\/produkt\/bougoir-kokskraal-m\/\",\"url\":\"https:\/\/www.atouchofafrica.ch\/fr\/produkt\/bougoir-kokskraal-m\/\",\"name\":\"Bougeoir Kokskraal M - A Touch of Africa\",\"isPartOf\":{\"@id\":\"https:\/\/www.atouchofafrica.ch\/fr\/#website\"},\"primaryImageOfPage\":{\"@id\":\"https:\/\/www.atouchofafrica.ch\/fr\/produkt\/bougoir-kokskraal-m\/#primaryimage\"},\"image\":{\"@id\":\"https:\/\/www.atouchofafrica.ch\/fr\/produkt\/bougoir-kokskraal-m\/#primaryimage\"},\"thumbnailUrl\":\"https:\/\/www.atouchofafrica.ch\/wp-content\/uploads\/2018\/04\/IMG_0285.jpg\",\"datePublished\":\"2019-01-14T11:33:48+00:00\",\"dateModified\":\"2019-01-14T11:45:51+00:00\",\"breadcrumb\":{\"@id\":\"https:\/\/www.atouchofafrica.ch\/fr\/produkt\/bougoir-kokskraal-m\/#breadcrumb\"},\"inLanguage\":\"fr-FR\",\"potentialAction\":[{\"@type\":\"ReadAction\",\"target\":[\"https:\/\/www.atouchofafrica.ch\/fr\/produkt\/bougoir-kokskraal-m\/\"]}]},{\"@type\":\"ImageObject\",\"inLanguage\":\"fr-FR\",\"@id\":\"https:\/\/www.atouchofafrica.ch\/fr\/produkt\/bougoir-kokskraal-m\/#primaryimage\",\"url\":\"https:\/\/www.atouchofafrica.ch\/wp-content\/uploads\/2018\/04\/IMG_0285.jpg\",\"contentUrl\":\"https:\/\/www.atouchofafrica.ch\/wp-content\/uploads\/2018\/04\/IMG_0285.jpg\",\"width\":1500,\"height\":1000},{\"@type\":\"BreadcrumbList\",\"@id\":\"https:\/\/www.atouchofafrica.ch\/fr\/produkt\/bougoir-kokskraal-m\/#breadcrumb\",\"itemListElement\":[{\"@type\":\"ListItem\",\"position\":1,\"name\":\"Startseite\",\"item\":\"https:\/\/www.atouchofafrica.ch\/fr\/\"},{\"@type\":\"ListItem\",\"position\":2,\"name\":\"Produits\",\"item\":\"https:\/\/www.atouchofafrica.ch\/fr\/shop\/\"},{\"@type\":\"ListItem\",\"position\":3,\"name\":\"Bougeoir Kokskraal M\"}]},{\"@type\":\"WebSite\",\"@id\":\"https:\/\/www.atouchofafrica.ch\/fr\/#website\",\"url\":\"https:\/\/www.atouchofafrica.ch\/fr\/\",\"name\":\"A Touch of Africa\",\"description\":\"Moderne Fairtrade Wohnideen vom afrikanischen Kontinent\",\"potentialAction\":[{\"@type\":\"SearchAction\",\"target\":{\"@type\":\"EntryPoint\",\"urlTemplate\":\"https:\/\/www.atouchofafrica.ch\/fr\/?s={search_term_string}\"},\"query-input\":{\"@type\":\"PropertyValueSpecification\",\"valueRequired\":true,\"valueName\":\"search_term_string\"}}],\"inLanguage\":\"fr-FR\"}]}<\/script>\n<!-- \/ Yoast SEO plugin. -->","yoast_head_json":{"title":"Bougeoir Kokskraal M - A Touch of Africa","robots":{"index":"index","follow":"follow","max-snippet":"max-snippet:-1","max-image-preview":"max-image-preview:large","max-video-preview":"max-video-preview:-1"},"canonical":"https:\/\/www.atouchofafrica.ch\/fr\/produkt\/bougoir-kokskraal-m\/","og_locale":"fr_FR","og_type":"article","og_title":"Bougeoir Kokskraal M - A Touch of Africa","og_description":"Fait main en Afrique du Sud avec du bois, des poils de porc-\u00e9pic et des plumes de pintade. Emball\u00e9 en cellophane transparente. Hauteur 17 cm, largeur d\u00e9pend du bois, 7 &#8211; 9 cm, poids environs 360 gr. Produit de Kokskraal Handcrafts","og_url":"https:\/\/www.atouchofafrica.ch\/fr\/produkt\/bougoir-kokskraal-m\/","og_site_name":"A Touch of Africa","article_modified_time":"2019-01-14T11:45:51+00:00","og_image":[{"width":1500,"height":1000,"url":"https:\/\/www.atouchofafrica.ch\/wp-content\/uploads\/2018\/04\/IMG_0285.jpg","type":"image\/jpeg"}],"twitter_card":"summary_large_image","schema":{"@context":"https:\/\/schema.org","@graph":[{"@type":"WebPage","@id":"https:\/\/www.atouchofafrica.ch\/fr\/produkt\/bougoir-kokskraal-m\/","url":"https:\/\/www.atouchofafrica.ch\/fr\/produkt\/bougoir-kokskraal-m\/","name":"Bougeoir Kokskraal M - A Touch of Africa","isPartOf":{"@id":"https:\/\/www.atouchofafrica.ch\/fr\/#website"},"primaryImageOfPage":{"@id":"https:\/\/www.atouchofafrica.ch\/fr\/produkt\/bougoir-kokskraal-m\/#primaryimage"},"image":{"@id":"https:\/\/www.atouchofafrica.ch\/fr\/produkt\/bougoir-kokskraal-m\/#primaryimage"},"thumbnailUrl":"https:\/\/www.atouchofafrica.ch\/wp-content\/uploads\/2018\/04\/IMG_0285.jpg","datePublished":"2019-01-14T11:33:48+00:00","dateModified":"2019-01-14T11:45:51+00:00","breadcrumb":{"@id":"https:\/\/www.atouchofafrica.ch\/fr\/produkt\/bougoir-kokskraal-m\/#breadcrumb"},"inLanguage":"fr-FR","potentialAction":[{"@type":"ReadAction","target":["https:\/\/www.atouchofafrica.ch\/fr\/produkt\/bougoir-kokskraal-m\/"]}]},{"@type":"ImageObject","inLanguage":"fr-FR","@id":"https:\/\/www.atouchofafrica.ch\/fr\/produkt\/bougoir-kokskraal-m\/#primaryimage","url":"https:\/\/www.atouchofafrica.ch\/wp-content\/uploads\/2018\/04\/IMG_0285.jpg","contentUrl":"https:\/\/www.atouchofafrica.ch\/wp-content\/uploads\/2018\/04\/IMG_0285.jpg","width":1500,"height":1000},{"@type":"BreadcrumbList","@id":"https:\/\/www.atouchofafrica.ch\/fr\/produkt\/bougoir-kokskraal-m\/#breadcrumb","itemListElement":[{"@type":"ListItem","position":1,"name":"Startseite","item":"https:\/\/www.atouchofafrica.ch\/fr\/"},{"@type":"ListItem","position":2,"name":"Produits","item":"https:\/\/www.atouchofafrica.ch\/fr\/shop\/"},{"@type":"ListItem","position":3,"name":"Bougeoir Kokskraal M"}]},{"@type":"WebSite","@id":"https:\/\/www.atouchofafrica.ch\/fr\/#website","url":"https:\/\/www.atouchofafrica.ch\/fr\/","name":"A Touch of Africa","description":"Moderne Fairtrade Wohnideen vom afrikanischen Kontinent","potentialAction":[{"@type":"SearchAction","target":{"@type":"EntryPoint","urlTemplate":"https:\/\/www.atouchofafrica.ch\/fr\/?s={search_term_string}"},"query-input":{"@type":"PropertyValueSpecification","valueRequired":true,"valueName":"search_term_string"}}],"inLanguage":"fr-FR"}]}},"_links":{"self":[{"href":"https:\/\/www.atouchofafrica.ch\/fr\/wp-json\/wp\/v2\/product\/2577","targetHints":{"allow":["GET"]}}],"collection":[{"href":"https:\/\/www.atouchofafrica.ch\/fr\/wp-json\/wp\/v2\/product"}],"about":[{"href":"https:\/\/www.atouchofafrica.ch\/fr\/wp-json\/wp\/v2\/types\/product"}],"wp:featuredmedia":[{"embeddable":true,"href":"https:\/\/www.atouchofafrica.ch\/fr\/wp-json\/wp\/v2\/media\/1571"}],"wp:attachment":[{"href":"https:\/\/www.atouchofafrica.ch\/fr\/wp-json\/wp\/v2\/media?parent=2577"}],"wp:term":[{"taxonomy":"product_brand","embeddable":true,"href":"https:\/\/www.atouchofafrica.ch\/fr\/wp-json\/wp\/v2\/product_brand?post=2577"},{"taxonomy":"product_cat","embeddable":true,"href":"https:\/\/www.atouchofafrica.ch\/fr\/wp-json\/wp\/v2\/product_cat?post=2577"},{"taxonomy":"product_tag","embeddable":true,"href":"https:\/\/www.atouchofafrica.ch\/fr\/wp-json\/wp\/v2\/product_tag?post=2577"}],"curies":[{"name":"wp","href":"https:\/\/api.w.org\/{rel}","templated":true}]}}