{"id":11996,"date":"2026-03-26T14:22:22","date_gmt":"2026-03-26T14:22:22","guid":{"rendered":"https:\/\/www.atouchofafrica.ch\/produkt\/korb-mit-deckel\/"},"modified":"2026-04-03T15:38:29","modified_gmt":"2026-04-03T15:38:29","slug":"korb-mit-deckel","status":"publish","type":"product","link":"https:\/\/www.atouchofafrica.ch\/fr\/produkt\/korb-mit-deckel\/","title":{"rendered":"Panier avec couvercle"},"content":{"rendered":"<p>Panier avec couvercle, fabriqu\u00e9 dans le cadre du projet Womencraft en Tanzanie, en raphia, en blanc, beige et un peu de noir. Livr\u00e9 avec un sac int\u00e9rieur, donc adapt\u00e9 pour garder les pommes de terre chaudes lors d&rsquo;un raclette. Diam\u00e8tre 16 cm, hauteur du panier 17 cm, avec couvercle 32 cm<\/p>\n","protected":false},"excerpt":{"rendered":"<p>Panier avec couvercle, fabriqu\u00e9 dans le cadre du projet Womencraft en Tanzanie, en raphia, en blanc, beige et un peu de noir. Livr\u00e9 avec un sac int\u00e9rieur, donc adapt\u00e9 pour garder les pommes de terre chaudes lors d&rsquo;un raclette. Diam\u00e8tre 16 cm, hauteur du panier 17 cm, avec couvercle 32 cm<\/p>\n","protected":false},"featured_media":11823,"template":"","meta":{"_acf_changed":false},"product_brand":[],"product_cat":[381],"product_tag":[],"class_list":{"0":"post-11996","1":"product","2":"type-product","3":"status-publish","4":"has-post-thumbnail","6":"product_cat-koerbe-ost-afrika-fr","7":"product_shipping_class-expedition-standard","9":"first","10":"instock","11":"sale","12":"shipping-taxable","13":"purchasable","14":"product-type-simple"},"acf":[],"yoast_head":"<!-- This site is optimized with the Yoast SEO plugin v26.0 - https:\/\/yoast.com\/wordpress\/plugins\/seo\/ -->\n<title>Panier avec couvercle - A Touch of Africa<\/title>\n<meta name=\"robots\" content=\"index, follow, max-snippet:-1, max-image-preview:large, max-video-preview:-1\" \/>\n<link rel=\"canonical\" href=\"https:\/\/www.atouchofafrica.ch\/fr\/produkt\/korb-mit-deckel\/\" \/>\n<meta property=\"og:locale\" content=\"fr_FR\" \/>\n<meta property=\"og:type\" content=\"article\" \/>\n<meta property=\"og:title\" content=\"Panier avec couvercle - A Touch of Africa\" \/>\n<meta property=\"og:description\" content=\"Panier avec couvercle, fabriqu\u00e9 dans le cadre du projet Womencraft en Tanzanie, en raphia, en blanc, beige et un peu de noir. Livr\u00e9 avec un sac int\u00e9rieur, donc adapt\u00e9 pour garder les pommes de terre chaudes lors d&rsquo;un raclette. Diam\u00e8tre 16 cm, hauteur du panier 17 cm, avec couvercle 32 cm\" \/>\n<meta property=\"og:url\" content=\"https:\/\/www.atouchofafrica.ch\/fr\/produkt\/korb-mit-deckel\/\" \/>\n<meta property=\"og:site_name\" content=\"A Touch of Africa\" \/>\n<meta property=\"article:modified_time\" content=\"2026-04-03T15:38:29+00:00\" \/>\n<meta property=\"og:image\" content=\"https:\/\/www.atouchofafrica.ch\/wp-content\/uploads\/2026\/03\/Raclette.jpg\" \/>\n\t<meta property=\"og:image:width\" content=\"1137\" \/>\n\t<meta property=\"og:image:height\" content=\"1596\" \/>\n\t<meta property=\"og:image:type\" content=\"image\/jpeg\" \/>\n<meta name=\"twitter:card\" content=\"summary_large_image\" \/>\n<meta name=\"twitter:label1\" content=\"Dur\u00e9e de lecture estim\u00e9e\" \/>\n\t<meta name=\"twitter:data1\" content=\"1 minute\" \/>\n<script type=\"application\/ld+json\" class=\"yoast-schema-graph\">{\"@context\":\"https:\/\/schema.org\",\"@graph\":[{\"@type\":\"WebPage\",\"@id\":\"https:\/\/www.atouchofafrica.ch\/fr\/produkt\/korb-mit-deckel\/\",\"url\":\"https:\/\/www.atouchofafrica.ch\/fr\/produkt\/korb-mit-deckel\/\",\"name\":\"Panier avec couvercle - A Touch of Africa\",\"isPartOf\":{\"@id\":\"https:\/\/www.atouchofafrica.ch\/fr\/#website\"},\"primaryImageOfPage\":{\"@id\":\"https:\/\/www.atouchofafrica.ch\/fr\/produkt\/korb-mit-deckel\/#primaryimage\"},\"image\":{\"@id\":\"https:\/\/www.atouchofafrica.ch\/fr\/produkt\/korb-mit-deckel\/#primaryimage\"},\"thumbnailUrl\":\"https:\/\/www.atouchofafrica.ch\/wp-content\/uploads\/2026\/03\/Raclette.jpg\",\"datePublished\":\"2026-03-26T14:22:22+00:00\",\"dateModified\":\"2026-04-03T15:38:29+00:00\",\"breadcrumb\":{\"@id\":\"https:\/\/www.atouchofafrica.ch\/fr\/produkt\/korb-mit-deckel\/#breadcrumb\"},\"inLanguage\":\"fr-FR\",\"potentialAction\":[{\"@type\":\"ReadAction\",\"target\":[\"https:\/\/www.atouchofafrica.ch\/fr\/produkt\/korb-mit-deckel\/\"]}]},{\"@type\":\"ImageObject\",\"inLanguage\":\"fr-FR\",\"@id\":\"https:\/\/www.atouchofafrica.ch\/fr\/produkt\/korb-mit-deckel\/#primaryimage\",\"url\":\"https:\/\/www.atouchofafrica.ch\/wp-content\/uploads\/2026\/03\/Raclette.jpg\",\"contentUrl\":\"https:\/\/www.atouchofafrica.ch\/wp-content\/uploads\/2026\/03\/Raclette.jpg\",\"width\":1137,\"height\":1596},{\"@type\":\"BreadcrumbList\",\"@id\":\"https:\/\/www.atouchofafrica.ch\/fr\/produkt\/korb-mit-deckel\/#breadcrumb\",\"itemListElement\":[{\"@type\":\"ListItem\",\"position\":1,\"name\":\"Startseite\",\"item\":\"https:\/\/www.atouchofafrica.ch\/fr\/\"},{\"@type\":\"ListItem\",\"position\":2,\"name\":\"Produits\",\"item\":\"https:\/\/www.atouchofafrica.ch\/fr\/shop\/\"},{\"@type\":\"ListItem\",\"position\":3,\"name\":\"Panier avec couvercle\"}]},{\"@type\":\"WebSite\",\"@id\":\"https:\/\/www.atouchofafrica.ch\/fr\/#website\",\"url\":\"https:\/\/www.atouchofafrica.ch\/fr\/\",\"name\":\"A Touch of Africa\",\"description\":\"Moderne Fairtrade Wohnideen vom afrikanischen Kontinent\",\"potentialAction\":[{\"@type\":\"SearchAction\",\"target\":{\"@type\":\"EntryPoint\",\"urlTemplate\":\"https:\/\/www.atouchofafrica.ch\/fr\/?s={search_term_string}\"},\"query-input\":{\"@type\":\"PropertyValueSpecification\",\"valueRequired\":true,\"valueName\":\"search_term_string\"}}],\"inLanguage\":\"fr-FR\"}]}<\/script>\n<!-- \/ Yoast SEO plugin. -->","yoast_head_json":{"title":"Panier avec couvercle - A Touch of Africa","robots":{"index":"index","follow":"follow","max-snippet":"max-snippet:-1","max-image-preview":"max-image-preview:large","max-video-preview":"max-video-preview:-1"},"canonical":"https:\/\/www.atouchofafrica.ch\/fr\/produkt\/korb-mit-deckel\/","og_locale":"fr_FR","og_type":"article","og_title":"Panier avec couvercle - A Touch of Africa","og_description":"Panier avec couvercle, fabriqu\u00e9 dans le cadre du projet Womencraft en Tanzanie, en raphia, en blanc, beige et un peu de noir. Livr\u00e9 avec un sac int\u00e9rieur, donc adapt\u00e9 pour garder les pommes de terre chaudes lors d&rsquo;un raclette. Diam\u00e8tre 16 cm, hauteur du panier 17 cm, avec couvercle 32 cm","og_url":"https:\/\/www.atouchofafrica.ch\/fr\/produkt\/korb-mit-deckel\/","og_site_name":"A Touch of Africa","article_modified_time":"2026-04-03T15:38:29+00:00","og_image":[{"width":1137,"height":1596,"url":"https:\/\/www.atouchofafrica.ch\/wp-content\/uploads\/2026\/03\/Raclette.jpg","type":"image\/jpeg"}],"twitter_card":"summary_large_image","twitter_misc":{"Dur\u00e9e de lecture estim\u00e9e":"1 minute"},"schema":{"@context":"https:\/\/schema.org","@graph":[{"@type":"WebPage","@id":"https:\/\/www.atouchofafrica.ch\/fr\/produkt\/korb-mit-deckel\/","url":"https:\/\/www.atouchofafrica.ch\/fr\/produkt\/korb-mit-deckel\/","name":"Panier avec couvercle - A Touch of Africa","isPartOf":{"@id":"https:\/\/www.atouchofafrica.ch\/fr\/#website"},"primaryImageOfPage":{"@id":"https:\/\/www.atouchofafrica.ch\/fr\/produkt\/korb-mit-deckel\/#primaryimage"},"image":{"@id":"https:\/\/www.atouchofafrica.ch\/fr\/produkt\/korb-mit-deckel\/#primaryimage"},"thumbnailUrl":"https:\/\/www.atouchofafrica.ch\/wp-content\/uploads\/2026\/03\/Raclette.jpg","datePublished":"2026-03-26T14:22:22+00:00","dateModified":"2026-04-03T15:38:29+00:00","breadcrumb":{"@id":"https:\/\/www.atouchofafrica.ch\/fr\/produkt\/korb-mit-deckel\/#breadcrumb"},"inLanguage":"fr-FR","potentialAction":[{"@type":"ReadAction","target":["https:\/\/www.atouchofafrica.ch\/fr\/produkt\/korb-mit-deckel\/"]}]},{"@type":"ImageObject","inLanguage":"fr-FR","@id":"https:\/\/www.atouchofafrica.ch\/fr\/produkt\/korb-mit-deckel\/#primaryimage","url":"https:\/\/www.atouchofafrica.ch\/wp-content\/uploads\/2026\/03\/Raclette.jpg","contentUrl":"https:\/\/www.atouchofafrica.ch\/wp-content\/uploads\/2026\/03\/Raclette.jpg","width":1137,"height":1596},{"@type":"BreadcrumbList","@id":"https:\/\/www.atouchofafrica.ch\/fr\/produkt\/korb-mit-deckel\/#breadcrumb","itemListElement":[{"@type":"ListItem","position":1,"name":"Startseite","item":"https:\/\/www.atouchofafrica.ch\/fr\/"},{"@type":"ListItem","position":2,"name":"Produits","item":"https:\/\/www.atouchofafrica.ch\/fr\/shop\/"},{"@type":"ListItem","position":3,"name":"Panier avec couvercle"}]},{"@type":"WebSite","@id":"https:\/\/www.atouchofafrica.ch\/fr\/#website","url":"https:\/\/www.atouchofafrica.ch\/fr\/","name":"A Touch of Africa","description":"Moderne Fairtrade Wohnideen vom afrikanischen Kontinent","potentialAction":[{"@type":"SearchAction","target":{"@type":"EntryPoint","urlTemplate":"https:\/\/www.atouchofafrica.ch\/fr\/?s={search_term_string}"},"query-input":{"@type":"PropertyValueSpecification","valueRequired":true,"valueName":"search_term_string"}}],"inLanguage":"fr-FR"}]}},"_links":{"self":[{"href":"https:\/\/www.atouchofafrica.ch\/fr\/wp-json\/wp\/v2\/product\/11996","targetHints":{"allow":["GET"]}}],"collection":[{"href":"https:\/\/www.atouchofafrica.ch\/fr\/wp-json\/wp\/v2\/product"}],"about":[{"href":"https:\/\/www.atouchofafrica.ch\/fr\/wp-json\/wp\/v2\/types\/product"}],"wp:featuredmedia":[{"embeddable":true,"href":"https:\/\/www.atouchofafrica.ch\/fr\/wp-json\/wp\/v2\/media\/11823"}],"wp:attachment":[{"href":"https:\/\/www.atouchofafrica.ch\/fr\/wp-json\/wp\/v2\/media?parent=11996"}],"wp:term":[{"taxonomy":"product_brand","embeddable":true,"href":"https:\/\/www.atouchofafrica.ch\/fr\/wp-json\/wp\/v2\/product_brand?post=11996"},{"taxonomy":"product_cat","embeddable":true,"href":"https:\/\/www.atouchofafrica.ch\/fr\/wp-json\/wp\/v2\/product_cat?post=11996"},{"taxonomy":"product_tag","embeddable":true,"href":"https:\/\/www.atouchofafrica.ch\/fr\/wp-json\/wp\/v2\/product_tag?post=11996"}],"curies":[{"name":"wp","href":"https:\/\/api.w.org\/{rel}","templated":true}]}}