{"id":11984,"date":"2026-03-28T17:54:47","date_gmt":"2026-03-28T17:54:47","guid":{"rendered":"https:\/\/www.atouchofafrica.ch\/produkt\/glasdose-mit-holzdeckel\/"},"modified":"2026-04-03T15:16:33","modified_gmt":"2026-04-03T15:16:33","slug":"glasdose-mit-holzdeckel","status":"publish","type":"product","link":"https:\/\/www.atouchofafrica.ch\/fr\/produkt\/glasdose-mit-holzdeckel\/","title":{"rendered":"Bo\u00eete en verre et bois"},"content":{"rendered":"<p>Bo\u00eete provenant de la partie inf\u00e9rieure d&rsquo;une bouteille, dessus avec un couvercle en coquille de noix de coco, joliment ray\u00e9e, d\u00e9cor\u00e9e en haut avec du verre (partie sup\u00e9rieure de la bouteille). Travail artisanal cr\u00e9atif du Mozambique. Diam\u00e8tre 7 cm, hauteur 8 cm.<\/p>\n<p>&nbsp;<\/p>\n","protected":false},"excerpt":{"rendered":"<p>Bo\u00eete provenant de la partie inf\u00e9rieure d&rsquo;une bouteille, dessus avec un couvercle en coquille de noix de coco, joliment ray\u00e9e, d\u00e9cor\u00e9e en haut avec du verre (partie sup\u00e9rieure de la bouteille). Travail artisanal cr\u00e9atif du Mozambique. Diam\u00e8tre 7 cm, hauteur 8 cm. &nbsp;<\/p>\n","protected":false},"featured_media":11870,"template":"","meta":{"_acf_changed":false},"product_brand":[],"product_cat":[98],"product_tag":[],"class_list":{"0":"post-11984","1":"product","2":"type-product","3":"status-publish","4":"has-post-thumbnail","6":"product_cat-decoration-accessoires","7":"product_shipping_class-expedition-standard","9":"first","10":"instock","11":"sale","12":"shipping-taxable","13":"purchasable","14":"product-type-simple"},"acf":[],"yoast_head":"<!-- This site is optimized with the Yoast SEO plugin v26.0 - https:\/\/yoast.com\/wordpress\/plugins\/seo\/ -->\n<title>Bo\u00eete en verre et bois - A Touch of Africa<\/title>\n<meta name=\"robots\" content=\"index, follow, max-snippet:-1, max-image-preview:large, max-video-preview:-1\" \/>\n<link rel=\"canonical\" href=\"https:\/\/www.atouchofafrica.ch\/fr\/produkt\/glasdose-mit-holzdeckel\/\" \/>\n<meta property=\"og:locale\" content=\"fr_FR\" \/>\n<meta property=\"og:type\" content=\"article\" \/>\n<meta property=\"og:title\" content=\"Bo\u00eete en verre et bois - A Touch of Africa\" \/>\n<meta property=\"og:description\" content=\"Bo\u00eete provenant de la partie inf\u00e9rieure d&rsquo;une bouteille, dessus avec un couvercle en coquille de noix de coco, joliment ray\u00e9e, d\u00e9cor\u00e9e en haut avec du verre (partie sup\u00e9rieure de la bouteille). Travail artisanal cr\u00e9atif du Mozambique. Diam\u00e8tre 7 cm, hauteur 8 cm. &nbsp;\" \/>\n<meta property=\"og:url\" content=\"https:\/\/www.atouchofafrica.ch\/fr\/produkt\/glasdose-mit-holzdeckel\/\" \/>\n<meta property=\"og:site_name\" content=\"A Touch of Africa\" \/>\n<meta property=\"article:modified_time\" content=\"2026-04-03T15:16:33+00:00\" \/>\n<meta property=\"og:image\" content=\"https:\/\/www.atouchofafrica.ch\/wp-content\/uploads\/2026\/03\/Glas3.jpg\" \/>\n\t<meta property=\"og:image:width\" content=\"965\" \/>\n\t<meta property=\"og:image:height\" content=\"1116\" \/>\n\t<meta property=\"og:image:type\" content=\"image\/jpeg\" \/>\n<meta name=\"twitter:card\" content=\"summary_large_image\" \/>\n<meta name=\"twitter:label1\" content=\"Dur\u00e9e de lecture estim\u00e9e\" \/>\n\t<meta name=\"twitter:data1\" content=\"1 minute\" \/>\n<script type=\"application\/ld+json\" class=\"yoast-schema-graph\">{\"@context\":\"https:\/\/schema.org\",\"@graph\":[{\"@type\":\"WebPage\",\"@id\":\"https:\/\/www.atouchofafrica.ch\/fr\/produkt\/glasdose-mit-holzdeckel\/\",\"url\":\"https:\/\/www.atouchofafrica.ch\/fr\/produkt\/glasdose-mit-holzdeckel\/\",\"name\":\"Bo\u00eete en verre et bois - A Touch of Africa\",\"isPartOf\":{\"@id\":\"https:\/\/www.atouchofafrica.ch\/fr\/#website\"},\"primaryImageOfPage\":{\"@id\":\"https:\/\/www.atouchofafrica.ch\/fr\/produkt\/glasdose-mit-holzdeckel\/#primaryimage\"},\"image\":{\"@id\":\"https:\/\/www.atouchofafrica.ch\/fr\/produkt\/glasdose-mit-holzdeckel\/#primaryimage\"},\"thumbnailUrl\":\"https:\/\/www.atouchofafrica.ch\/wp-content\/uploads\/2026\/03\/Glas3.jpg\",\"datePublished\":\"2026-03-28T17:54:47+00:00\",\"dateModified\":\"2026-04-03T15:16:33+00:00\",\"breadcrumb\":{\"@id\":\"https:\/\/www.atouchofafrica.ch\/fr\/produkt\/glasdose-mit-holzdeckel\/#breadcrumb\"},\"inLanguage\":\"fr-FR\",\"potentialAction\":[{\"@type\":\"ReadAction\",\"target\":[\"https:\/\/www.atouchofafrica.ch\/fr\/produkt\/glasdose-mit-holzdeckel\/\"]}]},{\"@type\":\"ImageObject\",\"inLanguage\":\"fr-FR\",\"@id\":\"https:\/\/www.atouchofafrica.ch\/fr\/produkt\/glasdose-mit-holzdeckel\/#primaryimage\",\"url\":\"https:\/\/www.atouchofafrica.ch\/wp-content\/uploads\/2026\/03\/Glas3.jpg\",\"contentUrl\":\"https:\/\/www.atouchofafrica.ch\/wp-content\/uploads\/2026\/03\/Glas3.jpg\",\"width\":965,\"height\":1116},{\"@type\":\"BreadcrumbList\",\"@id\":\"https:\/\/www.atouchofafrica.ch\/fr\/produkt\/glasdose-mit-holzdeckel\/#breadcrumb\",\"itemListElement\":[{\"@type\":\"ListItem\",\"position\":1,\"name\":\"Startseite\",\"item\":\"https:\/\/www.atouchofafrica.ch\/fr\/\"},{\"@type\":\"ListItem\",\"position\":2,\"name\":\"Produits\",\"item\":\"https:\/\/www.atouchofafrica.ch\/fr\/shop\/\"},{\"@type\":\"ListItem\",\"position\":3,\"name\":\"Bo\u00eete en verre et bois\"}]},{\"@type\":\"WebSite\",\"@id\":\"https:\/\/www.atouchofafrica.ch\/fr\/#website\",\"url\":\"https:\/\/www.atouchofafrica.ch\/fr\/\",\"name\":\"A Touch of Africa\",\"description\":\"Moderne Fairtrade Wohnideen vom afrikanischen Kontinent\",\"potentialAction\":[{\"@type\":\"SearchAction\",\"target\":{\"@type\":\"EntryPoint\",\"urlTemplate\":\"https:\/\/www.atouchofafrica.ch\/fr\/?s={search_term_string}\"},\"query-input\":{\"@type\":\"PropertyValueSpecification\",\"valueRequired\":true,\"valueName\":\"search_term_string\"}}],\"inLanguage\":\"fr-FR\"}]}<\/script>\n<!-- \/ Yoast SEO plugin. -->","yoast_head_json":{"title":"Bo\u00eete en verre et bois - A Touch of Africa","robots":{"index":"index","follow":"follow","max-snippet":"max-snippet:-1","max-image-preview":"max-image-preview:large","max-video-preview":"max-video-preview:-1"},"canonical":"https:\/\/www.atouchofafrica.ch\/fr\/produkt\/glasdose-mit-holzdeckel\/","og_locale":"fr_FR","og_type":"article","og_title":"Bo\u00eete en verre et bois - A Touch of Africa","og_description":"Bo\u00eete provenant de la partie inf\u00e9rieure d&rsquo;une bouteille, dessus avec un couvercle en coquille de noix de coco, joliment ray\u00e9e, d\u00e9cor\u00e9e en haut avec du verre (partie sup\u00e9rieure de la bouteille). Travail artisanal cr\u00e9atif du Mozambique. Diam\u00e8tre 7 cm, hauteur 8 cm. &nbsp;","og_url":"https:\/\/www.atouchofafrica.ch\/fr\/produkt\/glasdose-mit-holzdeckel\/","og_site_name":"A Touch of Africa","article_modified_time":"2026-04-03T15:16:33+00:00","og_image":[{"width":965,"height":1116,"url":"https:\/\/www.atouchofafrica.ch\/wp-content\/uploads\/2026\/03\/Glas3.jpg","type":"image\/jpeg"}],"twitter_card":"summary_large_image","twitter_misc":{"Dur\u00e9e de lecture estim\u00e9e":"1 minute"},"schema":{"@context":"https:\/\/schema.org","@graph":[{"@type":"WebPage","@id":"https:\/\/www.atouchofafrica.ch\/fr\/produkt\/glasdose-mit-holzdeckel\/","url":"https:\/\/www.atouchofafrica.ch\/fr\/produkt\/glasdose-mit-holzdeckel\/","name":"Bo\u00eete en verre et bois - A Touch of Africa","isPartOf":{"@id":"https:\/\/www.atouchofafrica.ch\/fr\/#website"},"primaryImageOfPage":{"@id":"https:\/\/www.atouchofafrica.ch\/fr\/produkt\/glasdose-mit-holzdeckel\/#primaryimage"},"image":{"@id":"https:\/\/www.atouchofafrica.ch\/fr\/produkt\/glasdose-mit-holzdeckel\/#primaryimage"},"thumbnailUrl":"https:\/\/www.atouchofafrica.ch\/wp-content\/uploads\/2026\/03\/Glas3.jpg","datePublished":"2026-03-28T17:54:47+00:00","dateModified":"2026-04-03T15:16:33+00:00","breadcrumb":{"@id":"https:\/\/www.atouchofafrica.ch\/fr\/produkt\/glasdose-mit-holzdeckel\/#breadcrumb"},"inLanguage":"fr-FR","potentialAction":[{"@type":"ReadAction","target":["https:\/\/www.atouchofafrica.ch\/fr\/produkt\/glasdose-mit-holzdeckel\/"]}]},{"@type":"ImageObject","inLanguage":"fr-FR","@id":"https:\/\/www.atouchofafrica.ch\/fr\/produkt\/glasdose-mit-holzdeckel\/#primaryimage","url":"https:\/\/www.atouchofafrica.ch\/wp-content\/uploads\/2026\/03\/Glas3.jpg","contentUrl":"https:\/\/www.atouchofafrica.ch\/wp-content\/uploads\/2026\/03\/Glas3.jpg","width":965,"height":1116},{"@type":"BreadcrumbList","@id":"https:\/\/www.atouchofafrica.ch\/fr\/produkt\/glasdose-mit-holzdeckel\/#breadcrumb","itemListElement":[{"@type":"ListItem","position":1,"name":"Startseite","item":"https:\/\/www.atouchofafrica.ch\/fr\/"},{"@type":"ListItem","position":2,"name":"Produits","item":"https:\/\/www.atouchofafrica.ch\/fr\/shop\/"},{"@type":"ListItem","position":3,"name":"Bo\u00eete en verre et bois"}]},{"@type":"WebSite","@id":"https:\/\/www.atouchofafrica.ch\/fr\/#website","url":"https:\/\/www.atouchofafrica.ch\/fr\/","name":"A Touch of Africa","description":"Moderne Fairtrade Wohnideen vom afrikanischen Kontinent","potentialAction":[{"@type":"SearchAction","target":{"@type":"EntryPoint","urlTemplate":"https:\/\/www.atouchofafrica.ch\/fr\/?s={search_term_string}"},"query-input":{"@type":"PropertyValueSpecification","valueRequired":true,"valueName":"search_term_string"}}],"inLanguage":"fr-FR"}]}},"_links":{"self":[{"href":"https:\/\/www.atouchofafrica.ch\/fr\/wp-json\/wp\/v2\/product\/11984","targetHints":{"allow":["GET"]}}],"collection":[{"href":"https:\/\/www.atouchofafrica.ch\/fr\/wp-json\/wp\/v2\/product"}],"about":[{"href":"https:\/\/www.atouchofafrica.ch\/fr\/wp-json\/wp\/v2\/types\/product"}],"wp:featuredmedia":[{"embeddable":true,"href":"https:\/\/www.atouchofafrica.ch\/fr\/wp-json\/wp\/v2\/media\/11870"}],"wp:attachment":[{"href":"https:\/\/www.atouchofafrica.ch\/fr\/wp-json\/wp\/v2\/media?parent=11984"}],"wp:term":[{"taxonomy":"product_brand","embeddable":true,"href":"https:\/\/www.atouchofafrica.ch\/fr\/wp-json\/wp\/v2\/product_brand?post=11984"},{"taxonomy":"product_cat","embeddable":true,"href":"https:\/\/www.atouchofafrica.ch\/fr\/wp-json\/wp\/v2\/product_cat?post=11984"},{"taxonomy":"product_tag","embeddable":true,"href":"https:\/\/www.atouchofafrica.ch\/fr\/wp-json\/wp\/v2\/product_tag?post=11984"}],"curies":[{"name":"wp","href":"https:\/\/api.w.org\/{rel}","templated":true}]}}