{"id":11585,"date":"2026-03-17T17:48:31","date_gmt":"2026-03-17T17:48:31","guid":{"rendered":"https:\/\/www.atouchofafrica.ch\/produkt\/kleiner-elefant-tuerkis-aus-speckstein\/"},"modified":"2026-03-17T18:02:26","modified_gmt":"2026-03-17T18:02:26","slug":"kleiner-elefant-tuerkis-aus-speckstein","status":"publish","type":"product","link":"https:\/\/www.atouchofafrica.ch\/fr\/produkt\/kleiner-elefant-tuerkis-aus-speckstein\/","title":{"rendered":"Petit \u00e9l\u00e9fant en st\u00e9tite turuoise"},"content":{"rendered":"<p>Petit \u00e9l\u00e9fant fait main en st\u00e9atite dans la r\u00e9gion de Kisii en Kenya, 7x 3x 4.5 cm, environ 100 gr, couleur turquoise avec des rayons noir et blanc sur le trompe<\/p>\n","protected":false},"excerpt":{"rendered":"<p>Petit \u00e9l\u00e9fant fait main en st\u00e9atite dans la r\u00e9gion de Kisii en Kenya, 7x 3x 4.5 cm, environ 100 gr, couleur turquoise avec des rayons noir et blanc sur le trompe<\/p>\n","protected":false},"featured_media":11590,"template":"","meta":{"_acf_changed":false},"product_brand":[],"product_cat":[325],"product_tag":[],"class_list":{"0":"post-11585","1":"product","2":"type-product","3":"status-publish","4":"has-post-thumbnail","6":"product_cat-kleine-tiere-aus-speckstein-fr","7":"product_shipping_class-expedition-standard","9":"first","10":"instock","11":"sale","12":"shipping-taxable","13":"purchasable","14":"product-type-simple"},"acf":[],"yoast_head":"<!-- This site is optimized with the Yoast SEO plugin v26.0 - https:\/\/yoast.com\/wordpress\/plugins\/seo\/ -->\n<title>Petit \u00e9l\u00e9fant en st\u00e9tite turuoise - A Touch of Africa<\/title>\n<meta name=\"robots\" content=\"index, follow, max-snippet:-1, max-image-preview:large, max-video-preview:-1\" \/>\n<link rel=\"canonical\" href=\"https:\/\/www.atouchofafrica.ch\/fr\/produkt\/kleiner-elefant-tuerkis-aus-speckstein\/\" \/>\n<meta property=\"og:locale\" content=\"fr_FR\" \/>\n<meta property=\"og:type\" content=\"article\" \/>\n<meta property=\"og:title\" content=\"Petit \u00e9l\u00e9fant en st\u00e9tite turuoise - A Touch of Africa\" \/>\n<meta property=\"og:description\" content=\"Petit \u00e9l\u00e9fant fait main en st\u00e9atite dans la r\u00e9gion de Kisii en Kenya, 7x 3x 4.5 cm, environ 100 gr, couleur turquoise avec des rayons noir et blanc sur le trompe\" \/>\n<meta property=\"og:url\" content=\"https:\/\/www.atouchofafrica.ch\/fr\/produkt\/kleiner-elefant-tuerkis-aus-speckstein\/\" \/>\n<meta property=\"og:site_name\" content=\"A Touch of Africa\" \/>\n<meta property=\"article:modified_time\" content=\"2026-03-17T18:02:26+00:00\" \/>\n<meta property=\"og:image\" content=\"https:\/\/www.atouchofafrica.ch\/wp-content\/uploads\/2026\/03\/tuerkisE.jpg\" \/>\n\t<meta property=\"og:image:width\" content=\"1094\" \/>\n\t<meta property=\"og:image:height\" content=\"1099\" \/>\n\t<meta property=\"og:image:type\" content=\"image\/jpeg\" \/>\n<meta name=\"twitter:card\" content=\"summary_large_image\" \/>\n<meta name=\"twitter:label1\" content=\"Dur\u00e9e de lecture estim\u00e9e\" \/>\n\t<meta name=\"twitter:data1\" content=\"1 minute\" \/>\n<script type=\"application\/ld+json\" class=\"yoast-schema-graph\">{\"@context\":\"https:\/\/schema.org\",\"@graph\":[{\"@type\":\"WebPage\",\"@id\":\"https:\/\/www.atouchofafrica.ch\/fr\/produkt\/kleiner-elefant-tuerkis-aus-speckstein\/\",\"url\":\"https:\/\/www.atouchofafrica.ch\/fr\/produkt\/kleiner-elefant-tuerkis-aus-speckstein\/\",\"name\":\"Petit \u00e9l\u00e9fant en st\u00e9tite turuoise - A Touch of Africa\",\"isPartOf\":{\"@id\":\"https:\/\/www.atouchofafrica.ch\/fr\/#website\"},\"primaryImageOfPage\":{\"@id\":\"https:\/\/www.atouchofafrica.ch\/fr\/produkt\/kleiner-elefant-tuerkis-aus-speckstein\/#primaryimage\"},\"image\":{\"@id\":\"https:\/\/www.atouchofafrica.ch\/fr\/produkt\/kleiner-elefant-tuerkis-aus-speckstein\/#primaryimage\"},\"thumbnailUrl\":\"https:\/\/www.atouchofafrica.ch\/wp-content\/uploads\/2026\/03\/tuerkisE.jpg\",\"datePublished\":\"2026-03-17T17:48:31+00:00\",\"dateModified\":\"2026-03-17T18:02:26+00:00\",\"breadcrumb\":{\"@id\":\"https:\/\/www.atouchofafrica.ch\/fr\/produkt\/kleiner-elefant-tuerkis-aus-speckstein\/#breadcrumb\"},\"inLanguage\":\"fr-FR\",\"potentialAction\":[{\"@type\":\"ReadAction\",\"target\":[\"https:\/\/www.atouchofafrica.ch\/fr\/produkt\/kleiner-elefant-tuerkis-aus-speckstein\/\"]}]},{\"@type\":\"ImageObject\",\"inLanguage\":\"fr-FR\",\"@id\":\"https:\/\/www.atouchofafrica.ch\/fr\/produkt\/kleiner-elefant-tuerkis-aus-speckstein\/#primaryimage\",\"url\":\"https:\/\/www.atouchofafrica.ch\/wp-content\/uploads\/2026\/03\/tuerkisE.jpg\",\"contentUrl\":\"https:\/\/www.atouchofafrica.ch\/wp-content\/uploads\/2026\/03\/tuerkisE.jpg\",\"width\":1094,\"height\":1099},{\"@type\":\"BreadcrumbList\",\"@id\":\"https:\/\/www.atouchofafrica.ch\/fr\/produkt\/kleiner-elefant-tuerkis-aus-speckstein\/#breadcrumb\",\"itemListElement\":[{\"@type\":\"ListItem\",\"position\":1,\"name\":\"Startseite\",\"item\":\"https:\/\/www.atouchofafrica.ch\/fr\/\"},{\"@type\":\"ListItem\",\"position\":2,\"name\":\"Produits\",\"item\":\"https:\/\/www.atouchofafrica.ch\/fr\/shop\/\"},{\"@type\":\"ListItem\",\"position\":3,\"name\":\"Petit \u00e9l\u00e9fant en st\u00e9tite turuoise\"}]},{\"@type\":\"WebSite\",\"@id\":\"https:\/\/www.atouchofafrica.ch\/fr\/#website\",\"url\":\"https:\/\/www.atouchofafrica.ch\/fr\/\",\"name\":\"A Touch of Africa\",\"description\":\"Moderne Fairtrade Wohnideen vom afrikanischen Kontinent\",\"potentialAction\":[{\"@type\":\"SearchAction\",\"target\":{\"@type\":\"EntryPoint\",\"urlTemplate\":\"https:\/\/www.atouchofafrica.ch\/fr\/?s={search_term_string}\"},\"query-input\":{\"@type\":\"PropertyValueSpecification\",\"valueRequired\":true,\"valueName\":\"search_term_string\"}}],\"inLanguage\":\"fr-FR\"}]}<\/script>\n<!-- \/ Yoast SEO plugin. -->","yoast_head_json":{"title":"Petit \u00e9l\u00e9fant en st\u00e9tite turuoise - A Touch of Africa","robots":{"index":"index","follow":"follow","max-snippet":"max-snippet:-1","max-image-preview":"max-image-preview:large","max-video-preview":"max-video-preview:-1"},"canonical":"https:\/\/www.atouchofafrica.ch\/fr\/produkt\/kleiner-elefant-tuerkis-aus-speckstein\/","og_locale":"fr_FR","og_type":"article","og_title":"Petit \u00e9l\u00e9fant en st\u00e9tite turuoise - A Touch of Africa","og_description":"Petit \u00e9l\u00e9fant fait main en st\u00e9atite dans la r\u00e9gion de Kisii en Kenya, 7x 3x 4.5 cm, environ 100 gr, couleur turquoise avec des rayons noir et blanc sur le trompe","og_url":"https:\/\/www.atouchofafrica.ch\/fr\/produkt\/kleiner-elefant-tuerkis-aus-speckstein\/","og_site_name":"A Touch of Africa","article_modified_time":"2026-03-17T18:02:26+00:00","og_image":[{"width":1094,"height":1099,"url":"https:\/\/www.atouchofafrica.ch\/wp-content\/uploads\/2026\/03\/tuerkisE.jpg","type":"image\/jpeg"}],"twitter_card":"summary_large_image","twitter_misc":{"Dur\u00e9e de lecture estim\u00e9e":"1 minute"},"schema":{"@context":"https:\/\/schema.org","@graph":[{"@type":"WebPage","@id":"https:\/\/www.atouchofafrica.ch\/fr\/produkt\/kleiner-elefant-tuerkis-aus-speckstein\/","url":"https:\/\/www.atouchofafrica.ch\/fr\/produkt\/kleiner-elefant-tuerkis-aus-speckstein\/","name":"Petit \u00e9l\u00e9fant en st\u00e9tite turuoise - A Touch of Africa","isPartOf":{"@id":"https:\/\/www.atouchofafrica.ch\/fr\/#website"},"primaryImageOfPage":{"@id":"https:\/\/www.atouchofafrica.ch\/fr\/produkt\/kleiner-elefant-tuerkis-aus-speckstein\/#primaryimage"},"image":{"@id":"https:\/\/www.atouchofafrica.ch\/fr\/produkt\/kleiner-elefant-tuerkis-aus-speckstein\/#primaryimage"},"thumbnailUrl":"https:\/\/www.atouchofafrica.ch\/wp-content\/uploads\/2026\/03\/tuerkisE.jpg","datePublished":"2026-03-17T17:48:31+00:00","dateModified":"2026-03-17T18:02:26+00:00","breadcrumb":{"@id":"https:\/\/www.atouchofafrica.ch\/fr\/produkt\/kleiner-elefant-tuerkis-aus-speckstein\/#breadcrumb"},"inLanguage":"fr-FR","potentialAction":[{"@type":"ReadAction","target":["https:\/\/www.atouchofafrica.ch\/fr\/produkt\/kleiner-elefant-tuerkis-aus-speckstein\/"]}]},{"@type":"ImageObject","inLanguage":"fr-FR","@id":"https:\/\/www.atouchofafrica.ch\/fr\/produkt\/kleiner-elefant-tuerkis-aus-speckstein\/#primaryimage","url":"https:\/\/www.atouchofafrica.ch\/wp-content\/uploads\/2026\/03\/tuerkisE.jpg","contentUrl":"https:\/\/www.atouchofafrica.ch\/wp-content\/uploads\/2026\/03\/tuerkisE.jpg","width":1094,"height":1099},{"@type":"BreadcrumbList","@id":"https:\/\/www.atouchofafrica.ch\/fr\/produkt\/kleiner-elefant-tuerkis-aus-speckstein\/#breadcrumb","itemListElement":[{"@type":"ListItem","position":1,"name":"Startseite","item":"https:\/\/www.atouchofafrica.ch\/fr\/"},{"@type":"ListItem","position":2,"name":"Produits","item":"https:\/\/www.atouchofafrica.ch\/fr\/shop\/"},{"@type":"ListItem","position":3,"name":"Petit \u00e9l\u00e9fant en st\u00e9tite turuoise"}]},{"@type":"WebSite","@id":"https:\/\/www.atouchofafrica.ch\/fr\/#website","url":"https:\/\/www.atouchofafrica.ch\/fr\/","name":"A Touch of Africa","description":"Moderne Fairtrade Wohnideen vom afrikanischen Kontinent","potentialAction":[{"@type":"SearchAction","target":{"@type":"EntryPoint","urlTemplate":"https:\/\/www.atouchofafrica.ch\/fr\/?s={search_term_string}"},"query-input":{"@type":"PropertyValueSpecification","valueRequired":true,"valueName":"search_term_string"}}],"inLanguage":"fr-FR"}]}},"_links":{"self":[{"href":"https:\/\/www.atouchofafrica.ch\/fr\/wp-json\/wp\/v2\/product\/11585","targetHints":{"allow":["GET"]}}],"collection":[{"href":"https:\/\/www.atouchofafrica.ch\/fr\/wp-json\/wp\/v2\/product"}],"about":[{"href":"https:\/\/www.atouchofafrica.ch\/fr\/wp-json\/wp\/v2\/types\/product"}],"wp:featuredmedia":[{"embeddable":true,"href":"https:\/\/www.atouchofafrica.ch\/fr\/wp-json\/wp\/v2\/media\/11590"}],"wp:attachment":[{"href":"https:\/\/www.atouchofafrica.ch\/fr\/wp-json\/wp\/v2\/media?parent=11585"}],"wp:term":[{"taxonomy":"product_brand","embeddable":true,"href":"https:\/\/www.atouchofafrica.ch\/fr\/wp-json\/wp\/v2\/product_brand?post=11585"},{"taxonomy":"product_cat","embeddable":true,"href":"https:\/\/www.atouchofafrica.ch\/fr\/wp-json\/wp\/v2\/product_cat?post=11585"},{"taxonomy":"product_tag","embeddable":true,"href":"https:\/\/www.atouchofafrica.ch\/fr\/wp-json\/wp\/v2\/product_tag?post=11585"}],"curies":[{"name":"wp","href":"https:\/\/api.w.org\/{rel}","templated":true}]}}