{"id":11402,"date":"2026-01-04T08:56:53","date_gmt":"2026-01-04T08:56:53","guid":{"rendered":"https:\/\/www.atouchofafrica.ch\/produkt\/tisch-hocker-aus-waescheleine\/"},"modified":"2026-01-04T10:14:51","modified_gmt":"2026-01-04T10:14:51","slug":"tisch-hocker-aus-waescheleine","status":"publish","type":"product","link":"https:\/\/www.atouchofafrica.ch\/fr\/produkt\/tisch-hocker-aus-waescheleine\/","title":{"rendered":"Table\/tabouret en rouge, orange et pink, L"},"content":{"rendered":"<p>Au S\u00e9n\u00e9gal, des tables originales faites \u00e0 la main, sur lesquelles on peut aussi bien s&rsquo;asseoir. Elles supportent sans probl\u00e8me un poids de 80 kg. Les tables sont en corde \u00e0 linge de couleur rouge, orange et pink, avec un m\u00e9tal l\u00e9ger noir. La taille L a un diam\u00e8tre de 35 cm et une hauteur de 48 cm. Elles peuvent s&#8217;embo\u00eeter les unes dans les autres pour le rangement.<\/p>\n<p>Doit \u00eatre r\u00e9cup\u00e9r\u00e9 sur place ou transport \u00e0 convenir.<\/p>\n","protected":false},"excerpt":{"rendered":"<p>Au S\u00e9n\u00e9gal, des tables originales faites \u00e0 la main, sur lesquelles on peut aussi bien s&rsquo;asseoir. Elles supportent sans probl\u00e8me un poids de 80 kg. Les tables sont en corde \u00e0 linge de couleur rouge, orange et pink, avec un m\u00e9tal l\u00e9ger noir. La taille L a un diam\u00e8tre de 35 cm et une hauteur de 48 cm. Elles peuvent s&#8217;embo\u00eeter les unes dans les autres pour le rangement. Doit \u00eatre r\u00e9cup\u00e9r\u00e9 sur place ou transport \u00e0 convenir.<\/p>\n","protected":false},"featured_media":11357,"template":"","meta":{"_acf_changed":false},"product_brand":[],"product_cat":[103],"product_tag":[],"class_list":{"0":"post-11402","1":"product","2":"type-product","3":"status-publish","4":"has-post-thumbnail","6":"product_cat-mobilier-design","8":"first","9":"instock","10":"sale","11":"shipping-taxable","12":"purchasable","13":"product-type-simple"},"acf":[],"yoast_head":"<!-- This site is optimized with the Yoast SEO plugin v26.0 - https:\/\/yoast.com\/wordpress\/plugins\/seo\/ -->\n<title>Table\/tabouret en rouge, orange et pink, L - A Touch of Africa<\/title>\n<meta name=\"robots\" content=\"index, follow, max-snippet:-1, max-image-preview:large, max-video-preview:-1\" \/>\n<link rel=\"canonical\" href=\"https:\/\/www.atouchofafrica.ch\/fr\/produkt\/tisch-hocker-aus-waescheleine\/\" \/>\n<meta property=\"og:locale\" content=\"fr_FR\" \/>\n<meta property=\"og:type\" content=\"article\" \/>\n<meta property=\"og:title\" content=\"Table\/tabouret en rouge, orange et pink, L - A Touch of Africa\" \/>\n<meta property=\"og:description\" content=\"Au S\u00e9n\u00e9gal, des tables originales faites \u00e0 la main, sur lesquelles on peut aussi bien s&rsquo;asseoir. Elles supportent sans probl\u00e8me un poids de 80 kg. Les tables sont en corde \u00e0 linge de couleur rouge, orange et pink, avec un m\u00e9tal l\u00e9ger noir. La taille L a un diam\u00e8tre de 35 cm et une hauteur de 48 cm. Elles peuvent s&#8217;embo\u00eeter les unes dans les autres pour le rangement. Doit \u00eatre r\u00e9cup\u00e9r\u00e9 sur place ou transport \u00e0 convenir.\" \/>\n<meta property=\"og:url\" content=\"https:\/\/www.atouchofafrica.ch\/fr\/produkt\/tisch-hocker-aus-waescheleine\/\" \/>\n<meta property=\"og:site_name\" content=\"A Touch of Africa\" \/>\n<meta property=\"article:modified_time\" content=\"2026-01-04T10:14:51+00:00\" \/>\n<meta property=\"og:image\" content=\"https:\/\/www.atouchofafrica.ch\/wp-content\/uploads\/2026\/01\/rosa1.jpeg\" \/>\n\t<meta property=\"og:image:width\" content=\"1164\" \/>\n\t<meta property=\"og:image:height\" content=\"1280\" \/>\n\t<meta property=\"og:image:type\" content=\"image\/jpeg\" \/>\n<meta name=\"twitter:card\" content=\"summary_large_image\" \/>\n<meta name=\"twitter:label1\" content=\"Dur\u00e9e de lecture estim\u00e9e\" \/>\n\t<meta name=\"twitter:data1\" content=\"1 minute\" \/>\n<script type=\"application\/ld+json\" class=\"yoast-schema-graph\">{\"@context\":\"https:\/\/schema.org\",\"@graph\":[{\"@type\":\"WebPage\",\"@id\":\"https:\/\/www.atouchofafrica.ch\/fr\/produkt\/tisch-hocker-aus-waescheleine\/\",\"url\":\"https:\/\/www.atouchofafrica.ch\/fr\/produkt\/tisch-hocker-aus-waescheleine\/\",\"name\":\"Table\/tabouret en rouge, orange et pink, L - A Touch of Africa\",\"isPartOf\":{\"@id\":\"https:\/\/www.atouchofafrica.ch\/fr\/#website\"},\"primaryImageOfPage\":{\"@id\":\"https:\/\/www.atouchofafrica.ch\/fr\/produkt\/tisch-hocker-aus-waescheleine\/#primaryimage\"},\"image\":{\"@id\":\"https:\/\/www.atouchofafrica.ch\/fr\/produkt\/tisch-hocker-aus-waescheleine\/#primaryimage\"},\"thumbnailUrl\":\"https:\/\/www.atouchofafrica.ch\/wp-content\/uploads\/2026\/01\/rosa1.jpeg\",\"datePublished\":\"2026-01-04T08:56:53+00:00\",\"dateModified\":\"2026-01-04T10:14:51+00:00\",\"breadcrumb\":{\"@id\":\"https:\/\/www.atouchofafrica.ch\/fr\/produkt\/tisch-hocker-aus-waescheleine\/#breadcrumb\"},\"inLanguage\":\"fr-FR\",\"potentialAction\":[{\"@type\":\"ReadAction\",\"target\":[\"https:\/\/www.atouchofafrica.ch\/fr\/produkt\/tisch-hocker-aus-waescheleine\/\"]}]},{\"@type\":\"ImageObject\",\"inLanguage\":\"fr-FR\",\"@id\":\"https:\/\/www.atouchofafrica.ch\/fr\/produkt\/tisch-hocker-aus-waescheleine\/#primaryimage\",\"url\":\"https:\/\/www.atouchofafrica.ch\/wp-content\/uploads\/2026\/01\/rosa1.jpeg\",\"contentUrl\":\"https:\/\/www.atouchofafrica.ch\/wp-content\/uploads\/2026\/01\/rosa1.jpeg\",\"width\":1164,\"height\":1280},{\"@type\":\"BreadcrumbList\",\"@id\":\"https:\/\/www.atouchofafrica.ch\/fr\/produkt\/tisch-hocker-aus-waescheleine\/#breadcrumb\",\"itemListElement\":[{\"@type\":\"ListItem\",\"position\":1,\"name\":\"Startseite\",\"item\":\"https:\/\/www.atouchofafrica.ch\/fr\/\"},{\"@type\":\"ListItem\",\"position\":2,\"name\":\"Produits\",\"item\":\"https:\/\/www.atouchofafrica.ch\/fr\/shop\/\"},{\"@type\":\"ListItem\",\"position\":3,\"name\":\"Table\/tabouret en rouge, orange et pink, L\"}]},{\"@type\":\"WebSite\",\"@id\":\"https:\/\/www.atouchofafrica.ch\/fr\/#website\",\"url\":\"https:\/\/www.atouchofafrica.ch\/fr\/\",\"name\":\"A Touch of Africa\",\"description\":\"Moderne Fairtrade Wohnideen vom afrikanischen Kontinent\",\"potentialAction\":[{\"@type\":\"SearchAction\",\"target\":{\"@type\":\"EntryPoint\",\"urlTemplate\":\"https:\/\/www.atouchofafrica.ch\/fr\/?s={search_term_string}\"},\"query-input\":{\"@type\":\"PropertyValueSpecification\",\"valueRequired\":true,\"valueName\":\"search_term_string\"}}],\"inLanguage\":\"fr-FR\"}]}<\/script>\n<!-- \/ Yoast SEO plugin. -->","yoast_head_json":{"title":"Table\/tabouret en rouge, orange et pink, L - A Touch of Africa","robots":{"index":"index","follow":"follow","max-snippet":"max-snippet:-1","max-image-preview":"max-image-preview:large","max-video-preview":"max-video-preview:-1"},"canonical":"https:\/\/www.atouchofafrica.ch\/fr\/produkt\/tisch-hocker-aus-waescheleine\/","og_locale":"fr_FR","og_type":"article","og_title":"Table\/tabouret en rouge, orange et pink, L - A Touch of Africa","og_description":"Au S\u00e9n\u00e9gal, des tables originales faites \u00e0 la main, sur lesquelles on peut aussi bien s&rsquo;asseoir. Elles supportent sans probl\u00e8me un poids de 80 kg. Les tables sont en corde \u00e0 linge de couleur rouge, orange et pink, avec un m\u00e9tal l\u00e9ger noir. La taille L a un diam\u00e8tre de 35 cm et une hauteur de 48 cm. Elles peuvent s&#8217;embo\u00eeter les unes dans les autres pour le rangement. Doit \u00eatre r\u00e9cup\u00e9r\u00e9 sur place ou transport \u00e0 convenir.","og_url":"https:\/\/www.atouchofafrica.ch\/fr\/produkt\/tisch-hocker-aus-waescheleine\/","og_site_name":"A Touch of Africa","article_modified_time":"2026-01-04T10:14:51+00:00","og_image":[{"width":1164,"height":1280,"url":"https:\/\/www.atouchofafrica.ch\/wp-content\/uploads\/2026\/01\/rosa1.jpeg","type":"image\/jpeg"}],"twitter_card":"summary_large_image","twitter_misc":{"Dur\u00e9e de lecture estim\u00e9e":"1 minute"},"schema":{"@context":"https:\/\/schema.org","@graph":[{"@type":"WebPage","@id":"https:\/\/www.atouchofafrica.ch\/fr\/produkt\/tisch-hocker-aus-waescheleine\/","url":"https:\/\/www.atouchofafrica.ch\/fr\/produkt\/tisch-hocker-aus-waescheleine\/","name":"Table\/tabouret en rouge, orange et pink, L - A Touch of Africa","isPartOf":{"@id":"https:\/\/www.atouchofafrica.ch\/fr\/#website"},"primaryImageOfPage":{"@id":"https:\/\/www.atouchofafrica.ch\/fr\/produkt\/tisch-hocker-aus-waescheleine\/#primaryimage"},"image":{"@id":"https:\/\/www.atouchofafrica.ch\/fr\/produkt\/tisch-hocker-aus-waescheleine\/#primaryimage"},"thumbnailUrl":"https:\/\/www.atouchofafrica.ch\/wp-content\/uploads\/2026\/01\/rosa1.jpeg","datePublished":"2026-01-04T08:56:53+00:00","dateModified":"2026-01-04T10:14:51+00:00","breadcrumb":{"@id":"https:\/\/www.atouchofafrica.ch\/fr\/produkt\/tisch-hocker-aus-waescheleine\/#breadcrumb"},"inLanguage":"fr-FR","potentialAction":[{"@type":"ReadAction","target":["https:\/\/www.atouchofafrica.ch\/fr\/produkt\/tisch-hocker-aus-waescheleine\/"]}]},{"@type":"ImageObject","inLanguage":"fr-FR","@id":"https:\/\/www.atouchofafrica.ch\/fr\/produkt\/tisch-hocker-aus-waescheleine\/#primaryimage","url":"https:\/\/www.atouchofafrica.ch\/wp-content\/uploads\/2026\/01\/rosa1.jpeg","contentUrl":"https:\/\/www.atouchofafrica.ch\/wp-content\/uploads\/2026\/01\/rosa1.jpeg","width":1164,"height":1280},{"@type":"BreadcrumbList","@id":"https:\/\/www.atouchofafrica.ch\/fr\/produkt\/tisch-hocker-aus-waescheleine\/#breadcrumb","itemListElement":[{"@type":"ListItem","position":1,"name":"Startseite","item":"https:\/\/www.atouchofafrica.ch\/fr\/"},{"@type":"ListItem","position":2,"name":"Produits","item":"https:\/\/www.atouchofafrica.ch\/fr\/shop\/"},{"@type":"ListItem","position":3,"name":"Table\/tabouret en rouge, orange et pink, L"}]},{"@type":"WebSite","@id":"https:\/\/www.atouchofafrica.ch\/fr\/#website","url":"https:\/\/www.atouchofafrica.ch\/fr\/","name":"A Touch of Africa","description":"Moderne Fairtrade Wohnideen vom afrikanischen Kontinent","potentialAction":[{"@type":"SearchAction","target":{"@type":"EntryPoint","urlTemplate":"https:\/\/www.atouchofafrica.ch\/fr\/?s={search_term_string}"},"query-input":{"@type":"PropertyValueSpecification","valueRequired":true,"valueName":"search_term_string"}}],"inLanguage":"fr-FR"}]}},"_links":{"self":[{"href":"https:\/\/www.atouchofafrica.ch\/fr\/wp-json\/wp\/v2\/product\/11402","targetHints":{"allow":["GET"]}}],"collection":[{"href":"https:\/\/www.atouchofafrica.ch\/fr\/wp-json\/wp\/v2\/product"}],"about":[{"href":"https:\/\/www.atouchofafrica.ch\/fr\/wp-json\/wp\/v2\/types\/product"}],"wp:featuredmedia":[{"embeddable":true,"href":"https:\/\/www.atouchofafrica.ch\/fr\/wp-json\/wp\/v2\/media\/11357"}],"wp:attachment":[{"href":"https:\/\/www.atouchofafrica.ch\/fr\/wp-json\/wp\/v2\/media?parent=11402"}],"wp:term":[{"taxonomy":"product_brand","embeddable":true,"href":"https:\/\/www.atouchofafrica.ch\/fr\/wp-json\/wp\/v2\/product_brand?post=11402"},{"taxonomy":"product_cat","embeddable":true,"href":"https:\/\/www.atouchofafrica.ch\/fr\/wp-json\/wp\/v2\/product_cat?post=11402"},{"taxonomy":"product_tag","embeddable":true,"href":"https:\/\/www.atouchofafrica.ch\/fr\/wp-json\/wp\/v2\/product_tag?post=11402"}],"curies":[{"name":"wp","href":"https:\/\/api.w.org\/{rel}","templated":true}]}}