{"id":11336,"date":"2026-01-02T15:30:19","date_gmt":"2026-01-02T15:30:19","guid":{"rendered":"https:\/\/www.atouchofafrica.ch\/produkt\/korbstuhl-aus-malawi\/"},"modified":"2026-01-02T15:41:12","modified_gmt":"2026-01-02T15:41:12","slug":"korbstuhl-aus-malawi","status":"publish","type":"product","link":"https:\/\/www.atouchofafrica.ch\/fr\/produkt\/korbstuhl-aus-malawi\/","title":{"rendered":"Chaise en osier Malawi"},"content":{"rendered":"<p>Chaise en osier \u00e9l\u00e9gante et confortable, tress\u00e9e \u00e0 la main au Malawi. \u00c0 Cape Town, vous trouverez ce type de chaises dans presque tous les jolis caf\u00e9s. Elles cr\u00e9ent une atmosph\u00e8re tr\u00e8s agr\u00e9able. Nous avons encore deux de ces chaises, mod\u00e8les d&rsquo;exposition, \u00e0 un tiers du prix de vente initial, c&rsquo;est-\u00e0-dire \u00e0 130 au lieu de 380 francs.<\/p>\n<p>Dimensions : hauteur totale 80 cm, hauteur d&rsquo;assise 40 cm, surface d&rsquo;assise 48 x 50 cm, largeur de la chaise 75 cm. Doit \u00eatre retir\u00e9e sur place ou livraison \u00e0 convenir. Coussin d&rsquo;assise (gratuit) peut \u00eatre fourni.<\/p>\n","protected":false},"excerpt":{"rendered":"<p>Chaise en osier \u00e9l\u00e9gante et confortable, tress\u00e9e \u00e0 la main au Malawi. \u00c0 Cape Town, vous trouverez ce type de chaises dans presque tous les jolis caf\u00e9s. Elles cr\u00e9ent une atmosph\u00e8re tr\u00e8s agr\u00e9able. Nous avons encore deux de ces chaises, mod\u00e8les d&rsquo;exposition, \u00e0 un tiers du prix de vente initial, c&rsquo;est-\u00e0-dire \u00e0 130 au lieu de 380 francs. Dimensions : hauteur totale 80 cm, hauteur d&rsquo;assise 40 cm, surface d&rsquo;assise 48 x 50 cm, largeur de la chaise 75 cm. Doit \u00eatre retir\u00e9e sur place ou livraison \u00e0 convenir. Coussin d&rsquo;assise (gratuit) peut \u00eatre fourni.<\/p>\n","protected":false},"featured_media":11331,"template":"","meta":{"_acf_changed":false},"product_brand":[],"product_cat":[103],"product_tag":[],"class_list":{"0":"post-11336","1":"product","2":"type-product","3":"status-publish","4":"has-post-thumbnail","6":"product_cat-mobilier-design","8":"first","9":"instock","10":"sale","11":"shipping-taxable","12":"purchasable","13":"product-type-simple"},"acf":[],"yoast_head":"<!-- This site is optimized with the Yoast SEO plugin v26.0 - https:\/\/yoast.com\/wordpress\/plugins\/seo\/ -->\n<title>Chaise en osier Malawi - A Touch of Africa<\/title>\n<meta name=\"robots\" content=\"index, follow, max-snippet:-1, max-image-preview:large, max-video-preview:-1\" \/>\n<link rel=\"canonical\" href=\"https:\/\/www.atouchofafrica.ch\/fr\/produkt\/korbstuhl-aus-malawi\/\" \/>\n<meta property=\"og:locale\" content=\"fr_FR\" \/>\n<meta property=\"og:type\" content=\"article\" \/>\n<meta property=\"og:title\" content=\"Chaise en osier Malawi - A Touch of Africa\" \/>\n<meta property=\"og:description\" content=\"Chaise en osier \u00e9l\u00e9gante et confortable, tress\u00e9e \u00e0 la main au Malawi. \u00c0 Cape Town, vous trouverez ce type de chaises dans presque tous les jolis caf\u00e9s. Elles cr\u00e9ent une atmosph\u00e8re tr\u00e8s agr\u00e9able. Nous avons encore deux de ces chaises, mod\u00e8les d&rsquo;exposition, \u00e0 un tiers du prix de vente initial, c&rsquo;est-\u00e0-dire \u00e0 130 au lieu de 380 francs. Dimensions : hauteur totale 80 cm, hauteur d&rsquo;assise 40 cm, surface d&rsquo;assise 48 x 50 cm, largeur de la chaise 75 cm. Doit \u00eatre retir\u00e9e sur place ou livraison \u00e0 convenir. Coussin d&rsquo;assise (gratuit) peut \u00eatre fourni.\" \/>\n<meta property=\"og:url\" content=\"https:\/\/www.atouchofafrica.ch\/fr\/produkt\/korbstuhl-aus-malawi\/\" \/>\n<meta property=\"og:site_name\" content=\"A Touch of Africa\" \/>\n<meta property=\"article:modified_time\" content=\"2026-01-02T15:41:12+00:00\" \/>\n<meta property=\"og:image\" content=\"https:\/\/www.atouchofafrica.ch\/wp-content\/uploads\/2026\/01\/IMG_4652-rotated.jpeg\" \/>\n\t<meta property=\"og:image:width\" content=\"1512\" \/>\n\t<meta property=\"og:image:height\" content=\"2016\" \/>\n\t<meta property=\"og:image:type\" content=\"image\/jpeg\" \/>\n<meta name=\"twitter:card\" content=\"summary_large_image\" \/>\n<meta name=\"twitter:label1\" content=\"Dur\u00e9e de lecture estim\u00e9e\" \/>\n\t<meta name=\"twitter:data1\" content=\"1 minute\" \/>\n<script type=\"application\/ld+json\" class=\"yoast-schema-graph\">{\"@context\":\"https:\/\/schema.org\",\"@graph\":[{\"@type\":\"WebPage\",\"@id\":\"https:\/\/www.atouchofafrica.ch\/fr\/produkt\/korbstuhl-aus-malawi\/\",\"url\":\"https:\/\/www.atouchofafrica.ch\/fr\/produkt\/korbstuhl-aus-malawi\/\",\"name\":\"Chaise en osier Malawi - A Touch of Africa\",\"isPartOf\":{\"@id\":\"https:\/\/www.atouchofafrica.ch\/fr\/#website\"},\"primaryImageOfPage\":{\"@id\":\"https:\/\/www.atouchofafrica.ch\/fr\/produkt\/korbstuhl-aus-malawi\/#primaryimage\"},\"image\":{\"@id\":\"https:\/\/www.atouchofafrica.ch\/fr\/produkt\/korbstuhl-aus-malawi\/#primaryimage\"},\"thumbnailUrl\":\"https:\/\/www.atouchofafrica.ch\/wp-content\/uploads\/2026\/01\/IMG_4652-rotated.jpeg\",\"datePublished\":\"2026-01-02T15:30:19+00:00\",\"dateModified\":\"2026-01-02T15:41:12+00:00\",\"breadcrumb\":{\"@id\":\"https:\/\/www.atouchofafrica.ch\/fr\/produkt\/korbstuhl-aus-malawi\/#breadcrumb\"},\"inLanguage\":\"fr-FR\",\"potentialAction\":[{\"@type\":\"ReadAction\",\"target\":[\"https:\/\/www.atouchofafrica.ch\/fr\/produkt\/korbstuhl-aus-malawi\/\"]}]},{\"@type\":\"ImageObject\",\"inLanguage\":\"fr-FR\",\"@id\":\"https:\/\/www.atouchofafrica.ch\/fr\/produkt\/korbstuhl-aus-malawi\/#primaryimage\",\"url\":\"https:\/\/www.atouchofafrica.ch\/wp-content\/uploads\/2026\/01\/IMG_4652-rotated.jpeg\",\"contentUrl\":\"https:\/\/www.atouchofafrica.ch\/wp-content\/uploads\/2026\/01\/IMG_4652-rotated.jpeg\",\"width\":1512,\"height\":2016},{\"@type\":\"BreadcrumbList\",\"@id\":\"https:\/\/www.atouchofafrica.ch\/fr\/produkt\/korbstuhl-aus-malawi\/#breadcrumb\",\"itemListElement\":[{\"@type\":\"ListItem\",\"position\":1,\"name\":\"Startseite\",\"item\":\"https:\/\/www.atouchofafrica.ch\/fr\/\"},{\"@type\":\"ListItem\",\"position\":2,\"name\":\"Produits\",\"item\":\"https:\/\/www.atouchofafrica.ch\/fr\/shop\/\"},{\"@type\":\"ListItem\",\"position\":3,\"name\":\"Chaise en osier Malawi\"}]},{\"@type\":\"WebSite\",\"@id\":\"https:\/\/www.atouchofafrica.ch\/fr\/#website\",\"url\":\"https:\/\/www.atouchofafrica.ch\/fr\/\",\"name\":\"A Touch of Africa\",\"description\":\"Moderne Fairtrade Wohnideen vom afrikanischen Kontinent\",\"potentialAction\":[{\"@type\":\"SearchAction\",\"target\":{\"@type\":\"EntryPoint\",\"urlTemplate\":\"https:\/\/www.atouchofafrica.ch\/fr\/?s={search_term_string}\"},\"query-input\":{\"@type\":\"PropertyValueSpecification\",\"valueRequired\":true,\"valueName\":\"search_term_string\"}}],\"inLanguage\":\"fr-FR\"}]}<\/script>\n<!-- \/ Yoast SEO plugin. -->","yoast_head_json":{"title":"Chaise en osier Malawi - A Touch of Africa","robots":{"index":"index","follow":"follow","max-snippet":"max-snippet:-1","max-image-preview":"max-image-preview:large","max-video-preview":"max-video-preview:-1"},"canonical":"https:\/\/www.atouchofafrica.ch\/fr\/produkt\/korbstuhl-aus-malawi\/","og_locale":"fr_FR","og_type":"article","og_title":"Chaise en osier Malawi - A Touch of Africa","og_description":"Chaise en osier \u00e9l\u00e9gante et confortable, tress\u00e9e \u00e0 la main au Malawi. \u00c0 Cape Town, vous trouverez ce type de chaises dans presque tous les jolis caf\u00e9s. Elles cr\u00e9ent une atmosph\u00e8re tr\u00e8s agr\u00e9able. Nous avons encore deux de ces chaises, mod\u00e8les d&rsquo;exposition, \u00e0 un tiers du prix de vente initial, c&rsquo;est-\u00e0-dire \u00e0 130 au lieu de 380 francs. Dimensions : hauteur totale 80 cm, hauteur d&rsquo;assise 40 cm, surface d&rsquo;assise 48 x 50 cm, largeur de la chaise 75 cm. Doit \u00eatre retir\u00e9e sur place ou livraison \u00e0 convenir. Coussin d&rsquo;assise (gratuit) peut \u00eatre fourni.","og_url":"https:\/\/www.atouchofafrica.ch\/fr\/produkt\/korbstuhl-aus-malawi\/","og_site_name":"A Touch of Africa","article_modified_time":"2026-01-02T15:41:12+00:00","og_image":[{"width":1512,"height":2016,"url":"https:\/\/www.atouchofafrica.ch\/wp-content\/uploads\/2026\/01\/IMG_4652-rotated.jpeg","type":"image\/jpeg"}],"twitter_card":"summary_large_image","twitter_misc":{"Dur\u00e9e de lecture estim\u00e9e":"1 minute"},"schema":{"@context":"https:\/\/schema.org","@graph":[{"@type":"WebPage","@id":"https:\/\/www.atouchofafrica.ch\/fr\/produkt\/korbstuhl-aus-malawi\/","url":"https:\/\/www.atouchofafrica.ch\/fr\/produkt\/korbstuhl-aus-malawi\/","name":"Chaise en osier Malawi - A Touch of Africa","isPartOf":{"@id":"https:\/\/www.atouchofafrica.ch\/fr\/#website"},"primaryImageOfPage":{"@id":"https:\/\/www.atouchofafrica.ch\/fr\/produkt\/korbstuhl-aus-malawi\/#primaryimage"},"image":{"@id":"https:\/\/www.atouchofafrica.ch\/fr\/produkt\/korbstuhl-aus-malawi\/#primaryimage"},"thumbnailUrl":"https:\/\/www.atouchofafrica.ch\/wp-content\/uploads\/2026\/01\/IMG_4652-rotated.jpeg","datePublished":"2026-01-02T15:30:19+00:00","dateModified":"2026-01-02T15:41:12+00:00","breadcrumb":{"@id":"https:\/\/www.atouchofafrica.ch\/fr\/produkt\/korbstuhl-aus-malawi\/#breadcrumb"},"inLanguage":"fr-FR","potentialAction":[{"@type":"ReadAction","target":["https:\/\/www.atouchofafrica.ch\/fr\/produkt\/korbstuhl-aus-malawi\/"]}]},{"@type":"ImageObject","inLanguage":"fr-FR","@id":"https:\/\/www.atouchofafrica.ch\/fr\/produkt\/korbstuhl-aus-malawi\/#primaryimage","url":"https:\/\/www.atouchofafrica.ch\/wp-content\/uploads\/2026\/01\/IMG_4652-rotated.jpeg","contentUrl":"https:\/\/www.atouchofafrica.ch\/wp-content\/uploads\/2026\/01\/IMG_4652-rotated.jpeg","width":1512,"height":2016},{"@type":"BreadcrumbList","@id":"https:\/\/www.atouchofafrica.ch\/fr\/produkt\/korbstuhl-aus-malawi\/#breadcrumb","itemListElement":[{"@type":"ListItem","position":1,"name":"Startseite","item":"https:\/\/www.atouchofafrica.ch\/fr\/"},{"@type":"ListItem","position":2,"name":"Produits","item":"https:\/\/www.atouchofafrica.ch\/fr\/shop\/"},{"@type":"ListItem","position":3,"name":"Chaise en osier Malawi"}]},{"@type":"WebSite","@id":"https:\/\/www.atouchofafrica.ch\/fr\/#website","url":"https:\/\/www.atouchofafrica.ch\/fr\/","name":"A Touch of Africa","description":"Moderne Fairtrade Wohnideen vom afrikanischen Kontinent","potentialAction":[{"@type":"SearchAction","target":{"@type":"EntryPoint","urlTemplate":"https:\/\/www.atouchofafrica.ch\/fr\/?s={search_term_string}"},"query-input":{"@type":"PropertyValueSpecification","valueRequired":true,"valueName":"search_term_string"}}],"inLanguage":"fr-FR"}]}},"_links":{"self":[{"href":"https:\/\/www.atouchofafrica.ch\/fr\/wp-json\/wp\/v2\/product\/11336","targetHints":{"allow":["GET"]}}],"collection":[{"href":"https:\/\/www.atouchofafrica.ch\/fr\/wp-json\/wp\/v2\/product"}],"about":[{"href":"https:\/\/www.atouchofafrica.ch\/fr\/wp-json\/wp\/v2\/types\/product"}],"wp:featuredmedia":[{"embeddable":true,"href":"https:\/\/www.atouchofafrica.ch\/fr\/wp-json\/wp\/v2\/media\/11331"}],"wp:attachment":[{"href":"https:\/\/www.atouchofafrica.ch\/fr\/wp-json\/wp\/v2\/media?parent=11336"}],"wp:term":[{"taxonomy":"product_brand","embeddable":true,"href":"https:\/\/www.atouchofafrica.ch\/fr\/wp-json\/wp\/v2\/product_brand?post=11336"},{"taxonomy":"product_cat","embeddable":true,"href":"https:\/\/www.atouchofafrica.ch\/fr\/wp-json\/wp\/v2\/product_cat?post=11336"},{"taxonomy":"product_tag","embeddable":true,"href":"https:\/\/www.atouchofafrica.ch\/fr\/wp-json\/wp\/v2\/product_tag?post=11336"}],"curies":[{"name":"wp","href":"https:\/\/api.w.org\/{rel}","templated":true}]}}