{"id":11243,"date":"2025-12-09T10:38:18","date_gmt":"2025-12-09T10:38:18","guid":{"rendered":"https:\/\/www.atouchofafrica.ch\/produkt\/grosser-mosaiktisch-beige-und-dunkelbraun\/"},"modified":"2025-12-09T10:42:02","modified_gmt":"2025-12-09T10:42:02","slug":"grosser-mosaiktisch-beige-und-dunkelbraun","status":"publish","type":"product","link":"https:\/\/www.atouchofafrica.ch\/fr\/produkt\/grosser-mosaiktisch-beige-und-dunkelbraun\/","title":{"rendered":"Table en mosaique beige et brun fonc\u00e9"},"content":{"rendered":"<p>Table \u00e0 manger ronde de Marrakech, faite \u00e0 la main avec de nombreux petits carreaux de mosa\u00efque, motif classique en beige et brun fonc\u00e9, diam\u00e8tre 100 cm, convient pour 4 personnes. Dos en r\u00e9sine synth\u00e9tique, donc moins lourde que celles en ciment. Les pieds peuvent se replier et prennent peu de place lorsque la table est rang\u00e9e. Prix r\u00e9duit de moiti\u00e9 en raison de la vente de liquidation.<\/p>\n<p>Doit \u00eatre r\u00e9cup\u00e9r\u00e9e sur place<\/p>\n","protected":false},"excerpt":{"rendered":"<p>Table \u00e0 manger ronde de Marrakech, faite \u00e0 la main avec de nombreux petits carreaux de mosa\u00efque, motif classique en beige et brun fonc\u00e9, diam\u00e8tre 100 cm, convient pour 4 personnes. Dos en r\u00e9sine synth\u00e9tique, donc moins lourde que celles en ciment. Les pieds peuvent se replier et prennent peu de place lorsque la table est rang\u00e9e. Prix r\u00e9duit de moiti\u00e9 en raison de la vente de liquidation. Doit \u00eatre r\u00e9cup\u00e9r\u00e9e sur place<\/p>\n","protected":false},"featured_media":11238,"template":"","meta":{"_acf_changed":false},"product_brand":[],"product_cat":[350],"product_tag":[],"class_list":{"0":"post-11243","1":"product","2":"type-product","3":"status-publish","4":"has-post-thumbnail","6":"product_cat-tables-en-mosaique","8":"first","9":"instock","10":"sale","11":"shipping-taxable","12":"purchasable","13":"product-type-simple"},"acf":[],"yoast_head":"<!-- This site is optimized with the Yoast SEO plugin v26.0 - https:\/\/yoast.com\/wordpress\/plugins\/seo\/ -->\n<title>Table en mosaique beige et brun fonc\u00e9 - A Touch of Africa<\/title>\n<meta name=\"robots\" content=\"index, follow, max-snippet:-1, max-image-preview:large, max-video-preview:-1\" \/>\n<link rel=\"canonical\" href=\"https:\/\/www.atouchofafrica.ch\/fr\/produkt\/grosser-mosaiktisch-beige-und-dunkelbraun\/\" \/>\n<meta property=\"og:locale\" content=\"fr_FR\" \/>\n<meta property=\"og:type\" content=\"article\" \/>\n<meta property=\"og:title\" content=\"Table en mosaique beige et brun fonc\u00e9 - A Touch of Africa\" \/>\n<meta property=\"og:description\" content=\"Table \u00e0 manger ronde de Marrakech, faite \u00e0 la main avec de nombreux petits carreaux de mosa\u00efque, motif classique en beige et brun fonc\u00e9, diam\u00e8tre 100 cm, convient pour 4 personnes. Dos en r\u00e9sine synth\u00e9tique, donc moins lourde que celles en ciment. Les pieds peuvent se replier et prennent peu de place lorsque la table est rang\u00e9e. Prix r\u00e9duit de moiti\u00e9 en raison de la vente de liquidation. Doit \u00eatre r\u00e9cup\u00e9r\u00e9e sur place\" \/>\n<meta property=\"og:url\" content=\"https:\/\/www.atouchofafrica.ch\/fr\/produkt\/grosser-mosaiktisch-beige-und-dunkelbraun\/\" \/>\n<meta property=\"og:site_name\" content=\"A Touch of Africa\" \/>\n<meta property=\"article:modified_time\" content=\"2025-12-09T10:42:02+00:00\" \/>\n<meta property=\"og:image\" content=\"https:\/\/www.atouchofafrica.ch\/wp-content\/uploads\/2025\/12\/rund100.jpeg\" \/>\n\t<meta property=\"og:image:width\" content=\"1461\" \/>\n\t<meta property=\"og:image:height\" content=\"1780\" \/>\n\t<meta property=\"og:image:type\" content=\"image\/jpeg\" \/>\n<meta name=\"twitter:card\" content=\"summary_large_image\" \/>\n<meta name=\"twitter:label1\" content=\"Dur\u00e9e de lecture estim\u00e9e\" \/>\n\t<meta name=\"twitter:data1\" content=\"1 minute\" \/>\n<script type=\"application\/ld+json\" class=\"yoast-schema-graph\">{\"@context\":\"https:\/\/schema.org\",\"@graph\":[{\"@type\":\"WebPage\",\"@id\":\"https:\/\/www.atouchofafrica.ch\/fr\/produkt\/grosser-mosaiktisch-beige-und-dunkelbraun\/\",\"url\":\"https:\/\/www.atouchofafrica.ch\/fr\/produkt\/grosser-mosaiktisch-beige-und-dunkelbraun\/\",\"name\":\"Table en mosaique beige et brun fonc\u00e9 - A Touch of Africa\",\"isPartOf\":{\"@id\":\"https:\/\/www.atouchofafrica.ch\/fr\/#website\"},\"primaryImageOfPage\":{\"@id\":\"https:\/\/www.atouchofafrica.ch\/fr\/produkt\/grosser-mosaiktisch-beige-und-dunkelbraun\/#primaryimage\"},\"image\":{\"@id\":\"https:\/\/www.atouchofafrica.ch\/fr\/produkt\/grosser-mosaiktisch-beige-und-dunkelbraun\/#primaryimage\"},\"thumbnailUrl\":\"https:\/\/www.atouchofafrica.ch\/wp-content\/uploads\/2025\/12\/rund100.jpeg\",\"datePublished\":\"2025-12-09T10:38:18+00:00\",\"dateModified\":\"2025-12-09T10:42:02+00:00\",\"breadcrumb\":{\"@id\":\"https:\/\/www.atouchofafrica.ch\/fr\/produkt\/grosser-mosaiktisch-beige-und-dunkelbraun\/#breadcrumb\"},\"inLanguage\":\"fr-FR\",\"potentialAction\":[{\"@type\":\"ReadAction\",\"target\":[\"https:\/\/www.atouchofafrica.ch\/fr\/produkt\/grosser-mosaiktisch-beige-und-dunkelbraun\/\"]}]},{\"@type\":\"ImageObject\",\"inLanguage\":\"fr-FR\",\"@id\":\"https:\/\/www.atouchofafrica.ch\/fr\/produkt\/grosser-mosaiktisch-beige-und-dunkelbraun\/#primaryimage\",\"url\":\"https:\/\/www.atouchofafrica.ch\/wp-content\/uploads\/2025\/12\/rund100.jpeg\",\"contentUrl\":\"https:\/\/www.atouchofafrica.ch\/wp-content\/uploads\/2025\/12\/rund100.jpeg\",\"width\":1461,\"height\":1780},{\"@type\":\"BreadcrumbList\",\"@id\":\"https:\/\/www.atouchofafrica.ch\/fr\/produkt\/grosser-mosaiktisch-beige-und-dunkelbraun\/#breadcrumb\",\"itemListElement\":[{\"@type\":\"ListItem\",\"position\":1,\"name\":\"Startseite\",\"item\":\"https:\/\/www.atouchofafrica.ch\/fr\/\"},{\"@type\":\"ListItem\",\"position\":2,\"name\":\"Produits\",\"item\":\"https:\/\/www.atouchofafrica.ch\/fr\/shop\/\"},{\"@type\":\"ListItem\",\"position\":3,\"name\":\"Table en mosaique beige et brun fonc\u00e9\"}]},{\"@type\":\"WebSite\",\"@id\":\"https:\/\/www.atouchofafrica.ch\/fr\/#website\",\"url\":\"https:\/\/www.atouchofafrica.ch\/fr\/\",\"name\":\"A Touch of Africa\",\"description\":\"Moderne Fairtrade Wohnideen vom afrikanischen Kontinent\",\"potentialAction\":[{\"@type\":\"SearchAction\",\"target\":{\"@type\":\"EntryPoint\",\"urlTemplate\":\"https:\/\/www.atouchofafrica.ch\/fr\/?s={search_term_string}\"},\"query-input\":{\"@type\":\"PropertyValueSpecification\",\"valueRequired\":true,\"valueName\":\"search_term_string\"}}],\"inLanguage\":\"fr-FR\"}]}<\/script>\n<!-- \/ Yoast SEO plugin. -->","yoast_head_json":{"title":"Table en mosaique beige et brun fonc\u00e9 - A Touch of Africa","robots":{"index":"index","follow":"follow","max-snippet":"max-snippet:-1","max-image-preview":"max-image-preview:large","max-video-preview":"max-video-preview:-1"},"canonical":"https:\/\/www.atouchofafrica.ch\/fr\/produkt\/grosser-mosaiktisch-beige-und-dunkelbraun\/","og_locale":"fr_FR","og_type":"article","og_title":"Table en mosaique beige et brun fonc\u00e9 - A Touch of Africa","og_description":"Table \u00e0 manger ronde de Marrakech, faite \u00e0 la main avec de nombreux petits carreaux de mosa\u00efque, motif classique en beige et brun fonc\u00e9, diam\u00e8tre 100 cm, convient pour 4 personnes. Dos en r\u00e9sine synth\u00e9tique, donc moins lourde que celles en ciment. Les pieds peuvent se replier et prennent peu de place lorsque la table est rang\u00e9e. Prix r\u00e9duit de moiti\u00e9 en raison de la vente de liquidation. Doit \u00eatre r\u00e9cup\u00e9r\u00e9e sur place","og_url":"https:\/\/www.atouchofafrica.ch\/fr\/produkt\/grosser-mosaiktisch-beige-und-dunkelbraun\/","og_site_name":"A Touch of Africa","article_modified_time":"2025-12-09T10:42:02+00:00","og_image":[{"width":1461,"height":1780,"url":"https:\/\/www.atouchofafrica.ch\/wp-content\/uploads\/2025\/12\/rund100.jpeg","type":"image\/jpeg"}],"twitter_card":"summary_large_image","twitter_misc":{"Dur\u00e9e de lecture estim\u00e9e":"1 minute"},"schema":{"@context":"https:\/\/schema.org","@graph":[{"@type":"WebPage","@id":"https:\/\/www.atouchofafrica.ch\/fr\/produkt\/grosser-mosaiktisch-beige-und-dunkelbraun\/","url":"https:\/\/www.atouchofafrica.ch\/fr\/produkt\/grosser-mosaiktisch-beige-und-dunkelbraun\/","name":"Table en mosaique beige et brun fonc\u00e9 - A Touch of Africa","isPartOf":{"@id":"https:\/\/www.atouchofafrica.ch\/fr\/#website"},"primaryImageOfPage":{"@id":"https:\/\/www.atouchofafrica.ch\/fr\/produkt\/grosser-mosaiktisch-beige-und-dunkelbraun\/#primaryimage"},"image":{"@id":"https:\/\/www.atouchofafrica.ch\/fr\/produkt\/grosser-mosaiktisch-beige-und-dunkelbraun\/#primaryimage"},"thumbnailUrl":"https:\/\/www.atouchofafrica.ch\/wp-content\/uploads\/2025\/12\/rund100.jpeg","datePublished":"2025-12-09T10:38:18+00:00","dateModified":"2025-12-09T10:42:02+00:00","breadcrumb":{"@id":"https:\/\/www.atouchofafrica.ch\/fr\/produkt\/grosser-mosaiktisch-beige-und-dunkelbraun\/#breadcrumb"},"inLanguage":"fr-FR","potentialAction":[{"@type":"ReadAction","target":["https:\/\/www.atouchofafrica.ch\/fr\/produkt\/grosser-mosaiktisch-beige-und-dunkelbraun\/"]}]},{"@type":"ImageObject","inLanguage":"fr-FR","@id":"https:\/\/www.atouchofafrica.ch\/fr\/produkt\/grosser-mosaiktisch-beige-und-dunkelbraun\/#primaryimage","url":"https:\/\/www.atouchofafrica.ch\/wp-content\/uploads\/2025\/12\/rund100.jpeg","contentUrl":"https:\/\/www.atouchofafrica.ch\/wp-content\/uploads\/2025\/12\/rund100.jpeg","width":1461,"height":1780},{"@type":"BreadcrumbList","@id":"https:\/\/www.atouchofafrica.ch\/fr\/produkt\/grosser-mosaiktisch-beige-und-dunkelbraun\/#breadcrumb","itemListElement":[{"@type":"ListItem","position":1,"name":"Startseite","item":"https:\/\/www.atouchofafrica.ch\/fr\/"},{"@type":"ListItem","position":2,"name":"Produits","item":"https:\/\/www.atouchofafrica.ch\/fr\/shop\/"},{"@type":"ListItem","position":3,"name":"Table en mosaique beige et brun fonc\u00e9"}]},{"@type":"WebSite","@id":"https:\/\/www.atouchofafrica.ch\/fr\/#website","url":"https:\/\/www.atouchofafrica.ch\/fr\/","name":"A Touch of Africa","description":"Moderne Fairtrade Wohnideen vom afrikanischen Kontinent","potentialAction":[{"@type":"SearchAction","target":{"@type":"EntryPoint","urlTemplate":"https:\/\/www.atouchofafrica.ch\/fr\/?s={search_term_string}"},"query-input":{"@type":"PropertyValueSpecification","valueRequired":true,"valueName":"search_term_string"}}],"inLanguage":"fr-FR"}]}},"_links":{"self":[{"href":"https:\/\/www.atouchofafrica.ch\/fr\/wp-json\/wp\/v2\/product\/11243","targetHints":{"allow":["GET"]}}],"collection":[{"href":"https:\/\/www.atouchofafrica.ch\/fr\/wp-json\/wp\/v2\/product"}],"about":[{"href":"https:\/\/www.atouchofafrica.ch\/fr\/wp-json\/wp\/v2\/types\/product"}],"wp:featuredmedia":[{"embeddable":true,"href":"https:\/\/www.atouchofafrica.ch\/fr\/wp-json\/wp\/v2\/media\/11238"}],"wp:attachment":[{"href":"https:\/\/www.atouchofafrica.ch\/fr\/wp-json\/wp\/v2\/media?parent=11243"}],"wp:term":[{"taxonomy":"product_brand","embeddable":true,"href":"https:\/\/www.atouchofafrica.ch\/fr\/wp-json\/wp\/v2\/product_brand?post=11243"},{"taxonomy":"product_cat","embeddable":true,"href":"https:\/\/www.atouchofafrica.ch\/fr\/wp-json\/wp\/v2\/product_cat?post=11243"},{"taxonomy":"product_tag","embeddable":true,"href":"https:\/\/www.atouchofafrica.ch\/fr\/wp-json\/wp\/v2\/product_tag?post=11243"}],"curies":[{"name":"wp","href":"https:\/\/api.w.org\/{rel}","templated":true}]}}