{"id":11205,"date":"2025-11-21T14:51:24","date_gmt":"2025-11-21T14:51:24","guid":{"rendered":"https:\/\/www.atouchofafrica.ch\/produkt\/dame-mit-buch-m-bordeux-rot\/"},"modified":"2025-11-24T15:18:22","modified_gmt":"2025-11-24T15:18:22","slug":"dame-mit-buch-m-bordeux-rot","status":"publish","type":"product","link":"https:\/\/www.atouchofafrica.ch\/fr\/produkt\/dame-mit-buch-m-bordeux-rot\/","title":{"rendered":"Dame avec livre, M, bodeaux"},"content":{"rendered":"<p>Figurine en bronze, r\u00e9alis\u00e9e selon la m\u00e9thode classique de la \u00ab cire perdue \u00bb par l\u2019artiste en bronze Hamed Nikiema d\u2019Ouagadougou, Burkina Faso. Chaque figurine est unique. Cette dame porte une robe bordeaux, mesure 16 cm et p\u00e8se environ 250 g.<\/p>\n<p>&nbsp;<\/p>\n","protected":false},"excerpt":{"rendered":"<p>Figurine en bronze, r\u00e9alis\u00e9e selon la m\u00e9thode classique de la \u00ab cire perdue \u00bb par l\u2019artiste en bronze Hamed Nikiema d\u2019Ouagadougou, Burkina Faso. Chaque figurine est unique. Cette dame porte une robe bordeaux, mesure 16 cm et p\u00e8se environ 250 g. &nbsp;<\/p>\n","protected":false},"featured_media":11451,"template":"","meta":{"_acf_changed":false},"product_brand":[],"product_cat":[217],"product_tag":[],"class_list":{"0":"post-11205","1":"product","2":"type-product","3":"status-publish","4":"has-post-thumbnail","6":"product_cat-art-adama-art","7":"product_shipping_class-expedition-standard","9":"first","10":"instock","11":"sale","12":"shipping-taxable","13":"purchasable","14":"product-type-simple"},"acf":[],"yoast_head":"<!-- This site is optimized with the Yoast SEO plugin v26.0 - https:\/\/yoast.com\/wordpress\/plugins\/seo\/ -->\n<title>Dame avec livre, M, bodeaux - A Touch of Africa<\/title>\n<meta name=\"robots\" content=\"index, follow, max-snippet:-1, max-image-preview:large, max-video-preview:-1\" \/>\n<link rel=\"canonical\" href=\"https:\/\/www.atouchofafrica.ch\/fr\/produkt\/dame-mit-buch-m-bordeux-rot\/\" \/>\n<meta property=\"og:locale\" content=\"fr_FR\" \/>\n<meta property=\"og:type\" content=\"article\" \/>\n<meta property=\"og:title\" content=\"Dame avec livre, M, bodeaux - A Touch of Africa\" \/>\n<meta property=\"og:description\" content=\"Figurine en bronze, r\u00e9alis\u00e9e selon la m\u00e9thode classique de la \u00ab cire perdue \u00bb par l\u2019artiste en bronze Hamed Nikiema d\u2019Ouagadougou, Burkina Faso. Chaque figurine est unique. Cette dame porte une robe bordeaux, mesure 16 cm et p\u00e8se environ 250 g. &nbsp;\" \/>\n<meta property=\"og:url\" content=\"https:\/\/www.atouchofafrica.ch\/fr\/produkt\/dame-mit-buch-m-bordeux-rot\/\" \/>\n<meta property=\"og:site_name\" content=\"A Touch of Africa\" \/>\n<meta property=\"article:modified_time\" content=\"2025-11-24T15:18:22+00:00\" \/>\n<meta property=\"og:image\" content=\"https:\/\/www.atouchofafrica.ch\/wp-content\/uploads\/2025\/11\/Karim-gross-buch-bordeaux.jpg\" \/>\n\t<meta property=\"og:image:width\" content=\"874\" \/>\n\t<meta property=\"og:image:height\" content=\"1385\" \/>\n\t<meta property=\"og:image:type\" content=\"image\/jpeg\" \/>\n<meta name=\"twitter:card\" content=\"summary_large_image\" \/>\n<meta name=\"twitter:label1\" content=\"Dur\u00e9e de lecture estim\u00e9e\" \/>\n\t<meta name=\"twitter:data1\" content=\"1 minute\" \/>\n<script type=\"application\/ld+json\" class=\"yoast-schema-graph\">{\"@context\":\"https:\/\/schema.org\",\"@graph\":[{\"@type\":\"WebPage\",\"@id\":\"https:\/\/www.atouchofafrica.ch\/fr\/produkt\/dame-mit-buch-m-bordeux-rot\/\",\"url\":\"https:\/\/www.atouchofafrica.ch\/fr\/produkt\/dame-mit-buch-m-bordeux-rot\/\",\"name\":\"Dame avec livre, M, bodeaux - A Touch of Africa\",\"isPartOf\":{\"@id\":\"https:\/\/www.atouchofafrica.ch\/fr\/#website\"},\"primaryImageOfPage\":{\"@id\":\"https:\/\/www.atouchofafrica.ch\/fr\/produkt\/dame-mit-buch-m-bordeux-rot\/#primaryimage\"},\"image\":{\"@id\":\"https:\/\/www.atouchofafrica.ch\/fr\/produkt\/dame-mit-buch-m-bordeux-rot\/#primaryimage\"},\"thumbnailUrl\":\"https:\/\/www.atouchofafrica.ch\/wp-content\/uploads\/2025\/11\/bordeaurtot.jpg\",\"datePublished\":\"2025-11-21T14:51:24+00:00\",\"dateModified\":\"2025-11-24T15:18:22+00:00\",\"breadcrumb\":{\"@id\":\"https:\/\/www.atouchofafrica.ch\/fr\/produkt\/dame-mit-buch-m-bordeux-rot\/#breadcrumb\"},\"inLanguage\":\"fr-FR\",\"potentialAction\":[{\"@type\":\"ReadAction\",\"target\":[\"https:\/\/www.atouchofafrica.ch\/fr\/produkt\/dame-mit-buch-m-bordeux-rot\/\"]}]},{\"@type\":\"ImageObject\",\"inLanguage\":\"fr-FR\",\"@id\":\"https:\/\/www.atouchofafrica.ch\/fr\/produkt\/dame-mit-buch-m-bordeux-rot\/#primaryimage\",\"url\":\"https:\/\/www.atouchofafrica.ch\/wp-content\/uploads\/2025\/11\/bordeaurtot.jpg\",\"contentUrl\":\"https:\/\/www.atouchofafrica.ch\/wp-content\/uploads\/2025\/11\/bordeaurtot.jpg\",\"width\":1104,\"height\":1608},{\"@type\":\"BreadcrumbList\",\"@id\":\"https:\/\/www.atouchofafrica.ch\/fr\/produkt\/dame-mit-buch-m-bordeux-rot\/#breadcrumb\",\"itemListElement\":[{\"@type\":\"ListItem\",\"position\":1,\"name\":\"Startseite\",\"item\":\"https:\/\/www.atouchofafrica.ch\/fr\/\"},{\"@type\":\"ListItem\",\"position\":2,\"name\":\"Produits\",\"item\":\"https:\/\/www.atouchofafrica.ch\/fr\/shop\/\"},{\"@type\":\"ListItem\",\"position\":3,\"name\":\"Dame avec livre, M, bodeaux\"}]},{\"@type\":\"WebSite\",\"@id\":\"https:\/\/www.atouchofafrica.ch\/fr\/#website\",\"url\":\"https:\/\/www.atouchofafrica.ch\/fr\/\",\"name\":\"A Touch of Africa\",\"description\":\"Moderne Fairtrade Wohnideen vom afrikanischen Kontinent\",\"potentialAction\":[{\"@type\":\"SearchAction\",\"target\":{\"@type\":\"EntryPoint\",\"urlTemplate\":\"https:\/\/www.atouchofafrica.ch\/fr\/?s={search_term_string}\"},\"query-input\":{\"@type\":\"PropertyValueSpecification\",\"valueRequired\":true,\"valueName\":\"search_term_string\"}}],\"inLanguage\":\"fr-FR\"}]}<\/script>\n<!-- \/ Yoast SEO plugin. -->","yoast_head_json":{"title":"Dame avec livre, M, bodeaux - A Touch of Africa","robots":{"index":"index","follow":"follow","max-snippet":"max-snippet:-1","max-image-preview":"max-image-preview:large","max-video-preview":"max-video-preview:-1"},"canonical":"https:\/\/www.atouchofafrica.ch\/fr\/produkt\/dame-mit-buch-m-bordeux-rot\/","og_locale":"fr_FR","og_type":"article","og_title":"Dame avec livre, M, bodeaux - A Touch of Africa","og_description":"Figurine en bronze, r\u00e9alis\u00e9e selon la m\u00e9thode classique de la \u00ab cire perdue \u00bb par l\u2019artiste en bronze Hamed Nikiema d\u2019Ouagadougou, Burkina Faso. Chaque figurine est unique. Cette dame porte une robe bordeaux, mesure 16 cm et p\u00e8se environ 250 g. &nbsp;","og_url":"https:\/\/www.atouchofafrica.ch\/fr\/produkt\/dame-mit-buch-m-bordeux-rot\/","og_site_name":"A Touch of Africa","article_modified_time":"2025-11-24T15:18:22+00:00","og_image":[{"width":874,"height":1385,"url":"https:\/\/www.atouchofafrica.ch\/wp-content\/uploads\/2025\/11\/Karim-gross-buch-bordeaux.jpg","type":"image\/jpeg"}],"twitter_card":"summary_large_image","twitter_misc":{"Dur\u00e9e de lecture estim\u00e9e":"1 minute"},"schema":{"@context":"https:\/\/schema.org","@graph":[{"@type":"WebPage","@id":"https:\/\/www.atouchofafrica.ch\/fr\/produkt\/dame-mit-buch-m-bordeux-rot\/","url":"https:\/\/www.atouchofafrica.ch\/fr\/produkt\/dame-mit-buch-m-bordeux-rot\/","name":"Dame avec livre, M, bodeaux - A Touch of Africa","isPartOf":{"@id":"https:\/\/www.atouchofafrica.ch\/fr\/#website"},"primaryImageOfPage":{"@id":"https:\/\/www.atouchofafrica.ch\/fr\/produkt\/dame-mit-buch-m-bordeux-rot\/#primaryimage"},"image":{"@id":"https:\/\/www.atouchofafrica.ch\/fr\/produkt\/dame-mit-buch-m-bordeux-rot\/#primaryimage"},"thumbnailUrl":"https:\/\/www.atouchofafrica.ch\/wp-content\/uploads\/2025\/11\/bordeaurtot.jpg","datePublished":"2025-11-21T14:51:24+00:00","dateModified":"2025-11-24T15:18:22+00:00","breadcrumb":{"@id":"https:\/\/www.atouchofafrica.ch\/fr\/produkt\/dame-mit-buch-m-bordeux-rot\/#breadcrumb"},"inLanguage":"fr-FR","potentialAction":[{"@type":"ReadAction","target":["https:\/\/www.atouchofafrica.ch\/fr\/produkt\/dame-mit-buch-m-bordeux-rot\/"]}]},{"@type":"ImageObject","inLanguage":"fr-FR","@id":"https:\/\/www.atouchofafrica.ch\/fr\/produkt\/dame-mit-buch-m-bordeux-rot\/#primaryimage","url":"https:\/\/www.atouchofafrica.ch\/wp-content\/uploads\/2025\/11\/bordeaurtot.jpg","contentUrl":"https:\/\/www.atouchofafrica.ch\/wp-content\/uploads\/2025\/11\/bordeaurtot.jpg","width":1104,"height":1608},{"@type":"BreadcrumbList","@id":"https:\/\/www.atouchofafrica.ch\/fr\/produkt\/dame-mit-buch-m-bordeux-rot\/#breadcrumb","itemListElement":[{"@type":"ListItem","position":1,"name":"Startseite","item":"https:\/\/www.atouchofafrica.ch\/fr\/"},{"@type":"ListItem","position":2,"name":"Produits","item":"https:\/\/www.atouchofafrica.ch\/fr\/shop\/"},{"@type":"ListItem","position":3,"name":"Dame avec livre, M, bodeaux"}]},{"@type":"WebSite","@id":"https:\/\/www.atouchofafrica.ch\/fr\/#website","url":"https:\/\/www.atouchofafrica.ch\/fr\/","name":"A Touch of Africa","description":"Moderne Fairtrade Wohnideen vom afrikanischen Kontinent","potentialAction":[{"@type":"SearchAction","target":{"@type":"EntryPoint","urlTemplate":"https:\/\/www.atouchofafrica.ch\/fr\/?s={search_term_string}"},"query-input":{"@type":"PropertyValueSpecification","valueRequired":true,"valueName":"search_term_string"}}],"inLanguage":"fr-FR"}]}},"_links":{"self":[{"href":"https:\/\/www.atouchofafrica.ch\/fr\/wp-json\/wp\/v2\/product\/11205","targetHints":{"allow":["GET"]}}],"collection":[{"href":"https:\/\/www.atouchofafrica.ch\/fr\/wp-json\/wp\/v2\/product"}],"about":[{"href":"https:\/\/www.atouchofafrica.ch\/fr\/wp-json\/wp\/v2\/types\/product"}],"wp:featuredmedia":[{"embeddable":true,"href":"https:\/\/www.atouchofafrica.ch\/fr\/wp-json\/wp\/v2\/media\/11451"}],"wp:attachment":[{"href":"https:\/\/www.atouchofafrica.ch\/fr\/wp-json\/wp\/v2\/media?parent=11205"}],"wp:term":[{"taxonomy":"product_brand","embeddable":true,"href":"https:\/\/www.atouchofafrica.ch\/fr\/wp-json\/wp\/v2\/product_brand?post=11205"},{"taxonomy":"product_cat","embeddable":true,"href":"https:\/\/www.atouchofafrica.ch\/fr\/wp-json\/wp\/v2\/product_cat?post=11205"},{"taxonomy":"product_tag","embeddable":true,"href":"https:\/\/www.atouchofafrica.ch\/fr\/wp-json\/wp\/v2\/product_tag?post=11205"}],"curies":[{"name":"wp","href":"https:\/\/api.w.org\/{rel}","templated":true}]}}