{"id":11204,"date":"2025-11-24T14:25:53","date_gmt":"2025-11-24T14:25:53","guid":{"rendered":"https:\/\/www.atouchofafrica.ch\/produkt\/elegante-dame-m-tuerkis\/"},"modified":"2025-11-24T15:34:23","modified_gmt":"2025-11-24T15:34:23","slug":"elegante-dame-m-tuerkis","status":"publish","type":"product","link":"https:\/\/www.atouchofafrica.ch\/fr\/produkt\/elegante-dame-m-tuerkis\/","title":{"rendered":"Dame \u00e9l\u00e9gante, M, turquoise"},"content":{"rendered":"<p>Figure en bronze de l&rsquo;artiste en bronze Karim Sana du Burkina Faso ; chaque figure est pr\u00e9par\u00e9e et coul\u00e9e individuellement selon la vieille tradition. La robe est peinte en turquoise, on voit le bronze au niveau du collier. Environ 15 cm de hauteur, 250 g de poids.<\/p>\n","protected":false},"excerpt":{"rendered":"<p>Figure en bronze de l&rsquo;artiste en bronze Karim Sana du Burkina Faso ; chaque figure est pr\u00e9par\u00e9e et coul\u00e9e individuellement selon la vieille tradition. La robe est peinte en turquoise, on voit le bronze au niveau du collier. Environ 15 cm de hauteur, 250 g de poids.<\/p>\n","protected":false},"featured_media":11180,"template":"","meta":{"_acf_changed":false},"product_brand":[],"product_cat":[217],"product_tag":[],"class_list":{"0":"post-11204","1":"product","2":"type-product","3":"status-publish","4":"has-post-thumbnail","6":"product_cat-art-adama-art","7":"product_shipping_class-expedition-standard","9":"first","10":"instock","11":"sale","12":"shipping-taxable","13":"purchasable","14":"product-type-simple"},"acf":[],"yoast_head":"<!-- This site is optimized with the Yoast SEO plugin v26.0 - https:\/\/yoast.com\/wordpress\/plugins\/seo\/ -->\n<title>Dame \u00e9l\u00e9gante, M, turquoise - A Touch of Africa<\/title>\n<meta name=\"robots\" content=\"index, follow, max-snippet:-1, max-image-preview:large, max-video-preview:-1\" \/>\n<link rel=\"canonical\" href=\"https:\/\/www.atouchofafrica.ch\/fr\/produkt\/elegante-dame-m-tuerkis\/\" \/>\n<meta property=\"og:locale\" content=\"fr_FR\" \/>\n<meta property=\"og:type\" content=\"article\" \/>\n<meta property=\"og:title\" content=\"Dame \u00e9l\u00e9gante, M, turquoise - A Touch of Africa\" \/>\n<meta property=\"og:description\" content=\"Figure en bronze de l&rsquo;artiste en bronze Karim Sana du Burkina Faso ; chaque figure est pr\u00e9par\u00e9e et coul\u00e9e individuellement selon la vieille tradition. La robe est peinte en turquoise, on voit le bronze au niveau du collier. Environ 15 cm de hauteur, 250 g de poids.\" \/>\n<meta property=\"og:url\" content=\"https:\/\/www.atouchofafrica.ch\/fr\/produkt\/elegante-dame-m-tuerkis\/\" \/>\n<meta property=\"og:site_name\" content=\"A Touch of Africa\" \/>\n<meta property=\"article:modified_time\" content=\"2025-11-24T15:34:23+00:00\" \/>\n<meta property=\"og:image\" content=\"https:\/\/www.atouchofafrica.ch\/wp-content\/uploads\/2025\/11\/Eleg.-Frau-tuerkis-M.jpg\" \/>\n\t<meta property=\"og:image:width\" content=\"785\" \/>\n\t<meta property=\"og:image:height\" content=\"1087\" \/>\n\t<meta property=\"og:image:type\" content=\"image\/jpeg\" \/>\n<meta name=\"twitter:card\" content=\"summary_large_image\" \/>\n<meta name=\"twitter:label1\" content=\"Dur\u00e9e de lecture estim\u00e9e\" \/>\n\t<meta name=\"twitter:data1\" content=\"1 minute\" \/>\n<script type=\"application\/ld+json\" class=\"yoast-schema-graph\">{\"@context\":\"https:\/\/schema.org\",\"@graph\":[{\"@type\":\"WebPage\",\"@id\":\"https:\/\/www.atouchofafrica.ch\/fr\/produkt\/elegante-dame-m-tuerkis\/\",\"url\":\"https:\/\/www.atouchofafrica.ch\/fr\/produkt\/elegante-dame-m-tuerkis\/\",\"name\":\"Dame \u00e9l\u00e9gante, M, turquoise - A Touch of Africa\",\"isPartOf\":{\"@id\":\"https:\/\/www.atouchofafrica.ch\/fr\/#website\"},\"primaryImageOfPage\":{\"@id\":\"https:\/\/www.atouchofafrica.ch\/fr\/produkt\/elegante-dame-m-tuerkis\/#primaryimage\"},\"image\":{\"@id\":\"https:\/\/www.atouchofafrica.ch\/fr\/produkt\/elegante-dame-m-tuerkis\/#primaryimage\"},\"thumbnailUrl\":\"https:\/\/www.atouchofafrica.ch\/wp-content\/uploads\/2025\/11\/Eleg.-Frau-tuerkis-M.jpg\",\"datePublished\":\"2025-11-24T14:25:53+00:00\",\"dateModified\":\"2025-11-24T15:34:23+00:00\",\"breadcrumb\":{\"@id\":\"https:\/\/www.atouchofafrica.ch\/fr\/produkt\/elegante-dame-m-tuerkis\/#breadcrumb\"},\"inLanguage\":\"fr-FR\",\"potentialAction\":[{\"@type\":\"ReadAction\",\"target\":[\"https:\/\/www.atouchofafrica.ch\/fr\/produkt\/elegante-dame-m-tuerkis\/\"]}]},{\"@type\":\"ImageObject\",\"inLanguage\":\"fr-FR\",\"@id\":\"https:\/\/www.atouchofafrica.ch\/fr\/produkt\/elegante-dame-m-tuerkis\/#primaryimage\",\"url\":\"https:\/\/www.atouchofafrica.ch\/wp-content\/uploads\/2025\/11\/Eleg.-Frau-tuerkis-M.jpg\",\"contentUrl\":\"https:\/\/www.atouchofafrica.ch\/wp-content\/uploads\/2025\/11\/Eleg.-Frau-tuerkis-M.jpg\",\"width\":785,\"height\":1087},{\"@type\":\"BreadcrumbList\",\"@id\":\"https:\/\/www.atouchofafrica.ch\/fr\/produkt\/elegante-dame-m-tuerkis\/#breadcrumb\",\"itemListElement\":[{\"@type\":\"ListItem\",\"position\":1,\"name\":\"Startseite\",\"item\":\"https:\/\/www.atouchofafrica.ch\/fr\/\"},{\"@type\":\"ListItem\",\"position\":2,\"name\":\"Produits\",\"item\":\"https:\/\/www.atouchofafrica.ch\/fr\/shop\/\"},{\"@type\":\"ListItem\",\"position\":3,\"name\":\"Dame \u00e9l\u00e9gante, M, turquoise\"}]},{\"@type\":\"WebSite\",\"@id\":\"https:\/\/www.atouchofafrica.ch\/fr\/#website\",\"url\":\"https:\/\/www.atouchofafrica.ch\/fr\/\",\"name\":\"A Touch of Africa\",\"description\":\"Moderne Fairtrade Wohnideen vom afrikanischen Kontinent\",\"potentialAction\":[{\"@type\":\"SearchAction\",\"target\":{\"@type\":\"EntryPoint\",\"urlTemplate\":\"https:\/\/www.atouchofafrica.ch\/fr\/?s={search_term_string}\"},\"query-input\":{\"@type\":\"PropertyValueSpecification\",\"valueRequired\":true,\"valueName\":\"search_term_string\"}}],\"inLanguage\":\"fr-FR\"}]}<\/script>\n<!-- \/ Yoast SEO plugin. -->","yoast_head_json":{"title":"Dame \u00e9l\u00e9gante, M, turquoise - A Touch of Africa","robots":{"index":"index","follow":"follow","max-snippet":"max-snippet:-1","max-image-preview":"max-image-preview:large","max-video-preview":"max-video-preview:-1"},"canonical":"https:\/\/www.atouchofafrica.ch\/fr\/produkt\/elegante-dame-m-tuerkis\/","og_locale":"fr_FR","og_type":"article","og_title":"Dame \u00e9l\u00e9gante, M, turquoise - A Touch of Africa","og_description":"Figure en bronze de l&rsquo;artiste en bronze Karim Sana du Burkina Faso ; chaque figure est pr\u00e9par\u00e9e et coul\u00e9e individuellement selon la vieille tradition. La robe est peinte en turquoise, on voit le bronze au niveau du collier. Environ 15 cm de hauteur, 250 g de poids.","og_url":"https:\/\/www.atouchofafrica.ch\/fr\/produkt\/elegante-dame-m-tuerkis\/","og_site_name":"A Touch of Africa","article_modified_time":"2025-11-24T15:34:23+00:00","og_image":[{"width":785,"height":1087,"url":"https:\/\/www.atouchofafrica.ch\/wp-content\/uploads\/2025\/11\/Eleg.-Frau-tuerkis-M.jpg","type":"image\/jpeg"}],"twitter_card":"summary_large_image","twitter_misc":{"Dur\u00e9e de lecture estim\u00e9e":"1 minute"},"schema":{"@context":"https:\/\/schema.org","@graph":[{"@type":"WebPage","@id":"https:\/\/www.atouchofafrica.ch\/fr\/produkt\/elegante-dame-m-tuerkis\/","url":"https:\/\/www.atouchofafrica.ch\/fr\/produkt\/elegante-dame-m-tuerkis\/","name":"Dame \u00e9l\u00e9gante, M, turquoise - A Touch of Africa","isPartOf":{"@id":"https:\/\/www.atouchofafrica.ch\/fr\/#website"},"primaryImageOfPage":{"@id":"https:\/\/www.atouchofafrica.ch\/fr\/produkt\/elegante-dame-m-tuerkis\/#primaryimage"},"image":{"@id":"https:\/\/www.atouchofafrica.ch\/fr\/produkt\/elegante-dame-m-tuerkis\/#primaryimage"},"thumbnailUrl":"https:\/\/www.atouchofafrica.ch\/wp-content\/uploads\/2025\/11\/Eleg.-Frau-tuerkis-M.jpg","datePublished":"2025-11-24T14:25:53+00:00","dateModified":"2025-11-24T15:34:23+00:00","breadcrumb":{"@id":"https:\/\/www.atouchofafrica.ch\/fr\/produkt\/elegante-dame-m-tuerkis\/#breadcrumb"},"inLanguage":"fr-FR","potentialAction":[{"@type":"ReadAction","target":["https:\/\/www.atouchofafrica.ch\/fr\/produkt\/elegante-dame-m-tuerkis\/"]}]},{"@type":"ImageObject","inLanguage":"fr-FR","@id":"https:\/\/www.atouchofafrica.ch\/fr\/produkt\/elegante-dame-m-tuerkis\/#primaryimage","url":"https:\/\/www.atouchofafrica.ch\/wp-content\/uploads\/2025\/11\/Eleg.-Frau-tuerkis-M.jpg","contentUrl":"https:\/\/www.atouchofafrica.ch\/wp-content\/uploads\/2025\/11\/Eleg.-Frau-tuerkis-M.jpg","width":785,"height":1087},{"@type":"BreadcrumbList","@id":"https:\/\/www.atouchofafrica.ch\/fr\/produkt\/elegante-dame-m-tuerkis\/#breadcrumb","itemListElement":[{"@type":"ListItem","position":1,"name":"Startseite","item":"https:\/\/www.atouchofafrica.ch\/fr\/"},{"@type":"ListItem","position":2,"name":"Produits","item":"https:\/\/www.atouchofafrica.ch\/fr\/shop\/"},{"@type":"ListItem","position":3,"name":"Dame \u00e9l\u00e9gante, M, turquoise"}]},{"@type":"WebSite","@id":"https:\/\/www.atouchofafrica.ch\/fr\/#website","url":"https:\/\/www.atouchofafrica.ch\/fr\/","name":"A Touch of Africa","description":"Moderne Fairtrade Wohnideen vom afrikanischen Kontinent","potentialAction":[{"@type":"SearchAction","target":{"@type":"EntryPoint","urlTemplate":"https:\/\/www.atouchofafrica.ch\/fr\/?s={search_term_string}"},"query-input":{"@type":"PropertyValueSpecification","valueRequired":true,"valueName":"search_term_string"}}],"inLanguage":"fr-FR"}]}},"_links":{"self":[{"href":"https:\/\/www.atouchofafrica.ch\/fr\/wp-json\/wp\/v2\/product\/11204","targetHints":{"allow":["GET"]}}],"collection":[{"href":"https:\/\/www.atouchofafrica.ch\/fr\/wp-json\/wp\/v2\/product"}],"about":[{"href":"https:\/\/www.atouchofafrica.ch\/fr\/wp-json\/wp\/v2\/types\/product"}],"wp:featuredmedia":[{"embeddable":true,"href":"https:\/\/www.atouchofafrica.ch\/fr\/wp-json\/wp\/v2\/media\/11180"}],"wp:attachment":[{"href":"https:\/\/www.atouchofafrica.ch\/fr\/wp-json\/wp\/v2\/media?parent=11204"}],"wp:term":[{"taxonomy":"product_brand","embeddable":true,"href":"https:\/\/www.atouchofafrica.ch\/fr\/wp-json\/wp\/v2\/product_brand?post=11204"},{"taxonomy":"product_cat","embeddable":true,"href":"https:\/\/www.atouchofafrica.ch\/fr\/wp-json\/wp\/v2\/product_cat?post=11204"},{"taxonomy":"product_tag","embeddable":true,"href":"https:\/\/www.atouchofafrica.ch\/fr\/wp-json\/wp\/v2\/product_tag?post=11204"}],"curies":[{"name":"wp","href":"https:\/\/api.w.org\/{rel}","templated":true}]}}