{"id":10690,"date":"2025-04-01T15:32:45","date_gmt":"2025-04-01T15:32:45","guid":{"rendered":"https:\/\/www.atouchofafrica.ch\/produkt\/perlentier-m6\/"},"modified":"2025-04-17T13:48:17","modified_gmt":"2025-04-17T13:48:17","slug":"perlentier-m6","status":"publish","type":"product","link":"https:\/\/www.atouchofafrica.ch\/fr\/produkt\/perlentier-m6\/","title":{"rendered":"Animal en perles M5"},"content":{"rendered":"<p>Monkey Biz a \u00e9t\u00e9 fond\u00e9e il y a 25 ans en Afrique du Sud et permet \u00e0 plus de 200 personnes, principalement des femmes, de gagner un revenu s\u00fbr. L\u2019art classique du perlage est combin\u00e9 avec beaucoup d\u2019humour.<\/p>\n<p>Cet animal mesure 23 cm de long (du nez \u00e0 la queue) et 16 cm de haut pour un poids de 210 grammes. Il est fait de petites perles dor\u00e9es, turquoise et jaune et, comme tous les autres animaux, il s\u2019agit d\u2019une production unique.<\/p>\n","protected":false},"excerpt":{"rendered":"<p>Monkey Biz a \u00e9t\u00e9 fond\u00e9e il y a 25 ans en Afrique du Sud et permet \u00e0 plus de 200 personnes, principalement des femmes, de gagner un revenu s\u00fbr. L\u2019art classique du perlage est combin\u00e9 avec beaucoup d\u2019humour. Cet animal mesure 23 cm de long (du nez \u00e0 la queue) et 16 cm de haut pour un poids de 210 grammes. Il est fait de petites perles dor\u00e9es, turquoise et jaune et, comme tous les autres animaux, il s\u2019agit d\u2019une production unique.<\/p>\n","protected":false},"featured_media":10465,"template":"","meta":{"_acf_changed":false},"product_brand":[],"product_cat":[346],"product_tag":[],"class_list":{"0":"post-10690","1":"product","2":"type-product","3":"status-publish","4":"has-post-thumbnail","6":"product_cat-monkey-biz-perlentiere-fr","7":"product_shipping_class-expedition-standard","9":"first","10":"instock","11":"sale","12":"shipping-taxable","13":"purchasable","14":"product-type-simple"},"acf":[],"yoast_head":"<!-- This site is optimized with the Yoast SEO plugin v26.0 - https:\/\/yoast.com\/wordpress\/plugins\/seo\/ -->\n<title>Animal en perles M5 - A Touch of Africa<\/title>\n<meta name=\"robots\" content=\"index, follow, max-snippet:-1, max-image-preview:large, max-video-preview:-1\" \/>\n<link rel=\"canonical\" href=\"https:\/\/www.atouchofafrica.ch\/fr\/produkt\/perlentier-m6\/\" \/>\n<meta property=\"og:locale\" content=\"fr_FR\" \/>\n<meta property=\"og:type\" content=\"article\" \/>\n<meta property=\"og:title\" content=\"Animal en perles M5 - A Touch of Africa\" \/>\n<meta property=\"og:description\" content=\"Monkey Biz a \u00e9t\u00e9 fond\u00e9e il y a 25 ans en Afrique du Sud et permet \u00e0 plus de 200 personnes, principalement des femmes, de gagner un revenu s\u00fbr. L\u2019art classique du perlage est combin\u00e9 avec beaucoup d\u2019humour. Cet animal mesure 23 cm de long (du nez \u00e0 la queue) et 16 cm de haut pour un poids de 210 grammes. Il est fait de petites perles dor\u00e9es, turquoise et jaune et, comme tous les autres animaux, il s\u2019agit d\u2019une production unique.\" \/>\n<meta property=\"og:url\" content=\"https:\/\/www.atouchofafrica.ch\/fr\/produkt\/perlentier-m6\/\" \/>\n<meta property=\"og:site_name\" content=\"A Touch of Africa\" \/>\n<meta property=\"article:modified_time\" content=\"2025-04-17T13:48:17+00:00\" \/>\n<meta property=\"og:image\" content=\"https:\/\/www.atouchofafrica.ch\/wp-content\/uploads\/2025\/04\/MB8.jpg\" \/>\n\t<meta property=\"og:image:width\" content=\"1934\" \/>\n\t<meta property=\"og:image:height\" content=\"2352\" \/>\n\t<meta property=\"og:image:type\" content=\"image\/jpeg\" \/>\n<meta name=\"twitter:card\" content=\"summary_large_image\" \/>\n<meta name=\"twitter:label1\" content=\"Dur\u00e9e de lecture estim\u00e9e\" \/>\n\t<meta name=\"twitter:data1\" content=\"1 minute\" \/>\n<script type=\"application\/ld+json\" class=\"yoast-schema-graph\">{\"@context\":\"https:\/\/schema.org\",\"@graph\":[{\"@type\":\"WebPage\",\"@id\":\"https:\/\/www.atouchofafrica.ch\/fr\/produkt\/perlentier-m6\/\",\"url\":\"https:\/\/www.atouchofafrica.ch\/fr\/produkt\/perlentier-m6\/\",\"name\":\"Animal en perles M5 - A Touch of Africa\",\"isPartOf\":{\"@id\":\"https:\/\/www.atouchofafrica.ch\/fr\/#website\"},\"primaryImageOfPage\":{\"@id\":\"https:\/\/www.atouchofafrica.ch\/fr\/produkt\/perlentier-m6\/#primaryimage\"},\"image\":{\"@id\":\"https:\/\/www.atouchofafrica.ch\/fr\/produkt\/perlentier-m6\/#primaryimage\"},\"thumbnailUrl\":\"https:\/\/www.atouchofafrica.ch\/wp-content\/uploads\/2025\/04\/MB8.jpg\",\"datePublished\":\"2025-04-01T15:32:45+00:00\",\"dateModified\":\"2025-04-17T13:48:17+00:00\",\"breadcrumb\":{\"@id\":\"https:\/\/www.atouchofafrica.ch\/fr\/produkt\/perlentier-m6\/#breadcrumb\"},\"inLanguage\":\"fr-FR\",\"potentialAction\":[{\"@type\":\"ReadAction\",\"target\":[\"https:\/\/www.atouchofafrica.ch\/fr\/produkt\/perlentier-m6\/\"]}]},{\"@type\":\"ImageObject\",\"inLanguage\":\"fr-FR\",\"@id\":\"https:\/\/www.atouchofafrica.ch\/fr\/produkt\/perlentier-m6\/#primaryimage\",\"url\":\"https:\/\/www.atouchofafrica.ch\/wp-content\/uploads\/2025\/04\/MB8.jpg\",\"contentUrl\":\"https:\/\/www.atouchofafrica.ch\/wp-content\/uploads\/2025\/04\/MB8.jpg\",\"width\":1934,\"height\":2352},{\"@type\":\"BreadcrumbList\",\"@id\":\"https:\/\/www.atouchofafrica.ch\/fr\/produkt\/perlentier-m6\/#breadcrumb\",\"itemListElement\":[{\"@type\":\"ListItem\",\"position\":1,\"name\":\"Startseite\",\"item\":\"https:\/\/www.atouchofafrica.ch\/fr\/\"},{\"@type\":\"ListItem\",\"position\":2,\"name\":\"Produits\",\"item\":\"https:\/\/www.atouchofafrica.ch\/fr\/shop\/\"},{\"@type\":\"ListItem\",\"position\":3,\"name\":\"Animal en perles M5\"}]},{\"@type\":\"WebSite\",\"@id\":\"https:\/\/www.atouchofafrica.ch\/fr\/#website\",\"url\":\"https:\/\/www.atouchofafrica.ch\/fr\/\",\"name\":\"A Touch of Africa\",\"description\":\"Moderne Fairtrade Wohnideen vom afrikanischen Kontinent\",\"potentialAction\":[{\"@type\":\"SearchAction\",\"target\":{\"@type\":\"EntryPoint\",\"urlTemplate\":\"https:\/\/www.atouchofafrica.ch\/fr\/?s={search_term_string}\"},\"query-input\":{\"@type\":\"PropertyValueSpecification\",\"valueRequired\":true,\"valueName\":\"search_term_string\"}}],\"inLanguage\":\"fr-FR\"}]}<\/script>\n<!-- \/ Yoast SEO plugin. -->","yoast_head_json":{"title":"Animal en perles M5 - A Touch of Africa","robots":{"index":"index","follow":"follow","max-snippet":"max-snippet:-1","max-image-preview":"max-image-preview:large","max-video-preview":"max-video-preview:-1"},"canonical":"https:\/\/www.atouchofafrica.ch\/fr\/produkt\/perlentier-m6\/","og_locale":"fr_FR","og_type":"article","og_title":"Animal en perles M5 - A Touch of Africa","og_description":"Monkey Biz a \u00e9t\u00e9 fond\u00e9e il y a 25 ans en Afrique du Sud et permet \u00e0 plus de 200 personnes, principalement des femmes, de gagner un revenu s\u00fbr. L\u2019art classique du perlage est combin\u00e9 avec beaucoup d\u2019humour. Cet animal mesure 23 cm de long (du nez \u00e0 la queue) et 16 cm de haut pour un poids de 210 grammes. Il est fait de petites perles dor\u00e9es, turquoise et jaune et, comme tous les autres animaux, il s\u2019agit d\u2019une production unique.","og_url":"https:\/\/www.atouchofafrica.ch\/fr\/produkt\/perlentier-m6\/","og_site_name":"A Touch of Africa","article_modified_time":"2025-04-17T13:48:17+00:00","og_image":[{"width":1934,"height":2352,"url":"https:\/\/www.atouchofafrica.ch\/wp-content\/uploads\/2025\/04\/MB8.jpg","type":"image\/jpeg"}],"twitter_card":"summary_large_image","twitter_misc":{"Dur\u00e9e de lecture estim\u00e9e":"1 minute"},"schema":{"@context":"https:\/\/schema.org","@graph":[{"@type":"WebPage","@id":"https:\/\/www.atouchofafrica.ch\/fr\/produkt\/perlentier-m6\/","url":"https:\/\/www.atouchofafrica.ch\/fr\/produkt\/perlentier-m6\/","name":"Animal en perles M5 - A Touch of Africa","isPartOf":{"@id":"https:\/\/www.atouchofafrica.ch\/fr\/#website"},"primaryImageOfPage":{"@id":"https:\/\/www.atouchofafrica.ch\/fr\/produkt\/perlentier-m6\/#primaryimage"},"image":{"@id":"https:\/\/www.atouchofafrica.ch\/fr\/produkt\/perlentier-m6\/#primaryimage"},"thumbnailUrl":"https:\/\/www.atouchofafrica.ch\/wp-content\/uploads\/2025\/04\/MB8.jpg","datePublished":"2025-04-01T15:32:45+00:00","dateModified":"2025-04-17T13:48:17+00:00","breadcrumb":{"@id":"https:\/\/www.atouchofafrica.ch\/fr\/produkt\/perlentier-m6\/#breadcrumb"},"inLanguage":"fr-FR","potentialAction":[{"@type":"ReadAction","target":["https:\/\/www.atouchofafrica.ch\/fr\/produkt\/perlentier-m6\/"]}]},{"@type":"ImageObject","inLanguage":"fr-FR","@id":"https:\/\/www.atouchofafrica.ch\/fr\/produkt\/perlentier-m6\/#primaryimage","url":"https:\/\/www.atouchofafrica.ch\/wp-content\/uploads\/2025\/04\/MB8.jpg","contentUrl":"https:\/\/www.atouchofafrica.ch\/wp-content\/uploads\/2025\/04\/MB8.jpg","width":1934,"height":2352},{"@type":"BreadcrumbList","@id":"https:\/\/www.atouchofafrica.ch\/fr\/produkt\/perlentier-m6\/#breadcrumb","itemListElement":[{"@type":"ListItem","position":1,"name":"Startseite","item":"https:\/\/www.atouchofafrica.ch\/fr\/"},{"@type":"ListItem","position":2,"name":"Produits","item":"https:\/\/www.atouchofafrica.ch\/fr\/shop\/"},{"@type":"ListItem","position":3,"name":"Animal en perles M5"}]},{"@type":"WebSite","@id":"https:\/\/www.atouchofafrica.ch\/fr\/#website","url":"https:\/\/www.atouchofafrica.ch\/fr\/","name":"A Touch of Africa","description":"Moderne Fairtrade Wohnideen vom afrikanischen Kontinent","potentialAction":[{"@type":"SearchAction","target":{"@type":"EntryPoint","urlTemplate":"https:\/\/www.atouchofafrica.ch\/fr\/?s={search_term_string}"},"query-input":{"@type":"PropertyValueSpecification","valueRequired":true,"valueName":"search_term_string"}}],"inLanguage":"fr-FR"}]}},"_links":{"self":[{"href":"https:\/\/www.atouchofafrica.ch\/fr\/wp-json\/wp\/v2\/product\/10690","targetHints":{"allow":["GET"]}}],"collection":[{"href":"https:\/\/www.atouchofafrica.ch\/fr\/wp-json\/wp\/v2\/product"}],"about":[{"href":"https:\/\/www.atouchofafrica.ch\/fr\/wp-json\/wp\/v2\/types\/product"}],"wp:featuredmedia":[{"embeddable":true,"href":"https:\/\/www.atouchofafrica.ch\/fr\/wp-json\/wp\/v2\/media\/10465"}],"wp:attachment":[{"href":"https:\/\/www.atouchofafrica.ch\/fr\/wp-json\/wp\/v2\/media?parent=10690"}],"wp:term":[{"taxonomy":"product_brand","embeddable":true,"href":"https:\/\/www.atouchofafrica.ch\/fr\/wp-json\/wp\/v2\/product_brand?post=10690"},{"taxonomy":"product_cat","embeddable":true,"href":"https:\/\/www.atouchofafrica.ch\/fr\/wp-json\/wp\/v2\/product_cat?post=10690"},{"taxonomy":"product_tag","embeddable":true,"href":"https:\/\/www.atouchofafrica.ch\/fr\/wp-json\/wp\/v2\/product_tag?post=10690"}],"curies":[{"name":"wp","href":"https:\/\/api.w.org\/{rel}","templated":true}]}}