{"id":10194,"date":"2025-02-07T15:58:11","date_gmt":"2025-02-07T15:58:11","guid":{"rendered":"https:\/\/www.atouchofafrica.ch\/produkt\/halskette-aus-glas-und-keramikperlen\/"},"modified":"2025-02-08T11:27:50","modified_gmt":"2025-02-08T11:27:50","slug":"halskette-aus-glas-und-keramikperlen","status":"publish","type":"product","link":"https:\/\/www.atouchofafrica.ch\/fr\/produkt\/halskette-aus-glas-und-keramikperlen\/","title":{"rendered":"Collier de perles de verre et de c\u00e9ramique A"},"content":{"rendered":"<p>Ce collier traditionnel du Burkina Faso est compos\u00e9 de dix fines lani\u00e8res de cuir sur lesquelles sont fix\u00e9es diverses perles avec du fil de cuivre (c\u00e9ramique, bois, verre recycl\u00e9).. Longueur 49 cm, poids 85 gr.<\/p>\n","protected":false},"excerpt":{"rendered":"<p>Ce collier traditionnel du Burkina Faso est compos\u00e9 de dix fines lani\u00e8res de cuir sur lesquelles sont fix\u00e9es diverses perles avec du fil de cuivre (c\u00e9ramique, bois, verre recycl\u00e9).. Longueur 49 cm, poids 85 gr.<\/p>\n","protected":false},"featured_media":10170,"template":"","meta":{"_acf_changed":false},"product_brand":[],"product_cat":[121],"product_tag":[],"class_list":{"0":"post-10194","1":"product","2":"type-product","3":"status-publish","4":"has-post-thumbnail","6":"product_cat-colliers","7":"product_shipping_class-expedition-standard","9":"first","10":"instock","11":"sale","12":"shipping-taxable","13":"purchasable","14":"product-type-simple"},"acf":[],"yoast_head":"<!-- This site is optimized with the Yoast SEO plugin v26.0 - https:\/\/yoast.com\/wordpress\/plugins\/seo\/ -->\n<title>Collier de perles de verre et de c\u00e9ramique A - A Touch of Africa<\/title>\n<meta name=\"robots\" content=\"index, follow, max-snippet:-1, max-image-preview:large, max-video-preview:-1\" \/>\n<link rel=\"canonical\" href=\"https:\/\/www.atouchofafrica.ch\/fr\/produkt\/halskette-aus-glas-und-keramikperlen\/\" \/>\n<meta property=\"og:locale\" content=\"fr_FR\" \/>\n<meta property=\"og:type\" content=\"article\" \/>\n<meta property=\"og:title\" content=\"Collier de perles de verre et de c\u00e9ramique A - A Touch of Africa\" \/>\n<meta property=\"og:description\" content=\"Ce collier traditionnel du Burkina Faso est compos\u00e9 de dix fines lani\u00e8res de cuir sur lesquelles sont fix\u00e9es diverses perles avec du fil de cuivre (c\u00e9ramique, bois, verre recycl\u00e9).. Longueur 49 cm, poids 85 gr.\" \/>\n<meta property=\"og:url\" content=\"https:\/\/www.atouchofafrica.ch\/fr\/produkt\/halskette-aus-glas-und-keramikperlen\/\" \/>\n<meta property=\"og:site_name\" content=\"A Touch of Africa\" \/>\n<meta property=\"article:modified_time\" content=\"2025-02-08T11:27:50+00:00\" \/>\n<meta property=\"og:image\" content=\"https:\/\/www.atouchofafrica.ch\/wp-content\/uploads\/2025\/02\/IMG_2869-scaled.jpg\" \/>\n\t<meta property=\"og:image:width\" content=\"1920\" \/>\n\t<meta property=\"og:image:height\" content=\"2560\" \/>\n\t<meta property=\"og:image:type\" content=\"image\/jpeg\" \/>\n<meta name=\"twitter:card\" content=\"summary_large_image\" \/>\n<meta name=\"twitter:label1\" content=\"Dur\u00e9e de lecture estim\u00e9e\" \/>\n\t<meta name=\"twitter:data1\" content=\"1 minute\" \/>\n<script type=\"application\/ld+json\" class=\"yoast-schema-graph\">{\"@context\":\"https:\/\/schema.org\",\"@graph\":[{\"@type\":\"WebPage\",\"@id\":\"https:\/\/www.atouchofafrica.ch\/fr\/produkt\/halskette-aus-glas-und-keramikperlen\/\",\"url\":\"https:\/\/www.atouchofafrica.ch\/fr\/produkt\/halskette-aus-glas-und-keramikperlen\/\",\"name\":\"Collier de perles de verre et de c\u00e9ramique A - A Touch of Africa\",\"isPartOf\":{\"@id\":\"https:\/\/www.atouchofafrica.ch\/fr\/#website\"},\"primaryImageOfPage\":{\"@id\":\"https:\/\/www.atouchofafrica.ch\/fr\/produkt\/halskette-aus-glas-und-keramikperlen\/#primaryimage\"},\"image\":{\"@id\":\"https:\/\/www.atouchofafrica.ch\/fr\/produkt\/halskette-aus-glas-und-keramikperlen\/#primaryimage\"},\"thumbnailUrl\":\"https:\/\/www.atouchofafrica.ch\/wp-content\/uploads\/2025\/02\/IMG_2869-scaled.jpg\",\"datePublished\":\"2025-02-07T15:58:11+00:00\",\"dateModified\":\"2025-02-08T11:27:50+00:00\",\"breadcrumb\":{\"@id\":\"https:\/\/www.atouchofafrica.ch\/fr\/produkt\/halskette-aus-glas-und-keramikperlen\/#breadcrumb\"},\"inLanguage\":\"fr-FR\",\"potentialAction\":[{\"@type\":\"ReadAction\",\"target\":[\"https:\/\/www.atouchofafrica.ch\/fr\/produkt\/halskette-aus-glas-und-keramikperlen\/\"]}]},{\"@type\":\"ImageObject\",\"inLanguage\":\"fr-FR\",\"@id\":\"https:\/\/www.atouchofafrica.ch\/fr\/produkt\/halskette-aus-glas-und-keramikperlen\/#primaryimage\",\"url\":\"https:\/\/www.atouchofafrica.ch\/wp-content\/uploads\/2025\/02\/IMG_2869-scaled.jpg\",\"contentUrl\":\"https:\/\/www.atouchofafrica.ch\/wp-content\/uploads\/2025\/02\/IMG_2869-scaled.jpg\",\"width\":1920,\"height\":2560},{\"@type\":\"BreadcrumbList\",\"@id\":\"https:\/\/www.atouchofafrica.ch\/fr\/produkt\/halskette-aus-glas-und-keramikperlen\/#breadcrumb\",\"itemListElement\":[{\"@type\":\"ListItem\",\"position\":1,\"name\":\"Startseite\",\"item\":\"https:\/\/www.atouchofafrica.ch\/fr\/\"},{\"@type\":\"ListItem\",\"position\":2,\"name\":\"Produits\",\"item\":\"https:\/\/www.atouchofafrica.ch\/fr\/shop\/\"},{\"@type\":\"ListItem\",\"position\":3,\"name\":\"Collier de perles de verre et de c\u00e9ramique A\"}]},{\"@type\":\"WebSite\",\"@id\":\"https:\/\/www.atouchofafrica.ch\/fr\/#website\",\"url\":\"https:\/\/www.atouchofafrica.ch\/fr\/\",\"name\":\"A Touch of Africa\",\"description\":\"Moderne Fairtrade Wohnideen vom afrikanischen Kontinent\",\"potentialAction\":[{\"@type\":\"SearchAction\",\"target\":{\"@type\":\"EntryPoint\",\"urlTemplate\":\"https:\/\/www.atouchofafrica.ch\/fr\/?s={search_term_string}\"},\"query-input\":{\"@type\":\"PropertyValueSpecification\",\"valueRequired\":true,\"valueName\":\"search_term_string\"}}],\"inLanguage\":\"fr-FR\"}]}<\/script>\n<!-- \/ Yoast SEO plugin. -->","yoast_head_json":{"title":"Collier de perles de verre et de c\u00e9ramique A - A Touch of Africa","robots":{"index":"index","follow":"follow","max-snippet":"max-snippet:-1","max-image-preview":"max-image-preview:large","max-video-preview":"max-video-preview:-1"},"canonical":"https:\/\/www.atouchofafrica.ch\/fr\/produkt\/halskette-aus-glas-und-keramikperlen\/","og_locale":"fr_FR","og_type":"article","og_title":"Collier de perles de verre et de c\u00e9ramique A - A Touch of Africa","og_description":"Ce collier traditionnel du Burkina Faso est compos\u00e9 de dix fines lani\u00e8res de cuir sur lesquelles sont fix\u00e9es diverses perles avec du fil de cuivre (c\u00e9ramique, bois, verre recycl\u00e9).. Longueur 49 cm, poids 85 gr.","og_url":"https:\/\/www.atouchofafrica.ch\/fr\/produkt\/halskette-aus-glas-und-keramikperlen\/","og_site_name":"A Touch of Africa","article_modified_time":"2025-02-08T11:27:50+00:00","og_image":[{"width":1920,"height":2560,"url":"https:\/\/www.atouchofafrica.ch\/wp-content\/uploads\/2025\/02\/IMG_2869-scaled.jpg","type":"image\/jpeg"}],"twitter_card":"summary_large_image","twitter_misc":{"Dur\u00e9e de lecture estim\u00e9e":"1 minute"},"schema":{"@context":"https:\/\/schema.org","@graph":[{"@type":"WebPage","@id":"https:\/\/www.atouchofafrica.ch\/fr\/produkt\/halskette-aus-glas-und-keramikperlen\/","url":"https:\/\/www.atouchofafrica.ch\/fr\/produkt\/halskette-aus-glas-und-keramikperlen\/","name":"Collier de perles de verre et de c\u00e9ramique A - A Touch of Africa","isPartOf":{"@id":"https:\/\/www.atouchofafrica.ch\/fr\/#website"},"primaryImageOfPage":{"@id":"https:\/\/www.atouchofafrica.ch\/fr\/produkt\/halskette-aus-glas-und-keramikperlen\/#primaryimage"},"image":{"@id":"https:\/\/www.atouchofafrica.ch\/fr\/produkt\/halskette-aus-glas-und-keramikperlen\/#primaryimage"},"thumbnailUrl":"https:\/\/www.atouchofafrica.ch\/wp-content\/uploads\/2025\/02\/IMG_2869-scaled.jpg","datePublished":"2025-02-07T15:58:11+00:00","dateModified":"2025-02-08T11:27:50+00:00","breadcrumb":{"@id":"https:\/\/www.atouchofafrica.ch\/fr\/produkt\/halskette-aus-glas-und-keramikperlen\/#breadcrumb"},"inLanguage":"fr-FR","potentialAction":[{"@type":"ReadAction","target":["https:\/\/www.atouchofafrica.ch\/fr\/produkt\/halskette-aus-glas-und-keramikperlen\/"]}]},{"@type":"ImageObject","inLanguage":"fr-FR","@id":"https:\/\/www.atouchofafrica.ch\/fr\/produkt\/halskette-aus-glas-und-keramikperlen\/#primaryimage","url":"https:\/\/www.atouchofafrica.ch\/wp-content\/uploads\/2025\/02\/IMG_2869-scaled.jpg","contentUrl":"https:\/\/www.atouchofafrica.ch\/wp-content\/uploads\/2025\/02\/IMG_2869-scaled.jpg","width":1920,"height":2560},{"@type":"BreadcrumbList","@id":"https:\/\/www.atouchofafrica.ch\/fr\/produkt\/halskette-aus-glas-und-keramikperlen\/#breadcrumb","itemListElement":[{"@type":"ListItem","position":1,"name":"Startseite","item":"https:\/\/www.atouchofafrica.ch\/fr\/"},{"@type":"ListItem","position":2,"name":"Produits","item":"https:\/\/www.atouchofafrica.ch\/fr\/shop\/"},{"@type":"ListItem","position":3,"name":"Collier de perles de verre et de c\u00e9ramique A"}]},{"@type":"WebSite","@id":"https:\/\/www.atouchofafrica.ch\/fr\/#website","url":"https:\/\/www.atouchofafrica.ch\/fr\/","name":"A Touch of Africa","description":"Moderne Fairtrade Wohnideen vom afrikanischen Kontinent","potentialAction":[{"@type":"SearchAction","target":{"@type":"EntryPoint","urlTemplate":"https:\/\/www.atouchofafrica.ch\/fr\/?s={search_term_string}"},"query-input":{"@type":"PropertyValueSpecification","valueRequired":true,"valueName":"search_term_string"}}],"inLanguage":"fr-FR"}]}},"_links":{"self":[{"href":"https:\/\/www.atouchofafrica.ch\/fr\/wp-json\/wp\/v2\/product\/10194","targetHints":{"allow":["GET"]}}],"collection":[{"href":"https:\/\/www.atouchofafrica.ch\/fr\/wp-json\/wp\/v2\/product"}],"about":[{"href":"https:\/\/www.atouchofafrica.ch\/fr\/wp-json\/wp\/v2\/types\/product"}],"wp:featuredmedia":[{"embeddable":true,"href":"https:\/\/www.atouchofafrica.ch\/fr\/wp-json\/wp\/v2\/media\/10170"}],"wp:attachment":[{"href":"https:\/\/www.atouchofafrica.ch\/fr\/wp-json\/wp\/v2\/media?parent=10194"}],"wp:term":[{"taxonomy":"product_brand","embeddable":true,"href":"https:\/\/www.atouchofafrica.ch\/fr\/wp-json\/wp\/v2\/product_brand?post=10194"},{"taxonomy":"product_cat","embeddable":true,"href":"https:\/\/www.atouchofafrica.ch\/fr\/wp-json\/wp\/v2\/product_cat?post=10194"},{"taxonomy":"product_tag","embeddable":true,"href":"https:\/\/www.atouchofafrica.ch\/fr\/wp-json\/wp\/v2\/product_tag?post=10194"}],"curies":[{"name":"wp","href":"https:\/\/api.w.org\/{rel}","templated":true}]}}