{"id":10138,"date":"2025-02-01T11:50:19","date_gmt":"2025-02-01T11:50:19","guid":{"rendered":"https:\/\/www.atouchofafrica.ch\/produkt\/elegante-dame-von-karim-sana-schwarz\/"},"modified":"2025-04-10T15:39:58","modified_gmt":"2025-04-10T15:39:58","slug":"elegante-dame-von-karim-sana-schwarz","status":"publish","type":"product","link":"https:\/\/www.atouchofafrica.ch\/fr\/produkt\/elegante-dame-von-karim-sana-schwarz\/","title":{"rendered":"Femme \u00e9l\u00e9gante avec livre, noire"},"content":{"rendered":"<p>Statuette en bronze r\u00e9alis\u00e9e selon la m\u00e9thode classique \u00ab cire perdue \u00bb par l\u2019artiste bronzier Karim Sana de Ouagadougou, Burkina Faso. Chaque figurine est unique. Cette dame est peinte en noir, mesure 16 cm de haut, p\u00e8se environ 250 gr..<\/p>\n","protected":false},"excerpt":{"rendered":"<p>Statuette en bronze r\u00e9alis\u00e9e selon la m\u00e9thode classique \u00ab cire perdue \u00bb par l\u2019artiste bronzier Karim Sana de Ouagadougou, Burkina Faso. Chaque figurine est unique. Cette dame est peinte en noir, mesure 16 cm de haut, p\u00e8se environ 250 gr..<\/p>\n","protected":false},"featured_media":0,"template":"","meta":{"_acf_changed":false},"product_brand":[],"product_cat":[217],"product_tag":[],"class_list":{"0":"post-10138","1":"product","2":"type-product","3":"status-publish","5":"product_cat-art-adama-art","6":"product_shipping_class-expedition-standard","8":"first","9":"instock","10":"shipping-taxable","11":"purchasable","12":"product-type-simple"},"acf":[],"yoast_head":"<!-- This site is optimized with the Yoast SEO plugin v26.0 - https:\/\/yoast.com\/wordpress\/plugins\/seo\/ -->\n<title>Femme \u00e9l\u00e9gante avec livre, noire - A Touch of Africa<\/title>\n<meta name=\"robots\" content=\"index, follow, max-snippet:-1, max-image-preview:large, max-video-preview:-1\" \/>\n<link rel=\"canonical\" href=\"https:\/\/www.atouchofafrica.ch\/fr\/produkt\/elegante-dame-von-karim-sana-schwarz\/\" \/>\n<meta property=\"og:locale\" content=\"fr_FR\" \/>\n<meta property=\"og:type\" content=\"article\" \/>\n<meta property=\"og:title\" content=\"Femme \u00e9l\u00e9gante avec livre, noire - A Touch of Africa\" \/>\n<meta property=\"og:description\" content=\"Statuette en bronze r\u00e9alis\u00e9e selon la m\u00e9thode classique \u00ab cire perdue \u00bb par l\u2019artiste bronzier Karim Sana de Ouagadougou, Burkina Faso. Chaque figurine est unique. Cette dame est peinte en noir, mesure 16 cm de haut, p\u00e8se environ 250 gr..\" \/>\n<meta property=\"og:url\" content=\"https:\/\/www.atouchofafrica.ch\/fr\/produkt\/elegante-dame-von-karim-sana-schwarz\/\" \/>\n<meta property=\"og:site_name\" content=\"A Touch of Africa\" \/>\n<meta property=\"article:modified_time\" content=\"2025-04-10T15:39:58+00:00\" \/>\n<meta name=\"twitter:card\" content=\"summary_large_image\" \/>\n<meta name=\"twitter:label1\" content=\"Dur\u00e9e de lecture estim\u00e9e\" \/>\n\t<meta name=\"twitter:data1\" content=\"1 minute\" \/>\n<script type=\"application\/ld+json\" class=\"yoast-schema-graph\">{\"@context\":\"https:\/\/schema.org\",\"@graph\":[{\"@type\":\"WebPage\",\"@id\":\"https:\/\/www.atouchofafrica.ch\/fr\/produkt\/elegante-dame-von-karim-sana-schwarz\/\",\"url\":\"https:\/\/www.atouchofafrica.ch\/fr\/produkt\/elegante-dame-von-karim-sana-schwarz\/\",\"name\":\"Femme \u00e9l\u00e9gante avec livre, noire - A Touch of Africa\",\"isPartOf\":{\"@id\":\"https:\/\/www.atouchofafrica.ch\/fr\/#website\"},\"datePublished\":\"2025-02-01T11:50:19+00:00\",\"dateModified\":\"2025-04-10T15:39:58+00:00\",\"breadcrumb\":{\"@id\":\"https:\/\/www.atouchofafrica.ch\/fr\/produkt\/elegante-dame-von-karim-sana-schwarz\/#breadcrumb\"},\"inLanguage\":\"fr-FR\",\"potentialAction\":[{\"@type\":\"ReadAction\",\"target\":[\"https:\/\/www.atouchofafrica.ch\/fr\/produkt\/elegante-dame-von-karim-sana-schwarz\/\"]}]},{\"@type\":\"BreadcrumbList\",\"@id\":\"https:\/\/www.atouchofafrica.ch\/fr\/produkt\/elegante-dame-von-karim-sana-schwarz\/#breadcrumb\",\"itemListElement\":[{\"@type\":\"ListItem\",\"position\":1,\"name\":\"Startseite\",\"item\":\"https:\/\/www.atouchofafrica.ch\/fr\/\"},{\"@type\":\"ListItem\",\"position\":2,\"name\":\"Produits\",\"item\":\"https:\/\/www.atouchofafrica.ch\/fr\/shop\/\"},{\"@type\":\"ListItem\",\"position\":3,\"name\":\"Femme \u00e9l\u00e9gante avec livre, noire\"}]},{\"@type\":\"WebSite\",\"@id\":\"https:\/\/www.atouchofafrica.ch\/fr\/#website\",\"url\":\"https:\/\/www.atouchofafrica.ch\/fr\/\",\"name\":\"A Touch of Africa\",\"description\":\"Moderne Fairtrade Wohnideen vom afrikanischen Kontinent\",\"potentialAction\":[{\"@type\":\"SearchAction\",\"target\":{\"@type\":\"EntryPoint\",\"urlTemplate\":\"https:\/\/www.atouchofafrica.ch\/fr\/?s={search_term_string}\"},\"query-input\":{\"@type\":\"PropertyValueSpecification\",\"valueRequired\":true,\"valueName\":\"search_term_string\"}}],\"inLanguage\":\"fr-FR\"}]}<\/script>\n<!-- \/ Yoast SEO plugin. -->","yoast_head_json":{"title":"Femme \u00e9l\u00e9gante avec livre, noire - A Touch of Africa","robots":{"index":"index","follow":"follow","max-snippet":"max-snippet:-1","max-image-preview":"max-image-preview:large","max-video-preview":"max-video-preview:-1"},"canonical":"https:\/\/www.atouchofafrica.ch\/fr\/produkt\/elegante-dame-von-karim-sana-schwarz\/","og_locale":"fr_FR","og_type":"article","og_title":"Femme \u00e9l\u00e9gante avec livre, noire - A Touch of Africa","og_description":"Statuette en bronze r\u00e9alis\u00e9e selon la m\u00e9thode classique \u00ab cire perdue \u00bb par l\u2019artiste bronzier Karim Sana de Ouagadougou, Burkina Faso. Chaque figurine est unique. Cette dame est peinte en noir, mesure 16 cm de haut, p\u00e8se environ 250 gr..","og_url":"https:\/\/www.atouchofafrica.ch\/fr\/produkt\/elegante-dame-von-karim-sana-schwarz\/","og_site_name":"A Touch of Africa","article_modified_time":"2025-04-10T15:39:58+00:00","twitter_card":"summary_large_image","twitter_misc":{"Dur\u00e9e de lecture estim\u00e9e":"1 minute"},"schema":{"@context":"https:\/\/schema.org","@graph":[{"@type":"WebPage","@id":"https:\/\/www.atouchofafrica.ch\/fr\/produkt\/elegante-dame-von-karim-sana-schwarz\/","url":"https:\/\/www.atouchofafrica.ch\/fr\/produkt\/elegante-dame-von-karim-sana-schwarz\/","name":"Femme \u00e9l\u00e9gante avec livre, noire - A Touch of Africa","isPartOf":{"@id":"https:\/\/www.atouchofafrica.ch\/fr\/#website"},"datePublished":"2025-02-01T11:50:19+00:00","dateModified":"2025-04-10T15:39:58+00:00","breadcrumb":{"@id":"https:\/\/www.atouchofafrica.ch\/fr\/produkt\/elegante-dame-von-karim-sana-schwarz\/#breadcrumb"},"inLanguage":"fr-FR","potentialAction":[{"@type":"ReadAction","target":["https:\/\/www.atouchofafrica.ch\/fr\/produkt\/elegante-dame-von-karim-sana-schwarz\/"]}]},{"@type":"BreadcrumbList","@id":"https:\/\/www.atouchofafrica.ch\/fr\/produkt\/elegante-dame-von-karim-sana-schwarz\/#breadcrumb","itemListElement":[{"@type":"ListItem","position":1,"name":"Startseite","item":"https:\/\/www.atouchofafrica.ch\/fr\/"},{"@type":"ListItem","position":2,"name":"Produits","item":"https:\/\/www.atouchofafrica.ch\/fr\/shop\/"},{"@type":"ListItem","position":3,"name":"Femme \u00e9l\u00e9gante avec livre, noire"}]},{"@type":"WebSite","@id":"https:\/\/www.atouchofafrica.ch\/fr\/#website","url":"https:\/\/www.atouchofafrica.ch\/fr\/","name":"A Touch of Africa","description":"Moderne Fairtrade Wohnideen vom afrikanischen Kontinent","potentialAction":[{"@type":"SearchAction","target":{"@type":"EntryPoint","urlTemplate":"https:\/\/www.atouchofafrica.ch\/fr\/?s={search_term_string}"},"query-input":{"@type":"PropertyValueSpecification","valueRequired":true,"valueName":"search_term_string"}}],"inLanguage":"fr-FR"}]}},"_links":{"self":[{"href":"https:\/\/www.atouchofafrica.ch\/fr\/wp-json\/wp\/v2\/product\/10138","targetHints":{"allow":["GET"]}}],"collection":[{"href":"https:\/\/www.atouchofafrica.ch\/fr\/wp-json\/wp\/v2\/product"}],"about":[{"href":"https:\/\/www.atouchofafrica.ch\/fr\/wp-json\/wp\/v2\/types\/product"}],"wp:attachment":[{"href":"https:\/\/www.atouchofafrica.ch\/fr\/wp-json\/wp\/v2\/media?parent=10138"}],"wp:term":[{"taxonomy":"product_brand","embeddable":true,"href":"https:\/\/www.atouchofafrica.ch\/fr\/wp-json\/wp\/v2\/product_brand?post=10138"},{"taxonomy":"product_cat","embeddable":true,"href":"https:\/\/www.atouchofafrica.ch\/fr\/wp-json\/wp\/v2\/product_cat?post=10138"},{"taxonomy":"product_tag","embeddable":true,"href":"https:\/\/www.atouchofafrica.ch\/fr\/wp-json\/wp\/v2\/product_tag?post=10138"}],"curies":[{"name":"wp","href":"https:\/\/api.w.org\/{rel}","templated":true}]}}