{"id":3202,"date":"2019-05-10T12:03:33","date_gmt":"2019-05-10T12:03:33","guid":{"rendered":"https:\/\/www.atouchofafrica.ch\/?page_id=3202"},"modified":"2019-05-10T12:27:03","modified_gmt":"2019-05-10T12:27:03","slug":"portrait","status":"publish","type":"page","link":"https:\/\/www.atouchofafrica.ch\/fr\/portrait\/","title":{"rendered":"Portrait"},"content":{"rendered":"<div class=\"wpb-content-wrapper\"><p>[vc_row][vc_column][vc_column_text]<\/p>\n<h1>Portrait<\/h1>\n<p>[\/vc_column_text][vc_column_text]<img loading=\"lazy\" decoding=\"async\" class=\"alignleft wp-image-775 size-medium\" style=\"max-width: 250px !important; height: auto !important;\" src=\"https:\/\/www.atouchofafrica.ch\/wp-content\/uploads\/2018\/05\/IMG_1611-002-cfd_2-450x600.jpg\" alt=\"\" width=\"450\" height=\"600\" srcset=\"https:\/\/www.atouchofafrica.ch\/wp-content\/uploads\/2018\/05\/IMG_1611-002-cfd_2-450x600.jpg 450w, https:\/\/www.atouchofafrica.ch\/wp-content\/uploads\/2018\/05\/IMG_1611-002-cfd_2-768x1024.jpg 768w, https:\/\/www.atouchofafrica.ch\/wp-content\/uploads\/2018\/05\/IMG_1611-002-cfd_2-958x1277.jpg 958w, https:\/\/www.atouchofafrica.ch\/wp-content\/uploads\/2018\/05\/IMG_1611-002-cfd_2-1000x1333.jpg 1000w, https:\/\/www.atouchofafrica.ch\/wp-content\/uploads\/2018\/05\/IMG_1611-002-cfd_2.jpg 750w\" sizes=\"auto, (max-width: 450px) 100vw, 450px\" \/>De la boutique DIX-SEPT de la Kramgasse 18 \u00e0 Berne, en Suisse, la boutique en ligne \u00ab\u00a0A Touch of Africa\u00a0\u00bb s&rsquo;est d\u00e9velopp\u00e9e. Marianne H\u00f6gstedt compose les collections en ligne pour vous avec soin, amour et passion.<\/p>\n<p>Mais \u00ab\u00a0A Touch of Africa\u00a0\u00bb est plus qu&rsquo;une simple boutique en ligne. Avec nos clients, avec nos fournisseurs, nous formons une communaut\u00e9 avec un enthousiasme extraordinaire pour le continent africain. Nous aimons le beau design africain et notre c\u0153ur bat pour un monde meilleur. Le commerce \u00e9quitable n&rsquo;est donc pas une question mais le d\u00e9but de tout. Exiger la durabilit\u00e9 fait partie int\u00e9grante de notre concept d&rsquo;entreprise.<br \/>\n[\/vc_column_text][\/vc_column][\/vc_row]<\/p>\n<\/div>","protected":false},"excerpt":{"rendered":"<p>[vc_row][vc_column][vc_column_text] Portrait [\/vc_column_text][vc_column_text]De la boutique DIX-SEPT de la Kramgasse 18 \u00e0 Berne, en Suisse, la boutique en ligne \u00ab\u00a0A Touch of Africa\u00a0\u00bb s&rsquo;est d\u00e9velopp\u00e9e. Marianne H\u00f6gstedt compose les collections en ligne pour vous avec soin, amour et passion. Mais \u00ab\u00a0A Touch of Africa\u00a0\u00bb est plus qu&rsquo;une simple boutique en ligne. Avec nos clients, avec nos fournisseurs, nous formons une communaut\u00e9 avec un enthousiasme extraordinaire pour le continent africain. Nous aimons le beau design africain et notre c\u0153ur bat pour un monde meilleur. Le commerce \u00e9quitable n&rsquo;est donc pas une question mais le d\u00e9but de tout. Exiger la durabilit\u00e9 fait partie int\u00e9grante de notre concept d&rsquo;entreprise. [\/vc_column_text][\/vc_column][\/vc_row]<\/p>\n","protected":false},"author":5,"featured_media":0,"parent":0,"menu_order":0,"comment_status":"closed","ping_status":"closed","template":"","meta":{"_acf_changed":false,"footnotes":""},"class_list":["post-3202","page","type-page","status-publish","hentry"],"acf":[],"yoast_head":"<!-- This site is optimized with the Yoast SEO plugin v26.0 - https:\/\/yoast.com\/wordpress\/plugins\/seo\/ -->\n<title>Portrait - A Touch of Africa<\/title>\n<meta name=\"robots\" content=\"index, follow, max-snippet:-1, max-image-preview:large, max-video-preview:-1\" \/>\n<link rel=\"canonical\" href=\"https:\/\/www.atouchofafrica.ch\/fr\/portrait\/\" \/>\n<meta property=\"og:locale\" content=\"fr_FR\" \/>\n<meta property=\"og:type\" content=\"article\" \/>\n<meta property=\"og:title\" content=\"Portrait - A Touch of Africa\" \/>\n<meta property=\"og:description\" content=\"[vc_row][vc_column][vc_column_text] Portrait [\/vc_column_text][vc_column_text]De la boutique DIX-SEPT de la Kramgasse 18 \u00e0 Berne, en Suisse, la boutique en ligne \u00ab\u00a0A Touch of Africa\u00a0\u00bb s&rsquo;est d\u00e9velopp\u00e9e. Marianne H\u00f6gstedt compose les collections en ligne pour vous avec soin, amour et passion. Mais \u00ab\u00a0A Touch of Africa\u00a0\u00bb est plus qu&rsquo;une simple boutique en ligne. Avec nos clients, avec nos fournisseurs, nous formons une communaut\u00e9 avec un enthousiasme extraordinaire pour le continent africain. Nous aimons le beau design africain et notre c\u0153ur bat pour un monde meilleur. Le commerce \u00e9quitable n&rsquo;est donc pas une question mais le d\u00e9but de tout. Exiger la durabilit\u00e9 fait partie int\u00e9grante de notre concept d&rsquo;entreprise. [\/vc_column_text][\/vc_column][\/vc_row]\" \/>\n<meta property=\"og:url\" content=\"https:\/\/www.atouchofafrica.ch\/fr\/portrait\/\" \/>\n<meta property=\"og:site_name\" content=\"A Touch of Africa\" \/>\n<meta property=\"article:modified_time\" content=\"2019-05-10T12:27:03+00:00\" \/>\n<meta property=\"og:image\" content=\"https:\/\/www.atouchofafrica.ch\/wp-content\/uploads\/2018\/05\/IMG_1611-002-cfd_2-450x600.jpg\" \/>\n<meta name=\"twitter:card\" content=\"summary_large_image\" \/>\n<meta name=\"twitter:label1\" content=\"Dur\u00e9e de lecture estim\u00e9e\" \/>\n\t<meta name=\"twitter:data1\" content=\"1 minute\" \/>\n<script type=\"application\/ld+json\" class=\"yoast-schema-graph\">{\"@context\":\"https:\/\/schema.org\",\"@graph\":[{\"@type\":\"WebPage\",\"@id\":\"https:\/\/www.atouchofafrica.ch\/fr\/portrait\/\",\"url\":\"https:\/\/www.atouchofafrica.ch\/fr\/portrait\/\",\"name\":\"Portrait - A Touch of Africa\",\"isPartOf\":{\"@id\":\"https:\/\/www.atouchofafrica.ch\/fr\/#website\"},\"primaryImageOfPage\":{\"@id\":\"https:\/\/www.atouchofafrica.ch\/fr\/portrait\/#primaryimage\"},\"image\":{\"@id\":\"https:\/\/www.atouchofafrica.ch\/fr\/portrait\/#primaryimage\"},\"thumbnailUrl\":\"https:\/\/www.atouchofafrica.ch\/wp-content\/uploads\/2018\/05\/IMG_1611-002-cfd_2-450x600.jpg\",\"datePublished\":\"2019-05-10T12:03:33+00:00\",\"dateModified\":\"2019-05-10T12:27:03+00:00\",\"breadcrumb\":{\"@id\":\"https:\/\/www.atouchofafrica.ch\/fr\/portrait\/#breadcrumb\"},\"inLanguage\":\"fr-FR\",\"potentialAction\":[{\"@type\":\"ReadAction\",\"target\":[\"https:\/\/www.atouchofafrica.ch\/fr\/portrait\/\"]}]},{\"@type\":\"ImageObject\",\"inLanguage\":\"fr-FR\",\"@id\":\"https:\/\/www.atouchofafrica.ch\/fr\/portrait\/#primaryimage\",\"url\":\"https:\/\/www.atouchofafrica.ch\/wp-content\/uploads\/2018\/05\/IMG_1611-002-cfd_2-450x600.jpg\",\"contentUrl\":\"https:\/\/www.atouchofafrica.ch\/wp-content\/uploads\/2018\/05\/IMG_1611-002-cfd_2-450x600.jpg\"},{\"@type\":\"BreadcrumbList\",\"@id\":\"https:\/\/www.atouchofafrica.ch\/fr\/portrait\/#breadcrumb\",\"itemListElement\":[{\"@type\":\"ListItem\",\"position\":1,\"name\":\"Startseite\",\"item\":\"https:\/\/www.atouchofafrica.ch\/fr\/\"},{\"@type\":\"ListItem\",\"position\":2,\"name\":\"Portrait\"}]},{\"@type\":\"WebSite\",\"@id\":\"https:\/\/www.atouchofafrica.ch\/fr\/#website\",\"url\":\"https:\/\/www.atouchofafrica.ch\/fr\/\",\"name\":\"A Touch of Africa\",\"description\":\"Moderne Fairtrade Wohnideen vom afrikanischen Kontinent\",\"potentialAction\":[{\"@type\":\"SearchAction\",\"target\":{\"@type\":\"EntryPoint\",\"urlTemplate\":\"https:\/\/www.atouchofafrica.ch\/fr\/?s={search_term_string}\"},\"query-input\":{\"@type\":\"PropertyValueSpecification\",\"valueRequired\":true,\"valueName\":\"search_term_string\"}}],\"inLanguage\":\"fr-FR\"}]}<\/script>\n<!-- \/ Yoast SEO plugin. -->","yoast_head_json":{"title":"Portrait - A Touch of Africa","robots":{"index":"index","follow":"follow","max-snippet":"max-snippet:-1","max-image-preview":"max-image-preview:large","max-video-preview":"max-video-preview:-1"},"canonical":"https:\/\/www.atouchofafrica.ch\/fr\/portrait\/","og_locale":"fr_FR","og_type":"article","og_title":"Portrait - A Touch of Africa","og_description":"[vc_row][vc_column][vc_column_text] Portrait [\/vc_column_text][vc_column_text]De la boutique DIX-SEPT de la Kramgasse 18 \u00e0 Berne, en Suisse, la boutique en ligne \u00ab\u00a0A Touch of Africa\u00a0\u00bb s&rsquo;est d\u00e9velopp\u00e9e. Marianne H\u00f6gstedt compose les collections en ligne pour vous avec soin, amour et passion. Mais \u00ab\u00a0A Touch of Africa\u00a0\u00bb est plus qu&rsquo;une simple boutique en ligne. Avec nos clients, avec nos fournisseurs, nous formons une communaut\u00e9 avec un enthousiasme extraordinaire pour le continent africain. Nous aimons le beau design africain et notre c\u0153ur bat pour un monde meilleur. Le commerce \u00e9quitable n&rsquo;est donc pas une question mais le d\u00e9but de tout. Exiger la durabilit\u00e9 fait partie int\u00e9grante de notre concept d&rsquo;entreprise. [\/vc_column_text][\/vc_column][\/vc_row]","og_url":"https:\/\/www.atouchofafrica.ch\/fr\/portrait\/","og_site_name":"A Touch of Africa","article_modified_time":"2019-05-10T12:27:03+00:00","og_image":[{"url":"https:\/\/www.atouchofafrica.ch\/wp-content\/uploads\/2018\/05\/IMG_1611-002-cfd_2-450x600.jpg","type":"","width":"","height":""}],"twitter_card":"summary_large_image","twitter_misc":{"Dur\u00e9e de lecture estim\u00e9e":"1 minute"},"schema":{"@context":"https:\/\/schema.org","@graph":[{"@type":"WebPage","@id":"https:\/\/www.atouchofafrica.ch\/fr\/portrait\/","url":"https:\/\/www.atouchofafrica.ch\/fr\/portrait\/","name":"Portrait - A Touch of Africa","isPartOf":{"@id":"https:\/\/www.atouchofafrica.ch\/fr\/#website"},"primaryImageOfPage":{"@id":"https:\/\/www.atouchofafrica.ch\/fr\/portrait\/#primaryimage"},"image":{"@id":"https:\/\/www.atouchofafrica.ch\/fr\/portrait\/#primaryimage"},"thumbnailUrl":"https:\/\/www.atouchofafrica.ch\/wp-content\/uploads\/2018\/05\/IMG_1611-002-cfd_2-450x600.jpg","datePublished":"2019-05-10T12:03:33+00:00","dateModified":"2019-05-10T12:27:03+00:00","breadcrumb":{"@id":"https:\/\/www.atouchofafrica.ch\/fr\/portrait\/#breadcrumb"},"inLanguage":"fr-FR","potentialAction":[{"@type":"ReadAction","target":["https:\/\/www.atouchofafrica.ch\/fr\/portrait\/"]}]},{"@type":"ImageObject","inLanguage":"fr-FR","@id":"https:\/\/www.atouchofafrica.ch\/fr\/portrait\/#primaryimage","url":"https:\/\/www.atouchofafrica.ch\/wp-content\/uploads\/2018\/05\/IMG_1611-002-cfd_2-450x600.jpg","contentUrl":"https:\/\/www.atouchofafrica.ch\/wp-content\/uploads\/2018\/05\/IMG_1611-002-cfd_2-450x600.jpg"},{"@type":"BreadcrumbList","@id":"https:\/\/www.atouchofafrica.ch\/fr\/portrait\/#breadcrumb","itemListElement":[{"@type":"ListItem","position":1,"name":"Startseite","item":"https:\/\/www.atouchofafrica.ch\/fr\/"},{"@type":"ListItem","position":2,"name":"Portrait"}]},{"@type":"WebSite","@id":"https:\/\/www.atouchofafrica.ch\/fr\/#website","url":"https:\/\/www.atouchofafrica.ch\/fr\/","name":"A Touch of Africa","description":"Moderne Fairtrade Wohnideen vom afrikanischen Kontinent","potentialAction":[{"@type":"SearchAction","target":{"@type":"EntryPoint","urlTemplate":"https:\/\/www.atouchofafrica.ch\/fr\/?s={search_term_string}"},"query-input":{"@type":"PropertyValueSpecification","valueRequired":true,"valueName":"search_term_string"}}],"inLanguage":"fr-FR"}]}},"_links":{"self":[{"href":"https:\/\/www.atouchofafrica.ch\/fr\/wp-json\/wp\/v2\/pages\/3202","targetHints":{"allow":["GET"]}}],"collection":[{"href":"https:\/\/www.atouchofafrica.ch\/fr\/wp-json\/wp\/v2\/pages"}],"about":[{"href":"https:\/\/www.atouchofafrica.ch\/fr\/wp-json\/wp\/v2\/types\/page"}],"author":[{"embeddable":true,"href":"https:\/\/www.atouchofafrica.ch\/fr\/wp-json\/wp\/v2\/users\/5"}],"replies":[{"embeddable":true,"href":"https:\/\/www.atouchofafrica.ch\/fr\/wp-json\/wp\/v2\/comments?post=3202"}],"version-history":[{"count":3,"href":"https:\/\/www.atouchofafrica.ch\/fr\/wp-json\/wp\/v2\/pages\/3202\/revisions"}],"predecessor-version":[{"id":3248,"href":"https:\/\/www.atouchofafrica.ch\/fr\/wp-json\/wp\/v2\/pages\/3202\/revisions\/3248"}],"wp:attachment":[{"href":"https:\/\/www.atouchofafrica.ch\/fr\/wp-json\/wp\/v2\/media?parent=3202"}],"curies":[{"name":"wp","href":"https:\/\/api.w.org\/{rel}","templated":true}]}}