{"id":3189,"date":"2019-05-10T12:00:23","date_gmt":"2019-05-10T12:00:23","guid":{"rendered":"https:\/\/www.atouchofafrica.ch\/?page_id=3189"},"modified":"2019-05-10T12:01:57","modified_gmt":"2019-05-10T12:01:57","slug":"mentions-legales","status":"publish","type":"page","link":"https:\/\/www.atouchofafrica.ch\/fr\/mentions-legales\/","title":{"rendered":"Mentions l\u00e9gales"},"content":{"rendered":"<div class=\"wpb-content-wrapper\"><p>[vc_row][vc_column][vc_column_text]<strong>A Touch of Africa ist ein Produkt der dix-sept GmbH<\/strong><\/p>\n<p><strong>Postadresse<\/strong><br \/>\ndix-sept GmbH<br \/>\nA Touch of Africa<br \/>\nc\/o HMC Hoegstedt Management Consulting<br \/>\n3011 Bern<\/p>\n<p><strong>Kontakt<\/strong><br \/>\nE-Mail:\u00a0<a href=\"mailto:contact@dix-sept.ch\">contact@dix-sept.ch<\/a><\/p>\n<p><strong>Vertreten durch<\/strong><br \/>\nMarianne H\u00f6gstedt<br \/>\nE-Mail:\u00a0<a href=\"mailto:contact@dix-sept.ch\">contact@dix-sept.ch<\/a> \/ <a href=\"mailto:info@atouchofafrica.ch\">info@atouchofafrica.ch<\/a><\/p>\n<p><strong>Rechtsform<\/strong><br \/>\nGesellschaft mit beschr\u00e4nkter Haftung (GmbH)<\/p>\n<p><strong>Copyrights Bildmaterial<\/strong><\/p>\n<p><strong>Fotos Copyright \u00a9 by Aschi Widmer (www.aschiwidmer.ch)<\/strong><br \/>\nSeite Home: Esel mit Karren, 1 Mann, 1 Kind<br \/>\nSeite Projekte: 3 Menschen von Hinten mit K\u00f6rben<br \/>\nSeite Projekte: Fairer Handel. \u00c4ltere Frau mit breitem Stirnband aus Perlen<br \/>\nSeite Projekte: Hilfsprojekte: drohendes Gewitter \u00fcber beige Strasse<br \/>\nSeite Projekte: Oberhalb von \u00abwichtige Fakten\u00bb Landschaftsbild trocken<br \/>\nSeite Projekte: Wasserfall<\/p>\n<p><strong>Fotos Copyright \u00a9 by wallup.net<\/strong><br \/>\nSeite Home: Baum auf der beigen Ebene<\/p>\n<p><strong>Fotos Copyright \u00a9 by Kapula (www.kapula.com)<\/strong><br \/>\nSeite Projekte und Online Shop: Teller der bemalt wird: Website von Kapula, handgemachte Kerzen und Keramik, S\u00fcdafrika (www.kapula.com)<\/p>\n<p><strong>Fotos Copyright \u00a9 by Hilfswerk Enmigraw (www.tuareghelp.ch)<\/strong><br \/>\nSeite Projekte: Foto Hilfswerk Enmigraw, Brunnen: Auf ihrer Website (www.tuareghelp.ch)<\/p>\n<p><strong>Fotos Copyright \u00a9 by Kwa Wazee (www.kwawazee.ch)<\/strong><br \/>\nSeite Projekte: Foto Mann, ernstes Gesicht.<\/p>\n<p><strong>Fotos Copyright \u00a9 by Pexels (www.pexels.com)<\/strong><br \/>\nSeite Projekte: Massai M\u00e4nner (ID: 667200)<\/p>\n<p><strong>Produktfotos Copyright \u00a9 by A Touch of Africa<\/strong><br \/>\nAlle Produktfotos wenn nicht anders angegeben: Copyright A Touch of Africa, Dix Sept GmbH.[\/vc_column_text][vc_empty_space height=\u00a0\u00bb132px\u00a0\u00bb][\/vc_column][\/vc_row]<\/p>\n<\/div>","protected":false},"excerpt":{"rendered":"<p>[vc_row][vc_column][vc_column_text]A Touch of Africa ist ein Produkt der dix-sept GmbH Postadresse dix-sept GmbH A Touch of Africa c\/o HMC Hoegstedt Management Consulting 3011 Bern Kontakt E-Mail:\u00a0contact@dix-sept.ch Vertreten durch Marianne H\u00f6gstedt E-Mail:\u00a0contact@dix-sept.ch \/ info@atouchofafrica.ch Rechtsform Gesellschaft mit beschr\u00e4nkter Haftung (GmbH) Copyrights Bildmaterial Fotos Copyright \u00a9 by Aschi Widmer (www.aschiwidmer.ch) Seite Home: Esel mit Karren, 1 Mann, 1 Kind Seite Projekte: 3 Menschen von Hinten mit K\u00f6rben Seite Projekte: Fairer Handel. \u00c4ltere Frau mit breitem Stirnband aus Perlen Seite Projekte: Hilfsprojekte: drohendes Gewitter \u00fcber beige Strasse Seite Projekte: Oberhalb von \u00abwichtige Fakten\u00bb Landschaftsbild trocken Seite Projekte: Wasserfall Fotos Copyright \u00a9 by wallup.net Seite Home: Baum auf der beigen Ebene Fotos Copyright \u00a9 by Kapula (www.kapula.com) Seite Projekte und Online Shop: Teller der bemalt wird: Website von Kapula, handgemachte Kerzen und Keramik, S\u00fcdafrika (www.kapula.com) Fotos Copyright \u00a9 by Hilfswerk Enmigraw (www.tuareghelp.ch) Seite Projekte: Foto Hilfswerk Enmigraw, Brunnen: Auf ihrer Website (www.tuareghelp.ch) Fotos Copyright \u00a9 by Kwa Wazee (www.kwawazee.ch) Seite Projekte: Foto Mann, ernstes Gesicht. Fotos Copyright \u00a9 by Pexels (www.pexels.com) Seite Projekte: Massai M\u00e4nner (ID: 667200) Produktfotos Copyright \u00a9 by A Touch of Africa Alle Produktfotos wenn nicht anders angegeben: Copyright A Touch of Africa, Dix Sept GmbH.[\/vc_column_text][vc_empty_space height=\u00a0\u00bb132px\u00a0\u00bb][\/vc_column][\/vc_row]<\/p>\n","protected":false},"author":5,"featured_media":0,"parent":0,"menu_order":0,"comment_status":"closed","ping_status":"closed","template":"","meta":{"_acf_changed":false,"footnotes":""},"class_list":["post-3189","page","type-page","status-publish","hentry"],"acf":[],"yoast_head":"<!-- This site is optimized with the Yoast SEO plugin v26.0 - https:\/\/yoast.com\/wordpress\/plugins\/seo\/ -->\n<title>Mentions l\u00e9gales - A Touch of Africa<\/title>\n<meta name=\"robots\" content=\"index, follow, max-snippet:-1, max-image-preview:large, max-video-preview:-1\" \/>\n<link rel=\"canonical\" href=\"https:\/\/www.atouchofafrica.ch\/fr\/mentions-legales\/\" \/>\n<meta property=\"og:locale\" content=\"fr_FR\" \/>\n<meta property=\"og:type\" content=\"article\" \/>\n<meta property=\"og:title\" content=\"Mentions l\u00e9gales - A Touch of Africa\" \/>\n<meta property=\"og:description\" content=\"[vc_row][vc_column][vc_column_text]A Touch of Africa ist ein Produkt der dix-sept GmbH Postadresse dix-sept GmbH A Touch of Africa c\/o HMC Hoegstedt Management Consulting 3011 Bern Kontakt E-Mail:\u00a0contact@dix-sept.ch Vertreten durch Marianne H\u00f6gstedt E-Mail:\u00a0contact@dix-sept.ch \/ info@atouchofafrica.ch Rechtsform Gesellschaft mit beschr\u00e4nkter Haftung (GmbH) Copyrights Bildmaterial Fotos Copyright \u00a9 by Aschi Widmer (www.aschiwidmer.ch) Seite Home: Esel mit Karren, 1 Mann, 1 Kind Seite Projekte: 3 Menschen von Hinten mit K\u00f6rben Seite Projekte: Fairer Handel. \u00c4ltere Frau mit breitem Stirnband aus Perlen Seite Projekte: Hilfsprojekte: drohendes Gewitter \u00fcber beige Strasse Seite Projekte: Oberhalb von \u00abwichtige Fakten\u00bb Landschaftsbild trocken Seite Projekte: Wasserfall Fotos Copyright \u00a9 by wallup.net Seite Home: Baum auf der beigen Ebene Fotos Copyright \u00a9 by Kapula (www.kapula.com) Seite Projekte und Online Shop: Teller der bemalt wird: Website von Kapula, handgemachte Kerzen und Keramik, S\u00fcdafrika (www.kapula.com) Fotos Copyright \u00a9 by Hilfswerk Enmigraw (www.tuareghelp.ch) Seite Projekte: Foto Hilfswerk Enmigraw, Brunnen: Auf ihrer Website (www.tuareghelp.ch) Fotos Copyright \u00a9 by Kwa Wazee (www.kwawazee.ch) Seite Projekte: Foto Mann, ernstes Gesicht. Fotos Copyright \u00a9 by Pexels (www.pexels.com) Seite Projekte: Massai M\u00e4nner (ID: 667200) Produktfotos Copyright \u00a9 by A Touch of Africa Alle Produktfotos wenn nicht anders angegeben: Copyright A Touch of Africa, Dix Sept GmbH.[\/vc_column_text][vc_empty_space height=\u00a0\u00bb132px\u00a0\u00bb][\/vc_column][\/vc_row]\" \/>\n<meta property=\"og:url\" content=\"https:\/\/www.atouchofafrica.ch\/fr\/mentions-legales\/\" \/>\n<meta property=\"og:site_name\" content=\"A Touch of Africa\" \/>\n<meta property=\"article:modified_time\" content=\"2019-05-10T12:01:57+00:00\" \/>\n<meta name=\"twitter:card\" content=\"summary_large_image\" \/>\n<meta name=\"twitter:label1\" content=\"Dur\u00e9e de lecture estim\u00e9e\" \/>\n\t<meta name=\"twitter:data1\" content=\"1 minute\" \/>\n<script type=\"application\/ld+json\" class=\"yoast-schema-graph\">{\"@context\":\"https:\/\/schema.org\",\"@graph\":[{\"@type\":\"WebPage\",\"@id\":\"https:\/\/www.atouchofafrica.ch\/fr\/mentions-legales\/\",\"url\":\"https:\/\/www.atouchofafrica.ch\/fr\/mentions-legales\/\",\"name\":\"Mentions l\u00e9gales - A Touch of Africa\",\"isPartOf\":{\"@id\":\"https:\/\/www.atouchofafrica.ch\/fr\/#website\"},\"datePublished\":\"2019-05-10T12:00:23+00:00\",\"dateModified\":\"2019-05-10T12:01:57+00:00\",\"breadcrumb\":{\"@id\":\"https:\/\/www.atouchofafrica.ch\/fr\/mentions-legales\/#breadcrumb\"},\"inLanguage\":\"fr-FR\",\"potentialAction\":[{\"@type\":\"ReadAction\",\"target\":[\"https:\/\/www.atouchofafrica.ch\/fr\/mentions-legales\/\"]}]},{\"@type\":\"BreadcrumbList\",\"@id\":\"https:\/\/www.atouchofafrica.ch\/fr\/mentions-legales\/#breadcrumb\",\"itemListElement\":[{\"@type\":\"ListItem\",\"position\":1,\"name\":\"Startseite\",\"item\":\"https:\/\/www.atouchofafrica.ch\/fr\/\"},{\"@type\":\"ListItem\",\"position\":2,\"name\":\"Mentions l\u00e9gales\"}]},{\"@type\":\"WebSite\",\"@id\":\"https:\/\/www.atouchofafrica.ch\/fr\/#website\",\"url\":\"https:\/\/www.atouchofafrica.ch\/fr\/\",\"name\":\"A Touch of Africa\",\"description\":\"Moderne Fairtrade Wohnideen vom afrikanischen Kontinent\",\"potentialAction\":[{\"@type\":\"SearchAction\",\"target\":{\"@type\":\"EntryPoint\",\"urlTemplate\":\"https:\/\/www.atouchofafrica.ch\/fr\/?s={search_term_string}\"},\"query-input\":{\"@type\":\"PropertyValueSpecification\",\"valueRequired\":true,\"valueName\":\"search_term_string\"}}],\"inLanguage\":\"fr-FR\"}]}<\/script>\n<!-- \/ Yoast SEO plugin. -->","yoast_head_json":{"title":"Mentions l\u00e9gales - A Touch of Africa","robots":{"index":"index","follow":"follow","max-snippet":"max-snippet:-1","max-image-preview":"max-image-preview:large","max-video-preview":"max-video-preview:-1"},"canonical":"https:\/\/www.atouchofafrica.ch\/fr\/mentions-legales\/","og_locale":"fr_FR","og_type":"article","og_title":"Mentions l\u00e9gales - A Touch of Africa","og_description":"[vc_row][vc_column][vc_column_text]A Touch of Africa ist ein Produkt der dix-sept GmbH Postadresse dix-sept GmbH A Touch of Africa c\/o HMC Hoegstedt Management Consulting 3011 Bern Kontakt E-Mail:\u00a0contact@dix-sept.ch Vertreten durch Marianne H\u00f6gstedt E-Mail:\u00a0contact@dix-sept.ch \/ info@atouchofafrica.ch Rechtsform Gesellschaft mit beschr\u00e4nkter Haftung (GmbH) Copyrights Bildmaterial Fotos Copyright \u00a9 by Aschi Widmer (www.aschiwidmer.ch) Seite Home: Esel mit Karren, 1 Mann, 1 Kind Seite Projekte: 3 Menschen von Hinten mit K\u00f6rben Seite Projekte: Fairer Handel. \u00c4ltere Frau mit breitem Stirnband aus Perlen Seite Projekte: Hilfsprojekte: drohendes Gewitter \u00fcber beige Strasse Seite Projekte: Oberhalb von \u00abwichtige Fakten\u00bb Landschaftsbild trocken Seite Projekte: Wasserfall Fotos Copyright \u00a9 by wallup.net Seite Home: Baum auf der beigen Ebene Fotos Copyright \u00a9 by Kapula (www.kapula.com) Seite Projekte und Online Shop: Teller der bemalt wird: Website von Kapula, handgemachte Kerzen und Keramik, S\u00fcdafrika (www.kapula.com) Fotos Copyright \u00a9 by Hilfswerk Enmigraw (www.tuareghelp.ch) Seite Projekte: Foto Hilfswerk Enmigraw, Brunnen: Auf ihrer Website (www.tuareghelp.ch) Fotos Copyright \u00a9 by Kwa Wazee (www.kwawazee.ch) Seite Projekte: Foto Mann, ernstes Gesicht. Fotos Copyright \u00a9 by Pexels (www.pexels.com) Seite Projekte: Massai M\u00e4nner (ID: 667200) Produktfotos Copyright \u00a9 by A Touch of Africa Alle Produktfotos wenn nicht anders angegeben: Copyright A Touch of Africa, Dix Sept GmbH.[\/vc_column_text][vc_empty_space height=\u00a0\u00bb132px\u00a0\u00bb][\/vc_column][\/vc_row]","og_url":"https:\/\/www.atouchofafrica.ch\/fr\/mentions-legales\/","og_site_name":"A Touch of Africa","article_modified_time":"2019-05-10T12:01:57+00:00","twitter_card":"summary_large_image","twitter_misc":{"Dur\u00e9e de lecture estim\u00e9e":"1 minute"},"schema":{"@context":"https:\/\/schema.org","@graph":[{"@type":"WebPage","@id":"https:\/\/www.atouchofafrica.ch\/fr\/mentions-legales\/","url":"https:\/\/www.atouchofafrica.ch\/fr\/mentions-legales\/","name":"Mentions l\u00e9gales - A Touch of Africa","isPartOf":{"@id":"https:\/\/www.atouchofafrica.ch\/fr\/#website"},"datePublished":"2019-05-10T12:00:23+00:00","dateModified":"2019-05-10T12:01:57+00:00","breadcrumb":{"@id":"https:\/\/www.atouchofafrica.ch\/fr\/mentions-legales\/#breadcrumb"},"inLanguage":"fr-FR","potentialAction":[{"@type":"ReadAction","target":["https:\/\/www.atouchofafrica.ch\/fr\/mentions-legales\/"]}]},{"@type":"BreadcrumbList","@id":"https:\/\/www.atouchofafrica.ch\/fr\/mentions-legales\/#breadcrumb","itemListElement":[{"@type":"ListItem","position":1,"name":"Startseite","item":"https:\/\/www.atouchofafrica.ch\/fr\/"},{"@type":"ListItem","position":2,"name":"Mentions l\u00e9gales"}]},{"@type":"WebSite","@id":"https:\/\/www.atouchofafrica.ch\/fr\/#website","url":"https:\/\/www.atouchofafrica.ch\/fr\/","name":"A Touch of Africa","description":"Moderne Fairtrade Wohnideen vom afrikanischen Kontinent","potentialAction":[{"@type":"SearchAction","target":{"@type":"EntryPoint","urlTemplate":"https:\/\/www.atouchofafrica.ch\/fr\/?s={search_term_string}"},"query-input":{"@type":"PropertyValueSpecification","valueRequired":true,"valueName":"search_term_string"}}],"inLanguage":"fr-FR"}]}},"_links":{"self":[{"href":"https:\/\/www.atouchofafrica.ch\/fr\/wp-json\/wp\/v2\/pages\/3189","targetHints":{"allow":["GET"]}}],"collection":[{"href":"https:\/\/www.atouchofafrica.ch\/fr\/wp-json\/wp\/v2\/pages"}],"about":[{"href":"https:\/\/www.atouchofafrica.ch\/fr\/wp-json\/wp\/v2\/types\/page"}],"author":[{"embeddable":true,"href":"https:\/\/www.atouchofafrica.ch\/fr\/wp-json\/wp\/v2\/users\/5"}],"replies":[{"embeddable":true,"href":"https:\/\/www.atouchofafrica.ch\/fr\/wp-json\/wp\/v2\/comments?post=3189"}],"version-history":[{"count":2,"href":"https:\/\/www.atouchofafrica.ch\/fr\/wp-json\/wp\/v2\/pages\/3189\/revisions"}],"predecessor-version":[{"id":3194,"href":"https:\/\/www.atouchofafrica.ch\/fr\/wp-json\/wp\/v2\/pages\/3189\/revisions\/3194"}],"wp:attachment":[{"href":"https:\/\/www.atouchofafrica.ch\/fr\/wp-json\/wp\/v2\/media?parent=3189"}],"curies":[{"name":"wp","href":"https:\/\/api.w.org\/{rel}","templated":true}]}}