{"id":3175,"date":"2019-05-10T11:48:57","date_gmt":"2019-05-10T11:48:57","guid":{"rendered":"https:\/\/www.atouchofafrica.ch\/?page_id=3175"},"modified":"2019-05-22T14:18:33","modified_gmt":"2019-05-22T14:18:33","slug":"home","status":"publish","type":"page","link":"https:\/\/www.atouchofafrica.ch\/fr\/","title":{"rendered":"Accueil"},"content":{"rendered":"<div class=\"wpb-content-wrapper\"><p>[vc_row full_width=\u00a0\u00bbstretch_row\u00a0\u00bb css=\u00a0\u00bb.vc_custom_1542283336476{background-color: #ffffff !important;}\u00a0\u00bb][vc_column][vc_empty_space height=\u00a0\u00bb20px\u00a0\u00bb][vc_column_text]<\/p>\n<h1>Bienvenue !<\/h1>\n<p>[\/vc_column_text][vc_column_text]Vous trouverez ici une s\u00e9lection de pi\u00e8ces uniques d\u2019artisanat d\u2019art de divers pays africains qui ont \u00e9t\u00e9 produits de mani\u00e8re \u00e9quitable et durable.<\/p>\n<p>C\u2019est une grande passion pour le continent africain et pour le design d&rsquo;int\u00e9rieur qui unit notre client\u00e8le, nos producteurs et nous dans une communaut\u00e9 extraordinaire.<\/p>\n<p>Le design d\u2019int\u00e9rieur africain est individuel\u00a0et le choix est grand, par exemple les lampes, la c\u00e9ramique et les paniers. Nous \u00e9largissons r\u00e9guli\u00e8rement nos offres.<\/p>\n<p><a href=\"\/fr\/collection\/\">Nos produits<\/a>[\/vc_column_text][vc_empty_space height=\u00a0\u00bb60px\u00a0\u00bb][\/vc_column][\/vc_row][vc_row full_width=\u00a0\u00bbstretch_row\u00a0\u00bb css=\u00a0\u00bb.vc_custom_1532004593738{background-image: url(https:\/\/www.atouchofafrica.ch\/wp-content\/uploads\/2018\/03\/Africa_for_Mariann_48.jpg?id=183) !important;background-position: center !important;background-repeat: no-repeat !important;background-size: cover !important;}\u00a0\u00bb][vc_column][vc_empty_space height=\u00a0\u00bb500px\u00a0\u00bb][\/vc_column][\/vc_row][vc_row full_width=\u00a0\u00bbstretch_row\u00a0\u00bb css=\u00a0\u00bb.vc_custom_1516199336613{background-color: #ded5ce !important;background-position: center !important;background-repeat: no-repeat !important;background-size: cover !important;}\u00a0\u00bb][vc_column][vc_column_text]<\/p>\n<h2>BEAU, \u00c9QUITABLE ET HAUT AN COULEUR: PRODUITS AFRICAINS DE QUALIT\u00c9, ET SI POSSIBLE, DIRECTEMENT IMPORT\u00c9S<\/h2>\n<p>En savoir plus sur nos producteurs et nos projets d&rsquo;aide en Afrique, que vous, en tant qu&rsquo;acheteurs, pouvez soutenir directement par un achat dans notre boutique en ligne. Les produits les plus populaires du mois &#8211; s\u00e9lectionn\u00e9s par notre communaut\u00e9<\/p>\n<p><a href=\"https:\/\/www.atouchofafrica.ch\/fr\/projets-sociaux\/\">En savoir plus<\/a>[\/vc_column_text][vc_empty_space height=\u00a0\u00bb50px\u00a0\u00bb][vc_column_text]<\/p>\n<h3 style=\"font-size: 18px !important; margin-bottom: -15px !important;\">Nouveaux produits<\/h3>\n<p>[\/vc_column_text]<div class=\"woocommerce columns-4 \"><ul class=\"products columns-4\">\n<li class=\"product type-product post-1969 status-publish first instock product_cat-noel product_cat-noel-et-pacques has-post-thumbnail sale shipping-taxable purchasable product-type-simple\">\n\t<a href=\"https:\/\/www.atouchofafrica.ch\/fr\/produkt\/rentiere-upcycling-plastik-weiss-klein\/\" class=\"woocommerce-LoopProduct-link woocommerce-loop-product__link\">\n\t<span class=\"onsale\">Promo\u00a0!<\/span>\n\t<img loading=\"lazy\" decoding=\"async\" width=\"800\" height=\"800\" src=\"https:\/\/www.atouchofafrica.ch\/wp-content\/uploads\/2018\/12\/IMG_2757-800x800.jpg\" class=\"attachment-woocommerce_thumbnail size-woocommerce_thumbnail\" alt=\"\" srcset=\"https:\/\/www.atouchofafrica.ch\/wp-content\/uploads\/2018\/12\/IMG_2757-800x800.jpg 800w, https:\/\/www.atouchofafrica.ch\/wp-content\/uploads\/2018\/12\/IMG_2757-300x300.jpg 300w, https:\/\/www.atouchofafrica.ch\/wp-content\/uploads\/2018\/12\/IMG_2757-100x100.jpg 100w\" sizes=\"auto, (max-width: 800px) 100vw, 800px\" \/><h2 class=\"woocommerce-loop-product__title\">Rennes S en plastique recycl\u00e9 blanc<\/h2>\n\t<span class=\"price\"><del aria-hidden=\"true\"><span class=\"woocommerce-Price-amount amount\"><bdi><span class=\"woocommerce-Price-currencySymbol\">&#67;&#72;&#70;<\/span>&nbsp;7.00<\/bdi><\/span><\/del> <span class=\"screen-reader-text\">Le prix initial \u00e9tait\u00a0: &#067;&#072;&#070;&nbsp;7.00.<\/span><ins aria-hidden=\"true\"><span class=\"woocommerce-Price-amount amount\"><bdi><span class=\"woocommerce-Price-currencySymbol\">&#67;&#72;&#70;<\/span>&nbsp;5.00<\/bdi><\/span><\/ins><span class=\"screen-reader-text\">Le prix actuel est\u00a0: &#067;&#072;&#070;&nbsp;5.00.<\/span><\/span>\n<\/a><a href=\"?add-to-cart=1969\" aria-describedby=\"woocommerce_loop_add_to_cart_link_describedby_1969\" data-quantity=\"1\" class=\"button product_type_simple add_to_cart_button ajax_add_to_cart\" data-product_id=\"1969\" data-product_sku=\"\" aria-label=\"Ajouter au panier\u00a0: &ldquo;Rennes S en plastique recycl\u00e9 blanc&rdquo;\" rel=\"nofollow\" data-success_message=\"\u00ab\u00a0Rennes S en plastique recycl\u00e9 blanc\u00a0\u00bb a \u00e9t\u00e9 ajout\u00e9 \u00e0 votre panier\">Ajouter au panier<\/a>\t<span id=\"woocommerce_loop_add_to_cart_link_describedby_1969\" class=\"screen-reader-text\">\n\t\t\t<\/span>\n<\/li>\n<li class=\"product type-product post-2528 status-publish instock product_cat-panier-kazi has-post-thumbnail shipping-taxable purchasable product-type-simple\">\n\t<a href=\"https:\/\/www.atouchofafrica.ch\/fr\/produkt\/statuette-en-bronze-par-lartiste-adama\/\" class=\"woocommerce-LoopProduct-link woocommerce-loop-product__link\"><img loading=\"lazy\" decoding=\"async\" width=\"800\" height=\"800\" src=\"https:\/\/www.atouchofafrica.ch\/wp-content\/uploads\/2018\/12\/IMG_3478-800x800.jpg\" class=\"attachment-woocommerce_thumbnail size-woocommerce_thumbnail\" alt=\"\" srcset=\"https:\/\/www.atouchofafrica.ch\/wp-content\/uploads\/2018\/12\/IMG_3478-800x800.jpg 800w, https:\/\/www.atouchofafrica.ch\/wp-content\/uploads\/2018\/12\/IMG_3478-300x300.jpg 300w, https:\/\/www.atouchofafrica.ch\/wp-content\/uploads\/2018\/12\/IMG_3478-100x100.jpg 100w\" sizes=\"auto, (max-width: 800px) 100vw, 800px\" \/><h2 class=\"woocommerce-loop-product__title\">Statuette en bronze E-XS par l&rsquo;artiste Adama<\/h2>\n\t<span class=\"price\"><span class=\"woocommerce-Price-amount amount\"><bdi><span class=\"woocommerce-Price-currencySymbol\">&#67;&#72;&#70;<\/span>&nbsp;42.00<\/bdi><\/span><\/span>\n<\/a><a href=\"?add-to-cart=2528\" aria-describedby=\"woocommerce_loop_add_to_cart_link_describedby_2528\" data-quantity=\"1\" class=\"button product_type_simple add_to_cart_button ajax_add_to_cart\" data-product_id=\"2528\" data-product_sku=\"\" aria-label=\"Ajouter au panier\u00a0: &ldquo;Statuette en bronze E-XS par l&#039;artiste Adama&rdquo;\" rel=\"nofollow\" data-success_message=\"\u00ab\u00a0Statuette en bronze E-XS par l&#039;artiste Adama\u00a0\u00bb a \u00e9t\u00e9 ajout\u00e9 \u00e0 votre panier\">Ajouter au panier<\/a>\t<span id=\"woocommerce_loop_add_to_cart_link_describedby_2528\" class=\"screen-reader-text\">\n\t\t\t<\/span>\n<\/li>\n<li class=\"product type-product post-2540 status-publish instock product_cat-kazi-koerbe has-post-thumbnail sale shipping-taxable purchasable product-type-simple\">\n\t<a href=\"https:\/\/www.atouchofafrica.ch\/fr\/produkt\/bougeoir-argente\/\" class=\"woocommerce-LoopProduct-link woocommerce-loop-product__link\">\n\t<span class=\"onsale\">Promo\u00a0!<\/span>\n\t<img loading=\"lazy\" decoding=\"async\" width=\"800\" height=\"800\" src=\"https:\/\/www.atouchofafrica.ch\/wp-content\/uploads\/2018\/04\/IMG_0361-800x800.jpg\" class=\"attachment-woocommerce_thumbnail size-woocommerce_thumbnail\" alt=\"\" srcset=\"https:\/\/www.atouchofafrica.ch\/wp-content\/uploads\/2018\/04\/IMG_0361-800x800.jpg 800w, https:\/\/www.atouchofafrica.ch\/wp-content\/uploads\/2018\/04\/IMG_0361-300x300.jpg 300w, https:\/\/www.atouchofafrica.ch\/wp-content\/uploads\/2018\/04\/IMG_0361-70x70.jpg 70w, https:\/\/www.atouchofafrica.ch\/wp-content\/uploads\/2018\/04\/IMG_0361-100x100.jpg 100w, https:\/\/www.atouchofafrica.ch\/wp-content\/uploads\/2018\/04\/IMG_0361-150x150.jpg 150w\" sizes=\"auto, (max-width: 800px) 100vw, 800px\" \/><h2 class=\"woocommerce-loop-product__title\">Bougeoir argent\u00e9<\/h2>\n\t<span class=\"price\"><del aria-hidden=\"true\"><span class=\"woocommerce-Price-amount amount\"><bdi><span class=\"woocommerce-Price-currencySymbol\">&#67;&#72;&#70;<\/span>&nbsp;42.00<\/bdi><\/span><\/del> <span class=\"screen-reader-text\">Le prix initial \u00e9tait\u00a0: &#067;&#072;&#070;&nbsp;42.00.<\/span><ins aria-hidden=\"true\"><span class=\"woocommerce-Price-amount amount\"><bdi><span class=\"woocommerce-Price-currencySymbol\">&#67;&#72;&#70;<\/span>&nbsp;29.00<\/bdi><\/span><\/ins><span class=\"screen-reader-text\">Le prix actuel est\u00a0: &#067;&#072;&#070;&nbsp;29.00.<\/span><\/span>\n<\/a><a href=\"?add-to-cart=2540\" aria-describedby=\"woocommerce_loop_add_to_cart_link_describedby_2540\" data-quantity=\"1\" class=\"button product_type_simple add_to_cart_button ajax_add_to_cart\" data-product_id=\"2540\" data-product_sku=\"\" aria-label=\"Ajouter au panier\u00a0: &ldquo;Bougeoir argent\u00e9&rdquo;\" rel=\"nofollow\" data-success_message=\"\u00ab\u00a0Bougeoir argent\u00e9\u00a0\u00bb a \u00e9t\u00e9 ajout\u00e9 \u00e0 votre panier\">Ajouter au panier<\/a>\t<span id=\"woocommerce_loop_add_to_cart_link_describedby_2540\" class=\"screen-reader-text\">\n\t\t\t<\/span>\n<\/li>\n<li class=\"product type-product post-2543 status-publish last instock product_cat-lumiere product_cat-laternes-maroc has-post-thumbnail sale shipping-taxable purchasable product-type-simple\">\n\t<a href=\"https:\/\/www.atouchofafrica.ch\/fr\/produkt\/laterne-s-de-marrakech\/\" class=\"woocommerce-LoopProduct-link woocommerce-loop-product__link\">\n\t<span class=\"onsale\">Promo\u00a0!<\/span>\n\t<img loading=\"lazy\" decoding=\"async\" width=\"800\" height=\"800\" src=\"https:\/\/www.atouchofafrica.ch\/wp-content\/uploads\/2018\/01\/23-M075-800x800.jpg\" class=\"attachment-woocommerce_thumbnail size-woocommerce_thumbnail\" alt=\"\" srcset=\"https:\/\/www.atouchofafrica.ch\/wp-content\/uploads\/2018\/01\/23-M075-800x800.jpg 800w, https:\/\/www.atouchofafrica.ch\/wp-content\/uploads\/2018\/01\/23-M075-300x300.jpg 300w, https:\/\/www.atouchofafrica.ch\/wp-content\/uploads\/2018\/01\/23-M075-70x70.jpg 70w, https:\/\/www.atouchofafrica.ch\/wp-content\/uploads\/2018\/01\/23-M075-100x100.jpg 100w, https:\/\/www.atouchofafrica.ch\/wp-content\/uploads\/2018\/01\/23-M075-150x150.jpg 150w\" sizes=\"auto, (max-width: 800px) 100vw, 800px\" \/><h2 class=\"woocommerce-loop-product__title\">Laterne S de Marrakech<\/h2>\n\t<span class=\"price\"><del aria-hidden=\"true\"><span class=\"woocommerce-Price-amount amount\"><bdi><span class=\"woocommerce-Price-currencySymbol\">&#67;&#72;&#70;<\/span>&nbsp;68.00<\/bdi><\/span><\/del> <span class=\"screen-reader-text\">Le prix initial \u00e9tait\u00a0: &#067;&#072;&#070;&nbsp;68.00.<\/span><ins aria-hidden=\"true\"><span class=\"woocommerce-Price-amount amount\"><bdi><span class=\"woocommerce-Price-currencySymbol\">&#67;&#72;&#70;<\/span>&nbsp;47.00<\/bdi><\/span><\/ins><span class=\"screen-reader-text\">Le prix actuel est\u00a0: &#067;&#072;&#070;&nbsp;47.00.<\/span><\/span>\n<\/a><a href=\"?add-to-cart=2543\" aria-describedby=\"woocommerce_loop_add_to_cart_link_describedby_2543\" data-quantity=\"1\" class=\"button product_type_simple add_to_cart_button ajax_add_to_cart\" data-product_id=\"2543\" data-product_sku=\"\" aria-label=\"Ajouter au panier\u00a0: &ldquo;Laterne S de Marrakech&rdquo;\" rel=\"nofollow\" data-success_message=\"\u00ab\u00a0Laterne S de Marrakech\u00a0\u00bb a \u00e9t\u00e9 ajout\u00e9 \u00e0 votre panier\">Ajouter au panier<\/a>\t<span id=\"woocommerce_loop_add_to_cart_link_describedby_2543\" class=\"screen-reader-text\">\n\t\t\t<\/span>\n<\/li>\n<\/ul>\n<\/div><div class=\"woocommerce columns-4 \"><ul class=\"products columns-4\">\n<li class=\"product type-product post-2910 status-publish first instock product_cat-tapis-congo has-post-thumbnail sale shipping-taxable purchasable product-type-simple\">\n\t<a href=\"https:\/\/www.atouchofafrica.ch\/fr\/produkt\/tapis-traditionel-en-raphia-modele-a\/\" class=\"woocommerce-LoopProduct-link woocommerce-loop-product__link\">\n\t<span class=\"onsale\">Promo\u00a0!<\/span>\n\t<img loading=\"lazy\" decoding=\"async\" width=\"800\" height=\"800\" src=\"https:\/\/www.atouchofafrica.ch\/wp-content\/uploads\/2018\/04\/IMG_1962-800x800.jpg\" class=\"attachment-woocommerce_thumbnail size-woocommerce_thumbnail\" alt=\"\" srcset=\"https:\/\/www.atouchofafrica.ch\/wp-content\/uploads\/2018\/04\/IMG_1962-800x800.jpg 800w, https:\/\/www.atouchofafrica.ch\/wp-content\/uploads\/2018\/04\/IMG_1962-300x300.jpg 300w, https:\/\/www.atouchofafrica.ch\/wp-content\/uploads\/2018\/04\/IMG_1962-70x70.jpg 70w, https:\/\/www.atouchofafrica.ch\/wp-content\/uploads\/2018\/04\/IMG_1962-100x100.jpg 100w\" sizes=\"auto, (max-width: 800px) 100vw, 800px\" \/><h2 class=\"woocommerce-loop-product__title\">Tapis traditionel en raphia, mod\u00e8le A<\/h2>\n\t<span class=\"price\"><del aria-hidden=\"true\"><span class=\"woocommerce-Price-amount amount\"><bdi><span class=\"woocommerce-Price-currencySymbol\">&#67;&#72;&#70;<\/span>&nbsp;190.00<\/bdi><\/span><\/del> <span class=\"screen-reader-text\">Le prix initial \u00e9tait\u00a0: &#067;&#072;&#070;&nbsp;190.00.<\/span><ins aria-hidden=\"true\"><span class=\"woocommerce-Price-amount amount\"><bdi><span class=\"woocommerce-Price-currencySymbol\">&#67;&#72;&#70;<\/span>&nbsp;130.00<\/bdi><\/span><\/ins><span class=\"screen-reader-text\">Le prix actuel est\u00a0: &#067;&#072;&#070;&nbsp;130.00.<\/span><\/span>\n<\/a><a href=\"?add-to-cart=2910\" aria-describedby=\"woocommerce_loop_add_to_cart_link_describedby_2910\" data-quantity=\"1\" class=\"button product_type_simple add_to_cart_button ajax_add_to_cart\" data-product_id=\"2910\" data-product_sku=\"\" aria-label=\"Ajouter au panier\u00a0: &ldquo;Tapis traditionel en raphia, mod\u00e8le A&rdquo;\" rel=\"nofollow\" data-success_message=\"\u00ab\u00a0Tapis traditionel en raphia, mod\u00e8le A\u00a0\u00bb a \u00e9t\u00e9 ajout\u00e9 \u00e0 votre panier\">Ajouter au panier<\/a>\t<span id=\"woocommerce_loop_add_to_cart_link_describedby_2910\" class=\"screen-reader-text\">\n\t\t\t<\/span>\n<\/li>\n<\/ul>\n<\/div>[\/vc_column][\/vc_row]<\/p>\n<\/div>","protected":false},"excerpt":{"rendered":"<p>[vc_row full_width=\u00a0\u00bbstretch_row\u00a0\u00bb css=\u00a0\u00bb.vc_custom_1542283336476{background-color: #ffffff !important;}\u00a0\u00bb][vc_column][vc_empty_space height=\u00a0\u00bb20px\u00a0\u00bb][vc_column_text] Bienvenue ! [\/vc_column_text][vc_column_text]Vous trouverez ici une s\u00e9lection de pi\u00e8ces uniques d\u2019artisanat d\u2019art de divers pays africains qui ont \u00e9t\u00e9 produits de mani\u00e8re \u00e9quitable et durable. C\u2019est une grande passion pour le continent africain et pour le design d&rsquo;int\u00e9rieur qui unit notre client\u00e8le, nos producteurs et nous dans une communaut\u00e9 extraordinaire. Le design d\u2019int\u00e9rieur africain est individuel\u00a0et le choix est grand, par exemple les lampes, la c\u00e9ramique et les paniers. Nous \u00e9largissons r\u00e9guli\u00e8rement nos offres. Nos produits[\/vc_column_text][vc_empty_space height=\u00a0\u00bb60px\u00a0\u00bb][\/vc_column][\/vc_row][vc_row full_width=\u00a0\u00bbstretch_row\u00a0\u00bb css=\u00a0\u00bb.vc_custom_1532004593738{background-image: url(https:\/\/www.atouchofafrica.ch\/wp-content\/uploads\/2018\/03\/Africa_for_Mariann_48.jpg?id=183) !important;background-position: center !important;background-repeat: no-repeat !important;background-size: cover !important;}\u00a0\u00bb][vc_column][vc_empty_space height=\u00a0\u00bb500px\u00a0\u00bb][\/vc_column][\/vc_row][vc_row full_width=\u00a0\u00bbstretch_row\u00a0\u00bb css=\u00a0\u00bb.vc_custom_1516199336613{background-color: #ded5ce !important;background-position: center !important;background-repeat: no-repeat !important;background-size: cover !important;}\u00a0\u00bb][vc_column][vc_column_text] BEAU, \u00c9QUITABLE ET HAUT AN COULEUR: PRODUITS AFRICAINS DE QUALIT\u00c9, ET SI POSSIBLE, DIRECTEMENT IMPORT\u00c9S En savoir plus sur nos producteurs et nos projets d&rsquo;aide en Afrique, que vous, en tant qu&rsquo;acheteurs, pouvez soutenir directement par un achat dans notre boutique en ligne. Les produits les plus populaires du mois &#8211; s\u00e9lectionn\u00e9s par notre communaut\u00e9 En savoir plus[\/vc_column_text][vc_empty_space height=\u00a0\u00bb50px\u00a0\u00bb][vc_column_text] Nouveaux produits [\/vc_column_text][\/vc_column][\/vc_row]<\/p>\n","protected":false},"author":5,"featured_media":0,"parent":0,"menu_order":0,"comment_status":"closed","ping_status":"closed","template":"","meta":{"_acf_changed":false,"footnotes":""},"class_list":["post-3175","page","type-page","status-publish","hentry"],"acf":[],"yoast_head":"<!-- This site is optimized with the Yoast SEO plugin v26.0 - https:\/\/yoast.com\/wordpress\/plugins\/seo\/ -->\n<title>Accueil - A Touch of Africa<\/title>\n<meta name=\"robots\" content=\"index, follow, max-snippet:-1, max-image-preview:large, max-video-preview:-1\" \/>\n<link rel=\"canonical\" href=\"https:\/\/www.atouchofafrica.ch\/fr\/\" \/>\n<meta property=\"og:locale\" content=\"fr_FR\" \/>\n<meta property=\"og:type\" content=\"article\" \/>\n<meta property=\"og:title\" content=\"Accueil - A Touch of Africa\" \/>\n<meta property=\"og:description\" content=\"[vc_row full_width=\u00a0\u00bbstretch_row\u00a0\u00bb css=\u00a0\u00bb.vc_custom_1542283336476{background-color: #ffffff !important;}\u00a0\u00bb][vc_column][vc_empty_space height=\u00a0\u00bb20px\u00a0\u00bb][vc_column_text] Bienvenue ! [\/vc_column_text][vc_column_text]Vous trouverez ici une s\u00e9lection de pi\u00e8ces uniques d\u2019artisanat d\u2019art de divers pays africains qui ont \u00e9t\u00e9 produits de mani\u00e8re \u00e9quitable et durable. C\u2019est une grande passion pour le continent africain et pour le design d&rsquo;int\u00e9rieur qui unit notre client\u00e8le, nos producteurs et nous dans une communaut\u00e9 extraordinaire. Le design d\u2019int\u00e9rieur africain est individuel\u00a0et le choix est grand, par exemple les lampes, la c\u00e9ramique et les paniers. Nous \u00e9largissons r\u00e9guli\u00e8rement nos offres. Nos produits[\/vc_column_text][vc_empty_space height=\u00a0\u00bb60px\u00a0\u00bb][\/vc_column][\/vc_row][vc_row full_width=\u00a0\u00bbstretch_row\u00a0\u00bb css=\u00a0\u00bb.vc_custom_1532004593738{background-image: url(https:\/\/www.atouchofafrica.ch\/wp-content\/uploads\/2018\/03\/Africa_for_Mariann_48.jpg?id=183) !important;background-position: center !important;background-repeat: no-repeat !important;background-size: cover !important;}\u00a0\u00bb][vc_column][vc_empty_space height=\u00a0\u00bb500px\u00a0\u00bb][\/vc_column][\/vc_row][vc_row full_width=\u00a0\u00bbstretch_row\u00a0\u00bb css=\u00a0\u00bb.vc_custom_1516199336613{background-color: #ded5ce !important;background-position: center !important;background-repeat: no-repeat !important;background-size: cover !important;}\u00a0\u00bb][vc_column][vc_column_text] BEAU, \u00c9QUITABLE ET HAUT AN COULEUR: PRODUITS AFRICAINS DE QUALIT\u00c9, ET SI POSSIBLE, DIRECTEMENT IMPORT\u00c9S En savoir plus sur nos producteurs et nos projets d&rsquo;aide en Afrique, que vous, en tant qu&rsquo;acheteurs, pouvez soutenir directement par un achat dans notre boutique en ligne. Les produits les plus populaires du mois &#8211; s\u00e9lectionn\u00e9s par notre communaut\u00e9 En savoir plus[\/vc_column_text][vc_empty_space height=\u00a0\u00bb50px\u00a0\u00bb][vc_column_text] Nouveaux produits [\/vc_column_text][\/vc_column][\/vc_row]\" \/>\n<meta property=\"og:url\" content=\"https:\/\/www.atouchofafrica.ch\/fr\/\" \/>\n<meta property=\"og:site_name\" content=\"A Touch of Africa\" \/>\n<meta property=\"article:modified_time\" content=\"2019-05-22T14:18:33+00:00\" \/>\n<meta name=\"twitter:card\" content=\"summary_large_image\" \/>\n<meta name=\"twitter:label1\" content=\"Dur\u00e9e de lecture estim\u00e9e\" \/>\n\t<meta name=\"twitter:data1\" content=\"1 minute\" \/>\n<script type=\"application\/ld+json\" class=\"yoast-schema-graph\">{\"@context\":\"https:\/\/schema.org\",\"@graph\":[{\"@type\":\"WebPage\",\"@id\":\"https:\/\/www.atouchofafrica.ch\/fr\/\",\"url\":\"https:\/\/www.atouchofafrica.ch\/fr\/\",\"name\":\"Accueil - A Touch of Africa\",\"isPartOf\":{\"@id\":\"https:\/\/www.atouchofafrica.ch\/fr\/#website\"},\"datePublished\":\"2019-05-10T11:48:57+00:00\",\"dateModified\":\"2019-05-22T14:18:33+00:00\",\"breadcrumb\":{\"@id\":\"https:\/\/www.atouchofafrica.ch\/fr\/#breadcrumb\"},\"inLanguage\":\"fr-FR\",\"potentialAction\":[{\"@type\":\"ReadAction\",\"target\":[\"https:\/\/www.atouchofafrica.ch\/fr\/\"]}]},{\"@type\":\"BreadcrumbList\",\"@id\":\"https:\/\/www.atouchofafrica.ch\/fr\/#breadcrumb\",\"itemListElement\":[{\"@type\":\"ListItem\",\"position\":1,\"name\":\"Startseite\",\"item\":\"https:\/\/www.atouchofafrica.ch\/fr\/\"},{\"@type\":\"ListItem\",\"position\":2,\"name\":\"Accueil\"}]},{\"@type\":\"WebSite\",\"@id\":\"https:\/\/www.atouchofafrica.ch\/fr\/#website\",\"url\":\"https:\/\/www.atouchofafrica.ch\/fr\/\",\"name\":\"A Touch of Africa\",\"description\":\"Moderne Fairtrade Wohnideen vom afrikanischen Kontinent\",\"potentialAction\":[{\"@type\":\"SearchAction\",\"target\":{\"@type\":\"EntryPoint\",\"urlTemplate\":\"https:\/\/www.atouchofafrica.ch\/fr\/?s={search_term_string}\"},\"query-input\":{\"@type\":\"PropertyValueSpecification\",\"valueRequired\":true,\"valueName\":\"search_term_string\"}}],\"inLanguage\":\"fr-FR\"}]}<\/script>\n<!-- \/ Yoast SEO plugin. -->","yoast_head_json":{"title":"Accueil - A Touch of Africa","robots":{"index":"index","follow":"follow","max-snippet":"max-snippet:-1","max-image-preview":"max-image-preview:large","max-video-preview":"max-video-preview:-1"},"canonical":"https:\/\/www.atouchofafrica.ch\/fr\/","og_locale":"fr_FR","og_type":"article","og_title":"Accueil - A Touch of Africa","og_description":"[vc_row full_width=\u00a0\u00bbstretch_row\u00a0\u00bb css=\u00a0\u00bb.vc_custom_1542283336476{background-color: #ffffff !important;}\u00a0\u00bb][vc_column][vc_empty_space height=\u00a0\u00bb20px\u00a0\u00bb][vc_column_text] Bienvenue ! [\/vc_column_text][vc_column_text]Vous trouverez ici une s\u00e9lection de pi\u00e8ces uniques d\u2019artisanat d\u2019art de divers pays africains qui ont \u00e9t\u00e9 produits de mani\u00e8re \u00e9quitable et durable. C\u2019est une grande passion pour le continent africain et pour le design d&rsquo;int\u00e9rieur qui unit notre client\u00e8le, nos producteurs et nous dans une communaut\u00e9 extraordinaire. Le design d\u2019int\u00e9rieur africain est individuel\u00a0et le choix est grand, par exemple les lampes, la c\u00e9ramique et les paniers. Nous \u00e9largissons r\u00e9guli\u00e8rement nos offres. Nos produits[\/vc_column_text][vc_empty_space height=\u00a0\u00bb60px\u00a0\u00bb][\/vc_column][\/vc_row][vc_row full_width=\u00a0\u00bbstretch_row\u00a0\u00bb css=\u00a0\u00bb.vc_custom_1532004593738{background-image: url(https:\/\/www.atouchofafrica.ch\/wp-content\/uploads\/2018\/03\/Africa_for_Mariann_48.jpg?id=183) !important;background-position: center !important;background-repeat: no-repeat !important;background-size: cover !important;}\u00a0\u00bb][vc_column][vc_empty_space height=\u00a0\u00bb500px\u00a0\u00bb][\/vc_column][\/vc_row][vc_row full_width=\u00a0\u00bbstretch_row\u00a0\u00bb css=\u00a0\u00bb.vc_custom_1516199336613{background-color: #ded5ce !important;background-position: center !important;background-repeat: no-repeat !important;background-size: cover !important;}\u00a0\u00bb][vc_column][vc_column_text] BEAU, \u00c9QUITABLE ET HAUT AN COULEUR: PRODUITS AFRICAINS DE QUALIT\u00c9, ET SI POSSIBLE, DIRECTEMENT IMPORT\u00c9S En savoir plus sur nos producteurs et nos projets d&rsquo;aide en Afrique, que vous, en tant qu&rsquo;acheteurs, pouvez soutenir directement par un achat dans notre boutique en ligne. Les produits les plus populaires du mois &#8211; s\u00e9lectionn\u00e9s par notre communaut\u00e9 En savoir plus[\/vc_column_text][vc_empty_space height=\u00a0\u00bb50px\u00a0\u00bb][vc_column_text] Nouveaux produits [\/vc_column_text][\/vc_column][\/vc_row]","og_url":"https:\/\/www.atouchofafrica.ch\/fr\/","og_site_name":"A Touch of Africa","article_modified_time":"2019-05-22T14:18:33+00:00","twitter_card":"summary_large_image","twitter_misc":{"Dur\u00e9e de lecture estim\u00e9e":"1 minute"},"schema":{"@context":"https:\/\/schema.org","@graph":[{"@type":"WebPage","@id":"https:\/\/www.atouchofafrica.ch\/fr\/","url":"https:\/\/www.atouchofafrica.ch\/fr\/","name":"Accueil - A Touch of Africa","isPartOf":{"@id":"https:\/\/www.atouchofafrica.ch\/fr\/#website"},"datePublished":"2019-05-10T11:48:57+00:00","dateModified":"2019-05-22T14:18:33+00:00","breadcrumb":{"@id":"https:\/\/www.atouchofafrica.ch\/fr\/#breadcrumb"},"inLanguage":"fr-FR","potentialAction":[{"@type":"ReadAction","target":["https:\/\/www.atouchofafrica.ch\/fr\/"]}]},{"@type":"BreadcrumbList","@id":"https:\/\/www.atouchofafrica.ch\/fr\/#breadcrumb","itemListElement":[{"@type":"ListItem","position":1,"name":"Startseite","item":"https:\/\/www.atouchofafrica.ch\/fr\/"},{"@type":"ListItem","position":2,"name":"Accueil"}]},{"@type":"WebSite","@id":"https:\/\/www.atouchofafrica.ch\/fr\/#website","url":"https:\/\/www.atouchofafrica.ch\/fr\/","name":"A Touch of Africa","description":"Moderne Fairtrade Wohnideen vom afrikanischen Kontinent","potentialAction":[{"@type":"SearchAction","target":{"@type":"EntryPoint","urlTemplate":"https:\/\/www.atouchofafrica.ch\/fr\/?s={search_term_string}"},"query-input":{"@type":"PropertyValueSpecification","valueRequired":true,"valueName":"search_term_string"}}],"inLanguage":"fr-FR"}]}},"_links":{"self":[{"href":"https:\/\/www.atouchofafrica.ch\/fr\/wp-json\/wp\/v2\/pages\/3175","targetHints":{"allow":["GET"]}}],"collection":[{"href":"https:\/\/www.atouchofafrica.ch\/fr\/wp-json\/wp\/v2\/pages"}],"about":[{"href":"https:\/\/www.atouchofafrica.ch\/fr\/wp-json\/wp\/v2\/types\/page"}],"author":[{"embeddable":true,"href":"https:\/\/www.atouchofafrica.ch\/fr\/wp-json\/wp\/v2\/users\/5"}],"replies":[{"embeddable":true,"href":"https:\/\/www.atouchofafrica.ch\/fr\/wp-json\/wp\/v2\/comments?post=3175"}],"version-history":[{"count":5,"href":"https:\/\/www.atouchofafrica.ch\/fr\/wp-json\/wp\/v2\/pages\/3175\/revisions"}],"predecessor-version":[{"id":3318,"href":"https:\/\/www.atouchofafrica.ch\/fr\/wp-json\/wp\/v2\/pages\/3175\/revisions\/3318"}],"wp:attachment":[{"href":"https:\/\/www.atouchofafrica.ch\/fr\/wp-json\/wp\/v2\/media?parent=3175"}],"curies":[{"name":"wp","href":"https:\/\/api.w.org\/{rel}","templated":true}]}}